{"id":27984,"date":"2025-03-25T23:56:37","date_gmt":"2025-03-25T20:56:37","guid":{"rendered":"https:\/\/www.flns.com.tr\/index.php\/urun\/momi-kenani-otomatik-ana-kucagi-acik-gri\/"},"modified":"2025-05-02T16:31:40","modified_gmt":"2025-05-02T13:31:40","slug":"momi-kenani-tam-otomatik-ana-kucagi-acik-gri","status":"publish","type":"product","link":"https:\/\/www.flns.com.tr\/index.php\/urun\/momi-kenani-tam-otomatik-ana-kucagi-acik-gri\/","title":{"rendered":"MoMi KENANI Tam Otomatik Ana Kuca\u011f\u0131 A\u00e7\u0131k Gri"},"content":{"rendered":"\t\t<div data-elementor-type=\"wp-post\" data-elementor-id=\"27984\" class=\"elementor elementor-27984\">\n\t\t\t\t<div class=\"wd-negative-gap elementor-element elementor-element-31885af e-flex e-con-boxed e-con e-parent\" data-id=\"31885af\" data-element_type=\"container\">\n\t\t\t\t\t<div class=\"e-con-inner\">\n\t\t<div class=\"elementor-element elementor-element-15be083 e-con-full e-flex e-con e-child\" data-id=\"15be083\" data-element_type=\"container\">\n\t\t\t\t<div class=\"elementor-element elementor-element-59d7267 elementor-widget elementor-widget-wd_text_block\" data-id=\"59d7267\" data-element_type=\"widget\" data-widget_type=\"wd_text_block.default\">\n\t\t\t\t<div class=\"elementor-widget-container\">\n\t\t\t\t\t\t\t<div class=\"wd-text-block reset-last-child text-left\">\n\t\t\t\n\t\t\t<p><strong>\u00dcR\u00dcN \u00d6ZELL\u0130KLER\u0130<\/strong><\/p><ul><li>Sa\u011flam, al\u00fcminyum ve \u00e7elik konstr\u00fcksiyon<\/li><li>Hafif; sadece 3,5 kg<\/li><li>\u00c7\u0131kar\u0131labilir, elde y\u0131kanabilir kuma\u015f k\u0131l\u0131f<\/li><li>Telefonunuzdan en sevdi\u011finiz m\u00fczi\u011fi \u00e7alman\u0131z\u0131 sa\u011flayan Bluetooth mod\u00fcl\u00fc<\/li><li>Sal\u0131nca\u011f\u0131 \u00e7al\u0131\u015ft\u0131rman\u0131n iki yolu (Adapt\u00f6r ve pille \u00e7al\u0131\u015f\u0131r)<\/li><li>5 a\u015famal\u0131 sallanma aral\u0131\u011f\u0131 ayar\u0131<\/li><li>Ayarlanabilir ses seviyesine sahip 10 melodi<\/li><li>Ayarlanabilir sallanma s\u00fcresi; 8, 15 veya 30 dakika<\/li><li>5 noktal\u0131 ayarlanabilir emniyet kemeri<\/li><li>R\u00fczgardan ve g\u00fcne\u015ften koruyan ayarlanabilir tente<\/li><li>Cibinlik<\/li><li>\u0130ki \u00e7\u0131kar\u0131labilir oyuncak<\/li><li>Ergonomik, kal\u0131pl\u0131 koltuk<\/li><li>Yumu\u015fak yast\u0131k<\/li><li>Pelu\u015f i\u00e7 k\u0131s\u0131m<\/li><li>Kaymaz ped<\/li><li>Sessiz mod\u00fcl \u00e7al\u0131\u015fmas\u0131<\/li><li>Uzaktan kumanda<\/li><li>H\u0131zl\u0131 montaj<\/li><li>0+ ayl\u0131ktan itibaren<\/li><\/ul><p><strong>\u00dcR\u00dcN A\u011eIRLI\u011eI: <\/strong>3,56 kg<\/p><p><strong>BOYUTLAR:<\/strong> 65 cm x 63 cm x 45 cm<\/p><p><strong>STANDARTLAR:<\/strong> EN 12790, EN 16232, EN 71-1, EN 71-2, EN 71-3,<\/p><p><strong>PAKET BOYUTLARI:<\/strong> 49 cm x 18 cm x 41 cm<\/p><p><strong>MALZEMELER:<\/strong> polyester, pelu\u015f, al\u00fcminyum-\u00e7elik<\/p><p><strong>\u00dcRET\u0130C\u0130 GARANT\u0130S\u0130:<\/strong> 24 ay<\/p><p>Piller dahil de\u011fildir<\/p>\n\t\t\t\t\t<\/div>\n\t\t\t\t\t\t<\/div>\n\t\t\t\t<\/div>\n\t\t\t\t<\/div>\n\t\t<div class=\"elementor-element elementor-element-5a089ef e-con-full e-flex e-con e-child\" data-id=\"5a089ef\" data-element_type=\"container\">\n\t\t\t\t<div class=\"elementor-element elementor-element-b4635f3 elementor-widget elementor-widget-wd_image_or_svg\" data-id=\"b4635f3\" data-element_type=\"widget\" data-widget_type=\"wd_image_or_svg.default\">\n\t\t\t\t<div class=\"elementor-widget-container\">\n\t\t\t\t\t\n\t\t<div class=\"wd-image text-center\">\n\t\t\t\t\t\t\t\t<img fetchpriority=\"high\" decoding=\"async\" width=\"512\" height=\"768\" src=\"https:\/\/www.flns.com.tr\/wp-content\/uploads\/2025\/03\/kenani-life-style-512x768-1.jpg\" class=\"attachment-full size-full\" alt=\"\" srcset=\"https:\/\/www.flns.com.tr\/wp-content\/uploads\/2025\/03\/kenani-life-style-512x768-1.jpg 512w, https:\/\/www.flns.com.tr\/wp-content\/uploads\/2025\/03\/kenani-life-style-512x768-1-200x300.jpg 200w, https:\/\/www.flns.com.tr\/wp-content\/uploads\/2025\/03\/kenani-life-style-512x768-1-430x645.jpg 430w, https:\/\/www.flns.com.tr\/wp-content\/uploads\/2025\/03\/kenani-life-style-512x768-1-150x225.jpg 150w\" sizes=\"(max-width: 512px) 100vw, 512px\" \/>\t\t\t\t\t<\/div>\n\n\t\t\t\t\t\t<\/div>\n\t\t\t\t<\/div>\n\t\t\t\t<\/div>\n\t\t\t\t\t<\/div>\n\t\t\t\t<\/div>\n\t\t<div class=\"wd-negative-gap elementor-element elementor-element-3f40527 e-flex e-con-boxed e-con e-parent\" data-id=\"3f40527\" data-element_type=\"container\">\n\t\t\t\t\t<div class=\"e-con-inner\">\n\t\t\t\t<div class=\"elementor-element elementor-element-9729409 elementor-widget elementor-widget-spacer\" data-id=\"9729409\" data-element_type=\"widget\" data-widget_type=\"spacer.default\">\n\t\t\t\t<div class=\"elementor-widget-container\">\n\t\t\t\t\t\t\t<div class=\"elementor-spacer\">\n\t\t\t<div class=\"elementor-spacer-inner\"><\/div>\n\t\t<\/div>\n\t\t\t\t\t\t<\/div>\n\t\t\t\t<\/div>\n\t\t\t\t<div class=\"elementor-element elementor-element-3266472 elementor-widget elementor-widget-wd_text_block\" data-id=\"3266472\" data-element_type=\"widget\" data-widget_type=\"wd_text_block.default\">\n\t\t\t\t<div class=\"elementor-widget-container\">\n\t\t\t\t\t\t\t<div class=\"wd-text-block reset-last-child text-left\">\n\t\t\t\n\t\t\t<p>MoMi KENANI sallanan ana kuca\u011f\u0131 neden benzersizdir?<\/p><p>Bir bak\u0131n. G\u00fczel, de\u011fil mi? Benzersiz bir tasar\u0131m, \u00fcst\u00fcn i\u015f\u00e7ilik kalitesi ve y\u00fcksek kaliteli tekstiller \u00f6nemlidir, ancak bu sallanan tam otomatik ana kuca\u011f\u0131n\u0131n tek avantaj\u0131 bunlar de\u011fildir.<\/p><ul><li>MoMi KENANI sallanan ana kuca\u011f\u0131 elektrikle \u00e7al\u0131\u015f\u0131r. Pille \u00e7al\u0131\u015ft\u0131rabilir veya \u015febekeye ba\u011flayabilirsiniz. Bu sayede bebe\u011finizi kendi kendine sallayacakt\u0131r.<\/li><li>\u00c7ocu\u011funuzun tercihlerine ba\u011fl\u0131 olarak 5 sallanma h\u0131z\u0131ndan birini se\u00e7ebilirsiniz. Ayr\u0131ca, sallanan sandalyeyi 8, 15 veya 30 dakika sonra otomatik olarak kapatacak zamanlay\u0131c\u0131y\u0131 da ayarlayabilirsiniz.<\/li><li>MoMi KENANI ayn\u0131 zamanda yat\u0131r\u0131labilir bir koltuktur. Sallanmay\u0131 kapat\u0131p bebe\u011finiz i\u00e7in sabit bir koltuk olarak kullanabilirsiniz.<\/li><li>Sessiz motoru rahat kullan\u0131m sa\u011flar ve melodileri bast\u0131rmaz.<\/li><li>Yan sallanma anne karn\u0131ndaki hareketleri taklit ederek bebe\u011fi rahatlat\u0131r, sakinle\u015ftirir ve g\u00fcvenlik duygusunu sa\u011flar.<\/li><li>MoMi KENANI bebe\u011finizi m\u00fczikle e\u011flendirecek. 10 adet entegre melodiyi kullanabilir veya Bluetooth \u00fcnitesi sayesinde telefonunuzdan kendi m\u00fczi\u011finizi \u00e7alabilirsiniz.<\/li><li>MoMi'nin \u00f6ncelikleri bebe\u011finizin g\u00fcvenli\u011fi ve konforudur. MoMi KENANI sallanan ana kuca\u011f\u0131 5 noktal\u0131 emniyet kemerine sahiptir ve yumu\u015fak, kadifemsi bir kuma\u015fla kaplanm\u0131\u015ft\u0131r. Dahas\u0131, ba\u015f\u0131n\u0131 korumak i\u00e7in yumu\u015fak bir yast\u0131\u011fa sahiptir.<\/li><li>D\u00f6\u015feme kolayca \u00e7\u0131kar\u0131l\u0131p y\u0131kanabilir, bu da onu olduk\u00e7a pratik hale getirir.<\/li><li>Sallanan ana kuca\u011f\u0131 ile birlikte gelen g\u00fcne\u015flik ve cibinlik sayesinde MoMi KENANI d\u0131\u015far\u0131da, bah\u00e7enizde veya terasta da kullan\u0131labilir.<\/li><li>Ve en iyisi en son gelir! MoMi KENANI otomatik ana kuca\u011f\u0131 uzaktan kumanda ile kontrol edilebilir! Bu, koltukta otururken melodi sesini veya sallanma h\u0131z\u0131n\u0131 uzaktan de\u011fi\u015ftirebilece\u011finiz anlam\u0131na gelir.<\/li><\/ul><p>MoMi KENANI elektrikli ana kuca\u011f\u0131 harika! Bebek i\u00e7in geni\u015f ve g\u00fcvenli, anne i\u00e7inse rahat. Bebe\u011finiz sallanan ana kuca\u011f\u0131n\u0131n tad\u0131n\u0131 \u00e7\u0131kard\u0131\u011f\u0131nda, kahve i\u00e7mek i\u00e7in biraz zaman\u0131n\u0131z olur ve koltu\u011funuzdan kalkmadan ayarlar\u0131 de\u011fi\u015ftirebilirsiniz. Sadece uzaktan kumanday\u0131 al\u0131n ve i\u015fte bu kadar!<\/p>\n\t\t\t\t\t<\/div>\n\t\t\t\t\t\t<\/div>\n\t\t\t\t<\/div>\n\t\t\t\t\t<\/div>\n\t\t\t\t<\/div>\n\t\t<div class=\"wd-negative-gap elementor-element elementor-element-512a882 e-flex e-con-boxed e-con e-parent\" data-id=\"512a882\" data-element_type=\"container\">\n\t\t\t\t\t<div class=\"e-con-inner\">\n\t\t\t\t<div class=\"elementor-element elementor-element-fa9972d elementor-widget elementor-widget-spacer\" data-id=\"fa9972d\" data-element_type=\"widget\" data-widget_type=\"spacer.default\">\n\t\t\t\t<div class=\"elementor-widget-container\">\n\t\t\t\t\t\t\t<div class=\"elementor-spacer\">\n\t\t\t<div class=\"elementor-spacer-inner\"><\/div>\n\t\t<\/div>\n\t\t\t\t\t\t<\/div>\n\t\t\t\t<\/div>\n\t\t\t\t<div class=\"elementor-element elementor-element-68ac8f9 elementor-widget elementor-widget-wd_image_or_svg\" data-id=\"68ac8f9\" data-element_type=\"widget\" data-widget_type=\"wd_image_or_svg.default\">\n\t\t\t\t<div class=\"elementor-widget-container\">\n\t\t\t\t\t\n\t\t<div class=\"wd-image text-center\">\n\t\t\t\t\t\t\t\t<img decoding=\"async\" width=\"768\" height=\"512\" src=\"https:\/\/www.flns.com.tr\/wp-content\/uploads\/2025\/03\/kenani-life-style-768x512-1.jpg\" class=\"attachment-full size-full\" alt=\"\" srcset=\"https:\/\/www.flns.com.tr\/wp-content\/uploads\/2025\/03\/kenani-life-style-768x512-1.jpg 768w, https:\/\/www.flns.com.tr\/wp-content\/uploads\/2025\/03\/kenani-life-style-768x512-1-400x267.jpg 400w, https:\/\/www.flns.com.tr\/wp-content\/uploads\/2025\/03\/kenani-life-style-768x512-1-430x287.jpg 430w, https:\/\/www.flns.com.tr\/wp-content\/uploads\/2025\/03\/kenani-life-style-768x512-1-700x467.jpg 700w, https:\/\/www.flns.com.tr\/wp-content\/uploads\/2025\/03\/kenani-life-style-768x512-1-150x100.jpg 150w\" sizes=\"(max-width: 768px) 100vw, 768px\" \/>\t\t\t\t\t<\/div>\n\n\t\t\t\t\t\t<\/div>\n\t\t\t\t<\/div>\n\t\t\t\t\t<\/div>\n\t\t\t\t<\/div>\n\t\t\t\t<\/div>\n\t\t","protected":false},"excerpt":{"rendered":"<p>MoMi KENANI, \u00e7ocuklar\u0131n ve annelerinin favori tam otomatik ana kuca\u011f\u0131d\u0131r! \u00c7ocu\u011funuz, sallanmas\u0131, melodileri ve duyusal oyuncaklar\u0131yla \u00e7ok e\u011flenceli olan bu ana kuca\u011f\u0131nda asla s\u0131k\u0131lmayacak. G\u00fcne\u015ften koruyan tentesi ve cibinli\u011fi ile MoMi KENANI evde ve bah\u00e7ede \u00e7ocu\u011funuza harika bir arkada\u015f olacak.<\/p>\n<p style=\"text-align: center;\"><strong>D\u0130\u011eER SE\u00c7ENEKLER<\/strong><a href=\"index.php\/urun\/momi-kenani-dlx-otomatik-ana-kucagi-koyu-gri\/\"><img decoding=\"async\" class=\"aligncenter wp-image-28600\" src=\"https:\/\/www.flns.com.tr\/wp-content\/themes\/woodmart\/images\/lazy.svg\" data-src=\"https:\/\/www.flns.com.tr\/wp-content\/uploads\/2025\/03\/kenani-otomatik-ana-kucagi-koyu-gri-1-300x300.jpg\" alt=\"\" width=\"150\" height=\"150\" srcset=\"\" data-srcset=\"https:\/\/www.flns.com.tr\/wp-content\/uploads\/2025\/03\/kenani-otomatik-ana-kucagi-koyu-gri-1-300x300.jpg 300w, https:\/\/www.flns.com.tr\/wp-content\/uploads\/2025\/03\/kenani-otomatik-ana-kucagi-koyu-gri-1-800x800.jpg 800w, https:\/\/www.flns.com.tr\/wp-content\/uploads\/2025\/03\/kenani-otomatik-ana-kucagi-koyu-gri-1-150x150.jpg 150w, https:\/\/www.flns.com.tr\/wp-content\/uploads\/2025\/03\/kenani-otomatik-ana-kucagi-koyu-gri-1-768x768.jpg 768w, https:\/\/www.flns.com.tr\/wp-content\/uploads\/2025\/03\/kenani-otomatik-ana-kucagi-koyu-gri-1-430x430.jpg 430w, https:\/\/www.flns.com.tr\/wp-content\/uploads\/2025\/03\/kenani-otomatik-ana-kucagi-koyu-gri-1-700x700.jpg 700w, https:\/\/www.flns.com.tr\/wp-content\/uploads\/2025\/03\/kenani-otomatik-ana-kucagi-koyu-gri-1.jpg 1500w\" sizes=\"(max-width: 150px) 100vw, 150px\" \/><\/a><\/p>\n","protected":false},"featured_media":28586,"comment_status":"open","ping_status":"closed","template":"","meta":[],"product_brand":[225],"product_cat":[203],"product_tag":[],"class_list":{"0":"post-27984","1":"product","2":"type-product","3":"status-publish","4":"has-post-thumbnail","6":"product_brand-momi","7":"product_cat-ana_kucagi","9":"first","10":"instock","11":"taxable","12":"shipping-taxable","13":"purchasable","14":"product-type-simple"},"yoast_head":"<!-- This site is optimized with the Yoast SEO plugin v25.1 - https:\/\/yoast.com\/wordpress\/plugins\/seo\/ -->\n<title>MoMi KENANI Tam Otomatik Ana Kuca\u011f\u0131 A\u00e7\u0131k Gri - FLNS<\/title>\n<meta name=\"robots\" content=\"index, follow, max-snippet:-1, max-image-preview:large, max-video-preview:-1\" \/>\n<link rel=\"canonical\" href=\"https:\/\/www.flns.com.tr\/index.php\/urun\/momi-kenani-tam-otomatik-ana-kucagi-acik-gri\/\" \/>\n<meta property=\"og:locale\" content=\"tr_TR\" \/>\n<meta property=\"og:type\" content=\"article\" \/>\n<meta property=\"og:title\" content=\"MoMi KENANI Tam Otomatik Ana Kuca\u011f\u0131 A\u00e7\u0131k Gri - FLNS\" \/>\n<meta property=\"og:description\" content=\"MoMi KENANI, \u00e7ocuklar\u0131n ve annelerinin favori tam otomatik ana kuca\u011f\u0131d\u0131r! \u00c7ocu\u011funuz, sallanmas\u0131, melodileri ve duyusal oyuncaklar\u0131yla \u00e7ok e\u011flenceli olan bu ana kuca\u011f\u0131nda asla s\u0131k\u0131lmayacak. G\u00fcne\u015ften koruyan tentesi ve cibinli\u011fi ile MoMi KENANI evde ve bah\u00e7ede \u00e7ocu\u011funuza harika bir arkada\u015f olacak. D\u0130\u011eER SE\u00c7ENEKLER\" \/>\n<meta property=\"og:url\" content=\"https:\/\/www.flns.com.tr\/index.php\/urun\/momi-kenani-tam-otomatik-ana-kucagi-acik-gri\/\" \/>\n<meta property=\"og:site_name\" content=\"FLNS\" \/>\n<meta property=\"article:modified_time\" content=\"2025-05-02T13:31:40+00:00\" \/>\n<meta property=\"og:image\" content=\"https:\/\/www.flns.com.tr\/wp-content\/uploads\/2025\/03\/kenani-otomatik-ana-kucagi-acik-gri.jpg\" \/>\n\t<meta property=\"og:image:width\" content=\"1500\" \/>\n\t<meta property=\"og:image:height\" content=\"1500\" \/>\n\t<meta property=\"og:image:type\" content=\"image\/jpeg\" \/>\n<meta name=\"twitter:card\" content=\"summary_large_image\" \/>\n<meta name=\"twitter:label1\" content=\"Tahmini okuma s\u00fcresi\" \/>\n\t<meta name=\"twitter:data1\" content=\"3 dakika\" \/>\n<script type=\"application\/ld+json\" class=\"yoast-schema-graph\">{\"@context\":\"https:\/\/schema.org\",\"@graph\":[{\"@type\":\"WebPage\",\"@id\":\"https:\/\/www.flns.com.tr\/index.php\/urun\/momi-kenani-tam-otomatik-ana-kucagi-acik-gri\/\",\"url\":\"https:\/\/www.flns.com.tr\/index.php\/urun\/momi-kenani-tam-otomatik-ana-kucagi-acik-gri\/\",\"name\":\"MoMi KENANI Tam Otomatik Ana Kuca\u011f\u0131 A\u00e7\u0131k Gri - FLNS\",\"isPartOf\":{\"@id\":\"https:\/\/www.flns.com.tr\/#website\"},\"primaryImageOfPage\":{\"@id\":\"https:\/\/www.flns.com.tr\/index.php\/urun\/momi-kenani-tam-otomatik-ana-kucagi-acik-gri\/#primaryimage\"},\"image\":{\"@id\":\"https:\/\/www.flns.com.tr\/index.php\/urun\/momi-kenani-tam-otomatik-ana-kucagi-acik-gri\/#primaryimage\"},\"thumbnailUrl\":\"https:\/\/www.flns.com.tr\/wp-content\/uploads\/2025\/03\/kenani-otomatik-ana-kucagi-acik-gri.jpg\",\"datePublished\":\"2025-03-25T20:56:37+00:00\",\"dateModified\":\"2025-05-02T13:31:40+00:00\",\"breadcrumb\":{\"@id\":\"https:\/\/www.flns.com.tr\/index.php\/urun\/momi-kenani-tam-otomatik-ana-kucagi-acik-gri\/#breadcrumb\"},\"inLanguage\":\"tr\",\"potentialAction\":[{\"@type\":\"ReadAction\",\"target\":[\"https:\/\/www.flns.com.tr\/index.php\/urun\/momi-kenani-tam-otomatik-ana-kucagi-acik-gri\/\"]}]},{\"@type\":\"ImageObject\",\"inLanguage\":\"tr\",\"@id\":\"https:\/\/www.flns.com.tr\/index.php\/urun\/momi-kenani-tam-otomatik-ana-kucagi-acik-gri\/#primaryimage\",\"url\":\"https:\/\/www.flns.com.tr\/wp-content\/uploads\/2025\/03\/kenani-otomatik-ana-kucagi-acik-gri.jpg\",\"contentUrl\":\"https:\/\/www.flns.com.tr\/wp-content\/uploads\/2025\/03\/kenani-otomatik-ana-kucagi-acik-gri.jpg\",\"width\":1500,\"height\":1500},{\"@type\":\"BreadcrumbList\",\"@id\":\"https:\/\/www.flns.com.tr\/index.php\/urun\/momi-kenani-tam-otomatik-ana-kucagi-acik-gri\/#breadcrumb\",\"itemListElement\":[{\"@type\":\"ListItem\",\"position\":1,\"name\":\"Anasayfa\",\"item\":\"https:\/\/www.flns.com.tr\/\"},{\"@type\":\"ListItem\",\"position\":2,\"name\":\"Ma\u011faza\",\"item\":\"https:\/\/www.flns.com.tr\/index.php\/shop\/\"},{\"@type\":\"ListItem\",\"position\":3,\"name\":\"MoMi KENANI Tam Otomatik Ana Kuca\u011f\u0131 A\u00e7\u0131k Gri\"}]},{\"@type\":\"WebSite\",\"@id\":\"https:\/\/www.flns.com.tr\/#website\",\"url\":\"https:\/\/www.flns.com.tr\/\",\"name\":\"FLNS\",\"description\":\"FUN LOVE NATURE SPORT\",\"publisher\":{\"@id\":\"https:\/\/www.flns.com.tr\/#organization\"},\"potentialAction\":[{\"@type\":\"SearchAction\",\"target\":{\"@type\":\"EntryPoint\",\"urlTemplate\":\"https:\/\/www.flns.com.tr\/?s={search_term_string}\"},\"query-input\":{\"@type\":\"PropertyValueSpecification\",\"valueRequired\":true,\"valueName\":\"search_term_string\"}}],\"inLanguage\":\"tr\"},{\"@type\":\"Organization\",\"@id\":\"https:\/\/www.flns.com.tr\/#organization\",\"name\":\"FLNS\",\"url\":\"https:\/\/www.flns.com.tr\/\",\"logo\":{\"@type\":\"ImageObject\",\"inLanguage\":\"tr\",\"@id\":\"https:\/\/www.flns.com.tr\/#\/schema\/logo\/image\/\",\"url\":\"https:\/\/www.flns.com.tr\/wp-content\/uploads\/2025\/03\/FLNS-LOGO.png\",\"contentUrl\":\"https:\/\/www.flns.com.tr\/wp-content\/uploads\/2025\/03\/FLNS-LOGO.png\",\"width\":4500,\"height\":2892,\"caption\":\"FLNS\"},\"image\":{\"@id\":\"https:\/\/www.flns.com.tr\/#\/schema\/logo\/image\/\"},\"sameAs\":[\"https:\/\/www.instagram.com\/f.l.n.s\"]}]}<\/script>\n<!-- \/ Yoast SEO plugin. -->","yoast_head_json":{"title":"MoMi KENANI Tam Otomatik Ana Kuca\u011f\u0131 A\u00e7\u0131k Gri - FLNS","robots":{"index":"index","follow":"follow","max-snippet":"max-snippet:-1","max-image-preview":"max-image-preview:large","max-video-preview":"max-video-preview:-1"},"canonical":"https:\/\/www.flns.com.tr\/index.php\/urun\/momi-kenani-tam-otomatik-ana-kucagi-acik-gri\/","og_locale":"tr_TR","og_type":"article","og_title":"MoMi KENANI Tam Otomatik Ana Kuca\u011f\u0131 A\u00e7\u0131k Gri - FLNS","og_description":"MoMi KENANI, \u00e7ocuklar\u0131n ve annelerinin favori tam otomatik ana kuca\u011f\u0131d\u0131r! \u00c7ocu\u011funuz, sallanmas\u0131, melodileri ve duyusal oyuncaklar\u0131yla \u00e7ok e\u011flenceli olan bu ana kuca\u011f\u0131nda asla s\u0131k\u0131lmayacak. G\u00fcne\u015ften koruyan tentesi ve cibinli\u011fi ile MoMi KENANI evde ve bah\u00e7ede \u00e7ocu\u011funuza harika bir arkada\u015f olacak. D\u0130\u011eER SE\u00c7ENEKLER","og_url":"https:\/\/www.flns.com.tr\/index.php\/urun\/momi-kenani-tam-otomatik-ana-kucagi-acik-gri\/","og_site_name":"FLNS","article_modified_time":"2025-05-02T13:31:40+00:00","og_image":[{"width":1500,"height":1500,"url":"https:\/\/www.flns.com.tr\/wp-content\/uploads\/2025\/03\/kenani-otomatik-ana-kucagi-acik-gri.jpg","type":"image\/jpeg"}],"twitter_card":"summary_large_image","twitter_misc":{"Tahmini okuma s\u00fcresi":"3 dakika"},"schema":{"@context":"https:\/\/schema.org","@graph":[{"@type":"WebPage","@id":"https:\/\/www.flns.com.tr\/index.php\/urun\/momi-kenani-tam-otomatik-ana-kucagi-acik-gri\/","url":"https:\/\/www.flns.com.tr\/index.php\/urun\/momi-kenani-tam-otomatik-ana-kucagi-acik-gri\/","name":"MoMi KENANI Tam Otomatik Ana Kuca\u011f\u0131 A\u00e7\u0131k Gri - FLNS","isPartOf":{"@id":"https:\/\/www.flns.com.tr\/#website"},"primaryImageOfPage":{"@id":"https:\/\/www.flns.com.tr\/index.php\/urun\/momi-kenani-tam-otomatik-ana-kucagi-acik-gri\/#primaryimage"},"image":{"@id":"https:\/\/www.flns.com.tr\/index.php\/urun\/momi-kenani-tam-otomatik-ana-kucagi-acik-gri\/#primaryimage"},"thumbnailUrl":"https:\/\/www.flns.com.tr\/wp-content\/uploads\/2025\/03\/kenani-otomatik-ana-kucagi-acik-gri.jpg","datePublished":"2025-03-25T20:56:37+00:00","dateModified":"2025-05-02T13:31:40+00:00","breadcrumb":{"@id":"https:\/\/www.flns.com.tr\/index.php\/urun\/momi-kenani-tam-otomatik-ana-kucagi-acik-gri\/#breadcrumb"},"inLanguage":"tr","potentialAction":[{"@type":"ReadAction","target":["https:\/\/www.flns.com.tr\/index.php\/urun\/momi-kenani-tam-otomatik-ana-kucagi-acik-gri\/"]}]},{"@type":"ImageObject","inLanguage":"tr","@id":"https:\/\/www.flns.com.tr\/index.php\/urun\/momi-kenani-tam-otomatik-ana-kucagi-acik-gri\/#primaryimage","url":"https:\/\/www.flns.com.tr\/wp-content\/uploads\/2025\/03\/kenani-otomatik-ana-kucagi-acik-gri.jpg","contentUrl":"https:\/\/www.flns.com.tr\/wp-content\/uploads\/2025\/03\/kenani-otomatik-ana-kucagi-acik-gri.jpg","width":1500,"height":1500},{"@type":"BreadcrumbList","@id":"https:\/\/www.flns.com.tr\/index.php\/urun\/momi-kenani-tam-otomatik-ana-kucagi-acik-gri\/#breadcrumb","itemListElement":[{"@type":"ListItem","position":1,"name":"Anasayfa","item":"https:\/\/www.flns.com.tr\/"},{"@type":"ListItem","position":2,"name":"Ma\u011faza","item":"https:\/\/www.flns.com.tr\/index.php\/shop\/"},{"@type":"ListItem","position":3,"name":"MoMi KENANI Tam Otomatik Ana Kuca\u011f\u0131 A\u00e7\u0131k Gri"}]},{"@type":"WebSite","@id":"https:\/\/www.flns.com.tr\/#website","url":"https:\/\/www.flns.com.tr\/","name":"FLNS","description":"FUN LOVE NATURE SPORT","publisher":{"@id":"https:\/\/www.flns.com.tr\/#organization"},"potentialAction":[{"@type":"SearchAction","target":{"@type":"EntryPoint","urlTemplate":"https:\/\/www.flns.com.tr\/?s={search_term_string}"},"query-input":{"@type":"PropertyValueSpecification","valueRequired":true,"valueName":"search_term_string"}}],"inLanguage":"tr"},{"@type":"Organization","@id":"https:\/\/www.flns.com.tr\/#organization","name":"FLNS","url":"https:\/\/www.flns.com.tr\/","logo":{"@type":"ImageObject","inLanguage":"tr","@id":"https:\/\/www.flns.com.tr\/#\/schema\/logo\/image\/","url":"https:\/\/www.flns.com.tr\/wp-content\/uploads\/2025\/03\/FLNS-LOGO.png","contentUrl":"https:\/\/www.flns.com.tr\/wp-content\/uploads\/2025\/03\/FLNS-LOGO.png","width":4500,"height":2892,"caption":"FLNS"},"image":{"@id":"https:\/\/www.flns.com.tr\/#\/schema\/logo\/image\/"},"sameAs":["https:\/\/www.instagram.com\/f.l.n.s"]}]}},"_links":{"self":[{"href":"https:\/\/www.flns.com.tr\/index.php\/wp-json\/wp\/v2\/product\/27984","targetHints":{"allow":["GET"]}}],"collection":[{"href":"https:\/\/www.flns.com.tr\/index.php\/wp-json\/wp\/v2\/product"}],"about":[{"href":"https:\/\/www.flns.com.tr\/index.php\/wp-json\/wp\/v2\/types\/product"}],"replies":[{"embeddable":true,"href":"https:\/\/www.flns.com.tr\/index.php\/wp-json\/wp\/v2\/comments?post=27984"}],"version-history":[{"count":31,"href":"https:\/\/www.flns.com.tr\/index.php\/wp-json\/wp\/v2\/product\/27984\/revisions"}],"predecessor-version":[{"id":31045,"href":"https:\/\/www.flns.com.tr\/index.php\/wp-json\/wp\/v2\/product\/27984\/revisions\/31045"}],"wp:featuredmedia":[{"embeddable":true,"href":"https:\/\/www.flns.com.tr\/index.php\/wp-json\/wp\/v2\/media\/28586"}],"wp:attachment":[{"href":"https:\/\/www.flns.com.tr\/index.php\/wp-json\/wp\/v2\/media?parent=27984"}],"wp:term":[{"taxonomy":"product_brand","embeddable":true,"href":"https:\/\/www.flns.com.tr\/index.php\/wp-json\/wp\/v2\/product_brand?post=27984"},{"taxonomy":"product_cat","embeddable":true,"href":"https:\/\/www.flns.com.tr\/index.php\/wp-json\/wp\/v2\/product_cat?post=27984"},{"taxonomy":"product_tag","embeddable":true,"href":"https:\/\/www.flns.com.tr\/index.php\/wp-json\/wp\/v2\/product_tag?post=27984"}],"curies":[{"name":"wp","href":"https:\/\/api.w.org\/{rel}","templated":true}]}}