{"id":27988,"date":"2025-03-25T23:56:37","date_gmt":"2025-03-25T20:56:37","guid":{"rendered":"https:\/\/www.flns.com.tr\/index.php\/urun\/momi-glossy-muzikli-lama-ana-kucagi\/"},"modified":"2025-05-02T16:30:57","modified_gmt":"2025-05-02T13:30:57","slug":"momi-glossy-muzikli-ve-titresimli-ana-kucagi-lama","status":"publish","type":"product","link":"https:\/\/www.flns.com.tr\/index.php\/urun\/momi-glossy-muzikli-ve-titresimli-ana-kucagi-lama\/","title":{"rendered":"MoMi GLOSSY M\u00fczikli ve Titre\u015fimli Ana Kuca\u011f\u0131 Lama"},"content":{"rendered":"\t\t<div data-elementor-type=\"wp-post\" data-elementor-id=\"27988\" class=\"elementor elementor-27988\">\n\t\t\t\t<div class=\"wd-negative-gap elementor-element elementor-element-a77a67d e-flex e-con-boxed e-con e-parent\" data-id=\"a77a67d\" data-element_type=\"container\">\n\t\t\t\t\t<div class=\"e-con-inner\">\n\t\t<div class=\"elementor-element elementor-element-b751c93 e-con-full e-flex e-con e-child\" data-id=\"b751c93\" data-element_type=\"container\">\n\t\t\t\t<div class=\"elementor-element elementor-element-889acc5 elementor-widget elementor-widget-wd_text_block\" data-id=\"889acc5\" data-element_type=\"widget\" data-widget_type=\"wd_text_block.default\">\n\t\t\t\t<div class=\"elementor-widget-container\">\n\t\t\t\t\t\t\t<div class=\"wd-text-block reset-last-child text-left\">\n\t\t\t\n\t\t\t<p><strong>\u00dcR\u00dcN \u00d6ZELL\u0130KLER\u0130<\/strong><\/p><ul><li>3 noktal\u0131 emniyet kemeri ve geni\u015f bir bacak aras\u0131 kemeri bebe\u011fi rahat\u00e7a yerinde tutar<\/li><li>Makinede y\u0131kanabilir \u00e7\u0131kar\u0131labilir tekstil k\u0131l\u0131f<\/li><li>Kol mesafesinde 2 oyuncak bulunan bir bar<\/li><li>8 melodi ve titre\u015fime sahip duyusal \u00fcnite<\/li><li>Kaymayan kau\u00e7uk pedler ve sabit bir yap\u0131<\/li><li>Kompakt, hafif ve katlanmas\u0131, a\u00e7\u0131lmas\u0131 ve ta\u015f\u0131nmas\u0131 kolay<\/li><li>Avrupa Birli\u011fi g\u00fcvenlik standartlar\u0131na uygundur<\/li><\/ul><p><strong>\u00dcR\u00dcN A\u011eIRLI\u011eI:<\/strong> 1,7 kg<\/p><p><strong>BOYUTLAR:<\/strong> 58 cm x 45 cm x 58 cm<\/p><p><strong>STANDARTLAR:<\/strong> EN 12790, EN 71-1, EN 71-2, EN 71-3<\/p><p><strong>PAKET BOYUTLARI:<\/strong> 45 cm x 8,5 cm x 36,5 cm<\/p><p><strong>MALZEMELER:<\/strong> Polyester, \u00c7elik<\/p><p><strong>\u00dcRET\u0130C\u0130 GARANT\u0130S\u0130:<\/strong> 24 ay<\/p><p>Piller dahil de\u011fildir<\/p>\n\t\t\t\t\t<\/div>\n\t\t\t\t\t\t<\/div>\n\t\t\t\t<\/div>\n\t\t\t\t<\/div>\n\t\t<div class=\"elementor-element elementor-element-87e89d2 e-con-full e-flex e-con e-child\" data-id=\"87e89d2\" data-element_type=\"container\">\n\t\t\t\t<div class=\"elementor-element elementor-element-128440d elementor-widget elementor-widget-wd_image_or_svg\" data-id=\"128440d\" data-element_type=\"widget\" data-widget_type=\"wd_image_or_svg.default\">\n\t\t\t\t<div class=\"elementor-widget-container\">\n\t\t\t\t\t\n\t\t<div class=\"wd-image text-center\">\n\t\t\t\t\t\t\t\t<img fetchpriority=\"high\" decoding=\"async\" width=\"512\" height=\"768\" src=\"https:\/\/www.flns.com.tr\/wp-content\/uploads\/2025\/03\/glossy-life-style-512x768-1.jpg\" class=\"attachment-full size-full\" alt=\"\" srcset=\"https:\/\/www.flns.com.tr\/wp-content\/uploads\/2025\/03\/glossy-life-style-512x768-1.jpg 512w, https:\/\/www.flns.com.tr\/wp-content\/uploads\/2025\/03\/glossy-life-style-512x768-1-200x300.jpg 200w, https:\/\/www.flns.com.tr\/wp-content\/uploads\/2025\/03\/glossy-life-style-512x768-1-430x645.jpg 430w, https:\/\/www.flns.com.tr\/wp-content\/uploads\/2025\/03\/glossy-life-style-512x768-1-150x225.jpg 150w\" sizes=\"(max-width: 512px) 100vw, 512px\" \/>\t\t\t\t\t<\/div>\n\n\t\t\t\t\t\t<\/div>\n\t\t\t\t<\/div>\n\t\t\t\t<\/div>\n\t\t\t\t\t<\/div>\n\t\t\t\t<\/div>\n\t\t<div class=\"wd-negative-gap elementor-element elementor-element-95deb47 e-flex e-con-boxed e-con e-parent\" data-id=\"95deb47\" data-element_type=\"container\">\n\t\t\t\t\t<div class=\"e-con-inner\">\n\t\t\t\t<div class=\"elementor-element elementor-element-e2f0f95 elementor-widget elementor-widget-spacer\" data-id=\"e2f0f95\" data-element_type=\"widget\" data-widget_type=\"spacer.default\">\n\t\t\t\t<div class=\"elementor-widget-container\">\n\t\t\t\t\t\t\t<div class=\"elementor-spacer\">\n\t\t\t<div class=\"elementor-spacer-inner\"><\/div>\n\t\t<\/div>\n\t\t\t\t\t\t<\/div>\n\t\t\t\t<\/div>\n\t\t\t\t<div class=\"elementor-element elementor-element-ae196e5 elementor-widget elementor-widget-wd_text_block\" data-id=\"ae196e5\" data-element_type=\"widget\" data-widget_type=\"wd_text_block.default\">\n\t\t\t\t<div class=\"elementor-widget-container\">\n\t\t\t\t\t\t\t<div class=\"wd-text-block reset-last-child text-left\">\n\t\t\t\n\t\t\t<p>\"Ben burada rahat\u00e7a uzan\u0131p m\u00fczik dinleyece\u011fim ve sen de ihtiyac\u0131n olan\u0131 yapabilirsin, tamam m\u0131?\" Bu MoMi GLOSSY ile harika bir plan!<\/p><p>Yumu\u015fak dolgulu, ergonomik s\u0131rt dayana\u011f\u0131 ve sa\u011flam yap\u0131ya sahip hafif, kurulumu kolay bir ana kuca\u011f\u0131.<\/p><p>Ne\u015feli oyuncaklar, 8 narin melodi ve narin titre\u015fimler bebe\u011fe yapacak \u00e7ok \u015fey sunacak ve sonra onu mutlu bir uykuya dald\u0131racak.<\/p>\n\t\t\t\t\t<\/div>\n\t\t\t\t\t\t<\/div>\n\t\t\t\t<\/div>\n\t\t\t\t\t<\/div>\n\t\t\t\t<\/div>\n\t\t<div class=\"wd-negative-gap elementor-element elementor-element-3823bcc e-flex e-con-boxed e-con e-parent\" data-id=\"3823bcc\" data-element_type=\"container\">\n\t\t\t\t\t<div class=\"e-con-inner\">\n\t\t\t\t<div class=\"elementor-element elementor-element-fceb90a elementor-widget elementor-widget-spacer\" data-id=\"fceb90a\" data-element_type=\"widget\" data-widget_type=\"spacer.default\">\n\t\t\t\t<div class=\"elementor-widget-container\">\n\t\t\t\t\t\t\t<div class=\"elementor-spacer\">\n\t\t\t<div class=\"elementor-spacer-inner\"><\/div>\n\t\t<\/div>\n\t\t\t\t\t\t<\/div>\n\t\t\t\t<\/div>\n\t\t\t\t<div class=\"elementor-element elementor-element-8b4aa6e elementor-widget elementor-widget-wd_image_or_svg\" data-id=\"8b4aa6e\" data-element_type=\"widget\" data-widget_type=\"wd_image_or_svg.default\">\n\t\t\t\t<div class=\"elementor-widget-container\">\n\t\t\t\t\t\n\t\t<div class=\"wd-image text-center\">\n\t\t\t\t\t\t\t\t<img decoding=\"async\" width=\"768\" height=\"512\" src=\"https:\/\/www.flns.com.tr\/wp-content\/uploads\/2025\/03\/glossy-life-style-768x512-1.jpg\" class=\"attachment-full size-full\" alt=\"\" srcset=\"https:\/\/www.flns.com.tr\/wp-content\/uploads\/2025\/03\/glossy-life-style-768x512-1.jpg 768w, https:\/\/www.flns.com.tr\/wp-content\/uploads\/2025\/03\/glossy-life-style-768x512-1-400x267.jpg 400w, https:\/\/www.flns.com.tr\/wp-content\/uploads\/2025\/03\/glossy-life-style-768x512-1-430x287.jpg 430w, https:\/\/www.flns.com.tr\/wp-content\/uploads\/2025\/03\/glossy-life-style-768x512-1-700x467.jpg 700w, https:\/\/www.flns.com.tr\/wp-content\/uploads\/2025\/03\/glossy-life-style-768x512-1-150x100.jpg 150w\" sizes=\"(max-width: 768px) 100vw, 768px\" \/>\t\t\t\t\t<\/div>\n\n\t\t\t\t\t\t<\/div>\n\t\t\t\t<\/div>\n\t\t\t\t\t<\/div>\n\t\t\t\t<\/div>\n\t\t\t\t<\/div>\n\t\t","protected":false},"excerpt":{"rendered":"<p>MoMi GLOSSY , birbirinden \u015f\u0131k 3 farkl\u0131 modele sahiptir. Benzersiz tasar\u0131m, bu ana kuca\u011f\u0131n\u0131n tek \u00f6zelli\u011fi de\u011fildir. Ayn\u0131 zamanda rahat ve pratiktir. 8 melodi, 3 titre\u015fim seviyesi ve 2 duyusal oyuncak i\u00e7eren bir mod\u00fcl\u00fc vard\u0131r.<\/p>\n<p style=\"text-align: center;\"><strong>D\u0130\u011eER SE\u00c7ENEKLER<\/strong><\/p>\n<p style=\"text-align: center;\"><a href=\"\/index.php\/urun\/momi-glossy-muzikli-ana-kucagi-panda\/\"><img decoding=\"async\" class=\"alignnone wp-image-28492\" src=\"https:\/\/www.flns.com.tr\/wp-content\/themes\/woodmart\/images\/lazy.svg\" data-src=\"https:\/\/www.flns.com.tr\/wp-content\/uploads\/2025\/03\/glossy-muzikli-ana-kucagi-panda-300x300.jpg\" alt=\"\" width=\"150\" height=\"150\" srcset=\"\" data-srcset=\"https:\/\/www.flns.com.tr\/wp-content\/uploads\/2025\/03\/glossy-muzikli-ana-kucagi-panda-300x300.jpg 300w, https:\/\/www.flns.com.tr\/wp-content\/uploads\/2025\/03\/glossy-muzikli-ana-kucagi-panda-800x800.jpg 800w, https:\/\/www.flns.com.tr\/wp-content\/uploads\/2025\/03\/glossy-muzikli-ana-kucagi-panda-150x150.jpg 150w, https:\/\/www.flns.com.tr\/wp-content\/uploads\/2025\/03\/glossy-muzikli-ana-kucagi-panda-768x768.jpg 768w, https:\/\/www.flns.com.tr\/wp-content\/uploads\/2025\/03\/glossy-muzikli-ana-kucagi-panda-430x430.jpg 430w, https:\/\/www.flns.com.tr\/wp-content\/uploads\/2025\/03\/glossy-muzikli-ana-kucagi-panda-700x700.jpg 700w, https:\/\/www.flns.com.tr\/wp-content\/uploads\/2025\/03\/glossy-muzikli-ana-kucagi-panda.jpg 1500w\" sizes=\"(max-width: 150px) 100vw, 150px\" \/><\/a> <a href=\"\/index.php\/urun\/momi-glossy-muzikli-ana-kucagi-tavsan\/\"><img loading=\"lazy\" decoding=\"async\" class=\"alignnone wp-image-28501\" src=\"https:\/\/www.flns.com.tr\/wp-content\/themes\/woodmart\/images\/lazy.svg\" data-src=\"https:\/\/www.flns.com.tr\/wp-content\/uploads\/2025\/03\/glossy-muzikli-ana-kucagi-tavsan-300x300.jpg\" alt=\"\" width=\"150\" height=\"150\" srcset=\"\" data-srcset=\"https:\/\/www.flns.com.tr\/wp-content\/uploads\/2025\/03\/glossy-muzikli-ana-kucagi-tavsan-300x300.jpg 300w, https:\/\/www.flns.com.tr\/wp-content\/uploads\/2025\/03\/glossy-muzikli-ana-kucagi-tavsan-800x800.jpg 800w, https:\/\/www.flns.com.tr\/wp-content\/uploads\/2025\/03\/glossy-muzikli-ana-kucagi-tavsan-150x150.jpg 150w, https:\/\/www.flns.com.tr\/wp-content\/uploads\/2025\/03\/glossy-muzikli-ana-kucagi-tavsan-768x768.jpg 768w, https:\/\/www.flns.com.tr\/wp-content\/uploads\/2025\/03\/glossy-muzikli-ana-kucagi-tavsan-430x430.jpg 430w, https:\/\/www.flns.com.tr\/wp-content\/uploads\/2025\/03\/glossy-muzikli-ana-kucagi-tavsan-700x700.jpg 700w, https:\/\/www.flns.com.tr\/wp-content\/uploads\/2025\/03\/glossy-muzikli-ana-kucagi-tavsan.jpg 1500w\" sizes=\"(max-width: 150px) 100vw, 150px\" \/><\/a><\/p>\n<p>&nbsp;<\/p>\n<p>&nbsp;<\/p>\n","protected":false},"featured_media":28484,"comment_status":"open","ping_status":"closed","template":"","meta":[],"product_brand":[225],"product_cat":[203],"product_tag":[],"class_list":{"0":"post-27988","1":"product","2":"type-product","3":"status-publish","4":"has-post-thumbnail","6":"product_brand-momi","7":"product_cat-ana_kucagi","9":"first","10":"instock","11":"taxable","12":"shipping-taxable","13":"purchasable","14":"product-type-simple"},"yoast_head":"<!-- This site is optimized with the Yoast SEO plugin v25.1 - https:\/\/yoast.com\/wordpress\/plugins\/seo\/ -->\n<title>MoMi GLOSSY M\u00fczikli ve Titre\u015fimli Ana Kuca\u011f\u0131 Lama - FLNS<\/title>\n<meta name=\"robots\" content=\"index, follow, max-snippet:-1, max-image-preview:large, max-video-preview:-1\" \/>\n<link rel=\"canonical\" href=\"https:\/\/www.flns.com.tr\/index.php\/urun\/momi-glossy-muzikli-ve-titresimli-ana-kucagi-lama\/\" \/>\n<meta property=\"og:locale\" content=\"tr_TR\" \/>\n<meta property=\"og:type\" content=\"article\" \/>\n<meta property=\"og:title\" content=\"MoMi GLOSSY M\u00fczikli ve Titre\u015fimli Ana Kuca\u011f\u0131 Lama - FLNS\" \/>\n<meta property=\"og:description\" content=\"MoMi GLOSSY , birbirinden \u015f\u0131k 3 farkl\u0131 modele sahiptir. Benzersiz tasar\u0131m, bu ana kuca\u011f\u0131n\u0131n tek \u00f6zelli\u011fi de\u011fildir. Ayn\u0131 zamanda rahat ve pratiktir. 8 melodi, 3 titre\u015fim seviyesi ve 2 duyusal oyuncak i\u00e7eren bir mod\u00fcl\u00fc vard\u0131r. D\u0130\u011eER SE\u00c7ENEKLER   &nbsp;  &nbsp;\" \/>\n<meta property=\"og:url\" content=\"https:\/\/www.flns.com.tr\/index.php\/urun\/momi-glossy-muzikli-ve-titresimli-ana-kucagi-lama\/\" \/>\n<meta property=\"og:site_name\" content=\"FLNS\" \/>\n<meta property=\"article:modified_time\" content=\"2025-05-02T13:30:57+00:00\" \/>\n<meta property=\"og:image\" content=\"https:\/\/www.flns.com.tr\/wp-content\/uploads\/2025\/03\/glossy-muzikli-ana-kucagi-lama.jpg\" \/>\n\t<meta property=\"og:image:width\" content=\"1500\" \/>\n\t<meta property=\"og:image:height\" content=\"1500\" \/>\n\t<meta property=\"og:image:type\" content=\"image\/jpeg\" \/>\n<meta name=\"twitter:card\" content=\"summary_large_image\" \/>\n<meta name=\"twitter:label1\" content=\"Tahmini okuma s\u00fcresi\" \/>\n\t<meta name=\"twitter:data1\" content=\"2 dakika\" \/>\n<script type=\"application\/ld+json\" class=\"yoast-schema-graph\">{\"@context\":\"https:\/\/schema.org\",\"@graph\":[{\"@type\":\"WebPage\",\"@id\":\"https:\/\/www.flns.com.tr\/index.php\/urun\/momi-glossy-muzikli-ve-titresimli-ana-kucagi-lama\/\",\"url\":\"https:\/\/www.flns.com.tr\/index.php\/urun\/momi-glossy-muzikli-ve-titresimli-ana-kucagi-lama\/\",\"name\":\"MoMi GLOSSY M\u00fczikli ve Titre\u015fimli Ana Kuca\u011f\u0131 Lama - FLNS\",\"isPartOf\":{\"@id\":\"https:\/\/www.flns.com.tr\/#website\"},\"primaryImageOfPage\":{\"@id\":\"https:\/\/www.flns.com.tr\/index.php\/urun\/momi-glossy-muzikli-ve-titresimli-ana-kucagi-lama\/#primaryimage\"},\"image\":{\"@id\":\"https:\/\/www.flns.com.tr\/index.php\/urun\/momi-glossy-muzikli-ve-titresimli-ana-kucagi-lama\/#primaryimage\"},\"thumbnailUrl\":\"https:\/\/www.flns.com.tr\/wp-content\/uploads\/2025\/03\/glossy-muzikli-ana-kucagi-lama.jpg\",\"datePublished\":\"2025-03-25T20:56:37+00:00\",\"dateModified\":\"2025-05-02T13:30:57+00:00\",\"breadcrumb\":{\"@id\":\"https:\/\/www.flns.com.tr\/index.php\/urun\/momi-glossy-muzikli-ve-titresimli-ana-kucagi-lama\/#breadcrumb\"},\"inLanguage\":\"tr\",\"potentialAction\":[{\"@type\":\"ReadAction\",\"target\":[\"https:\/\/www.flns.com.tr\/index.php\/urun\/momi-glossy-muzikli-ve-titresimli-ana-kucagi-lama\/\"]}]},{\"@type\":\"ImageObject\",\"inLanguage\":\"tr\",\"@id\":\"https:\/\/www.flns.com.tr\/index.php\/urun\/momi-glossy-muzikli-ve-titresimli-ana-kucagi-lama\/#primaryimage\",\"url\":\"https:\/\/www.flns.com.tr\/wp-content\/uploads\/2025\/03\/glossy-muzikli-ana-kucagi-lama.jpg\",\"contentUrl\":\"https:\/\/www.flns.com.tr\/wp-content\/uploads\/2025\/03\/glossy-muzikli-ana-kucagi-lama.jpg\",\"width\":1500,\"height\":1500},{\"@type\":\"BreadcrumbList\",\"@id\":\"https:\/\/www.flns.com.tr\/index.php\/urun\/momi-glossy-muzikli-ve-titresimli-ana-kucagi-lama\/#breadcrumb\",\"itemListElement\":[{\"@type\":\"ListItem\",\"position\":1,\"name\":\"Anasayfa\",\"item\":\"https:\/\/www.flns.com.tr\/\"},{\"@type\":\"ListItem\",\"position\":2,\"name\":\"Ma\u011faza\",\"item\":\"https:\/\/www.flns.com.tr\/index.php\/shop\/\"},{\"@type\":\"ListItem\",\"position\":3,\"name\":\"MoMi GLOSSY M\u00fczikli ve Titre\u015fimli Ana Kuca\u011f\u0131 Lama\"}]},{\"@type\":\"WebSite\",\"@id\":\"https:\/\/www.flns.com.tr\/#website\",\"url\":\"https:\/\/www.flns.com.tr\/\",\"name\":\"FLNS\",\"description\":\"FUN LOVE NATURE SPORT\",\"publisher\":{\"@id\":\"https:\/\/www.flns.com.tr\/#organization\"},\"potentialAction\":[{\"@type\":\"SearchAction\",\"target\":{\"@type\":\"EntryPoint\",\"urlTemplate\":\"https:\/\/www.flns.com.tr\/?s={search_term_string}\"},\"query-input\":{\"@type\":\"PropertyValueSpecification\",\"valueRequired\":true,\"valueName\":\"search_term_string\"}}],\"inLanguage\":\"tr\"},{\"@type\":\"Organization\",\"@id\":\"https:\/\/www.flns.com.tr\/#organization\",\"name\":\"FLNS\",\"url\":\"https:\/\/www.flns.com.tr\/\",\"logo\":{\"@type\":\"ImageObject\",\"inLanguage\":\"tr\",\"@id\":\"https:\/\/www.flns.com.tr\/#\/schema\/logo\/image\/\",\"url\":\"https:\/\/www.flns.com.tr\/wp-content\/uploads\/2025\/03\/FLNS-LOGO.png\",\"contentUrl\":\"https:\/\/www.flns.com.tr\/wp-content\/uploads\/2025\/03\/FLNS-LOGO.png\",\"width\":4500,\"height\":2892,\"caption\":\"FLNS\"},\"image\":{\"@id\":\"https:\/\/www.flns.com.tr\/#\/schema\/logo\/image\/\"},\"sameAs\":[\"https:\/\/www.instagram.com\/f.l.n.s\"]}]}<\/script>\n<!-- \/ Yoast SEO plugin. -->","yoast_head_json":{"title":"MoMi GLOSSY M\u00fczikli ve Titre\u015fimli Ana Kuca\u011f\u0131 Lama - FLNS","robots":{"index":"index","follow":"follow","max-snippet":"max-snippet:-1","max-image-preview":"max-image-preview:large","max-video-preview":"max-video-preview:-1"},"canonical":"https:\/\/www.flns.com.tr\/index.php\/urun\/momi-glossy-muzikli-ve-titresimli-ana-kucagi-lama\/","og_locale":"tr_TR","og_type":"article","og_title":"MoMi GLOSSY M\u00fczikli ve Titre\u015fimli Ana Kuca\u011f\u0131 Lama - FLNS","og_description":"MoMi GLOSSY , birbirinden \u015f\u0131k 3 farkl\u0131 modele sahiptir. Benzersiz tasar\u0131m, bu ana kuca\u011f\u0131n\u0131n tek \u00f6zelli\u011fi de\u011fildir. Ayn\u0131 zamanda rahat ve pratiktir. 8 melodi, 3 titre\u015fim seviyesi ve 2 duyusal oyuncak i\u00e7eren bir mod\u00fcl\u00fc vard\u0131r. D\u0130\u011eER SE\u00c7ENEKLER   &nbsp;  &nbsp;","og_url":"https:\/\/www.flns.com.tr\/index.php\/urun\/momi-glossy-muzikli-ve-titresimli-ana-kucagi-lama\/","og_site_name":"FLNS","article_modified_time":"2025-05-02T13:30:57+00:00","og_image":[{"width":1500,"height":1500,"url":"https:\/\/www.flns.com.tr\/wp-content\/uploads\/2025\/03\/glossy-muzikli-ana-kucagi-lama.jpg","type":"image\/jpeg"}],"twitter_card":"summary_large_image","twitter_misc":{"Tahmini okuma s\u00fcresi":"2 dakika"},"schema":{"@context":"https:\/\/schema.org","@graph":[{"@type":"WebPage","@id":"https:\/\/www.flns.com.tr\/index.php\/urun\/momi-glossy-muzikli-ve-titresimli-ana-kucagi-lama\/","url":"https:\/\/www.flns.com.tr\/index.php\/urun\/momi-glossy-muzikli-ve-titresimli-ana-kucagi-lama\/","name":"MoMi GLOSSY M\u00fczikli ve Titre\u015fimli Ana Kuca\u011f\u0131 Lama - FLNS","isPartOf":{"@id":"https:\/\/www.flns.com.tr\/#website"},"primaryImageOfPage":{"@id":"https:\/\/www.flns.com.tr\/index.php\/urun\/momi-glossy-muzikli-ve-titresimli-ana-kucagi-lama\/#primaryimage"},"image":{"@id":"https:\/\/www.flns.com.tr\/index.php\/urun\/momi-glossy-muzikli-ve-titresimli-ana-kucagi-lama\/#primaryimage"},"thumbnailUrl":"https:\/\/www.flns.com.tr\/wp-content\/uploads\/2025\/03\/glossy-muzikli-ana-kucagi-lama.jpg","datePublished":"2025-03-25T20:56:37+00:00","dateModified":"2025-05-02T13:30:57+00:00","breadcrumb":{"@id":"https:\/\/www.flns.com.tr\/index.php\/urun\/momi-glossy-muzikli-ve-titresimli-ana-kucagi-lama\/#breadcrumb"},"inLanguage":"tr","potentialAction":[{"@type":"ReadAction","target":["https:\/\/www.flns.com.tr\/index.php\/urun\/momi-glossy-muzikli-ve-titresimli-ana-kucagi-lama\/"]}]},{"@type":"ImageObject","inLanguage":"tr","@id":"https:\/\/www.flns.com.tr\/index.php\/urun\/momi-glossy-muzikli-ve-titresimli-ana-kucagi-lama\/#primaryimage","url":"https:\/\/www.flns.com.tr\/wp-content\/uploads\/2025\/03\/glossy-muzikli-ana-kucagi-lama.jpg","contentUrl":"https:\/\/www.flns.com.tr\/wp-content\/uploads\/2025\/03\/glossy-muzikli-ana-kucagi-lama.jpg","width":1500,"height":1500},{"@type":"BreadcrumbList","@id":"https:\/\/www.flns.com.tr\/index.php\/urun\/momi-glossy-muzikli-ve-titresimli-ana-kucagi-lama\/#breadcrumb","itemListElement":[{"@type":"ListItem","position":1,"name":"Anasayfa","item":"https:\/\/www.flns.com.tr\/"},{"@type":"ListItem","position":2,"name":"Ma\u011faza","item":"https:\/\/www.flns.com.tr\/index.php\/shop\/"},{"@type":"ListItem","position":3,"name":"MoMi GLOSSY M\u00fczikli ve Titre\u015fimli Ana Kuca\u011f\u0131 Lama"}]},{"@type":"WebSite","@id":"https:\/\/www.flns.com.tr\/#website","url":"https:\/\/www.flns.com.tr\/","name":"FLNS","description":"FUN LOVE NATURE SPORT","publisher":{"@id":"https:\/\/www.flns.com.tr\/#organization"},"potentialAction":[{"@type":"SearchAction","target":{"@type":"EntryPoint","urlTemplate":"https:\/\/www.flns.com.tr\/?s={search_term_string}"},"query-input":{"@type":"PropertyValueSpecification","valueRequired":true,"valueName":"search_term_string"}}],"inLanguage":"tr"},{"@type":"Organization","@id":"https:\/\/www.flns.com.tr\/#organization","name":"FLNS","url":"https:\/\/www.flns.com.tr\/","logo":{"@type":"ImageObject","inLanguage":"tr","@id":"https:\/\/www.flns.com.tr\/#\/schema\/logo\/image\/","url":"https:\/\/www.flns.com.tr\/wp-content\/uploads\/2025\/03\/FLNS-LOGO.png","contentUrl":"https:\/\/www.flns.com.tr\/wp-content\/uploads\/2025\/03\/FLNS-LOGO.png","width":4500,"height":2892,"caption":"FLNS"},"image":{"@id":"https:\/\/www.flns.com.tr\/#\/schema\/logo\/image\/"},"sameAs":["https:\/\/www.instagram.com\/f.l.n.s"]}]}},"_links":{"self":[{"href":"https:\/\/www.flns.com.tr\/index.php\/wp-json\/wp\/v2\/product\/27988","targetHints":{"allow":["GET"]}}],"collection":[{"href":"https:\/\/www.flns.com.tr\/index.php\/wp-json\/wp\/v2\/product"}],"about":[{"href":"https:\/\/www.flns.com.tr\/index.php\/wp-json\/wp\/v2\/types\/product"}],"replies":[{"embeddable":true,"href":"https:\/\/www.flns.com.tr\/index.php\/wp-json\/wp\/v2\/comments?post=27988"}],"version-history":[{"count":26,"href":"https:\/\/www.flns.com.tr\/index.php\/wp-json\/wp\/v2\/product\/27988\/revisions"}],"predecessor-version":[{"id":31054,"href":"https:\/\/www.flns.com.tr\/index.php\/wp-json\/wp\/v2\/product\/27988\/revisions\/31054"}],"wp:featuredmedia":[{"embeddable":true,"href":"https:\/\/www.flns.com.tr\/index.php\/wp-json\/wp\/v2\/media\/28484"}],"wp:attachment":[{"href":"https:\/\/www.flns.com.tr\/index.php\/wp-json\/wp\/v2\/media?parent=27988"}],"wp:term":[{"taxonomy":"product_brand","embeddable":true,"href":"https:\/\/www.flns.com.tr\/index.php\/wp-json\/wp\/v2\/product_brand?post=27988"},{"taxonomy":"product_cat","embeddable":true,"href":"https:\/\/www.flns.com.tr\/index.php\/wp-json\/wp\/v2\/product_cat?post=27988"},{"taxonomy":"product_tag","embeddable":true,"href":"https:\/\/www.flns.com.tr\/index.php\/wp-json\/wp\/v2\/product_tag?post=27988"}],"curies":[{"name":"wp","href":"https:\/\/api.w.org\/{rel}","templated":true}]}}