{"id":27991,"date":"2025-03-25T23:56:38","date_gmt":"2025-03-25T20:56:38","guid":{"rendered":"https:\/\/www.flns.com.tr\/index.php\/urun\/momi-lumiwood-muzikli-ahsap-ana-kucagi-gri\/"},"modified":"2025-05-02T16:30:37","modified_gmt":"2025-05-02T13:30:37","slug":"momi-lumiwood-muzikli-ahsap-ana-kucagi-gri","status":"publish","type":"product","link":"https:\/\/www.flns.com.tr\/index.php\/urun\/momi-lumiwood-muzikli-ahsap-ana-kucagi-gri\/","title":{"rendered":"MoMi LUMIWOOD M\u00fczikli Ah\u015fap Ana Kuca\u011f\u0131 Gri"},"content":{"rendered":"\t\t<div data-elementor-type=\"wp-post\" data-elementor-id=\"27991\" class=\"elementor elementor-27991\">\n\t\t\t\t<div class=\"wd-negative-gap elementor-element elementor-element-e0eb4a5 e-flex e-con-boxed e-con e-parent\" data-id=\"e0eb4a5\" data-element_type=\"container\">\n\t\t\t\t\t<div class=\"e-con-inner\">\n\t\t<div class=\"elementor-element elementor-element-b736b22 e-con-full e-flex e-con e-child\" data-id=\"b736b22\" data-element_type=\"container\">\n\t\t\t\t<div class=\"elementor-element elementor-element-3636bea elementor-widget elementor-widget-wd_text_block\" data-id=\"3636bea\" data-element_type=\"widget\" data-widget_type=\"wd_text_block.default\">\n\t\t\t\t<div class=\"elementor-widget-container\">\n\t\t\t\t\t\t\t<div class=\"wd-text-block reset-last-child text-left\">\n\t\t\t\n\t\t\t<p><strong>\u00dcR\u00dcN \u00d6ZELL\u0130KLER\u0130<\/strong><\/p><ul><li>3 noktal\u0131 emniyet kemeri bebe\u011fi rahat\u00e7a yerinde tutar.<\/li><li>Bloke edilebilir sallanma<\/li><li>Makinede y\u0131kanabilir \u00e7\u0131kar\u0131labilir tekstil k\u0131l\u0131f<\/li><li>Yatar veya uzan\u0131r pozisyonda dinlenme<\/li><li>Kol mesafesinde 2 oyuncak bulunan bir bar<\/li><li>Kaymayan kau\u00e7uk pedler ve dayan\u0131kl\u0131 bir yap\u0131<\/li><li>K\u00fc\u00e7\u00fck ayaklar i\u00e7in yumu\u015fak pelu\u015f kaplama<\/li><li>Melodiler ve titre\u015fimler i\u00e7eren duyusal \u00fcnite<\/li><li>Renkli bir desen ve ah\u015fap bir \u00e7er\u00e7eve ile harika g\u00f6r\u00fcn\u00fcr ve her t\u00fcrl\u00fc i\u00e7 mekana uyar<\/li><li>Avrupa Birli\u011fi g\u00fcvenlik standartlar\u0131na uygundur<\/li><\/ul><p><strong>\u00dcR\u00dcN A\u011eIRLI\u011eI:<\/strong> 2,8 kg<\/p><p><strong>BOYUTLAR:<\/strong> 48 cm x 51 cm x 80 cm<\/p><p><strong>STANDARTLAR:<\/strong> EN12790<\/p><p><strong>PAKET BOYUTLARI:<\/strong> 48 cm x 14,5 cm x 86 cm<\/p><p><strong>MALZEMELER:<\/strong> Ah\u015fap, Polyester, Pelu\u015f, Plastik<\/p><p><strong>\u00dcRET\u0130C\u0130 GARANT\u0130S\u0130: <\/strong>24 ay<\/p><p>Piller dahil de\u011fildir<\/p>\n\t\t\t\t\t<\/div>\n\t\t\t\t\t\t<\/div>\n\t\t\t\t<\/div>\n\t\t\t\t<\/div>\n\t\t<div class=\"elementor-element elementor-element-5b07ba1 e-con-full e-flex e-con e-child\" data-id=\"5b07ba1\" data-element_type=\"container\">\n\t\t\t\t<div class=\"elementor-element elementor-element-47404a0 elementor-widget elementor-widget-wd_image_or_svg\" data-id=\"47404a0\" data-element_type=\"widget\" data-widget_type=\"wd_image_or_svg.default\">\n\t\t\t\t<div class=\"elementor-widget-container\">\n\t\t\t\t\t\n\t\t<div class=\"wd-image text-center\">\n\t\t\t\t\t\t\t\t<img fetchpriority=\"high\" decoding=\"async\" width=\"512\" height=\"768\" src=\"https:\/\/www.flns.com.tr\/wp-content\/uploads\/2025\/03\/lumiwood-life-style-512x768-1.jpg\" class=\"attachment-full size-full\" alt=\"\" srcset=\"https:\/\/www.flns.com.tr\/wp-content\/uploads\/2025\/03\/lumiwood-life-style-512x768-1.jpg 512w, https:\/\/www.flns.com.tr\/wp-content\/uploads\/2025\/03\/lumiwood-life-style-512x768-1-200x300.jpg 200w, https:\/\/www.flns.com.tr\/wp-content\/uploads\/2025\/03\/lumiwood-life-style-512x768-1-430x645.jpg 430w, https:\/\/www.flns.com.tr\/wp-content\/uploads\/2025\/03\/lumiwood-life-style-512x768-1-150x225.jpg 150w\" sizes=\"(max-width: 512px) 100vw, 512px\" \/>\t\t\t\t\t<\/div>\n\n\t\t\t\t\t\t<\/div>\n\t\t\t\t<\/div>\n\t\t\t\t<\/div>\n\t\t\t\t\t<\/div>\n\t\t\t\t<\/div>\n\t\t<div class=\"wd-negative-gap elementor-element elementor-element-12c786a e-flex e-con-boxed e-con e-parent\" data-id=\"12c786a\" data-element_type=\"container\">\n\t\t\t\t\t<div class=\"e-con-inner\">\n\t\t\t\t<div class=\"elementor-element elementor-element-22333d4 elementor-widget elementor-widget-spacer\" data-id=\"22333d4\" data-element_type=\"widget\" data-widget_type=\"spacer.default\">\n\t\t\t\t<div class=\"elementor-widget-container\">\n\t\t\t\t\t\t\t<div class=\"elementor-spacer\">\n\t\t\t<div class=\"elementor-spacer-inner\"><\/div>\n\t\t<\/div>\n\t\t\t\t\t\t<\/div>\n\t\t\t\t<\/div>\n\t\t\t\t\t<\/div>\n\t\t\t\t<\/div>\n\t\t<div class=\"wd-negative-gap elementor-element elementor-element-948770c e-flex e-con-boxed e-con e-parent\" data-id=\"948770c\" data-element_type=\"container\">\n\t\t\t\t\t<div class=\"e-con-inner\">\n\t\t\t\t<div class=\"elementor-element elementor-element-ed1985d elementor-widget elementor-widget-wd_image_or_svg\" data-id=\"ed1985d\" data-element_type=\"widget\" data-widget_type=\"wd_image_or_svg.default\">\n\t\t\t\t<div class=\"elementor-widget-container\">\n\t\t\t\t\t\n\t\t<div class=\"wd-image text-left\">\n\t\t\t\t\t\t\t\t<img decoding=\"async\" width=\"768\" height=\"512\" src=\"https:\/\/www.flns.com.tr\/wp-content\/uploads\/2025\/03\/lumiwood-life-style-768x512-1.jpg\" class=\"attachment-full size-full\" alt=\"\" srcset=\"https:\/\/www.flns.com.tr\/wp-content\/uploads\/2025\/03\/lumiwood-life-style-768x512-1.jpg 768w, https:\/\/www.flns.com.tr\/wp-content\/uploads\/2025\/03\/lumiwood-life-style-768x512-1-400x267.jpg 400w, https:\/\/www.flns.com.tr\/wp-content\/uploads\/2025\/03\/lumiwood-life-style-768x512-1-430x287.jpg 430w, https:\/\/www.flns.com.tr\/wp-content\/uploads\/2025\/03\/lumiwood-life-style-768x512-1-700x467.jpg 700w, https:\/\/www.flns.com.tr\/wp-content\/uploads\/2025\/03\/lumiwood-life-style-768x512-1-150x100.jpg 150w\" sizes=\"(max-width: 768px) 100vw, 768px\" \/>\t\t\t\t\t<\/div>\n\n\t\t\t\t\t\t<\/div>\n\t\t\t\t<\/div>\n\t\t\t\t\t<\/div>\n\t\t\t\t<\/div>\n\t\t\t\t<\/div>\n\t\t","protected":false},"excerpt":{"rendered":"<p>Biraz fon m\u00fczi\u011fi e\u015fli\u011finde keyifli bir uyku? MoMi LUMIWOOD tam da b\u00f6yle bir \u015fey \u2014 bebe\u011finiz i\u00e7in rahat bir sallanan ana kuca\u011f\u0131, narin melodiler, ne\u015feli oyuncaklar ve hafif, sakinle\u015ftirici titre\u015fimler \u00fcreten bir \u00fcnite. Hafiftir. Katlanmas\u0131 ve ta\u015f\u0131nmas\u0131 kolayd\u0131r. Bebe\u011fin g\u00fcvenli\u011fi \u00f6zel bir kemer ve sabit bir yap\u0131 ile sa\u011flan\u0131r.<\/p>\n<p style=\"text-align: center;\"><strong>D\u0130\u011eER SE\u00c7ENEKLER<\/strong><\/p>\n<p style=\"text-align: center;\"><a href=\"\/index.php\/urun\/momi-lumiwood-muzikli-ahsap-ana-kucagi-yildiz\/\"><img decoding=\"async\" class=\"alignnone wp-image-28739 size-thumbnail\" src=\"https:\/\/www.flns.com.tr\/wp-content\/themes\/woodmart\/images\/lazy.svg\" data-src=\"https:\/\/www.flns.com.tr\/wp-content\/uploads\/2025\/03\/lumiwood-muzikli-ahsap-ana-kucagi-yildiz-150x150.jpg\" alt=\"\" width=\"150\" height=\"150\" srcset=\"\" data-srcset=\"https:\/\/www.flns.com.tr\/wp-content\/uploads\/2025\/03\/lumiwood-muzikli-ahsap-ana-kucagi-yildiz-150x150.jpg 150w, https:\/\/www.flns.com.tr\/wp-content\/uploads\/2025\/03\/lumiwood-muzikli-ahsap-ana-kucagi-yildiz-300x300.jpg 300w, https:\/\/www.flns.com.tr\/wp-content\/uploads\/2025\/03\/lumiwood-muzikli-ahsap-ana-kucagi-yildiz-800x800.jpg 800w, https:\/\/www.flns.com.tr\/wp-content\/uploads\/2025\/03\/lumiwood-muzikli-ahsap-ana-kucagi-yildiz-768x768.jpg 768w, https:\/\/www.flns.com.tr\/wp-content\/uploads\/2025\/03\/lumiwood-muzikli-ahsap-ana-kucagi-yildiz-430x430.jpg 430w, https:\/\/www.flns.com.tr\/wp-content\/uploads\/2025\/03\/lumiwood-muzikli-ahsap-ana-kucagi-yildiz-700x700.jpg 700w, https:\/\/www.flns.com.tr\/wp-content\/uploads\/2025\/03\/lumiwood-muzikli-ahsap-ana-kucagi-yildiz.jpg 1500w\" sizes=\"(max-width: 150px) 100vw, 150px\" \/><\/a><\/p>\n","protected":false},"featured_media":28726,"comment_status":"open","ping_status":"closed","template":"","meta":[],"product_brand":[225],"product_cat":[203],"product_tag":[],"class_list":{"0":"post-27991","1":"product","2":"type-product","3":"status-publish","4":"has-post-thumbnail","6":"product_brand-momi","7":"product_cat-ana_kucagi","9":"first","10":"instock","11":"taxable","12":"shipping-taxable","13":"purchasable","14":"product-type-simple"},"yoast_head":"<!-- This site is optimized with the Yoast SEO plugin v25.1 - https:\/\/yoast.com\/wordpress\/plugins\/seo\/ -->\n<title>MoMi LUMIWOOD M\u00fczikli Ah\u015fap Ana Kuca\u011f\u0131 Gri - FLNS<\/title>\n<meta name=\"robots\" content=\"index, follow, max-snippet:-1, max-image-preview:large, max-video-preview:-1\" \/>\n<link rel=\"canonical\" href=\"https:\/\/www.flns.com.tr\/index.php\/urun\/momi-lumiwood-muzikli-ahsap-ana-kucagi-gri\/\" \/>\n<meta property=\"og:locale\" content=\"tr_TR\" \/>\n<meta property=\"og:type\" content=\"article\" \/>\n<meta property=\"og:title\" content=\"MoMi LUMIWOOD M\u00fczikli Ah\u015fap Ana Kuca\u011f\u0131 Gri - FLNS\" \/>\n<meta property=\"og:description\" content=\"Biraz fon m\u00fczi\u011fi e\u015fli\u011finde keyifli bir uyku? MoMi LUMIWOOD tam da b\u00f6yle bir \u015fey \u2014 bebe\u011finiz i\u00e7in rahat bir sallanan ana kuca\u011f\u0131, narin melodiler, ne\u015feli oyuncaklar ve hafif, sakinle\u015ftirici titre\u015fimler \u00fcreten bir \u00fcnite. Hafiftir. Katlanmas\u0131 ve ta\u015f\u0131nmas\u0131 kolayd\u0131r. Bebe\u011fin g\u00fcvenli\u011fi \u00f6zel bir kemer ve sabit bir yap\u0131 ile sa\u011flan\u0131r. D\u0130\u011eER SE\u00c7ENEKLER\" \/>\n<meta property=\"og:url\" content=\"https:\/\/www.flns.com.tr\/index.php\/urun\/momi-lumiwood-muzikli-ahsap-ana-kucagi-gri\/\" \/>\n<meta property=\"og:site_name\" content=\"FLNS\" \/>\n<meta property=\"article:modified_time\" content=\"2025-05-02T13:30:37+00:00\" \/>\n<meta property=\"og:image\" content=\"https:\/\/www.flns.com.tr\/wp-content\/uploads\/2025\/03\/lumiwood-muzikli-ahsap-ana-kucagi-gri.jpg\" \/>\n\t<meta property=\"og:image:width\" content=\"1500\" \/>\n\t<meta property=\"og:image:height\" content=\"1500\" \/>\n\t<meta property=\"og:image:type\" content=\"image\/jpeg\" \/>\n<meta name=\"twitter:card\" content=\"summary_large_image\" \/>\n<meta name=\"twitter:label1\" content=\"Tahmini okuma s\u00fcresi\" \/>\n\t<meta name=\"twitter:data1\" content=\"2 dakika\" \/>\n<script type=\"application\/ld+json\" class=\"yoast-schema-graph\">{\"@context\":\"https:\/\/schema.org\",\"@graph\":[{\"@type\":\"WebPage\",\"@id\":\"https:\/\/www.flns.com.tr\/index.php\/urun\/momi-lumiwood-muzikli-ahsap-ana-kucagi-gri\/\",\"url\":\"https:\/\/www.flns.com.tr\/index.php\/urun\/momi-lumiwood-muzikli-ahsap-ana-kucagi-gri\/\",\"name\":\"MoMi LUMIWOOD M\u00fczikli Ah\u015fap Ana Kuca\u011f\u0131 Gri - FLNS\",\"isPartOf\":{\"@id\":\"https:\/\/www.flns.com.tr\/#website\"},\"primaryImageOfPage\":{\"@id\":\"https:\/\/www.flns.com.tr\/index.php\/urun\/momi-lumiwood-muzikli-ahsap-ana-kucagi-gri\/#primaryimage\"},\"image\":{\"@id\":\"https:\/\/www.flns.com.tr\/index.php\/urun\/momi-lumiwood-muzikli-ahsap-ana-kucagi-gri\/#primaryimage\"},\"thumbnailUrl\":\"https:\/\/www.flns.com.tr\/wp-content\/uploads\/2025\/03\/lumiwood-muzikli-ahsap-ana-kucagi-gri.jpg\",\"datePublished\":\"2025-03-25T20:56:38+00:00\",\"dateModified\":\"2025-05-02T13:30:37+00:00\",\"breadcrumb\":{\"@id\":\"https:\/\/www.flns.com.tr\/index.php\/urun\/momi-lumiwood-muzikli-ahsap-ana-kucagi-gri\/#breadcrumb\"},\"inLanguage\":\"tr\",\"potentialAction\":[{\"@type\":\"ReadAction\",\"target\":[\"https:\/\/www.flns.com.tr\/index.php\/urun\/momi-lumiwood-muzikli-ahsap-ana-kucagi-gri\/\"]}]},{\"@type\":\"ImageObject\",\"inLanguage\":\"tr\",\"@id\":\"https:\/\/www.flns.com.tr\/index.php\/urun\/momi-lumiwood-muzikli-ahsap-ana-kucagi-gri\/#primaryimage\",\"url\":\"https:\/\/www.flns.com.tr\/wp-content\/uploads\/2025\/03\/lumiwood-muzikli-ahsap-ana-kucagi-gri.jpg\",\"contentUrl\":\"https:\/\/www.flns.com.tr\/wp-content\/uploads\/2025\/03\/lumiwood-muzikli-ahsap-ana-kucagi-gri.jpg\",\"width\":1500,\"height\":1500},{\"@type\":\"BreadcrumbList\",\"@id\":\"https:\/\/www.flns.com.tr\/index.php\/urun\/momi-lumiwood-muzikli-ahsap-ana-kucagi-gri\/#breadcrumb\",\"itemListElement\":[{\"@type\":\"ListItem\",\"position\":1,\"name\":\"Anasayfa\",\"item\":\"https:\/\/www.flns.com.tr\/\"},{\"@type\":\"ListItem\",\"position\":2,\"name\":\"Ma\u011faza\",\"item\":\"https:\/\/www.flns.com.tr\/index.php\/shop\/\"},{\"@type\":\"ListItem\",\"position\":3,\"name\":\"MoMi LUMIWOOD M\u00fczikli Ah\u015fap Ana Kuca\u011f\u0131 Gri\"}]},{\"@type\":\"WebSite\",\"@id\":\"https:\/\/www.flns.com.tr\/#website\",\"url\":\"https:\/\/www.flns.com.tr\/\",\"name\":\"FLNS\",\"description\":\"FUN LOVE NATURE SPORT\",\"publisher\":{\"@id\":\"https:\/\/www.flns.com.tr\/#organization\"},\"potentialAction\":[{\"@type\":\"SearchAction\",\"target\":{\"@type\":\"EntryPoint\",\"urlTemplate\":\"https:\/\/www.flns.com.tr\/?s={search_term_string}\"},\"query-input\":{\"@type\":\"PropertyValueSpecification\",\"valueRequired\":true,\"valueName\":\"search_term_string\"}}],\"inLanguage\":\"tr\"},{\"@type\":\"Organization\",\"@id\":\"https:\/\/www.flns.com.tr\/#organization\",\"name\":\"FLNS\",\"url\":\"https:\/\/www.flns.com.tr\/\",\"logo\":{\"@type\":\"ImageObject\",\"inLanguage\":\"tr\",\"@id\":\"https:\/\/www.flns.com.tr\/#\/schema\/logo\/image\/\",\"url\":\"https:\/\/www.flns.com.tr\/wp-content\/uploads\/2025\/03\/FLNS-LOGO.png\",\"contentUrl\":\"https:\/\/www.flns.com.tr\/wp-content\/uploads\/2025\/03\/FLNS-LOGO.png\",\"width\":4500,\"height\":2892,\"caption\":\"FLNS\"},\"image\":{\"@id\":\"https:\/\/www.flns.com.tr\/#\/schema\/logo\/image\/\"},\"sameAs\":[\"https:\/\/www.instagram.com\/f.l.n.s\"]}]}<\/script>\n<!-- \/ Yoast SEO plugin. -->","yoast_head_json":{"title":"MoMi LUMIWOOD M\u00fczikli Ah\u015fap Ana Kuca\u011f\u0131 Gri - FLNS","robots":{"index":"index","follow":"follow","max-snippet":"max-snippet:-1","max-image-preview":"max-image-preview:large","max-video-preview":"max-video-preview:-1"},"canonical":"https:\/\/www.flns.com.tr\/index.php\/urun\/momi-lumiwood-muzikli-ahsap-ana-kucagi-gri\/","og_locale":"tr_TR","og_type":"article","og_title":"MoMi LUMIWOOD M\u00fczikli Ah\u015fap Ana Kuca\u011f\u0131 Gri - FLNS","og_description":"Biraz fon m\u00fczi\u011fi e\u015fli\u011finde keyifli bir uyku? MoMi LUMIWOOD tam da b\u00f6yle bir \u015fey \u2014 bebe\u011finiz i\u00e7in rahat bir sallanan ana kuca\u011f\u0131, narin melodiler, ne\u015feli oyuncaklar ve hafif, sakinle\u015ftirici titre\u015fimler \u00fcreten bir \u00fcnite. Hafiftir. Katlanmas\u0131 ve ta\u015f\u0131nmas\u0131 kolayd\u0131r. Bebe\u011fin g\u00fcvenli\u011fi \u00f6zel bir kemer ve sabit bir yap\u0131 ile sa\u011flan\u0131r. D\u0130\u011eER SE\u00c7ENEKLER","og_url":"https:\/\/www.flns.com.tr\/index.php\/urun\/momi-lumiwood-muzikli-ahsap-ana-kucagi-gri\/","og_site_name":"FLNS","article_modified_time":"2025-05-02T13:30:37+00:00","og_image":[{"width":1500,"height":1500,"url":"https:\/\/www.flns.com.tr\/wp-content\/uploads\/2025\/03\/lumiwood-muzikli-ahsap-ana-kucagi-gri.jpg","type":"image\/jpeg"}],"twitter_card":"summary_large_image","twitter_misc":{"Tahmini okuma s\u00fcresi":"2 dakika"},"schema":{"@context":"https:\/\/schema.org","@graph":[{"@type":"WebPage","@id":"https:\/\/www.flns.com.tr\/index.php\/urun\/momi-lumiwood-muzikli-ahsap-ana-kucagi-gri\/","url":"https:\/\/www.flns.com.tr\/index.php\/urun\/momi-lumiwood-muzikli-ahsap-ana-kucagi-gri\/","name":"MoMi LUMIWOOD M\u00fczikli Ah\u015fap Ana Kuca\u011f\u0131 Gri - FLNS","isPartOf":{"@id":"https:\/\/www.flns.com.tr\/#website"},"primaryImageOfPage":{"@id":"https:\/\/www.flns.com.tr\/index.php\/urun\/momi-lumiwood-muzikli-ahsap-ana-kucagi-gri\/#primaryimage"},"image":{"@id":"https:\/\/www.flns.com.tr\/index.php\/urun\/momi-lumiwood-muzikli-ahsap-ana-kucagi-gri\/#primaryimage"},"thumbnailUrl":"https:\/\/www.flns.com.tr\/wp-content\/uploads\/2025\/03\/lumiwood-muzikli-ahsap-ana-kucagi-gri.jpg","datePublished":"2025-03-25T20:56:38+00:00","dateModified":"2025-05-02T13:30:37+00:00","breadcrumb":{"@id":"https:\/\/www.flns.com.tr\/index.php\/urun\/momi-lumiwood-muzikli-ahsap-ana-kucagi-gri\/#breadcrumb"},"inLanguage":"tr","potentialAction":[{"@type":"ReadAction","target":["https:\/\/www.flns.com.tr\/index.php\/urun\/momi-lumiwood-muzikli-ahsap-ana-kucagi-gri\/"]}]},{"@type":"ImageObject","inLanguage":"tr","@id":"https:\/\/www.flns.com.tr\/index.php\/urun\/momi-lumiwood-muzikli-ahsap-ana-kucagi-gri\/#primaryimage","url":"https:\/\/www.flns.com.tr\/wp-content\/uploads\/2025\/03\/lumiwood-muzikli-ahsap-ana-kucagi-gri.jpg","contentUrl":"https:\/\/www.flns.com.tr\/wp-content\/uploads\/2025\/03\/lumiwood-muzikli-ahsap-ana-kucagi-gri.jpg","width":1500,"height":1500},{"@type":"BreadcrumbList","@id":"https:\/\/www.flns.com.tr\/index.php\/urun\/momi-lumiwood-muzikli-ahsap-ana-kucagi-gri\/#breadcrumb","itemListElement":[{"@type":"ListItem","position":1,"name":"Anasayfa","item":"https:\/\/www.flns.com.tr\/"},{"@type":"ListItem","position":2,"name":"Ma\u011faza","item":"https:\/\/www.flns.com.tr\/index.php\/shop\/"},{"@type":"ListItem","position":3,"name":"MoMi LUMIWOOD M\u00fczikli Ah\u015fap Ana Kuca\u011f\u0131 Gri"}]},{"@type":"WebSite","@id":"https:\/\/www.flns.com.tr\/#website","url":"https:\/\/www.flns.com.tr\/","name":"FLNS","description":"FUN LOVE NATURE SPORT","publisher":{"@id":"https:\/\/www.flns.com.tr\/#organization"},"potentialAction":[{"@type":"SearchAction","target":{"@type":"EntryPoint","urlTemplate":"https:\/\/www.flns.com.tr\/?s={search_term_string}"},"query-input":{"@type":"PropertyValueSpecification","valueRequired":true,"valueName":"search_term_string"}}],"inLanguage":"tr"},{"@type":"Organization","@id":"https:\/\/www.flns.com.tr\/#organization","name":"FLNS","url":"https:\/\/www.flns.com.tr\/","logo":{"@type":"ImageObject","inLanguage":"tr","@id":"https:\/\/www.flns.com.tr\/#\/schema\/logo\/image\/","url":"https:\/\/www.flns.com.tr\/wp-content\/uploads\/2025\/03\/FLNS-LOGO.png","contentUrl":"https:\/\/www.flns.com.tr\/wp-content\/uploads\/2025\/03\/FLNS-LOGO.png","width":4500,"height":2892,"caption":"FLNS"},"image":{"@id":"https:\/\/www.flns.com.tr\/#\/schema\/logo\/image\/"},"sameAs":["https:\/\/www.instagram.com\/f.l.n.s"]}]}},"_links":{"self":[{"href":"https:\/\/www.flns.com.tr\/index.php\/wp-json\/wp\/v2\/product\/27991","targetHints":{"allow":["GET"]}}],"collection":[{"href":"https:\/\/www.flns.com.tr\/index.php\/wp-json\/wp\/v2\/product"}],"about":[{"href":"https:\/\/www.flns.com.tr\/index.php\/wp-json\/wp\/v2\/types\/product"}],"replies":[{"embeddable":true,"href":"https:\/\/www.flns.com.tr\/index.php\/wp-json\/wp\/v2\/comments?post=27991"}],"version-history":[{"count":18,"href":"https:\/\/www.flns.com.tr\/index.php\/wp-json\/wp\/v2\/product\/27991\/revisions"}],"predecessor-version":[{"id":31066,"href":"https:\/\/www.flns.com.tr\/index.php\/wp-json\/wp\/v2\/product\/27991\/revisions\/31066"}],"wp:featuredmedia":[{"embeddable":true,"href":"https:\/\/www.flns.com.tr\/index.php\/wp-json\/wp\/v2\/media\/28726"}],"wp:attachment":[{"href":"https:\/\/www.flns.com.tr\/index.php\/wp-json\/wp\/v2\/media?parent=27991"}],"wp:term":[{"taxonomy":"product_brand","embeddable":true,"href":"https:\/\/www.flns.com.tr\/index.php\/wp-json\/wp\/v2\/product_brand?post=27991"},{"taxonomy":"product_cat","embeddable":true,"href":"https:\/\/www.flns.com.tr\/index.php\/wp-json\/wp\/v2\/product_cat?post=27991"},{"taxonomy":"product_tag","embeddable":true,"href":"https:\/\/www.flns.com.tr\/index.php\/wp-json\/wp\/v2\/product_tag?post=27991"}],"curies":[{"name":"wp","href":"https:\/\/api.w.org\/{rel}","templated":true}]}}