{"id":27993,"date":"2025-03-25T23:56:38","date_gmt":"2025-03-25T20:56:38","guid":{"rendered":"https:\/\/www.flns.com.tr\/index.php\/urun\/momi-isoka-ledli-denge-bisikleti-pembe\/"},"modified":"2025-05-01T00:47:22","modified_gmt":"2025-04-30T21:47:22","slug":"momi-isoka-ledli-denge-bisikleti-pembe","status":"publish","type":"product","link":"https:\/\/www.flns.com.tr\/index.php\/urun\/momi-isoka-ledli-denge-bisikleti-pembe\/","title":{"rendered":"MoMi ISOKA LED&#8217;li Denge Bisikleti Pembe"},"content":{"rendered":"\t\t<div data-elementor-type=\"wp-post\" data-elementor-id=\"27993\" class=\"elementor elementor-27993\">\n\t\t\t\t<div class=\"wd-negative-gap elementor-element elementor-element-27b9053 e-flex e-con-boxed e-con e-parent\" data-id=\"27b9053\" data-element_type=\"container\">\n\t\t\t\t\t<div class=\"e-con-inner\">\n\t\t<div class=\"elementor-element elementor-element-d3010d8 e-con-full e-flex e-con e-child\" data-id=\"d3010d8\" data-element_type=\"container\">\n\t\t\t\t<div class=\"elementor-element elementor-element-d7ec116 elementor-widget elementor-widget-wd_text_block\" data-id=\"d7ec116\" data-element_type=\"widget\" data-widget_type=\"wd_text_block.default\">\n\t\t\t\t<div class=\"elementor-widget-container\">\n\t\t\t\t\t\t\t<div class=\"wd-text-block reset-last-child text-left\">\n\t\t\t\n\t\t\t<p><strong>\u00dcR\u00dcN \u00d6ZELL\u0130KLER\u0130<\/strong><\/p><ul><li>Delinmeye dayan\u0131kl\u0131 termoplastik kau\u00e7uktan yap\u0131lm\u0131\u015f renkli LED \u0131\u015f\u0131kl\u0131 tekerlekler<\/li><li>Tekerlek boyutu: 10\u201d<\/li><li>Aletsiz gidon ve sele y\u00fcksekli\u011fi ayar\u0131<\/li><li>Rahat ayakl\u0131klar<\/li><li>Hafif; 3,4 kg<\/li><li>Daha fazla g\u00fcvenlik i\u00e7in gidon kilidi yok<\/li><li>2 ya\u015f\u0131ndan itibaren<\/li><li>35 kg'a kadar<\/li><li>Avrupa standartlar\u0131na uygundur<\/li><\/ul><p><strong>\u00dcR\u00dcN A\u011eIRLI\u011eI:<\/strong> 3,4 kg<\/p><p><strong>BOYUTLAR:<\/strong> 83 cm x 41,5 cm x 52 cm<\/p><p><strong>STANDARTLAR:<\/strong> EN 71-1, EN 71-2, EN 71-3<\/p><p><strong>PAKET BOYUTLARI:<\/strong><\/p><p><strong>MALZEMELER:<\/strong> TPR, \u00e7elik<\/p><p><strong>\u00dcRET\u0130C\u0130 GARANT\u0130S\u0130:<\/strong> 24 ay<\/p>\n\t\t\t\t\t<\/div>\n\t\t\t\t\t\t<\/div>\n\t\t\t\t<\/div>\n\t\t\t\t<\/div>\n\t\t<div class=\"elementor-element elementor-element-67e3d52 e-con-full e-flex e-con e-child\" data-id=\"67e3d52\" data-element_type=\"container\">\n\t\t\t\t<div class=\"elementor-element elementor-element-c829846 elementor-widget elementor-widget-wd_image_or_svg\" data-id=\"c829846\" data-element_type=\"widget\" data-widget_type=\"wd_image_or_svg.default\">\n\t\t\t\t<div class=\"elementor-widget-container\">\n\t\t\t\t\t\n\t\t<div class=\"wd-image text-center\">\n\t\t\t\t\t\t\t\t<img fetchpriority=\"high\" decoding=\"async\" width=\"512\" height=\"768\" src=\"https:\/\/www.flns.com.tr\/wp-content\/uploads\/2025\/03\/isoka-life-style-512x768-1.jpg\" class=\"attachment-full size-full\" alt=\"\" srcset=\"https:\/\/www.flns.com.tr\/wp-content\/uploads\/2025\/03\/isoka-life-style-512x768-1.jpg 512w, https:\/\/www.flns.com.tr\/wp-content\/uploads\/2025\/03\/isoka-life-style-512x768-1-200x300.jpg 200w, https:\/\/www.flns.com.tr\/wp-content\/uploads\/2025\/03\/isoka-life-style-512x768-1-430x645.jpg 430w, https:\/\/www.flns.com.tr\/wp-content\/uploads\/2025\/03\/isoka-life-style-512x768-1-150x225.jpg 150w\" sizes=\"(max-width: 512px) 100vw, 512px\" \/>\t\t\t\t\t<\/div>\n\n\t\t\t\t\t\t<\/div>\n\t\t\t\t<\/div>\n\t\t\t\t<\/div>\n\t\t\t\t\t<\/div>\n\t\t\t\t<\/div>\n\t\t<div class=\"wd-negative-gap elementor-element elementor-element-4a7e2e4 e-flex e-con-boxed e-con e-parent\" data-id=\"4a7e2e4\" data-element_type=\"container\">\n\t\t\t\t\t<div class=\"e-con-inner\">\n\t\t\t\t<div class=\"elementor-element elementor-element-bad177d elementor-widget elementor-widget-spacer\" data-id=\"bad177d\" data-element_type=\"widget\" data-widget_type=\"spacer.default\">\n\t\t\t\t<div class=\"elementor-widget-container\">\n\t\t\t\t\t\t\t<div class=\"elementor-spacer\">\n\t\t\t<div class=\"elementor-spacer-inner\"><\/div>\n\t\t<\/div>\n\t\t\t\t\t\t<\/div>\n\t\t\t\t<\/div>\n\t\t\t\t<div class=\"elementor-element elementor-element-3cf4223 elementor-widget elementor-widget-wd_text_block\" data-id=\"3cf4223\" data-element_type=\"widget\" data-widget_type=\"wd_text_block.default\">\n\t\t\t\t<div class=\"elementor-widget-container\">\n\t\t\t\t\t\t\t<div class=\"wd-text-block reset-last-child text-left\">\n\t\t\t\n\t\t\t<p>MoMi ISOKA denge bisikleti 2 ya\u015f\u0131ndan b\u00fcy\u00fck \u00e7ocuklar i\u00e7in tasarlanm\u0131\u015ft\u0131r. Gidonu ve sele y\u00fcksekli\u011fi ayarlanabilir. Bu t\u00fcr de\u011fi\u015fiklikler herhangi bir alet kullanmadan h\u0131zl\u0131 ve kolay bir \u015fekilde yap\u0131labilir!<\/p><p>MoMi ISOKA denge bisikletinin ay\u0131rt edici \u00f6zelli\u011fi tekerleklerde bulunan LED \u0131\u015f\u0131klard\u0131r! LED \u0131\u015f\u0131klar dinamo prensibiyle \u00e7al\u0131\u015f\u0131r ve harekete ge\u00e7tiklerinde yanmaya ba\u015flarlar - pil gerektirmez.<\/p><p>\u00c7ocu\u011funuzun g\u00fcvenli\u011fi MoMi i\u00e7in \u00f6nceliktir! Bu nedenle MoMi ISOKA bisikletinde direksiyon kilidi yoktur. \u00c7ocu\u011funuzun t\u00f6kezlemesi durumunda gidon katlanarak onu yaralanmalardan korur. Direksiyon kilidinin olmamas\u0131 bisikleti daha \u00e7evik ve manevra kabiliyetini daha kolay hale getirir.<\/p><p>MoMi ISOKA bisikletin tekerlekleri, s\u00fcr\u00fc\u015f konforunu \u00f6nemli \u00f6l\u00e7\u00fcde art\u0131ran ve s\u00fcr\u00fc\u015f s\u0131ras\u0131nda \u015foklar\u0131 azaltan dayan\u0131kl\u0131 ama ayn\u0131 zamanda \u00e7ok esnek bir malzeme olan TPR termoplastik kau\u00e7uktan yap\u0131lm\u0131\u015ft\u0131r.<\/p>\n\t\t\t\t\t<\/div>\n\t\t\t\t\t\t<\/div>\n\t\t\t\t<\/div>\n\t\t\t\t<div class=\"elementor-element elementor-element-ba2b323 elementor-widget elementor-widget-spacer\" data-id=\"ba2b323\" data-element_type=\"widget\" data-widget_type=\"spacer.default\">\n\t\t\t\t<div class=\"elementor-widget-container\">\n\t\t\t\t\t\t\t<div class=\"elementor-spacer\">\n\t\t\t<div class=\"elementor-spacer-inner\"><\/div>\n\t\t<\/div>\n\t\t\t\t\t\t<\/div>\n\t\t\t\t<\/div>\n\t\t\t\t<div class=\"elementor-element elementor-element-2d6034e elementor-widget elementor-widget-wd_image_or_svg\" data-id=\"2d6034e\" data-element_type=\"widget\" data-widget_type=\"wd_image_or_svg.default\">\n\t\t\t\t<div class=\"elementor-widget-container\">\n\t\t\t\t\t\n\t\t<div class=\"wd-image text-center\">\n\t\t\t\t\t\t\t\t<img decoding=\"async\" width=\"768\" height=\"512\" src=\"https:\/\/www.flns.com.tr\/wp-content\/uploads\/2025\/03\/isoka-life-style-768x512-1.jpg\" class=\"attachment-full size-full\" alt=\"\" srcset=\"https:\/\/www.flns.com.tr\/wp-content\/uploads\/2025\/03\/isoka-life-style-768x512-1.jpg 768w, https:\/\/www.flns.com.tr\/wp-content\/uploads\/2025\/03\/isoka-life-style-768x512-1-400x267.jpg 400w, https:\/\/www.flns.com.tr\/wp-content\/uploads\/2025\/03\/isoka-life-style-768x512-1-430x287.jpg 430w, https:\/\/www.flns.com.tr\/wp-content\/uploads\/2025\/03\/isoka-life-style-768x512-1-700x467.jpg 700w, https:\/\/www.flns.com.tr\/wp-content\/uploads\/2025\/03\/isoka-life-style-768x512-1-150x100.jpg 150w\" sizes=\"(max-width: 768px) 100vw, 768px\" \/>\t\t\t\t\t<\/div>\n\n\t\t\t\t\t\t<\/div>\n\t\t\t\t<\/div>\n\t\t\t\t\t<\/div>\n\t\t\t\t<\/div>\n\t\t\t\t<\/div>\n\t\t","protected":false},"excerpt":{"rendered":"<p>M\u00fckemmel renkler ve tekerleklerdeki LED \u0131\u015f\u0131klar \u2013 bunlar \u00e7ocu\u011funuzu kesinlikle memnun edecek unsurlard\u0131r. \u00d6te yandan gidonun ve selenin ayarlanabilir y\u00fcksekli\u011fi, MoMi ISOKA bisikletini sadece g\u00fczel de\u011fil ayn\u0131 zamanda konforlu da yapacakt\u0131r.<\/p>\n<p style=\"text-align: center;\"><strong>D\u0130\u011eER SE\u00c7ENEKLER<\/strong><\/p>\n<p style=\"text-align: center;\"><a href=\"\/index.php\/urun\/momi-kenani-dlx-otomatik-ana-kucagi-acik-gri\/\">\u00a0<\/a><a href=\"\/index.php\/urun\/momi-isoka-ledli-denge-bisikleti-mavi\/\"><img decoding=\"async\" class=\"alignnone wp-image-28556 size-thumbnail\" src=\"https:\/\/www.flns.com.tr\/wp-content\/themes\/woodmart\/images\/lazy.svg\" data-src=\"https:\/\/www.flns.com.tr\/wp-content\/uploads\/2025\/03\/isoka-ledli-denge-bisikleti-mavi-150x150.jpg\" alt=\"\" width=\"150\" height=\"150\" srcset=\"\" data-srcset=\"https:\/\/www.flns.com.tr\/wp-content\/uploads\/2025\/03\/isoka-ledli-denge-bisikleti-mavi-150x150.jpg 150w, https:\/\/www.flns.com.tr\/wp-content\/uploads\/2025\/03\/isoka-ledli-denge-bisikleti-mavi-300x300.jpg 300w, https:\/\/www.flns.com.tr\/wp-content\/uploads\/2025\/03\/isoka-ledli-denge-bisikleti-mavi-800x800.jpg 800w, https:\/\/www.flns.com.tr\/wp-content\/uploads\/2025\/03\/isoka-ledli-denge-bisikleti-mavi-768x768.jpg 768w, https:\/\/www.flns.com.tr\/wp-content\/uploads\/2025\/03\/isoka-ledli-denge-bisikleti-mavi-430x430.jpg 430w, https:\/\/www.flns.com.tr\/wp-content\/uploads\/2025\/03\/isoka-ledli-denge-bisikleti-mavi-700x700.jpg 700w, https:\/\/www.flns.com.tr\/wp-content\/uploads\/2025\/03\/isoka-ledli-denge-bisikleti-mavi.jpg 1500w\" sizes=\"(max-width: 150px) 100vw, 150px\" \/> <\/a><a href=\"\/index.php\/urun\/momi-isoka-ledli-denge-bisikleti-bej\"><img loading=\"lazy\" decoding=\"async\" class=\"alignnone wp-image-28546 size-thumbnail\" src=\"https:\/\/www.flns.com.tr\/wp-content\/themes\/woodmart\/images\/lazy.svg\" data-src=\"https:\/\/www.flns.com.tr\/wp-content\/uploads\/2025\/03\/isoka-ledli-denge-bisikleti-bej-150x150.jpg\" alt=\"\" width=\"150\" height=\"150\" srcset=\"\" data-srcset=\"https:\/\/www.flns.com.tr\/wp-content\/uploads\/2025\/03\/isoka-ledli-denge-bisikleti-bej-150x150.jpg 150w, https:\/\/www.flns.com.tr\/wp-content\/uploads\/2025\/03\/isoka-ledli-denge-bisikleti-bej-300x300.jpg 300w, https:\/\/www.flns.com.tr\/wp-content\/uploads\/2025\/03\/isoka-ledli-denge-bisikleti-bej-800x800.jpg 800w, https:\/\/www.flns.com.tr\/wp-content\/uploads\/2025\/03\/isoka-ledli-denge-bisikleti-bej-768x768.jpg 768w, https:\/\/www.flns.com.tr\/wp-content\/uploads\/2025\/03\/isoka-ledli-denge-bisikleti-bej-430x430.jpg 430w, https:\/\/www.flns.com.tr\/wp-content\/uploads\/2025\/03\/isoka-ledli-denge-bisikleti-bej-700x700.jpg 700w, https:\/\/www.flns.com.tr\/wp-content\/uploads\/2025\/03\/isoka-ledli-denge-bisikleti-bej.jpg 1500w\" sizes=\"(max-width: 150px) 100vw, 150px\" \/> <\/a><a href=\"\/index.php\/urun\/momi-isoka-ledli-denge-bisikleti-mor\"><img loading=\"lazy\" decoding=\"async\" class=\"alignnone wp-image-28566 size-thumbnail\" src=\"https:\/\/www.flns.com.tr\/wp-content\/themes\/woodmart\/images\/lazy.svg\" data-src=\"https:\/\/www.flns.com.tr\/wp-content\/uploads\/2025\/03\/isoka-ledli-denge-bisikleti-mor-150x150.jpg\" alt=\"\" width=\"150\" height=\"150\" srcset=\"\" data-srcset=\"https:\/\/www.flns.com.tr\/wp-content\/uploads\/2025\/03\/isoka-ledli-denge-bisikleti-mor-150x150.jpg 150w, https:\/\/www.flns.com.tr\/wp-content\/uploads\/2025\/03\/isoka-ledli-denge-bisikleti-mor-300x300.jpg 300w, https:\/\/www.flns.com.tr\/wp-content\/uploads\/2025\/03\/isoka-ledli-denge-bisikleti-mor-800x800.jpg 800w, https:\/\/www.flns.com.tr\/wp-content\/uploads\/2025\/03\/isoka-ledli-denge-bisikleti-mor-768x768.jpg 768w, https:\/\/www.flns.com.tr\/wp-content\/uploads\/2025\/03\/isoka-ledli-denge-bisikleti-mor-430x430.jpg 430w, https:\/\/www.flns.com.tr\/wp-content\/uploads\/2025\/03\/isoka-ledli-denge-bisikleti-mor-700x700.jpg 700w, https:\/\/www.flns.com.tr\/wp-content\/uploads\/2025\/03\/isoka-ledli-denge-bisikleti-mor.jpg 1500w\" sizes=\"(max-width: 150px) 100vw, 150px\" \/><\/a><\/p>\n","protected":false},"featured_media":28576,"comment_status":"open","ping_status":"closed","template":"","meta":[],"product_brand":[225],"product_cat":[252],"product_tag":[],"class_list":{"0":"post-27993","1":"product","2":"type-product","3":"status-publish","4":"has-post-thumbnail","6":"product_brand-momi","7":"product_cat-denge_bisikletleri","9":"first","10":"instock","11":"taxable","12":"shipping-taxable","13":"purchasable","14":"product-type-simple"},"yoast_head":"<!-- This site is optimized with the Yoast SEO plugin v25.1 - https:\/\/yoast.com\/wordpress\/plugins\/seo\/ -->\n<title>MoMi ISOKA LED&#039;li Denge Bisikleti Pembe - FLNS<\/title>\n<meta name=\"robots\" content=\"index, follow, max-snippet:-1, max-image-preview:large, max-video-preview:-1\" \/>\n<link rel=\"canonical\" href=\"https:\/\/www.flns.com.tr\/index.php\/urun\/momi-isoka-ledli-denge-bisikleti-pembe\/\" \/>\n<meta property=\"og:locale\" content=\"tr_TR\" \/>\n<meta property=\"og:type\" content=\"article\" \/>\n<meta property=\"og:title\" content=\"MoMi ISOKA LED&#039;li Denge Bisikleti Pembe - FLNS\" \/>\n<meta property=\"og:description\" content=\"M\u00fckemmel renkler ve tekerleklerdeki LED \u0131\u015f\u0131klar \u2013 bunlar \u00e7ocu\u011funuzu kesinlikle memnun edecek unsurlard\u0131r. \u00d6te yandan gidonun ve selenin ayarlanabilir y\u00fcksekli\u011fi, MoMi ISOKA bisikletini sadece g\u00fczel de\u011fil ayn\u0131 zamanda konforlu da yapacakt\u0131r. D\u0130\u011eER SE\u00c7ENEKLER \u00a0\" \/>\n<meta property=\"og:url\" content=\"https:\/\/www.flns.com.tr\/index.php\/urun\/momi-isoka-ledli-denge-bisikleti-pembe\/\" \/>\n<meta property=\"og:site_name\" content=\"FLNS\" \/>\n<meta property=\"article:modified_time\" content=\"2025-04-30T21:47:22+00:00\" \/>\n<meta property=\"og:image\" content=\"https:\/\/www.flns.com.tr\/wp-content\/uploads\/2025\/03\/isoka-ledli-denge-bisikleti-pembe.jpg\" \/>\n\t<meta property=\"og:image:width\" content=\"1500\" \/>\n\t<meta property=\"og:image:height\" content=\"1500\" \/>\n\t<meta property=\"og:image:type\" content=\"image\/jpeg\" \/>\n<meta name=\"twitter:card\" content=\"summary_large_image\" \/>\n<meta name=\"twitter:label1\" content=\"Tahmini okuma s\u00fcresi\" \/>\n\t<meta name=\"twitter:data1\" content=\"2 dakika\" \/>\n<script type=\"application\/ld+json\" class=\"yoast-schema-graph\">{\"@context\":\"https:\/\/schema.org\",\"@graph\":[{\"@type\":\"WebPage\",\"@id\":\"https:\/\/www.flns.com.tr\/index.php\/urun\/momi-isoka-ledli-denge-bisikleti-pembe\/\",\"url\":\"https:\/\/www.flns.com.tr\/index.php\/urun\/momi-isoka-ledli-denge-bisikleti-pembe\/\",\"name\":\"MoMi ISOKA LED'li Denge Bisikleti Pembe - FLNS\",\"isPartOf\":{\"@id\":\"https:\/\/www.flns.com.tr\/#website\"},\"primaryImageOfPage\":{\"@id\":\"https:\/\/www.flns.com.tr\/index.php\/urun\/momi-isoka-ledli-denge-bisikleti-pembe\/#primaryimage\"},\"image\":{\"@id\":\"https:\/\/www.flns.com.tr\/index.php\/urun\/momi-isoka-ledli-denge-bisikleti-pembe\/#primaryimage\"},\"thumbnailUrl\":\"https:\/\/www.flns.com.tr\/wp-content\/uploads\/2025\/03\/isoka-ledli-denge-bisikleti-pembe.jpg\",\"datePublished\":\"2025-03-25T20:56:38+00:00\",\"dateModified\":\"2025-04-30T21:47:22+00:00\",\"breadcrumb\":{\"@id\":\"https:\/\/www.flns.com.tr\/index.php\/urun\/momi-isoka-ledli-denge-bisikleti-pembe\/#breadcrumb\"},\"inLanguage\":\"tr\",\"potentialAction\":[{\"@type\":\"ReadAction\",\"target\":[\"https:\/\/www.flns.com.tr\/index.php\/urun\/momi-isoka-ledli-denge-bisikleti-pembe\/\"]}]},{\"@type\":\"ImageObject\",\"inLanguage\":\"tr\",\"@id\":\"https:\/\/www.flns.com.tr\/index.php\/urun\/momi-isoka-ledli-denge-bisikleti-pembe\/#primaryimage\",\"url\":\"https:\/\/www.flns.com.tr\/wp-content\/uploads\/2025\/03\/isoka-ledli-denge-bisikleti-pembe.jpg\",\"contentUrl\":\"https:\/\/www.flns.com.tr\/wp-content\/uploads\/2025\/03\/isoka-ledli-denge-bisikleti-pembe.jpg\",\"width\":1500,\"height\":1500},{\"@type\":\"BreadcrumbList\",\"@id\":\"https:\/\/www.flns.com.tr\/index.php\/urun\/momi-isoka-ledli-denge-bisikleti-pembe\/#breadcrumb\",\"itemListElement\":[{\"@type\":\"ListItem\",\"position\":1,\"name\":\"Anasayfa\",\"item\":\"https:\/\/www.flns.com.tr\/\"},{\"@type\":\"ListItem\",\"position\":2,\"name\":\"Ma\u011faza\",\"item\":\"https:\/\/www.flns.com.tr\/index.php\/shop\/\"},{\"@type\":\"ListItem\",\"position\":3,\"name\":\"MoMi ISOKA LED&#8217;li Denge Bisikleti Pembe\"}]},{\"@type\":\"WebSite\",\"@id\":\"https:\/\/www.flns.com.tr\/#website\",\"url\":\"https:\/\/www.flns.com.tr\/\",\"name\":\"FLNS\",\"description\":\"FUN LOVE NATURE SPORT\",\"publisher\":{\"@id\":\"https:\/\/www.flns.com.tr\/#organization\"},\"potentialAction\":[{\"@type\":\"SearchAction\",\"target\":{\"@type\":\"EntryPoint\",\"urlTemplate\":\"https:\/\/www.flns.com.tr\/?s={search_term_string}\"},\"query-input\":{\"@type\":\"PropertyValueSpecification\",\"valueRequired\":true,\"valueName\":\"search_term_string\"}}],\"inLanguage\":\"tr\"},{\"@type\":\"Organization\",\"@id\":\"https:\/\/www.flns.com.tr\/#organization\",\"name\":\"FLNS\",\"url\":\"https:\/\/www.flns.com.tr\/\",\"logo\":{\"@type\":\"ImageObject\",\"inLanguage\":\"tr\",\"@id\":\"https:\/\/www.flns.com.tr\/#\/schema\/logo\/image\/\",\"url\":\"https:\/\/www.flns.com.tr\/wp-content\/uploads\/2025\/03\/FLNS-LOGO.png\",\"contentUrl\":\"https:\/\/www.flns.com.tr\/wp-content\/uploads\/2025\/03\/FLNS-LOGO.png\",\"width\":4500,\"height\":2892,\"caption\":\"FLNS\"},\"image\":{\"@id\":\"https:\/\/www.flns.com.tr\/#\/schema\/logo\/image\/\"},\"sameAs\":[\"https:\/\/www.instagram.com\/f.l.n.s\"]}]}<\/script>\n<!-- \/ Yoast SEO plugin. -->","yoast_head_json":{"title":"MoMi ISOKA LED'li Denge Bisikleti Pembe - FLNS","robots":{"index":"index","follow":"follow","max-snippet":"max-snippet:-1","max-image-preview":"max-image-preview:large","max-video-preview":"max-video-preview:-1"},"canonical":"https:\/\/www.flns.com.tr\/index.php\/urun\/momi-isoka-ledli-denge-bisikleti-pembe\/","og_locale":"tr_TR","og_type":"article","og_title":"MoMi ISOKA LED'li Denge Bisikleti Pembe - FLNS","og_description":"M\u00fckemmel renkler ve tekerleklerdeki LED \u0131\u015f\u0131klar \u2013 bunlar \u00e7ocu\u011funuzu kesinlikle memnun edecek unsurlard\u0131r. \u00d6te yandan gidonun ve selenin ayarlanabilir y\u00fcksekli\u011fi, MoMi ISOKA bisikletini sadece g\u00fczel de\u011fil ayn\u0131 zamanda konforlu da yapacakt\u0131r. D\u0130\u011eER SE\u00c7ENEKLER \u00a0","og_url":"https:\/\/www.flns.com.tr\/index.php\/urun\/momi-isoka-ledli-denge-bisikleti-pembe\/","og_site_name":"FLNS","article_modified_time":"2025-04-30T21:47:22+00:00","og_image":[{"width":1500,"height":1500,"url":"https:\/\/www.flns.com.tr\/wp-content\/uploads\/2025\/03\/isoka-ledli-denge-bisikleti-pembe.jpg","type":"image\/jpeg"}],"twitter_card":"summary_large_image","twitter_misc":{"Tahmini okuma s\u00fcresi":"2 dakika"},"schema":{"@context":"https:\/\/schema.org","@graph":[{"@type":"WebPage","@id":"https:\/\/www.flns.com.tr\/index.php\/urun\/momi-isoka-ledli-denge-bisikleti-pembe\/","url":"https:\/\/www.flns.com.tr\/index.php\/urun\/momi-isoka-ledli-denge-bisikleti-pembe\/","name":"MoMi ISOKA LED'li Denge Bisikleti Pembe - FLNS","isPartOf":{"@id":"https:\/\/www.flns.com.tr\/#website"},"primaryImageOfPage":{"@id":"https:\/\/www.flns.com.tr\/index.php\/urun\/momi-isoka-ledli-denge-bisikleti-pembe\/#primaryimage"},"image":{"@id":"https:\/\/www.flns.com.tr\/index.php\/urun\/momi-isoka-ledli-denge-bisikleti-pembe\/#primaryimage"},"thumbnailUrl":"https:\/\/www.flns.com.tr\/wp-content\/uploads\/2025\/03\/isoka-ledli-denge-bisikleti-pembe.jpg","datePublished":"2025-03-25T20:56:38+00:00","dateModified":"2025-04-30T21:47:22+00:00","breadcrumb":{"@id":"https:\/\/www.flns.com.tr\/index.php\/urun\/momi-isoka-ledli-denge-bisikleti-pembe\/#breadcrumb"},"inLanguage":"tr","potentialAction":[{"@type":"ReadAction","target":["https:\/\/www.flns.com.tr\/index.php\/urun\/momi-isoka-ledli-denge-bisikleti-pembe\/"]}]},{"@type":"ImageObject","inLanguage":"tr","@id":"https:\/\/www.flns.com.tr\/index.php\/urun\/momi-isoka-ledli-denge-bisikleti-pembe\/#primaryimage","url":"https:\/\/www.flns.com.tr\/wp-content\/uploads\/2025\/03\/isoka-ledli-denge-bisikleti-pembe.jpg","contentUrl":"https:\/\/www.flns.com.tr\/wp-content\/uploads\/2025\/03\/isoka-ledli-denge-bisikleti-pembe.jpg","width":1500,"height":1500},{"@type":"BreadcrumbList","@id":"https:\/\/www.flns.com.tr\/index.php\/urun\/momi-isoka-ledli-denge-bisikleti-pembe\/#breadcrumb","itemListElement":[{"@type":"ListItem","position":1,"name":"Anasayfa","item":"https:\/\/www.flns.com.tr\/"},{"@type":"ListItem","position":2,"name":"Ma\u011faza","item":"https:\/\/www.flns.com.tr\/index.php\/shop\/"},{"@type":"ListItem","position":3,"name":"MoMi ISOKA LED&#8217;li Denge Bisikleti Pembe"}]},{"@type":"WebSite","@id":"https:\/\/www.flns.com.tr\/#website","url":"https:\/\/www.flns.com.tr\/","name":"FLNS","description":"FUN LOVE NATURE SPORT","publisher":{"@id":"https:\/\/www.flns.com.tr\/#organization"},"potentialAction":[{"@type":"SearchAction","target":{"@type":"EntryPoint","urlTemplate":"https:\/\/www.flns.com.tr\/?s={search_term_string}"},"query-input":{"@type":"PropertyValueSpecification","valueRequired":true,"valueName":"search_term_string"}}],"inLanguage":"tr"},{"@type":"Organization","@id":"https:\/\/www.flns.com.tr\/#organization","name":"FLNS","url":"https:\/\/www.flns.com.tr\/","logo":{"@type":"ImageObject","inLanguage":"tr","@id":"https:\/\/www.flns.com.tr\/#\/schema\/logo\/image\/","url":"https:\/\/www.flns.com.tr\/wp-content\/uploads\/2025\/03\/FLNS-LOGO.png","contentUrl":"https:\/\/www.flns.com.tr\/wp-content\/uploads\/2025\/03\/FLNS-LOGO.png","width":4500,"height":2892,"caption":"FLNS"},"image":{"@id":"https:\/\/www.flns.com.tr\/#\/schema\/logo\/image\/"},"sameAs":["https:\/\/www.instagram.com\/f.l.n.s"]}]}},"_links":{"self":[{"href":"https:\/\/www.flns.com.tr\/index.php\/wp-json\/wp\/v2\/product\/27993","targetHints":{"allow":["GET"]}}],"collection":[{"href":"https:\/\/www.flns.com.tr\/index.php\/wp-json\/wp\/v2\/product"}],"about":[{"href":"https:\/\/www.flns.com.tr\/index.php\/wp-json\/wp\/v2\/types\/product"}],"replies":[{"embeddable":true,"href":"https:\/\/www.flns.com.tr\/index.php\/wp-json\/wp\/v2\/comments?post=27993"}],"version-history":[{"count":22,"href":"https:\/\/www.flns.com.tr\/index.php\/wp-json\/wp\/v2\/product\/27993\/revisions"}],"predecessor-version":[{"id":30967,"href":"https:\/\/www.flns.com.tr\/index.php\/wp-json\/wp\/v2\/product\/27993\/revisions\/30967"}],"wp:featuredmedia":[{"embeddable":true,"href":"https:\/\/www.flns.com.tr\/index.php\/wp-json\/wp\/v2\/media\/28576"}],"wp:attachment":[{"href":"https:\/\/www.flns.com.tr\/index.php\/wp-json\/wp\/v2\/media?parent=27993"}],"wp:term":[{"taxonomy":"product_brand","embeddable":true,"href":"https:\/\/www.flns.com.tr\/index.php\/wp-json\/wp\/v2\/product_brand?post=27993"},{"taxonomy":"product_cat","embeddable":true,"href":"https:\/\/www.flns.com.tr\/index.php\/wp-json\/wp\/v2\/product_cat?post=27993"},{"taxonomy":"product_tag","embeddable":true,"href":"https:\/\/www.flns.com.tr\/index.php\/wp-json\/wp\/v2\/product_tag?post=27993"}],"curies":[{"name":"wp","href":"https:\/\/api.w.org\/{rel}","templated":true}]}}