{"id":28003,"date":"2025-03-25T23:56:39","date_gmt":"2025-03-25T20:56:39","guid":{"rendered":"https:\/\/www.flns.com.tr\/index.php\/urun\/momi-loris-4in1-bisiklet-gri-sari\/"},"modified":"2025-05-01T00:54:00","modified_gmt":"2025-04-30T21:54:00","slug":"momi-loris-4in1-bisiklet-gri-sari","status":"publish","type":"product","link":"https:\/\/www.flns.com.tr\/index.php\/urun\/momi-loris-4in1-bisiklet-gri-sari\/","title":{"rendered":"MoMi LORIS 4in1 Bisiklet Gri-Sar\u0131"},"content":{"rendered":"\t\t<div data-elementor-type=\"wp-post\" data-elementor-id=\"28003\" class=\"elementor elementor-28003\">\n\t\t\t\t<div class=\"wd-negative-gap elementor-element elementor-element-729fa8a e-flex e-con-boxed e-con e-parent\" data-id=\"729fa8a\" data-element_type=\"container\">\n\t\t\t\t\t<div class=\"e-con-inner\">\n\t\t<div class=\"elementor-element elementor-element-1d2381a e-con-full e-flex e-con e-child\" data-id=\"1d2381a\" data-element_type=\"container\">\n\t\t\t\t<div class=\"elementor-element elementor-element-0c0b31c elementor-widget elementor-widget-wd_text_block\" data-id=\"0c0b31c\" data-element_type=\"widget\" data-widget_type=\"wd_text_block.default\">\n\t\t\t\t<div class=\"elementor-widget-container\">\n\t\t\t\t\t\t\t<div class=\"wd-text-block reset-last-child text-left\">\n\t\t\t\n\t\t\t<p><strong>\u00dcR\u00dcN \u00d6ZELL\u0130KLER\u0130<\/strong><\/p><ul><li>4 mod: pedals\u0131z ride-on, pedall\u0131 \u00fc\u00e7 tekerlekli bisiklet, denge bisikleti, pedall\u0131 iki tekerlekli bisiklet<\/li><li>\u00c7elik G\u00f6vde<\/li><li>E\u011fim a\u00e7\u0131s\u0131 ayarlanabilir gidon<\/li><li>Kaymay\u0131 \u00f6nleyici elcikler<\/li><li>D\u00fc\u015fmeyi \u00f6nleyen direksiyon kilidi<\/li><li>EVA k\u00f6p\u00fckten yap\u0131lm\u0131\u015f tekerlekler: 8\" ve 9\"<\/li><li>Renkli bask\u0131ya sahip b\u00fcy\u00fck, rahat ve yumu\u015fak sele<\/li><li>Ayarlanabilir sele y\u00fcksekli\u011fi, (Aral\u0131k: 31-38 cm)<\/li><li>\u0130\u00e7 ve d\u0131\u015f mekanlarda kullanabilirsiniz<\/li><li>\u00c7\u0131kar\u0131labilir pedallar<\/li><li>2 ya\u015f\u0131ndan b\u00fcy\u00fck \u00e7ocuklar i\u00e7in uygundur<\/li><li>25 kg'a kadar<\/li><\/ul><p><strong>\u00dcR\u00dcN A\u011eIRLI\u011eI:<\/strong> 2,9 kg<\/p><p><strong>BOYUTLAR:<\/strong> 64 cm x 50,5 cm x 50,5 cm<\/p><p><strong>STANDARTLAR:<\/strong> EN 71-1, EN 71-2, EN 71-3<\/p><p><strong>PAKET BOYUTLARI:<\/strong> 65,5 cm x 16,5 cm x 22 cm<\/p><p><strong>MALZEMELER:<\/strong> \u00c7elik, EVA k\u00f6p\u00fck<\/p><p><strong>\u00dcRET\u0130C\u0130 GARANT\u0130S\u0130:<\/strong> 24 ay<\/p>\n\t\t\t\t\t<\/div>\n\t\t\t\t\t\t<\/div>\n\t\t\t\t<\/div>\n\t\t\t\t<\/div>\n\t\t<div class=\"elementor-element elementor-element-c7ba575 e-con-full e-flex e-con e-child\" data-id=\"c7ba575\" data-element_type=\"container\">\n\t\t\t\t<div class=\"elementor-element elementor-element-9a4a7e4 elementor-widget elementor-widget-wd_image_or_svg\" data-id=\"9a4a7e4\" data-element_type=\"widget\" data-widget_type=\"wd_image_or_svg.default\">\n\t\t\t\t<div class=\"elementor-widget-container\">\n\t\t\t\t\t\n\t\t<div class=\"wd-image text-center\">\n\t\t\t\t\t\t\t\t<img fetchpriority=\"high\" decoding=\"async\" width=\"512\" height=\"768\" src=\"https:\/\/www.flns.com.tr\/wp-content\/uploads\/2025\/03\/loris-life-style-512x768-1.jpg\" class=\"attachment-full size-full\" alt=\"\" srcset=\"https:\/\/www.flns.com.tr\/wp-content\/uploads\/2025\/03\/loris-life-style-512x768-1.jpg 512w, https:\/\/www.flns.com.tr\/wp-content\/uploads\/2025\/03\/loris-life-style-512x768-1-200x300.jpg 200w, https:\/\/www.flns.com.tr\/wp-content\/uploads\/2025\/03\/loris-life-style-512x768-1-430x645.jpg 430w, https:\/\/www.flns.com.tr\/wp-content\/uploads\/2025\/03\/loris-life-style-512x768-1-150x225.jpg 150w\" sizes=\"(max-width: 512px) 100vw, 512px\" \/>\t\t\t\t\t<\/div>\n\n\t\t\t\t\t\t<\/div>\n\t\t\t\t<\/div>\n\t\t\t\t<\/div>\n\t\t\t\t\t<\/div>\n\t\t\t\t<\/div>\n\t\t<div class=\"wd-negative-gap elementor-element elementor-element-b1af3f6 e-flex e-con-boxed e-con e-parent\" data-id=\"b1af3f6\" data-element_type=\"container\">\n\t\t\t\t\t<div class=\"e-con-inner\">\n\t\t\t\t<div class=\"elementor-element elementor-element-ab428c5 elementor-widget elementor-widget-spacer\" data-id=\"ab428c5\" data-element_type=\"widget\" data-widget_type=\"spacer.default\">\n\t\t\t\t<div class=\"elementor-widget-container\">\n\t\t\t\t\t\t\t<div class=\"elementor-spacer\">\n\t\t\t<div class=\"elementor-spacer-inner\"><\/div>\n\t\t<\/div>\n\t\t\t\t\t\t<\/div>\n\t\t\t\t<\/div>\n\t\t\t\t<div class=\"elementor-element elementor-element-42df529 elementor-widget elementor-widget-wd_text_block\" data-id=\"42df529\" data-element_type=\"widget\" data-widget_type=\"wd_text_block.default\">\n\t\t\t\t<div class=\"elementor-widget-container\">\n\t\t\t\t\t\t\t<div class=\"wd-text-block reset-last-child text-left\">\n\t\t\t\n\t\t\t<p>MoMi LORIS 4in1'in avantajlar\u0131:<\/p><ol><li>\u00dc\u00e7 tekerlekli \"ride-on\" bisiklet - \u00e7ocuk bacaklar\u0131n\u0131 iterek hareket eder. Bisiklet 2 ya\u015f\u0131ndan itibaren \u00e7ocuklar i\u00e7in tasarlanm\u0131\u015ft\u0131r.<\/li><li>Denge bisikleti - sadece arka tekerlekleri birle\u015ftirin ve tek tekerlek haline gelsin.<\/li><li>\u00dc\u00e7 tekerlekli bisiklet - bisiklete pedal ekleyin ve haz\u0131r! Pedallar\u0131n tak\u0131lmas\u0131 i\u00e7in herhangi bir alete gerek yoktur, tek yapman\u0131z gereken bir t\u0131klamad\u0131r!<\/li><li>Klasik pedal bisikleti - denge bisikletinde ba\u015far\u0131l\u0131 olan \u00e7ocuklar pedal bisikletini deneyebilir - MoMi LORIS m\u00fckemmel ve g\u00fcvenli bir ilk bisiklettir!<\/li><\/ol><p>MoMi LORIS'i \u00f6zel k\u0131lan nedir?<\/p><ol><li>\u00c7ok i\u015flevli olmas\u0131 ve \u00e7ok de\u011fi\u015fken olmas\u0131. 2 ya\u015f\u0131nda 3 tekerlekli bisiklete binmeye ba\u015flayan bir \u00e7ocu\u011fa, klasik bir bisiklete binmeyi \u00f6\u011frendikleri son okul \u00f6ncesi grubuna kadar e\u015flik edebilen, piyasadaki t\u00fcr\u00fcn\u00fcn tek \u00f6rne\u011fidir.<\/li><li>MoMi LORIS, sadece yap\u0131s\u0131yla de\u011fil, ayn\u0131 zamanda sele ve gidonun ayarlanabilir olmas\u0131yla da y\u0131llarca hizmet edecek bir \u00fcr\u00fcnd\u00fcr; bu da onu \u00e7ocu\u011funuzun de\u011fi\u015fen ihtiya\u00e7lar\u0131na ve mevcut boyuna g\u00f6re ayarlamay\u0131 kolayla\u015ft\u0131r\u0131r.<\/li><li>MoMi LORIS, tasar\u0131m\u0131yla \u00f6ne \u00e7\u0131k\u0131yor - \u00f6zel renkler ve detaylar. Bir sele \u00fczerinde renkli bir bask\u0131 var ve g\u00f6vde renkli elemanlarla tamamlanm\u0131\u015f.<\/li><li>Bisiklet, s\u00f6k\u00fcld\u00fckten sonra hafif ve kompakt - bu nedenle seyahat i\u00e7in m\u00fckemmel.<\/li><li>MoMi LORIS, hem i\u00e7 mekanlarda hem de d\u0131\u015f mekanlarda kullan\u0131labilir - hem zeminler hem de d\u0131\u015f mekanlar i\u00e7in g\u00fcvenlidir.<\/li><\/ol><p>MoMi LORIS 4in1, i\u015flevselli\u011fiyle sizi \u015fa\u015f\u0131rtacak ve tasar\u0131m\u0131yla b\u00fcy\u00fcleyecek!<\/p>\n\t\t\t\t\t<\/div>\n\t\t\t\t\t\t<\/div>\n\t\t\t\t<\/div>\n\t\t\t\t<div class=\"elementor-element elementor-element-b918692 elementor-widget elementor-widget-spacer\" data-id=\"b918692\" data-element_type=\"widget\" data-widget_type=\"spacer.default\">\n\t\t\t\t<div class=\"elementor-widget-container\">\n\t\t\t\t\t\t\t<div class=\"elementor-spacer\">\n\t\t\t<div class=\"elementor-spacer-inner\"><\/div>\n\t\t<\/div>\n\t\t\t\t\t\t<\/div>\n\t\t\t\t<\/div>\n\t\t\t\t<div class=\"elementor-element elementor-element-7ceee95 elementor-widget elementor-widget-wd_image_or_svg\" data-id=\"7ceee95\" data-element_type=\"widget\" data-widget_type=\"wd_image_or_svg.default\">\n\t\t\t\t<div class=\"elementor-widget-container\">\n\t\t\t\t\t\n\t\t<div class=\"wd-image text-center\">\n\t\t\t\t\t\t\t\t<img decoding=\"async\" width=\"768\" height=\"512\" src=\"https:\/\/www.flns.com.tr\/wp-content\/uploads\/2025\/03\/loris-life-style-768x512-1.jpg\" class=\"attachment-full size-full\" alt=\"\" srcset=\"https:\/\/www.flns.com.tr\/wp-content\/uploads\/2025\/03\/loris-life-style-768x512-1.jpg 768w, https:\/\/www.flns.com.tr\/wp-content\/uploads\/2025\/03\/loris-life-style-768x512-1-400x267.jpg 400w, https:\/\/www.flns.com.tr\/wp-content\/uploads\/2025\/03\/loris-life-style-768x512-1-430x287.jpg 430w, https:\/\/www.flns.com.tr\/wp-content\/uploads\/2025\/03\/loris-life-style-768x512-1-700x467.jpg 700w, https:\/\/www.flns.com.tr\/wp-content\/uploads\/2025\/03\/loris-life-style-768x512-1-150x100.jpg 150w\" sizes=\"(max-width: 768px) 100vw, 768px\" \/>\t\t\t\t\t<\/div>\n\n\t\t\t\t\t\t<\/div>\n\t\t\t\t<\/div>\n\t\t\t\t\t<\/div>\n\t\t\t\t<\/div>\n\t\t\t\t<\/div>\n\t\t","protected":false},"excerpt":{"rendered":"<p>MoMi LORIS 4\u00fc 1 arada , sizi \u00e7ok say\u0131da \u00e7\u00f6z\u00fcmle \u015fa\u015f\u0131rtacak, konforlu ve \u00e7ok ama\u00e7l\u0131 bir bisiklettir. K\u00fc\u00e7\u00fckler ride-on modun keyfini \u00e7\u0131karabilir, daha b\u00fcy\u00fck \u00e7ocuklar pedall\u0131 \u00fc\u00e7 tekerlekli bir bisiklet olarak kullanabilir ve daha deneyimli sporcular klasik bir pedall\u0131 bisiklet olarak kullanabilir.<\/p>\n<p style=\"text-align: center;\"><strong>D\u0130\u011eER SE\u00c7ENEKLER<\/strong><\/p>\n<p style=\"text-align: center;\"><a href=\"\/index.php\/urun\/momi-loris-4in1-bisiklet-gri-turkuaz\/\"><img decoding=\"async\" class=\"alignnone wp-image-28693 size-thumbnail\" src=\"https:\/\/www.flns.com.tr\/wp-content\/themes\/woodmart\/images\/lazy.svg\" data-src=\"https:\/\/www.flns.com.tr\/wp-content\/uploads\/2025\/03\/loris-4in1-bisiklet-gri-turkuaz-150x150.jpg\" alt=\"\" width=\"150\" height=\"150\" srcset=\"\" data-srcset=\"https:\/\/www.flns.com.tr\/wp-content\/uploads\/2025\/03\/loris-4in1-bisiklet-gri-turkuaz-150x150.jpg 150w, https:\/\/www.flns.com.tr\/wp-content\/uploads\/2025\/03\/loris-4in1-bisiklet-gri-turkuaz-300x300.jpg 300w, https:\/\/www.flns.com.tr\/wp-content\/uploads\/2025\/03\/loris-4in1-bisiklet-gri-turkuaz-800x800.jpg 800w, https:\/\/www.flns.com.tr\/wp-content\/uploads\/2025\/03\/loris-4in1-bisiklet-gri-turkuaz-768x768.jpg 768w, https:\/\/www.flns.com.tr\/wp-content\/uploads\/2025\/03\/loris-4in1-bisiklet-gri-turkuaz-430x430.jpg 430w, https:\/\/www.flns.com.tr\/wp-content\/uploads\/2025\/03\/loris-4in1-bisiklet-gri-turkuaz-700x700.jpg 700w, https:\/\/www.flns.com.tr\/wp-content\/uploads\/2025\/03\/loris-4in1-bisiklet-gri-turkuaz.jpg 1500w\" sizes=\"(max-width: 150px) 100vw, 150px\" \/><\/a> <a href=\"\/index.php\/urun\/momi-loris-4in1-bisiklet-pembe\/\"><img loading=\"lazy\" decoding=\"async\" class=\"alignnone wp-image-28710 size-thumbnail\" src=\"https:\/\/www.flns.com.tr\/wp-content\/themes\/woodmart\/images\/lazy.svg\" data-src=\"https:\/\/www.flns.com.tr\/wp-content\/uploads\/2025\/03\/loris-4in1-bisiklet-pembe-150x150.jpg\" alt=\"\" width=\"150\" height=\"150\" srcset=\"\" data-srcset=\"https:\/\/www.flns.com.tr\/wp-content\/uploads\/2025\/03\/loris-4in1-bisiklet-pembe-150x150.jpg 150w, https:\/\/www.flns.com.tr\/wp-content\/uploads\/2025\/03\/loris-4in1-bisiklet-pembe-300x300.jpg 300w, https:\/\/www.flns.com.tr\/wp-content\/uploads\/2025\/03\/loris-4in1-bisiklet-pembe-800x800.jpg 800w, https:\/\/www.flns.com.tr\/wp-content\/uploads\/2025\/03\/loris-4in1-bisiklet-pembe-768x768.jpg 768w, https:\/\/www.flns.com.tr\/wp-content\/uploads\/2025\/03\/loris-4in1-bisiklet-pembe-430x430.jpg 430w, https:\/\/www.flns.com.tr\/wp-content\/uploads\/2025\/03\/loris-4in1-bisiklet-pembe-700x700.jpg 700w, https:\/\/www.flns.com.tr\/wp-content\/uploads\/2025\/03\/loris-4in1-bisiklet-pembe.jpg 1500w\" sizes=\"(max-width: 150px) 100vw, 150px\" \/><\/a><\/p>\n","protected":false},"featured_media":28677,"comment_status":"open","ping_status":"closed","template":"","meta":[],"product_brand":[225],"product_cat":[204],"product_tag":[],"class_list":{"0":"post-28003","1":"product","2":"type-product","3":"status-publish","4":"has-post-thumbnail","6":"product_brand-momi","7":"product_cat-ride_on","9":"first","10":"instock","11":"taxable","12":"shipping-taxable","13":"purchasable","14":"product-type-simple"},"yoast_head":"<!-- This site is optimized with the Yoast SEO plugin v25.1 - https:\/\/yoast.com\/wordpress\/plugins\/seo\/ -->\n<title>MoMi LORIS 4in1 Bisiklet Gri-Sar\u0131 - FLNS<\/title>\n<meta name=\"robots\" content=\"index, follow, max-snippet:-1, max-image-preview:large, max-video-preview:-1\" \/>\n<link rel=\"canonical\" href=\"https:\/\/www.flns.com.tr\/index.php\/urun\/momi-loris-4in1-bisiklet-gri-sari\/\" \/>\n<meta property=\"og:locale\" content=\"tr_TR\" \/>\n<meta property=\"og:type\" content=\"article\" \/>\n<meta property=\"og:title\" content=\"MoMi LORIS 4in1 Bisiklet Gri-Sar\u0131 - FLNS\" \/>\n<meta property=\"og:description\" content=\"MoMi LORIS 4\u00fc 1 arada , sizi \u00e7ok say\u0131da \u00e7\u00f6z\u00fcmle \u015fa\u015f\u0131rtacak, konforlu ve \u00e7ok ama\u00e7l\u0131 bir bisiklettir. K\u00fc\u00e7\u00fckler ride-on modun keyfini \u00e7\u0131karabilir, daha b\u00fcy\u00fck \u00e7ocuklar pedall\u0131 \u00fc\u00e7 tekerlekli bir bisiklet olarak kullanabilir ve daha deneyimli sporcular klasik bir pedall\u0131 bisiklet olarak kullanabilir. D\u0130\u011eER SE\u00c7ENEKLER\" \/>\n<meta property=\"og:url\" content=\"https:\/\/www.flns.com.tr\/index.php\/urun\/momi-loris-4in1-bisiklet-gri-sari\/\" \/>\n<meta property=\"og:site_name\" content=\"FLNS\" \/>\n<meta property=\"article:modified_time\" content=\"2025-04-30T21:54:00+00:00\" \/>\n<meta property=\"og:image\" content=\"https:\/\/www.flns.com.tr\/wp-content\/uploads\/2025\/03\/loris-4in1-bisiklet-gri-sari.jpg\" \/>\n\t<meta property=\"og:image:width\" content=\"1500\" \/>\n\t<meta property=\"og:image:height\" content=\"1500\" \/>\n\t<meta property=\"og:image:type\" content=\"image\/jpeg\" \/>\n<meta name=\"twitter:card\" content=\"summary_large_image\" \/>\n<meta name=\"twitter:label1\" content=\"Tahmini okuma s\u00fcresi\" \/>\n\t<meta name=\"twitter:data1\" content=\"3 dakika\" \/>\n<script type=\"application\/ld+json\" class=\"yoast-schema-graph\">{\"@context\":\"https:\/\/schema.org\",\"@graph\":[{\"@type\":\"WebPage\",\"@id\":\"https:\/\/www.flns.com.tr\/index.php\/urun\/momi-loris-4in1-bisiklet-gri-sari\/\",\"url\":\"https:\/\/www.flns.com.tr\/index.php\/urun\/momi-loris-4in1-bisiklet-gri-sari\/\",\"name\":\"MoMi LORIS 4in1 Bisiklet Gri-Sar\u0131 - FLNS\",\"isPartOf\":{\"@id\":\"https:\/\/www.flns.com.tr\/#website\"},\"primaryImageOfPage\":{\"@id\":\"https:\/\/www.flns.com.tr\/index.php\/urun\/momi-loris-4in1-bisiklet-gri-sari\/#primaryimage\"},\"image\":{\"@id\":\"https:\/\/www.flns.com.tr\/index.php\/urun\/momi-loris-4in1-bisiklet-gri-sari\/#primaryimage\"},\"thumbnailUrl\":\"https:\/\/www.flns.com.tr\/wp-content\/uploads\/2025\/03\/loris-4in1-bisiklet-gri-sari.jpg\",\"datePublished\":\"2025-03-25T20:56:39+00:00\",\"dateModified\":\"2025-04-30T21:54:00+00:00\",\"breadcrumb\":{\"@id\":\"https:\/\/www.flns.com.tr\/index.php\/urun\/momi-loris-4in1-bisiklet-gri-sari\/#breadcrumb\"},\"inLanguage\":\"tr\",\"potentialAction\":[{\"@type\":\"ReadAction\",\"target\":[\"https:\/\/www.flns.com.tr\/index.php\/urun\/momi-loris-4in1-bisiklet-gri-sari\/\"]}]},{\"@type\":\"ImageObject\",\"inLanguage\":\"tr\",\"@id\":\"https:\/\/www.flns.com.tr\/index.php\/urun\/momi-loris-4in1-bisiklet-gri-sari\/#primaryimage\",\"url\":\"https:\/\/www.flns.com.tr\/wp-content\/uploads\/2025\/03\/loris-4in1-bisiklet-gri-sari.jpg\",\"contentUrl\":\"https:\/\/www.flns.com.tr\/wp-content\/uploads\/2025\/03\/loris-4in1-bisiklet-gri-sari.jpg\",\"width\":1500,\"height\":1500},{\"@type\":\"BreadcrumbList\",\"@id\":\"https:\/\/www.flns.com.tr\/index.php\/urun\/momi-loris-4in1-bisiklet-gri-sari\/#breadcrumb\",\"itemListElement\":[{\"@type\":\"ListItem\",\"position\":1,\"name\":\"Anasayfa\",\"item\":\"https:\/\/www.flns.com.tr\/\"},{\"@type\":\"ListItem\",\"position\":2,\"name\":\"Ma\u011faza\",\"item\":\"https:\/\/www.flns.com.tr\/index.php\/shop\/\"},{\"@type\":\"ListItem\",\"position\":3,\"name\":\"MoMi LORIS 4in1 Bisiklet Gri-Sar\u0131\"}]},{\"@type\":\"WebSite\",\"@id\":\"https:\/\/www.flns.com.tr\/#website\",\"url\":\"https:\/\/www.flns.com.tr\/\",\"name\":\"FLNS\",\"description\":\"FUN LOVE NATURE SPORT\",\"publisher\":{\"@id\":\"https:\/\/www.flns.com.tr\/#organization\"},\"potentialAction\":[{\"@type\":\"SearchAction\",\"target\":{\"@type\":\"EntryPoint\",\"urlTemplate\":\"https:\/\/www.flns.com.tr\/?s={search_term_string}\"},\"query-input\":{\"@type\":\"PropertyValueSpecification\",\"valueRequired\":true,\"valueName\":\"search_term_string\"}}],\"inLanguage\":\"tr\"},{\"@type\":\"Organization\",\"@id\":\"https:\/\/www.flns.com.tr\/#organization\",\"name\":\"FLNS\",\"url\":\"https:\/\/www.flns.com.tr\/\",\"logo\":{\"@type\":\"ImageObject\",\"inLanguage\":\"tr\",\"@id\":\"https:\/\/www.flns.com.tr\/#\/schema\/logo\/image\/\",\"url\":\"https:\/\/www.flns.com.tr\/wp-content\/uploads\/2025\/03\/FLNS-LOGO.png\",\"contentUrl\":\"https:\/\/www.flns.com.tr\/wp-content\/uploads\/2025\/03\/FLNS-LOGO.png\",\"width\":4500,\"height\":2892,\"caption\":\"FLNS\"},\"image\":{\"@id\":\"https:\/\/www.flns.com.tr\/#\/schema\/logo\/image\/\"},\"sameAs\":[\"https:\/\/www.instagram.com\/f.l.n.s\"]}]}<\/script>\n<!-- \/ Yoast SEO plugin. -->","yoast_head_json":{"title":"MoMi LORIS 4in1 Bisiklet Gri-Sar\u0131 - FLNS","robots":{"index":"index","follow":"follow","max-snippet":"max-snippet:-1","max-image-preview":"max-image-preview:large","max-video-preview":"max-video-preview:-1"},"canonical":"https:\/\/www.flns.com.tr\/index.php\/urun\/momi-loris-4in1-bisiklet-gri-sari\/","og_locale":"tr_TR","og_type":"article","og_title":"MoMi LORIS 4in1 Bisiklet Gri-Sar\u0131 - FLNS","og_description":"MoMi LORIS 4\u00fc 1 arada , sizi \u00e7ok say\u0131da \u00e7\u00f6z\u00fcmle \u015fa\u015f\u0131rtacak, konforlu ve \u00e7ok ama\u00e7l\u0131 bir bisiklettir. K\u00fc\u00e7\u00fckler ride-on modun keyfini \u00e7\u0131karabilir, daha b\u00fcy\u00fck \u00e7ocuklar pedall\u0131 \u00fc\u00e7 tekerlekli bir bisiklet olarak kullanabilir ve daha deneyimli sporcular klasik bir pedall\u0131 bisiklet olarak kullanabilir. D\u0130\u011eER SE\u00c7ENEKLER","og_url":"https:\/\/www.flns.com.tr\/index.php\/urun\/momi-loris-4in1-bisiklet-gri-sari\/","og_site_name":"FLNS","article_modified_time":"2025-04-30T21:54:00+00:00","og_image":[{"width":1500,"height":1500,"url":"https:\/\/www.flns.com.tr\/wp-content\/uploads\/2025\/03\/loris-4in1-bisiklet-gri-sari.jpg","type":"image\/jpeg"}],"twitter_card":"summary_large_image","twitter_misc":{"Tahmini okuma s\u00fcresi":"3 dakika"},"schema":{"@context":"https:\/\/schema.org","@graph":[{"@type":"WebPage","@id":"https:\/\/www.flns.com.tr\/index.php\/urun\/momi-loris-4in1-bisiklet-gri-sari\/","url":"https:\/\/www.flns.com.tr\/index.php\/urun\/momi-loris-4in1-bisiklet-gri-sari\/","name":"MoMi LORIS 4in1 Bisiklet Gri-Sar\u0131 - FLNS","isPartOf":{"@id":"https:\/\/www.flns.com.tr\/#website"},"primaryImageOfPage":{"@id":"https:\/\/www.flns.com.tr\/index.php\/urun\/momi-loris-4in1-bisiklet-gri-sari\/#primaryimage"},"image":{"@id":"https:\/\/www.flns.com.tr\/index.php\/urun\/momi-loris-4in1-bisiklet-gri-sari\/#primaryimage"},"thumbnailUrl":"https:\/\/www.flns.com.tr\/wp-content\/uploads\/2025\/03\/loris-4in1-bisiklet-gri-sari.jpg","datePublished":"2025-03-25T20:56:39+00:00","dateModified":"2025-04-30T21:54:00+00:00","breadcrumb":{"@id":"https:\/\/www.flns.com.tr\/index.php\/urun\/momi-loris-4in1-bisiklet-gri-sari\/#breadcrumb"},"inLanguage":"tr","potentialAction":[{"@type":"ReadAction","target":["https:\/\/www.flns.com.tr\/index.php\/urun\/momi-loris-4in1-bisiklet-gri-sari\/"]}]},{"@type":"ImageObject","inLanguage":"tr","@id":"https:\/\/www.flns.com.tr\/index.php\/urun\/momi-loris-4in1-bisiklet-gri-sari\/#primaryimage","url":"https:\/\/www.flns.com.tr\/wp-content\/uploads\/2025\/03\/loris-4in1-bisiklet-gri-sari.jpg","contentUrl":"https:\/\/www.flns.com.tr\/wp-content\/uploads\/2025\/03\/loris-4in1-bisiklet-gri-sari.jpg","width":1500,"height":1500},{"@type":"BreadcrumbList","@id":"https:\/\/www.flns.com.tr\/index.php\/urun\/momi-loris-4in1-bisiklet-gri-sari\/#breadcrumb","itemListElement":[{"@type":"ListItem","position":1,"name":"Anasayfa","item":"https:\/\/www.flns.com.tr\/"},{"@type":"ListItem","position":2,"name":"Ma\u011faza","item":"https:\/\/www.flns.com.tr\/index.php\/shop\/"},{"@type":"ListItem","position":3,"name":"MoMi LORIS 4in1 Bisiklet Gri-Sar\u0131"}]},{"@type":"WebSite","@id":"https:\/\/www.flns.com.tr\/#website","url":"https:\/\/www.flns.com.tr\/","name":"FLNS","description":"FUN LOVE NATURE SPORT","publisher":{"@id":"https:\/\/www.flns.com.tr\/#organization"},"potentialAction":[{"@type":"SearchAction","target":{"@type":"EntryPoint","urlTemplate":"https:\/\/www.flns.com.tr\/?s={search_term_string}"},"query-input":{"@type":"PropertyValueSpecification","valueRequired":true,"valueName":"search_term_string"}}],"inLanguage":"tr"},{"@type":"Organization","@id":"https:\/\/www.flns.com.tr\/#organization","name":"FLNS","url":"https:\/\/www.flns.com.tr\/","logo":{"@type":"ImageObject","inLanguage":"tr","@id":"https:\/\/www.flns.com.tr\/#\/schema\/logo\/image\/","url":"https:\/\/www.flns.com.tr\/wp-content\/uploads\/2025\/03\/FLNS-LOGO.png","contentUrl":"https:\/\/www.flns.com.tr\/wp-content\/uploads\/2025\/03\/FLNS-LOGO.png","width":4500,"height":2892,"caption":"FLNS"},"image":{"@id":"https:\/\/www.flns.com.tr\/#\/schema\/logo\/image\/"},"sameAs":["https:\/\/www.instagram.com\/f.l.n.s"]}]}},"_links":{"self":[{"href":"https:\/\/www.flns.com.tr\/index.php\/wp-json\/wp\/v2\/product\/28003","targetHints":{"allow":["GET"]}}],"collection":[{"href":"https:\/\/www.flns.com.tr\/index.php\/wp-json\/wp\/v2\/product"}],"about":[{"href":"https:\/\/www.flns.com.tr\/index.php\/wp-json\/wp\/v2\/types\/product"}],"replies":[{"embeddable":true,"href":"https:\/\/www.flns.com.tr\/index.php\/wp-json\/wp\/v2\/comments?post=28003"}],"version-history":[{"count":19,"href":"https:\/\/www.flns.com.tr\/index.php\/wp-json\/wp\/v2\/product\/28003\/revisions"}],"predecessor-version":[{"id":30994,"href":"https:\/\/www.flns.com.tr\/index.php\/wp-json\/wp\/v2\/product\/28003\/revisions\/30994"}],"wp:featuredmedia":[{"embeddable":true,"href":"https:\/\/www.flns.com.tr\/index.php\/wp-json\/wp\/v2\/media\/28677"}],"wp:attachment":[{"href":"https:\/\/www.flns.com.tr\/index.php\/wp-json\/wp\/v2\/media?parent=28003"}],"wp:term":[{"taxonomy":"product_brand","embeddable":true,"href":"https:\/\/www.flns.com.tr\/index.php\/wp-json\/wp\/v2\/product_brand?post=28003"},{"taxonomy":"product_cat","embeddable":true,"href":"https:\/\/www.flns.com.tr\/index.php\/wp-json\/wp\/v2\/product_cat?post=28003"},{"taxonomy":"product_tag","embeddable":true,"href":"https:\/\/www.flns.com.tr\/index.php\/wp-json\/wp\/v2\/product_tag?post=28003"}],"curies":[{"name":"wp","href":"https:\/\/api.w.org\/{rel}","templated":true}]}}