{"id":28008,"date":"2025-03-25T23:56:39","date_gmt":"2025-03-25T20:56:39","guid":{"rendered":"https:\/\/www.flns.com.tr\/index.php\/urun\/momi-dex-3-tekerlekli-denge-bisikleti-antrasit\/"},"modified":"2025-05-01T00:51:49","modified_gmt":"2025-04-30T21:51:49","slug":"momi-dex-3-tekerlekli-denge-bisikleti-antrasit","status":"publish","type":"product","link":"https:\/\/www.flns.com.tr\/index.php\/urun\/momi-dex-3-tekerlekli-denge-bisikleti-antrasit\/","title":{"rendered":"MoMi DEX 3 Tekerlekli Denge Bisikleti Antrasit"},"content":{"rendered":"\t\t<div data-elementor-type=\"wp-post\" data-elementor-id=\"28008\" class=\"elementor elementor-28008\">\n\t\t\t\t<div class=\"wd-negative-gap elementor-element elementor-element-009b163 e-flex e-con-boxed e-con e-parent\" data-id=\"009b163\" data-element_type=\"container\">\n\t\t\t\t\t<div class=\"e-con-inner\">\n\t\t<div class=\"elementor-element elementor-element-70972d6 e-con-full e-flex e-con e-child\" data-id=\"70972d6\" data-element_type=\"container\">\n\t\t\t\t<div class=\"elementor-element elementor-element-5996279 elementor-widget elementor-widget-wd_text_block\" data-id=\"5996279\" data-element_type=\"widget\" data-widget_type=\"wd_text_block.default\">\n\t\t\t\t<div class=\"elementor-widget-container\">\n\t\t\t\t\t\t\t<div class=\"wd-text-block reset-last-child text-left\">\n\t\t\t\n\t\t\t<p><strong>\u00dcR\u00dcN \u00d6ZELL\u0130KLER\u0130<\/strong><\/p><ul><li>Hafif; 2kg<\/li><li>Katlanabilir<\/li><li>Kolay, aletsiz montaj<\/li><li>Delinmez EVA + PP k\u00f6p\u00fck tekerlekler<\/li><li>6 in\u00e7 tekerlekler<\/li><li>12 ila 36 ayl\u0131k aras\u0131<\/li><li>20 kg'a kadar<\/li><li>Avrupa Birli\u011fi standartlar\u0131na uygundur<\/li><\/ul><p><strong>\u00dcR\u00dcN A\u011eIRLI\u011eI:<\/strong> 2 kg<\/p><p><strong>BOYUTLAR:<\/strong> 50 cm x 23 cm x 37 cm<\/p><p><strong>STANDARTLAR:<\/strong> EN 71-1 +A1:2018, EN 71-2:2020, EN 71-3:2019+A1:2021, REACH<\/p><p><strong>PAKET BOYUTLARI:<\/strong> 34 cm x 18,5 cm x 28,5 cm<\/p><p><strong>MALZEMELER:<\/strong> EVA k\u00f6p\u00fck, PP<\/p><p><strong>\u00dcRET\u0130C\u0130 GARANT\u0130S\u0130:<\/strong> 24 ay<\/p>\n\t\t\t\t\t<\/div>\n\t\t\t\t\t\t<\/div>\n\t\t\t\t<\/div>\n\t\t\t\t<\/div>\n\t\t<div class=\"elementor-element elementor-element-a0c777a e-con-full e-flex e-con e-child\" data-id=\"a0c777a\" data-element_type=\"container\">\n\t\t\t\t<div class=\"elementor-element elementor-element-a086ed8 elementor-widget elementor-widget-wd_image_or_svg\" data-id=\"a086ed8\" data-element_type=\"widget\" data-widget_type=\"wd_image_or_svg.default\">\n\t\t\t\t<div class=\"elementor-widget-container\">\n\t\t\t\t\t\n\t\t<div class=\"wd-image text-center\">\n\t\t\t\t\t\t\t\t<img fetchpriority=\"high\" decoding=\"async\" width=\"512\" height=\"768\" src=\"https:\/\/www.flns.com.tr\/wp-content\/uploads\/2025\/03\/dex-3-lifestyle-2-1.jpg\" class=\"attachment-full size-full\" alt=\"\" srcset=\"https:\/\/www.flns.com.tr\/wp-content\/uploads\/2025\/03\/dex-3-lifestyle-2-1.jpg 512w, https:\/\/www.flns.com.tr\/wp-content\/uploads\/2025\/03\/dex-3-lifestyle-2-1-200x300.jpg 200w, https:\/\/www.flns.com.tr\/wp-content\/uploads\/2025\/03\/dex-3-lifestyle-2-1-430x645.jpg 430w, https:\/\/www.flns.com.tr\/wp-content\/uploads\/2025\/03\/dex-3-lifestyle-2-1-150x225.jpg 150w\" sizes=\"(max-width: 512px) 100vw, 512px\" \/>\t\t\t\t\t<\/div>\n\n\t\t\t\t\t\t<\/div>\n\t\t\t\t<\/div>\n\t\t\t\t<\/div>\n\t\t\t\t\t<\/div>\n\t\t\t\t<\/div>\n\t\t<div class=\"wd-negative-gap elementor-element elementor-element-062ec73 e-flex e-con-boxed e-con e-parent\" data-id=\"062ec73\" data-element_type=\"container\">\n\t\t\t\t\t<div class=\"e-con-inner\">\n\t\t\t\t<div class=\"elementor-element elementor-element-eabadce elementor-widget elementor-widget-spacer\" data-id=\"eabadce\" data-element_type=\"widget\" data-widget_type=\"spacer.default\">\n\t\t\t\t<div class=\"elementor-widget-container\">\n\t\t\t\t\t\t\t<div class=\"elementor-spacer\">\n\t\t\t<div class=\"elementor-spacer-inner\"><\/div>\n\t\t<\/div>\n\t\t\t\t\t\t<\/div>\n\t\t\t\t<\/div>\n\t\t\t\t<div class=\"elementor-element elementor-element-b2bcf82 elementor-widget elementor-widget-wd_text_block\" data-id=\"b2bcf82\" data-element_type=\"widget\" data-widget_type=\"wd_text_block.default\">\n\t\t\t\t<div class=\"elementor-widget-container\">\n\t\t\t\t\t\t\t<div class=\"wd-text-block reset-last-child text-left\">\n\t\t\t\n\t\t\t<p>MoMi DEX bisiklet bir ya\u015f\u0131ndan b\u00fcy\u00fck \u00e7ocuklar i\u00e7in tasarlanm\u0131\u015ft\u0131r. Dengeli tasar\u0131m\u0131, onu hala y\u00fcr\u00fcmeyi \u00f6\u011frenenler i\u00e7in de uygun hale getirir. MoMi DEX ilk ad\u0131mlar\u0131n\u0131 atan ve dengelerini geli\u015ftiren \u00e7ocuklar\u0131 desteklemek i\u00e7in m\u00fckemmeldir. Dengeli ve g\u00fcvenlidir.<\/p><p>Katlanabilir yap\u0131s\u0131 sayesinde MoMi DEX kompakt olup \u00e7ok az yer kaplar. Hatta bebek araban\u0131z\u0131n alt sepetine bile s\u0131\u011far.<\/p><p>MoMi DEX ride-on'daki sele, \u00e7ocu\u011funuzun ihtiya\u00e7lar\u0131na m\u00fckemmel uyum sa\u011flayacak \u015fekilde iki y\u00fckseklik seviyesine sahiptir.<\/p>\n\t\t\t\t\t<\/div>\n\t\t\t\t\t\t<\/div>\n\t\t\t\t<\/div>\n\t\t\t\t<div class=\"elementor-element elementor-element-4e64061 elementor-widget elementor-widget-spacer\" data-id=\"4e64061\" data-element_type=\"widget\" data-widget_type=\"spacer.default\">\n\t\t\t\t<div class=\"elementor-widget-container\">\n\t\t\t\t\t\t\t<div class=\"elementor-spacer\">\n\t\t\t<div class=\"elementor-spacer-inner\"><\/div>\n\t\t<\/div>\n\t\t\t\t\t\t<\/div>\n\t\t\t\t<\/div>\n\t\t\t\t<div class=\"elementor-element elementor-element-d509972 elementor-widget elementor-widget-wd_image_or_svg\" data-id=\"d509972\" data-element_type=\"widget\" data-widget_type=\"wd_image_or_svg.default\">\n\t\t\t\t<div class=\"elementor-widget-container\">\n\t\t\t\t\t\n\t\t<div class=\"wd-image text-center\">\n\t\t\t\t\t\t\t\t<img decoding=\"async\" width=\"768\" height=\"512\" src=\"https:\/\/www.flns.com.tr\/wp-content\/uploads\/2025\/03\/dex-3-lifestyle-1.jpg\" class=\"attachment-full size-full\" alt=\"\" srcset=\"https:\/\/www.flns.com.tr\/wp-content\/uploads\/2025\/03\/dex-3-lifestyle-1.jpg 768w, https:\/\/www.flns.com.tr\/wp-content\/uploads\/2025\/03\/dex-3-lifestyle-1-400x267.jpg 400w, https:\/\/www.flns.com.tr\/wp-content\/uploads\/2025\/03\/dex-3-lifestyle-1-430x287.jpg 430w, https:\/\/www.flns.com.tr\/wp-content\/uploads\/2025\/03\/dex-3-lifestyle-1-700x467.jpg 700w, https:\/\/www.flns.com.tr\/wp-content\/uploads\/2025\/03\/dex-3-lifestyle-1-150x100.jpg 150w\" sizes=\"(max-width: 768px) 100vw, 768px\" \/>\t\t\t\t\t<\/div>\n\n\t\t\t\t\t\t<\/div>\n\t\t\t\t<\/div>\n\t\t\t\t\t<\/div>\n\t\t\t\t<\/div>\n\t\t\t\t<\/div>\n\t\t","protected":false},"excerpt":{"rendered":"<p>MoMi DEX bisiklet 1 ya\u015f\u0131ndan b\u00fcy\u00fck \u00e7ocuklar i\u00e7in tasarlanm\u0131\u015f bir ara\u00e7t\u0131r. Kompakt yap\u0131s\u0131 sayesinde en k\u00fc\u00e7\u00fck \u00e7ocuklar i\u00e7in idealdir. Hem hafif hem de dengelidir. Dengeyi geli\u015ftirmeye yard\u0131mc\u0131 olur ve genel motor geli\u015fimini destekler. Ayarlanabilir koltuk y\u00fcksekli\u011fi ve katlanabilir bir g\u00f6vdeye sahiptir, bu da ta\u015f\u0131may\u0131 kolayla\u015ft\u0131r\u0131r.<\/p>\n<p style=\"text-align: center;\"><strong>D\u0130\u011eER SE\u00c7ENEKLER<\/strong><\/p>\n<p style=\"text-align: center;\"><a href=\"\/index.php\/urun\/momi-dex-3-tekerlekli-denge-bisikleti-bej\/\"><img decoding=\"async\" class=\"alignnone wp-image-28261 size-thumbnail\" src=\"https:\/\/www.flns.com.tr\/wp-content\/themes\/woodmart\/images\/lazy.svg\" data-src=\"https:\/\/www.flns.com.tr\/wp-content\/uploads\/2025\/03\/dex-bej-3-tekerlekli-bisiklet-150x150.jpg\" alt=\"Geni\u015f a\u00e7\u0131dan, momi marka, dex model, bej, pedals\u0131z, \u00f6nde iki, arkada bir tekerlekli, katlanabilen, 1 ya\u015f \u00fcst\u00fc \u00e7ocuk i\u00e7in denge bisikleti\" width=\"150\" height=\"150\" srcset=\"\" data-srcset=\"https:\/\/www.flns.com.tr\/wp-content\/uploads\/2025\/03\/dex-bej-3-tekerlekli-bisiklet-150x150.jpg 150w, https:\/\/www.flns.com.tr\/wp-content\/uploads\/2025\/03\/dex-bej-3-tekerlekli-bisiklet-300x300.jpg 300w, https:\/\/www.flns.com.tr\/wp-content\/uploads\/2025\/03\/dex-bej-3-tekerlekli-bisiklet-800x800.jpg 800w, https:\/\/www.flns.com.tr\/wp-content\/uploads\/2025\/03\/dex-bej-3-tekerlekli-bisiklet-768x768.jpg 768w, https:\/\/www.flns.com.tr\/wp-content\/uploads\/2025\/03\/dex-bej-3-tekerlekli-bisiklet-430x430.jpg 430w, https:\/\/www.flns.com.tr\/wp-content\/uploads\/2025\/03\/dex-bej-3-tekerlekli-bisiklet-700x700.jpg 700w, https:\/\/www.flns.com.tr\/wp-content\/uploads\/2025\/03\/dex-bej-3-tekerlekli-bisiklet.jpg 1500w\" sizes=\"(max-width: 150px) 100vw, 150px\" \/><\/a> <a href=\"\/index.php\/urun\/momi-dex-3-tekerlekli-denge-bisikleti-sari\/\"><img loading=\"lazy\" decoding=\"async\" class=\"alignnone wp-image-28283 size-thumbnail\" src=\"https:\/\/www.flns.com.tr\/wp-content\/themes\/woodmart\/images\/lazy.svg\" data-src=\"https:\/\/www.flns.com.tr\/wp-content\/uploads\/2025\/03\/dex-sari-3-tekerlekli-bisiklet-150x150.jpg\" alt=\"Geni\u015f a\u00e7\u0131dan, momi marka, dex model, sar\u0131, pedals\u0131z, \u00f6nde iki, arkada bir tekerlekli, katlanabilen, 1 ya\u015f \u00fcst\u00fc \u00e7ocuk i\u00e7in denge bisikleti\" width=\"150\" height=\"150\" srcset=\"\" data-srcset=\"https:\/\/www.flns.com.tr\/wp-content\/uploads\/2025\/03\/dex-sari-3-tekerlekli-bisiklet-150x150.jpg 150w, https:\/\/www.flns.com.tr\/wp-content\/uploads\/2025\/03\/dex-sari-3-tekerlekli-bisiklet-300x300.jpg 300w, https:\/\/www.flns.com.tr\/wp-content\/uploads\/2025\/03\/dex-sari-3-tekerlekli-bisiklet-800x800.jpg 800w, https:\/\/www.flns.com.tr\/wp-content\/uploads\/2025\/03\/dex-sari-3-tekerlekli-bisiklet-768x768.jpg 768w, https:\/\/www.flns.com.tr\/wp-content\/uploads\/2025\/03\/dex-sari-3-tekerlekli-bisiklet-430x430.jpg 430w, https:\/\/www.flns.com.tr\/wp-content\/uploads\/2025\/03\/dex-sari-3-tekerlekli-bisiklet-700x700.jpg 700w, https:\/\/www.flns.com.tr\/wp-content\/uploads\/2025\/03\/dex-sari-3-tekerlekli-bisiklet.jpg 1500w\" sizes=\"(max-width: 150px) 100vw, 150px\" \/><\/a><\/p>\n","protected":false},"featured_media":28272,"comment_status":"open","ping_status":"closed","template":"","meta":[],"product_brand":[225],"product_cat":[204],"product_tag":[],"class_list":{"0":"post-28008","1":"product","2":"type-product","3":"status-publish","4":"has-post-thumbnail","6":"product_brand-momi","7":"product_cat-ride_on","9":"first","10":"instock","11":"taxable","12":"shipping-taxable","13":"purchasable","14":"product-type-simple"},"yoast_head":"<!-- This site is optimized with the Yoast SEO plugin v25.1 - https:\/\/yoast.com\/wordpress\/plugins\/seo\/ -->\n<title>MoMi DEX 3 Tekerlekli Denge Bisikleti Antrasit - FLNS<\/title>\n<meta name=\"robots\" content=\"index, follow, max-snippet:-1, max-image-preview:large, max-video-preview:-1\" \/>\n<link rel=\"canonical\" href=\"https:\/\/www.flns.com.tr\/index.php\/urun\/momi-dex-3-tekerlekli-denge-bisikleti-antrasit\/\" \/>\n<meta property=\"og:locale\" content=\"tr_TR\" \/>\n<meta property=\"og:type\" content=\"article\" \/>\n<meta property=\"og:title\" content=\"MoMi DEX 3 Tekerlekli Denge Bisikleti Antrasit - FLNS\" \/>\n<meta property=\"og:description\" content=\"MoMi DEX bisiklet 1 ya\u015f\u0131ndan b\u00fcy\u00fck \u00e7ocuklar i\u00e7in tasarlanm\u0131\u015f bir ara\u00e7t\u0131r. Kompakt yap\u0131s\u0131 sayesinde en k\u00fc\u00e7\u00fck \u00e7ocuklar i\u00e7in idealdir. Hem hafif hem de dengelidir. Dengeyi geli\u015ftirmeye yard\u0131mc\u0131 olur ve genel motor geli\u015fimini destekler. Ayarlanabilir koltuk y\u00fcksekli\u011fi ve katlanabilir bir g\u00f6vdeye sahiptir, bu da ta\u015f\u0131may\u0131 kolayla\u015ft\u0131r\u0131r. D\u0130\u011eER SE\u00c7ENEKLER\" \/>\n<meta property=\"og:url\" content=\"https:\/\/www.flns.com.tr\/index.php\/urun\/momi-dex-3-tekerlekli-denge-bisikleti-antrasit\/\" \/>\n<meta property=\"og:site_name\" content=\"FLNS\" \/>\n<meta property=\"article:modified_time\" content=\"2025-04-30T21:51:49+00:00\" \/>\n<meta property=\"og:image\" content=\"https:\/\/www.flns.com.tr\/wp-content\/uploads\/2025\/03\/dex-antrasit-3-tekerlekli-bisiklet.jpg\" \/>\n\t<meta property=\"og:image:width\" content=\"1500\" \/>\n\t<meta property=\"og:image:height\" content=\"1500\" \/>\n\t<meta property=\"og:image:type\" content=\"image\/jpeg\" \/>\n<meta name=\"twitter:card\" content=\"summary_large_image\" \/>\n<meta name=\"twitter:label1\" content=\"Tahmini okuma s\u00fcresi\" \/>\n\t<meta name=\"twitter:data1\" content=\"2 dakika\" \/>\n<script type=\"application\/ld+json\" class=\"yoast-schema-graph\">{\"@context\":\"https:\/\/schema.org\",\"@graph\":[{\"@type\":\"WebPage\",\"@id\":\"https:\/\/www.flns.com.tr\/index.php\/urun\/momi-dex-3-tekerlekli-denge-bisikleti-antrasit\/\",\"url\":\"https:\/\/www.flns.com.tr\/index.php\/urun\/momi-dex-3-tekerlekli-denge-bisikleti-antrasit\/\",\"name\":\"MoMi DEX 3 Tekerlekli Denge Bisikleti Antrasit - FLNS\",\"isPartOf\":{\"@id\":\"https:\/\/www.flns.com.tr\/#website\"},\"primaryImageOfPage\":{\"@id\":\"https:\/\/www.flns.com.tr\/index.php\/urun\/momi-dex-3-tekerlekli-denge-bisikleti-antrasit\/#primaryimage\"},\"image\":{\"@id\":\"https:\/\/www.flns.com.tr\/index.php\/urun\/momi-dex-3-tekerlekli-denge-bisikleti-antrasit\/#primaryimage\"},\"thumbnailUrl\":\"https:\/\/www.flns.com.tr\/wp-content\/uploads\/2025\/03\/dex-antrasit-3-tekerlekli-bisiklet.jpg\",\"datePublished\":\"2025-03-25T20:56:39+00:00\",\"dateModified\":\"2025-04-30T21:51:49+00:00\",\"breadcrumb\":{\"@id\":\"https:\/\/www.flns.com.tr\/index.php\/urun\/momi-dex-3-tekerlekli-denge-bisikleti-antrasit\/#breadcrumb\"},\"inLanguage\":\"tr\",\"potentialAction\":[{\"@type\":\"ReadAction\",\"target\":[\"https:\/\/www.flns.com.tr\/index.php\/urun\/momi-dex-3-tekerlekli-denge-bisikleti-antrasit\/\"]}]},{\"@type\":\"ImageObject\",\"inLanguage\":\"tr\",\"@id\":\"https:\/\/www.flns.com.tr\/index.php\/urun\/momi-dex-3-tekerlekli-denge-bisikleti-antrasit\/#primaryimage\",\"url\":\"https:\/\/www.flns.com.tr\/wp-content\/uploads\/2025\/03\/dex-antrasit-3-tekerlekli-bisiklet.jpg\",\"contentUrl\":\"https:\/\/www.flns.com.tr\/wp-content\/uploads\/2025\/03\/dex-antrasit-3-tekerlekli-bisiklet.jpg\",\"width\":1500,\"height\":1500,\"caption\":\"Geni\u015f a\u00e7\u0131dan, momi marka, dex model, antrasit, pedals\u0131z, \u00f6nde iki, arkada bir tekerlekli, katlanabilen, 1 ya\u015f \u00fcst\u00fc \u00e7ocuk i\u00e7in denge bisikleti\"},{\"@type\":\"BreadcrumbList\",\"@id\":\"https:\/\/www.flns.com.tr\/index.php\/urun\/momi-dex-3-tekerlekli-denge-bisikleti-antrasit\/#breadcrumb\",\"itemListElement\":[{\"@type\":\"ListItem\",\"position\":1,\"name\":\"Anasayfa\",\"item\":\"https:\/\/www.flns.com.tr\/\"},{\"@type\":\"ListItem\",\"position\":2,\"name\":\"Ma\u011faza\",\"item\":\"https:\/\/www.flns.com.tr\/index.php\/shop\/\"},{\"@type\":\"ListItem\",\"position\":3,\"name\":\"MoMi DEX 3 Tekerlekli Denge Bisikleti Antrasit\"}]},{\"@type\":\"WebSite\",\"@id\":\"https:\/\/www.flns.com.tr\/#website\",\"url\":\"https:\/\/www.flns.com.tr\/\",\"name\":\"FLNS\",\"description\":\"FUN LOVE NATURE SPORT\",\"publisher\":{\"@id\":\"https:\/\/www.flns.com.tr\/#organization\"},\"potentialAction\":[{\"@type\":\"SearchAction\",\"target\":{\"@type\":\"EntryPoint\",\"urlTemplate\":\"https:\/\/www.flns.com.tr\/?s={search_term_string}\"},\"query-input\":{\"@type\":\"PropertyValueSpecification\",\"valueRequired\":true,\"valueName\":\"search_term_string\"}}],\"inLanguage\":\"tr\"},{\"@type\":\"Organization\",\"@id\":\"https:\/\/www.flns.com.tr\/#organization\",\"name\":\"FLNS\",\"url\":\"https:\/\/www.flns.com.tr\/\",\"logo\":{\"@type\":\"ImageObject\",\"inLanguage\":\"tr\",\"@id\":\"https:\/\/www.flns.com.tr\/#\/schema\/logo\/image\/\",\"url\":\"https:\/\/www.flns.com.tr\/wp-content\/uploads\/2025\/03\/FLNS-LOGO.png\",\"contentUrl\":\"https:\/\/www.flns.com.tr\/wp-content\/uploads\/2025\/03\/FLNS-LOGO.png\",\"width\":4500,\"height\":2892,\"caption\":\"FLNS\"},\"image\":{\"@id\":\"https:\/\/www.flns.com.tr\/#\/schema\/logo\/image\/\"},\"sameAs\":[\"https:\/\/www.instagram.com\/f.l.n.s\"]}]}<\/script>\n<!-- \/ Yoast SEO plugin. -->","yoast_head_json":{"title":"MoMi DEX 3 Tekerlekli Denge Bisikleti Antrasit - FLNS","robots":{"index":"index","follow":"follow","max-snippet":"max-snippet:-1","max-image-preview":"max-image-preview:large","max-video-preview":"max-video-preview:-1"},"canonical":"https:\/\/www.flns.com.tr\/index.php\/urun\/momi-dex-3-tekerlekli-denge-bisikleti-antrasit\/","og_locale":"tr_TR","og_type":"article","og_title":"MoMi DEX 3 Tekerlekli Denge Bisikleti Antrasit - FLNS","og_description":"MoMi DEX bisiklet 1 ya\u015f\u0131ndan b\u00fcy\u00fck \u00e7ocuklar i\u00e7in tasarlanm\u0131\u015f bir ara\u00e7t\u0131r. Kompakt yap\u0131s\u0131 sayesinde en k\u00fc\u00e7\u00fck \u00e7ocuklar i\u00e7in idealdir. Hem hafif hem de dengelidir. Dengeyi geli\u015ftirmeye yard\u0131mc\u0131 olur ve genel motor geli\u015fimini destekler. Ayarlanabilir koltuk y\u00fcksekli\u011fi ve katlanabilir bir g\u00f6vdeye sahiptir, bu da ta\u015f\u0131may\u0131 kolayla\u015ft\u0131r\u0131r. D\u0130\u011eER SE\u00c7ENEKLER","og_url":"https:\/\/www.flns.com.tr\/index.php\/urun\/momi-dex-3-tekerlekli-denge-bisikleti-antrasit\/","og_site_name":"FLNS","article_modified_time":"2025-04-30T21:51:49+00:00","og_image":[{"width":1500,"height":1500,"url":"https:\/\/www.flns.com.tr\/wp-content\/uploads\/2025\/03\/dex-antrasit-3-tekerlekli-bisiklet.jpg","type":"image\/jpeg"}],"twitter_card":"summary_large_image","twitter_misc":{"Tahmini okuma s\u00fcresi":"2 dakika"},"schema":{"@context":"https:\/\/schema.org","@graph":[{"@type":"WebPage","@id":"https:\/\/www.flns.com.tr\/index.php\/urun\/momi-dex-3-tekerlekli-denge-bisikleti-antrasit\/","url":"https:\/\/www.flns.com.tr\/index.php\/urun\/momi-dex-3-tekerlekli-denge-bisikleti-antrasit\/","name":"MoMi DEX 3 Tekerlekli Denge Bisikleti Antrasit - FLNS","isPartOf":{"@id":"https:\/\/www.flns.com.tr\/#website"},"primaryImageOfPage":{"@id":"https:\/\/www.flns.com.tr\/index.php\/urun\/momi-dex-3-tekerlekli-denge-bisikleti-antrasit\/#primaryimage"},"image":{"@id":"https:\/\/www.flns.com.tr\/index.php\/urun\/momi-dex-3-tekerlekli-denge-bisikleti-antrasit\/#primaryimage"},"thumbnailUrl":"https:\/\/www.flns.com.tr\/wp-content\/uploads\/2025\/03\/dex-antrasit-3-tekerlekli-bisiklet.jpg","datePublished":"2025-03-25T20:56:39+00:00","dateModified":"2025-04-30T21:51:49+00:00","breadcrumb":{"@id":"https:\/\/www.flns.com.tr\/index.php\/urun\/momi-dex-3-tekerlekli-denge-bisikleti-antrasit\/#breadcrumb"},"inLanguage":"tr","potentialAction":[{"@type":"ReadAction","target":["https:\/\/www.flns.com.tr\/index.php\/urun\/momi-dex-3-tekerlekli-denge-bisikleti-antrasit\/"]}]},{"@type":"ImageObject","inLanguage":"tr","@id":"https:\/\/www.flns.com.tr\/index.php\/urun\/momi-dex-3-tekerlekli-denge-bisikleti-antrasit\/#primaryimage","url":"https:\/\/www.flns.com.tr\/wp-content\/uploads\/2025\/03\/dex-antrasit-3-tekerlekli-bisiklet.jpg","contentUrl":"https:\/\/www.flns.com.tr\/wp-content\/uploads\/2025\/03\/dex-antrasit-3-tekerlekli-bisiklet.jpg","width":1500,"height":1500,"caption":"Geni\u015f a\u00e7\u0131dan, momi marka, dex model, antrasit, pedals\u0131z, \u00f6nde iki, arkada bir tekerlekli, katlanabilen, 1 ya\u015f \u00fcst\u00fc \u00e7ocuk i\u00e7in denge bisikleti"},{"@type":"BreadcrumbList","@id":"https:\/\/www.flns.com.tr\/index.php\/urun\/momi-dex-3-tekerlekli-denge-bisikleti-antrasit\/#breadcrumb","itemListElement":[{"@type":"ListItem","position":1,"name":"Anasayfa","item":"https:\/\/www.flns.com.tr\/"},{"@type":"ListItem","position":2,"name":"Ma\u011faza","item":"https:\/\/www.flns.com.tr\/index.php\/shop\/"},{"@type":"ListItem","position":3,"name":"MoMi DEX 3 Tekerlekli Denge Bisikleti Antrasit"}]},{"@type":"WebSite","@id":"https:\/\/www.flns.com.tr\/#website","url":"https:\/\/www.flns.com.tr\/","name":"FLNS","description":"FUN LOVE NATURE SPORT","publisher":{"@id":"https:\/\/www.flns.com.tr\/#organization"},"potentialAction":[{"@type":"SearchAction","target":{"@type":"EntryPoint","urlTemplate":"https:\/\/www.flns.com.tr\/?s={search_term_string}"},"query-input":{"@type":"PropertyValueSpecification","valueRequired":true,"valueName":"search_term_string"}}],"inLanguage":"tr"},{"@type":"Organization","@id":"https:\/\/www.flns.com.tr\/#organization","name":"FLNS","url":"https:\/\/www.flns.com.tr\/","logo":{"@type":"ImageObject","inLanguage":"tr","@id":"https:\/\/www.flns.com.tr\/#\/schema\/logo\/image\/","url":"https:\/\/www.flns.com.tr\/wp-content\/uploads\/2025\/03\/FLNS-LOGO.png","contentUrl":"https:\/\/www.flns.com.tr\/wp-content\/uploads\/2025\/03\/FLNS-LOGO.png","width":4500,"height":2892,"caption":"FLNS"},"image":{"@id":"https:\/\/www.flns.com.tr\/#\/schema\/logo\/image\/"},"sameAs":["https:\/\/www.instagram.com\/f.l.n.s"]}]}},"_links":{"self":[{"href":"https:\/\/www.flns.com.tr\/index.php\/wp-json\/wp\/v2\/product\/28008","targetHints":{"allow":["GET"]}}],"collection":[{"href":"https:\/\/www.flns.com.tr\/index.php\/wp-json\/wp\/v2\/product"}],"about":[{"href":"https:\/\/www.flns.com.tr\/index.php\/wp-json\/wp\/v2\/types\/product"}],"replies":[{"embeddable":true,"href":"https:\/\/www.flns.com.tr\/index.php\/wp-json\/wp\/v2\/comments?post=28008"}],"version-history":[{"count":18,"href":"https:\/\/www.flns.com.tr\/index.php\/wp-json\/wp\/v2\/product\/28008\/revisions"}],"predecessor-version":[{"id":30985,"href":"https:\/\/www.flns.com.tr\/index.php\/wp-json\/wp\/v2\/product\/28008\/revisions\/30985"}],"wp:featuredmedia":[{"embeddable":true,"href":"https:\/\/www.flns.com.tr\/index.php\/wp-json\/wp\/v2\/media\/28272"}],"wp:attachment":[{"href":"https:\/\/www.flns.com.tr\/index.php\/wp-json\/wp\/v2\/media?parent=28008"}],"wp:term":[{"taxonomy":"product_brand","embeddable":true,"href":"https:\/\/www.flns.com.tr\/index.php\/wp-json\/wp\/v2\/product_brand?post=28008"},{"taxonomy":"product_cat","embeddable":true,"href":"https:\/\/www.flns.com.tr\/index.php\/wp-json\/wp\/v2\/product_cat?post=28008"},{"taxonomy":"product_tag","embeddable":true,"href":"https:\/\/www.flns.com.tr\/index.php\/wp-json\/wp\/v2\/product_tag?post=28008"}],"curies":[{"name":"wp","href":"https:\/\/api.w.org\/{rel}","templated":true}]}}