{"id":28011,"date":"2025-03-25T23:56:40","date_gmt":"2025-03-25T20:56:40","guid":{"rendered":"https:\/\/www.flns.com.tr\/index.php\/urun\/momi-tedi-1-yas-bisiklet-acik-mavi\/"},"modified":"2025-05-01T00:56:53","modified_gmt":"2025-04-30T21:56:53","slug":"momi-tedi-1-yas-bisiklet-acik-mavi","status":"publish","type":"product","link":"https:\/\/www.flns.com.tr\/index.php\/urun\/momi-tedi-1-yas-bisiklet-acik-mavi\/","title":{"rendered":"MoMi Tedi 1 Ya\u015f Bisiklet A\u00e7\u0131k Mavi"},"content":{"rendered":"\t\t<div data-elementor-type=\"wp-post\" data-elementor-id=\"28011\" class=\"elementor elementor-28011\">\n\t\t\t\t<div class=\"wd-negative-gap elementor-element elementor-element-41d6855 e-flex e-con-boxed e-con e-parent\" data-id=\"41d6855\" data-element_type=\"container\">\n\t\t\t\t\t<div class=\"e-con-inner\">\n\t\t<div class=\"elementor-element elementor-element-d34b87f e-con-full e-flex e-con e-child\" data-id=\"d34b87f\" data-element_type=\"container\">\n\t\t\t\t<div class=\"elementor-element elementor-element-cca7626 elementor-widget elementor-widget-wd_text_block\" data-id=\"cca7626\" data-element_type=\"widget\" data-widget_type=\"wd_text_block.default\">\n\t\t\t\t<div class=\"elementor-widget-container\">\n\t\t\t\t\t\t\t<div class=\"wd-text-block reset-last-child text-left\">\n\t\t\t\n\t\t\t<p><strong>\u00dcR\u00dcN \u00d6ZELL\u0130KLER\u0130<\/strong><\/p><ul><li>1 ila 3 ya\u015f aras\u0131 \u00e7ocuklar i\u00e7in tasarlanm\u0131\u015ft\u0131r<\/li><li>Kaymaz sapl\u0131 gidon<\/li><li>Sa\u011flam al\u00fcminyum g\u00f6vde<\/li><li>Montaj\u0131 kolay<\/li><li>Zemine zarar vermeyen tekerlekler<\/li><li>\u0130\u00e7 ve d\u0131\u015f mekan kullan\u0131m\u0131<\/li><li>Maksimum kapasite: 25 kg<\/li><\/ul><p><strong>\u00dcR\u00dcN A\u011eIRLI\u011eI:<\/strong> 1,2 kg<\/p><p><strong>BOYUTLAR:<\/strong> 56 cm x 36 cm x 24 cm<\/p><p><strong>STANDARTLAR:<\/strong> EN 71-1, EN 71-2, EN 71-3<\/p><p><strong>PAKET BOYUTLARI:<\/strong> 43 cm x 20 cm x 16,5 cm<\/p><p><strong>MALZEMELER:<\/strong> PP, Al\u00fcminyum, Poli\u00fcretan<\/p><p><strong>\u00dcRET\u0130C\u0130 GARANT\u0130S\u0130:<\/strong> 24 ay<\/p>\n\t\t\t\t\t<\/div>\n\t\t\t\t\t\t<\/div>\n\t\t\t\t<\/div>\n\t\t\t\t<\/div>\n\t\t<div class=\"elementor-element elementor-element-d0bdbe8 e-con-full e-flex e-con e-child\" data-id=\"d0bdbe8\" data-element_type=\"container\">\n\t\t\t\t<div class=\"elementor-element elementor-element-261b217 elementor-widget elementor-widget-wd_image_or_svg\" data-id=\"261b217\" data-element_type=\"widget\" data-widget_type=\"wd_image_or_svg.default\">\n\t\t\t\t<div class=\"elementor-widget-container\">\n\t\t\t\t\t\n\t\t<div class=\"wd-image text-center\">\n\t\t\t\t\t\t\t\t<img fetchpriority=\"high\" decoding=\"async\" width=\"512\" height=\"768\" src=\"https:\/\/www.flns.com.tr\/wp-content\/uploads\/2025\/03\/tedi-life-style-512x768-1.jpg\" class=\"attachment-full size-full\" alt=\"\" srcset=\"https:\/\/www.flns.com.tr\/wp-content\/uploads\/2025\/03\/tedi-life-style-512x768-1.jpg 512w, https:\/\/www.flns.com.tr\/wp-content\/uploads\/2025\/03\/tedi-life-style-512x768-1-200x300.jpg 200w, https:\/\/www.flns.com.tr\/wp-content\/uploads\/2025\/03\/tedi-life-style-512x768-1-430x645.jpg 430w, https:\/\/www.flns.com.tr\/wp-content\/uploads\/2025\/03\/tedi-life-style-512x768-1-150x225.jpg 150w\" sizes=\"(max-width: 512px) 100vw, 512px\" \/>\t\t\t\t\t<\/div>\n\n\t\t\t\t\t\t<\/div>\n\t\t\t\t<\/div>\n\t\t\t\t<\/div>\n\t\t\t\t\t<\/div>\n\t\t\t\t<\/div>\n\t\t<div class=\"wd-negative-gap elementor-element elementor-element-ac950ab e-flex e-con-boxed e-con e-parent\" data-id=\"ac950ab\" data-element_type=\"container\">\n\t\t\t\t\t<div class=\"e-con-inner\">\n\t\t\t\t<div class=\"elementor-element elementor-element-afac454 elementor-widget elementor-widget-spacer\" data-id=\"afac454\" data-element_type=\"widget\" data-widget_type=\"spacer.default\">\n\t\t\t\t<div class=\"elementor-widget-container\">\n\t\t\t\t\t\t\t<div class=\"elementor-spacer\">\n\t\t\t<div class=\"elementor-spacer-inner\"><\/div>\n\t\t<\/div>\n\t\t\t\t\t\t<\/div>\n\t\t\t\t<\/div>\n\t\t\t\t<div class=\"elementor-element elementor-element-8ffdd14 elementor-widget elementor-widget-wd_text_block\" data-id=\"8ffdd14\" data-element_type=\"widget\" data-widget_type=\"wd_text_block.default\">\n\t\t\t\t<div class=\"elementor-widget-container\">\n\t\t\t\t\t\t\t<div class=\"wd-text-block reset-last-child text-left\">\n\t\t\t\n\t\t\t<p>MoMi TEDI, k\u00fc\u00e7\u00fck bir sporcu i\u00e7in m\u00fckemmel olan hafif ve konforlu bir bisiklettir ve bir\u00e7ok avantaj\u0131 vard\u0131r:<\/p><ol><li>Denge \u2013 iki geni\u015f arka tekerlek taraf\u0131ndan sa\u011flan\u0131r. 1 ya\u015f\u0131ndan itibaren en k\u00fc\u00e7\u00fck kullan\u0131c\u0131lar i\u00e7in g\u00fcvenlidir.<\/li><li>Sa\u011flam ve hafif yap\u0131 \u2013 MoMi TEDI'nin \u015fasesi 1 ya\u015f\u0131ndaki bir \u00e7ocuk i\u00e7in bile hafiftir, ayn\u0131 zamanda etraf\u0131ndaki her \u015feye \u00e7arpmaya kar\u015f\u0131 dayan\u0131kl\u0131d\u0131r.<\/li><li>1 ya\u015f\u0131ndan itibaren \u00e7ocuklar i\u00e7in uygundur.<\/li><\/ol>\n\t\t\t\t\t<\/div>\n\t\t\t\t\t\t<\/div>\n\t\t\t\t<\/div>\n\t\t\t\t<div class=\"elementor-element elementor-element-c8d3335 elementor-widget elementor-widget-spacer\" data-id=\"c8d3335\" data-element_type=\"widget\" data-widget_type=\"spacer.default\">\n\t\t\t\t<div class=\"elementor-widget-container\">\n\t\t\t\t\t\t\t<div class=\"elementor-spacer\">\n\t\t\t<div class=\"elementor-spacer-inner\"><\/div>\n\t\t<\/div>\n\t\t\t\t\t\t<\/div>\n\t\t\t\t<\/div>\n\t\t\t\t<div class=\"elementor-element elementor-element-48d1940 elementor-widget elementor-widget-wd_image_or_svg\" data-id=\"48d1940\" data-element_type=\"widget\" data-widget_type=\"wd_image_or_svg.default\">\n\t\t\t\t<div class=\"elementor-widget-container\">\n\t\t\t\t\t\n\t\t<div class=\"wd-image text-center\">\n\t\t\t\t\t\t\t\t<img decoding=\"async\" width=\"768\" height=\"512\" src=\"https:\/\/www.flns.com.tr\/wp-content\/uploads\/2025\/03\/tedi-life-style-768x512-1.jpg\" class=\"attachment-full size-full\" alt=\"\" srcset=\"https:\/\/www.flns.com.tr\/wp-content\/uploads\/2025\/03\/tedi-life-style-768x512-1.jpg 768w, https:\/\/www.flns.com.tr\/wp-content\/uploads\/2025\/03\/tedi-life-style-768x512-1-400x267.jpg 400w, https:\/\/www.flns.com.tr\/wp-content\/uploads\/2025\/03\/tedi-life-style-768x512-1-430x287.jpg 430w, https:\/\/www.flns.com.tr\/wp-content\/uploads\/2025\/03\/tedi-life-style-768x512-1-700x467.jpg 700w, https:\/\/www.flns.com.tr\/wp-content\/uploads\/2025\/03\/tedi-life-style-768x512-1-150x100.jpg 150w\" sizes=\"(max-width: 768px) 100vw, 768px\" \/>\t\t\t\t\t<\/div>\n\n\t\t\t\t\t\t<\/div>\n\t\t\t\t<\/div>\n\t\t\t\t\t<\/div>\n\t\t\t\t<\/div>\n\t\t\t\t<\/div>\n\t\t","protected":false},"excerpt":{"rendered":"<p>MoMi TEDI, bir \u00e7ocu\u011fun ilk bisikletidir. E\u011flenirken m\u00fckemmel denge sahibi olmaya yard\u0131mc\u0131 olur ve motor becerilerini destekler. MoMi TEDI, zemine zarar vermeyen tekerleklere sahiptir, bu nedenle hem i\u00e7 hem de d\u0131\u015f mekanlarda kullan\u0131labilir. Geziler ve ev maceralar\u0131 s\u0131ras\u0131nda \u00e7ocu\u011funuz i\u00e7in harika bir arkada\u015ft\u0131r!<\/p>\n<p style=\"text-align: center;\"><strong>D\u0130\u011eER SE\u00c7ENEKLER<\/strong><\/p>\n<p style=\"text-align: center;\"><a href=\"\/index.php\/urun\/momi-tedi-1-yas-bisiklet-pembe\/\"><img decoding=\"async\" class=\"alignnone wp-image-29004 size-thumbnail\" src=\"https:\/\/www.flns.com.tr\/wp-content\/themes\/woodmart\/images\/lazy.svg\" data-src=\"https:\/\/www.flns.com.tr\/wp-content\/uploads\/2025\/03\/tedi-1-yas-bisiklet-pembe-150x150.jpg\" alt=\"\" width=\"150\" height=\"150\" srcset=\"\" data-srcset=\"https:\/\/www.flns.com.tr\/wp-content\/uploads\/2025\/03\/tedi-1-yas-bisiklet-pembe-150x150.jpg 150w, https:\/\/www.flns.com.tr\/wp-content\/uploads\/2025\/03\/tedi-1-yas-bisiklet-pembe-300x300.jpg 300w, https:\/\/www.flns.com.tr\/wp-content\/uploads\/2025\/03\/tedi-1-yas-bisiklet-pembe-800x800.jpg 800w, https:\/\/www.flns.com.tr\/wp-content\/uploads\/2025\/03\/tedi-1-yas-bisiklet-pembe-768x768.jpg 768w, https:\/\/www.flns.com.tr\/wp-content\/uploads\/2025\/03\/tedi-1-yas-bisiklet-pembe-430x430.jpg 430w, https:\/\/www.flns.com.tr\/wp-content\/uploads\/2025\/03\/tedi-1-yas-bisiklet-pembe-700x700.jpg 700w, https:\/\/www.flns.com.tr\/wp-content\/uploads\/2025\/03\/tedi-1-yas-bisiklet-pembe.jpg 1500w\" sizes=\"(max-width: 150px) 100vw, 150px\" \/><\/a> <a href=\"\/index.php\/urun\/momi-tedi-1-yas-bisiklet-yesil\/\"><img loading=\"lazy\" decoding=\"async\" class=\"alignnone wp-image-28992 size-thumbnail\" src=\"https:\/\/www.flns.com.tr\/wp-content\/themes\/woodmart\/images\/lazy.svg\" data-src=\"https:\/\/www.flns.com.tr\/wp-content\/uploads\/2025\/03\/tedi-1-yas-bisiklet-yesil-150x150.jpg\" alt=\"\" width=\"150\" height=\"150\" srcset=\"\" data-srcset=\"https:\/\/www.flns.com.tr\/wp-content\/uploads\/2025\/03\/tedi-1-yas-bisiklet-yesil-150x150.jpg 150w, https:\/\/www.flns.com.tr\/wp-content\/uploads\/2025\/03\/tedi-1-yas-bisiklet-yesil-300x300.jpg 300w, https:\/\/www.flns.com.tr\/wp-content\/uploads\/2025\/03\/tedi-1-yas-bisiklet-yesil-800x800.jpg 800w, https:\/\/www.flns.com.tr\/wp-content\/uploads\/2025\/03\/tedi-1-yas-bisiklet-yesil-768x768.jpg 768w, https:\/\/www.flns.com.tr\/wp-content\/uploads\/2025\/03\/tedi-1-yas-bisiklet-yesil-430x430.jpg 430w, https:\/\/www.flns.com.tr\/wp-content\/uploads\/2025\/03\/tedi-1-yas-bisiklet-yesil-700x700.jpg 700w, https:\/\/www.flns.com.tr\/wp-content\/uploads\/2025\/03\/tedi-1-yas-bisiklet-yesil.jpg 1500w\" sizes=\"(max-width: 150px) 100vw, 150px\" \/><\/a><\/p>\n","protected":false},"featured_media":28979,"comment_status":"open","ping_status":"closed","template":"","meta":[],"product_brand":[225],"product_cat":[204],"product_tag":[],"class_list":{"0":"post-28011","1":"product","2":"type-product","3":"status-publish","4":"has-post-thumbnail","6":"product_brand-momi","7":"product_cat-ride_on","9":"first","10":"instock","11":"taxable","12":"shipping-taxable","13":"purchasable","14":"product-type-simple"},"yoast_head":"<!-- This site is optimized with the Yoast SEO plugin v25.1 - https:\/\/yoast.com\/wordpress\/plugins\/seo\/ -->\n<title>MoMi Tedi 1 Ya\u015f Bisiklet A\u00e7\u0131k Mavi - FLNS<\/title>\n<meta name=\"robots\" content=\"index, follow, max-snippet:-1, max-image-preview:large, max-video-preview:-1\" \/>\n<link rel=\"canonical\" href=\"https:\/\/www.flns.com.tr\/index.php\/urun\/momi-tedi-1-yas-bisiklet-acik-mavi\/\" \/>\n<meta property=\"og:locale\" content=\"tr_TR\" \/>\n<meta property=\"og:type\" content=\"article\" \/>\n<meta property=\"og:title\" content=\"MoMi Tedi 1 Ya\u015f Bisiklet A\u00e7\u0131k Mavi - FLNS\" \/>\n<meta property=\"og:description\" content=\"MoMi TEDI, bir \u00e7ocu\u011fun ilk bisikletidir. E\u011flenirken m\u00fckemmel denge sahibi olmaya yard\u0131mc\u0131 olur ve motor becerilerini destekler. MoMi TEDI, zemine zarar vermeyen tekerleklere sahiptir, bu nedenle hem i\u00e7 hem de d\u0131\u015f mekanlarda kullan\u0131labilir. Geziler ve ev maceralar\u0131 s\u0131ras\u0131nda \u00e7ocu\u011funuz i\u00e7in harika bir arkada\u015ft\u0131r! D\u0130\u011eER SE\u00c7ENEKLER\" \/>\n<meta property=\"og:url\" content=\"https:\/\/www.flns.com.tr\/index.php\/urun\/momi-tedi-1-yas-bisiklet-acik-mavi\/\" \/>\n<meta property=\"og:site_name\" content=\"FLNS\" \/>\n<meta property=\"article:modified_time\" content=\"2025-04-30T21:56:53+00:00\" \/>\n<meta property=\"og:image\" content=\"https:\/\/www.flns.com.tr\/wp-content\/uploads\/2025\/03\/tedi-1-yas-bisiklet-mavi.jpg\" \/>\n\t<meta property=\"og:image:width\" content=\"1500\" \/>\n\t<meta property=\"og:image:height\" content=\"1500\" \/>\n\t<meta property=\"og:image:type\" content=\"image\/jpeg\" \/>\n<meta name=\"twitter:card\" content=\"summary_large_image\" \/>\n<meta name=\"twitter:label1\" content=\"Tahmini okuma s\u00fcresi\" \/>\n\t<meta name=\"twitter:data1\" content=\"2 dakika\" \/>\n<script type=\"application\/ld+json\" class=\"yoast-schema-graph\">{\"@context\":\"https:\/\/schema.org\",\"@graph\":[{\"@type\":\"WebPage\",\"@id\":\"https:\/\/www.flns.com.tr\/index.php\/urun\/momi-tedi-1-yas-bisiklet-acik-mavi\/\",\"url\":\"https:\/\/www.flns.com.tr\/index.php\/urun\/momi-tedi-1-yas-bisiklet-acik-mavi\/\",\"name\":\"MoMi Tedi 1 Ya\u015f Bisiklet A\u00e7\u0131k Mavi - FLNS\",\"isPartOf\":{\"@id\":\"https:\/\/www.flns.com.tr\/#website\"},\"primaryImageOfPage\":{\"@id\":\"https:\/\/www.flns.com.tr\/index.php\/urun\/momi-tedi-1-yas-bisiklet-acik-mavi\/#primaryimage\"},\"image\":{\"@id\":\"https:\/\/www.flns.com.tr\/index.php\/urun\/momi-tedi-1-yas-bisiklet-acik-mavi\/#primaryimage\"},\"thumbnailUrl\":\"https:\/\/www.flns.com.tr\/wp-content\/uploads\/2025\/03\/tedi-1-yas-bisiklet-mavi.jpg\",\"datePublished\":\"2025-03-25T20:56:40+00:00\",\"dateModified\":\"2025-04-30T21:56:53+00:00\",\"breadcrumb\":{\"@id\":\"https:\/\/www.flns.com.tr\/index.php\/urun\/momi-tedi-1-yas-bisiklet-acik-mavi\/#breadcrumb\"},\"inLanguage\":\"tr\",\"potentialAction\":[{\"@type\":\"ReadAction\",\"target\":[\"https:\/\/www.flns.com.tr\/index.php\/urun\/momi-tedi-1-yas-bisiklet-acik-mavi\/\"]}]},{\"@type\":\"ImageObject\",\"inLanguage\":\"tr\",\"@id\":\"https:\/\/www.flns.com.tr\/index.php\/urun\/momi-tedi-1-yas-bisiklet-acik-mavi\/#primaryimage\",\"url\":\"https:\/\/www.flns.com.tr\/wp-content\/uploads\/2025\/03\/tedi-1-yas-bisiklet-mavi.jpg\",\"contentUrl\":\"https:\/\/www.flns.com.tr\/wp-content\/uploads\/2025\/03\/tedi-1-yas-bisiklet-mavi.jpg\",\"width\":1500,\"height\":1500},{\"@type\":\"BreadcrumbList\",\"@id\":\"https:\/\/www.flns.com.tr\/index.php\/urun\/momi-tedi-1-yas-bisiklet-acik-mavi\/#breadcrumb\",\"itemListElement\":[{\"@type\":\"ListItem\",\"position\":1,\"name\":\"Anasayfa\",\"item\":\"https:\/\/www.flns.com.tr\/\"},{\"@type\":\"ListItem\",\"position\":2,\"name\":\"Ma\u011faza\",\"item\":\"https:\/\/www.flns.com.tr\/index.php\/shop\/\"},{\"@type\":\"ListItem\",\"position\":3,\"name\":\"MoMi Tedi 1 Ya\u015f Bisiklet A\u00e7\u0131k Mavi\"}]},{\"@type\":\"WebSite\",\"@id\":\"https:\/\/www.flns.com.tr\/#website\",\"url\":\"https:\/\/www.flns.com.tr\/\",\"name\":\"FLNS\",\"description\":\"FUN LOVE NATURE SPORT\",\"publisher\":{\"@id\":\"https:\/\/www.flns.com.tr\/#organization\"},\"potentialAction\":[{\"@type\":\"SearchAction\",\"target\":{\"@type\":\"EntryPoint\",\"urlTemplate\":\"https:\/\/www.flns.com.tr\/?s={search_term_string}\"},\"query-input\":{\"@type\":\"PropertyValueSpecification\",\"valueRequired\":true,\"valueName\":\"search_term_string\"}}],\"inLanguage\":\"tr\"},{\"@type\":\"Organization\",\"@id\":\"https:\/\/www.flns.com.tr\/#organization\",\"name\":\"FLNS\",\"url\":\"https:\/\/www.flns.com.tr\/\",\"logo\":{\"@type\":\"ImageObject\",\"inLanguage\":\"tr\",\"@id\":\"https:\/\/www.flns.com.tr\/#\/schema\/logo\/image\/\",\"url\":\"https:\/\/www.flns.com.tr\/wp-content\/uploads\/2025\/03\/FLNS-LOGO.png\",\"contentUrl\":\"https:\/\/www.flns.com.tr\/wp-content\/uploads\/2025\/03\/FLNS-LOGO.png\",\"width\":4500,\"height\":2892,\"caption\":\"FLNS\"},\"image\":{\"@id\":\"https:\/\/www.flns.com.tr\/#\/schema\/logo\/image\/\"},\"sameAs\":[\"https:\/\/www.instagram.com\/f.l.n.s\"]}]}<\/script>\n<!-- \/ Yoast SEO plugin. -->","yoast_head_json":{"title":"MoMi Tedi 1 Ya\u015f Bisiklet A\u00e7\u0131k Mavi - FLNS","robots":{"index":"index","follow":"follow","max-snippet":"max-snippet:-1","max-image-preview":"max-image-preview:large","max-video-preview":"max-video-preview:-1"},"canonical":"https:\/\/www.flns.com.tr\/index.php\/urun\/momi-tedi-1-yas-bisiklet-acik-mavi\/","og_locale":"tr_TR","og_type":"article","og_title":"MoMi Tedi 1 Ya\u015f Bisiklet A\u00e7\u0131k Mavi - FLNS","og_description":"MoMi TEDI, bir \u00e7ocu\u011fun ilk bisikletidir. E\u011flenirken m\u00fckemmel denge sahibi olmaya yard\u0131mc\u0131 olur ve motor becerilerini destekler. MoMi TEDI, zemine zarar vermeyen tekerleklere sahiptir, bu nedenle hem i\u00e7 hem de d\u0131\u015f mekanlarda kullan\u0131labilir. Geziler ve ev maceralar\u0131 s\u0131ras\u0131nda \u00e7ocu\u011funuz i\u00e7in harika bir arkada\u015ft\u0131r! D\u0130\u011eER SE\u00c7ENEKLER","og_url":"https:\/\/www.flns.com.tr\/index.php\/urun\/momi-tedi-1-yas-bisiklet-acik-mavi\/","og_site_name":"FLNS","article_modified_time":"2025-04-30T21:56:53+00:00","og_image":[{"width":1500,"height":1500,"url":"https:\/\/www.flns.com.tr\/wp-content\/uploads\/2025\/03\/tedi-1-yas-bisiklet-mavi.jpg","type":"image\/jpeg"}],"twitter_card":"summary_large_image","twitter_misc":{"Tahmini okuma s\u00fcresi":"2 dakika"},"schema":{"@context":"https:\/\/schema.org","@graph":[{"@type":"WebPage","@id":"https:\/\/www.flns.com.tr\/index.php\/urun\/momi-tedi-1-yas-bisiklet-acik-mavi\/","url":"https:\/\/www.flns.com.tr\/index.php\/urun\/momi-tedi-1-yas-bisiklet-acik-mavi\/","name":"MoMi Tedi 1 Ya\u015f Bisiklet A\u00e7\u0131k Mavi - FLNS","isPartOf":{"@id":"https:\/\/www.flns.com.tr\/#website"},"primaryImageOfPage":{"@id":"https:\/\/www.flns.com.tr\/index.php\/urun\/momi-tedi-1-yas-bisiklet-acik-mavi\/#primaryimage"},"image":{"@id":"https:\/\/www.flns.com.tr\/index.php\/urun\/momi-tedi-1-yas-bisiklet-acik-mavi\/#primaryimage"},"thumbnailUrl":"https:\/\/www.flns.com.tr\/wp-content\/uploads\/2025\/03\/tedi-1-yas-bisiklet-mavi.jpg","datePublished":"2025-03-25T20:56:40+00:00","dateModified":"2025-04-30T21:56:53+00:00","breadcrumb":{"@id":"https:\/\/www.flns.com.tr\/index.php\/urun\/momi-tedi-1-yas-bisiklet-acik-mavi\/#breadcrumb"},"inLanguage":"tr","potentialAction":[{"@type":"ReadAction","target":["https:\/\/www.flns.com.tr\/index.php\/urun\/momi-tedi-1-yas-bisiklet-acik-mavi\/"]}]},{"@type":"ImageObject","inLanguage":"tr","@id":"https:\/\/www.flns.com.tr\/index.php\/urun\/momi-tedi-1-yas-bisiklet-acik-mavi\/#primaryimage","url":"https:\/\/www.flns.com.tr\/wp-content\/uploads\/2025\/03\/tedi-1-yas-bisiklet-mavi.jpg","contentUrl":"https:\/\/www.flns.com.tr\/wp-content\/uploads\/2025\/03\/tedi-1-yas-bisiklet-mavi.jpg","width":1500,"height":1500},{"@type":"BreadcrumbList","@id":"https:\/\/www.flns.com.tr\/index.php\/urun\/momi-tedi-1-yas-bisiklet-acik-mavi\/#breadcrumb","itemListElement":[{"@type":"ListItem","position":1,"name":"Anasayfa","item":"https:\/\/www.flns.com.tr\/"},{"@type":"ListItem","position":2,"name":"Ma\u011faza","item":"https:\/\/www.flns.com.tr\/index.php\/shop\/"},{"@type":"ListItem","position":3,"name":"MoMi Tedi 1 Ya\u015f Bisiklet A\u00e7\u0131k Mavi"}]},{"@type":"WebSite","@id":"https:\/\/www.flns.com.tr\/#website","url":"https:\/\/www.flns.com.tr\/","name":"FLNS","description":"FUN LOVE NATURE SPORT","publisher":{"@id":"https:\/\/www.flns.com.tr\/#organization"},"potentialAction":[{"@type":"SearchAction","target":{"@type":"EntryPoint","urlTemplate":"https:\/\/www.flns.com.tr\/?s={search_term_string}"},"query-input":{"@type":"PropertyValueSpecification","valueRequired":true,"valueName":"search_term_string"}}],"inLanguage":"tr"},{"@type":"Organization","@id":"https:\/\/www.flns.com.tr\/#organization","name":"FLNS","url":"https:\/\/www.flns.com.tr\/","logo":{"@type":"ImageObject","inLanguage":"tr","@id":"https:\/\/www.flns.com.tr\/#\/schema\/logo\/image\/","url":"https:\/\/www.flns.com.tr\/wp-content\/uploads\/2025\/03\/FLNS-LOGO.png","contentUrl":"https:\/\/www.flns.com.tr\/wp-content\/uploads\/2025\/03\/FLNS-LOGO.png","width":4500,"height":2892,"caption":"FLNS"},"image":{"@id":"https:\/\/www.flns.com.tr\/#\/schema\/logo\/image\/"},"sameAs":["https:\/\/www.instagram.com\/f.l.n.s"]}]}},"_links":{"self":[{"href":"https:\/\/www.flns.com.tr\/index.php\/wp-json\/wp\/v2\/product\/28011","targetHints":{"allow":["GET"]}}],"collection":[{"href":"https:\/\/www.flns.com.tr\/index.php\/wp-json\/wp\/v2\/product"}],"about":[{"href":"https:\/\/www.flns.com.tr\/index.php\/wp-json\/wp\/v2\/types\/product"}],"replies":[{"embeddable":true,"href":"https:\/\/www.flns.com.tr\/index.php\/wp-json\/wp\/v2\/comments?post=28011"}],"version-history":[{"count":16,"href":"https:\/\/www.flns.com.tr\/index.php\/wp-json\/wp\/v2\/product\/28011\/revisions"}],"predecessor-version":[{"id":31009,"href":"https:\/\/www.flns.com.tr\/index.php\/wp-json\/wp\/v2\/product\/28011\/revisions\/31009"}],"wp:featuredmedia":[{"embeddable":true,"href":"https:\/\/www.flns.com.tr\/index.php\/wp-json\/wp\/v2\/media\/28979"}],"wp:attachment":[{"href":"https:\/\/www.flns.com.tr\/index.php\/wp-json\/wp\/v2\/media?parent=28011"}],"wp:term":[{"taxonomy":"product_brand","embeddable":true,"href":"https:\/\/www.flns.com.tr\/index.php\/wp-json\/wp\/v2\/product_brand?post=28011"},{"taxonomy":"product_cat","embeddable":true,"href":"https:\/\/www.flns.com.tr\/index.php\/wp-json\/wp\/v2\/product_cat?post=28011"},{"taxonomy":"product_tag","embeddable":true,"href":"https:\/\/www.flns.com.tr\/index.php\/wp-json\/wp\/v2\/product_tag?post=28011"}],"curies":[{"name":"wp","href":"https:\/\/api.w.org\/{rel}","templated":true}]}}