{"id":28014,"date":"2025-03-25T23:56:41","date_gmt":"2025-03-25T20:56:41","guid":{"rendered":"https:\/\/www.flns.com.tr\/index.php\/urun\/momi-solivia-4-in-1-uc-tekerlekli-bisiklet-gri\/"},"modified":"2025-05-01T00:55:35","modified_gmt":"2025-04-30T21:55:35","slug":"momi-solivia-4-in-1-uc-tekerlekli-bisiklet-gri","status":"publish","type":"product","link":"https:\/\/www.flns.com.tr\/index.php\/urun\/momi-solivia-4-in-1-uc-tekerlekli-bisiklet-gri\/","title":{"rendered":"MoMi SOLIVIA 4in1 \u00dc\u00e7 Tekerlekli Bisiklet Gri"},"content":{"rendered":"\t\t<div data-elementor-type=\"wp-post\" data-elementor-id=\"28014\" class=\"elementor elementor-28014\">\n\t\t\t\t<div class=\"wd-negative-gap elementor-element elementor-element-310fc4e e-flex e-con-boxed e-con e-parent\" data-id=\"310fc4e\" data-element_type=\"container\">\n\t\t\t\t\t<div class=\"e-con-inner\">\n\t\t<div class=\"elementor-element elementor-element-6dd58e8 e-con-full e-flex e-con e-child\" data-id=\"6dd58e8\" data-element_type=\"container\">\n\t\t\t\t<div class=\"elementor-element elementor-element-228e73c elementor-widget elementor-widget-wd_text_block\" data-id=\"228e73c\" data-element_type=\"widget\" data-widget_type=\"wd_text_block.default\">\n\t\t\t\t<div class=\"elementor-widget-container\">\n\t\t\t\t\t\t\t<div class=\"wd-text-block reset-last-child text-left\">\n\t\t\t\n\t\t\t<p><strong>\u00dcR\u00dcN \u00d6ZELL\u0130KLER\u0130<\/strong><\/p><ul><li>4'\u00fc 1 arada:<\/li><li>S\u00f6k\u00fclebilir tente<\/li><li>Tentenin y\u00fcksekli\u011fi i\u00e7in 2 pozisyon<\/li><li>S\u00f6k\u00fclebilen 5 noktal\u0131 emniyet kemerleri<\/li><li>Katlanabilir g\u00f6vde, alet gerektirmez<\/li><li>\u00c7\u0131kar\u0131labilir s\u0131rt dayana\u011f\u0131, koruma bar\u0131 ve ebeveyn i\u00e7in kontrol kolu<\/li><li>D\u00f6ner tekerlek \u00f6zelli\u011fi<\/li><li>Tekerlekler: \u00f6n 8\", arka 7\"<\/li><li>Serbest gidon \u00f6zelli\u011fi<\/li><li>Tek d\u00fc\u011fmeyle koltuk ve gidon y\u00fcksekli\u011fi ayar\u0131<\/li><li>Ba\u015f dayana\u011f\u0131 y\u00fckseklik ayar\u0131<\/li><li>Ebeveyn i\u00e7in teleskopik tutamak<\/li><li>Yumu\u015fak eko-deri ile kapl\u0131 koltuk, s\u0131rt dayana\u011f\u0131, ba\u015f dayana\u011f\u0131 ve koruma bar\u0131<\/li><li>Aksesuarlar dahil (bardak tutucu, \u00e7anta)<\/li><li>12 ayl\u0131ktan itibaren<\/li><li>En fazla: 25 kg<\/li><li>Avrupa Birli\u011fi standartlar\u0131na uygundur<\/li><\/ul><p><strong>\u00dcR\u00dcN A\u011eIRLI\u011eI:<\/strong> 10 kg<\/p><p><strong>BOYUTLAR:<\/strong> 91 cm x 50 cm x 77-91 cm<\/p><p><strong>STANDARTLAR:<\/strong> EN 71-1, EN 71-2, EN 71-3<\/p><p><strong>PAKET BOYUTLARI:<\/strong> 34 cm x 33 cm x 53 cm<\/p><p><strong>MALZEMELER:<\/strong> Al\u00fcminyum, Plastik, PE, EVA k\u00f6p\u00fck<\/p><p><strong>\u00dcRET\u0130C\u0130 GARANT\u0130S\u0130:<\/strong> 24 ay<\/p>\n\t\t\t\t\t<\/div>\n\t\t\t\t\t\t<\/div>\n\t\t\t\t<\/div>\n\t\t\t\t<\/div>\n\t\t<div class=\"elementor-element elementor-element-a505f1f e-con-full e-flex e-con e-child\" data-id=\"a505f1f\" data-element_type=\"container\">\n\t\t\t\t<div class=\"elementor-element elementor-element-eac0c81 elementor-widget elementor-widget-wd_image_or_svg\" data-id=\"eac0c81\" data-element_type=\"widget\" data-widget_type=\"wd_image_or_svg.default\">\n\t\t\t\t<div class=\"elementor-widget-container\">\n\t\t\t\t\t\n\t\t<div class=\"wd-image text-center\">\n\t\t\t\t\t\t\t\t<img fetchpriority=\"high\" decoding=\"async\" width=\"512\" height=\"768\" src=\"https:\/\/www.flns.com.tr\/wp-content\/uploads\/2025\/03\/solivia-life-style-512x768-1.jpg\" class=\"attachment-full size-full\" alt=\"\" srcset=\"https:\/\/www.flns.com.tr\/wp-content\/uploads\/2025\/03\/solivia-life-style-512x768-1.jpg 512w, https:\/\/www.flns.com.tr\/wp-content\/uploads\/2025\/03\/solivia-life-style-512x768-1-200x300.jpg 200w, https:\/\/www.flns.com.tr\/wp-content\/uploads\/2025\/03\/solivia-life-style-512x768-1-430x645.jpg 430w, https:\/\/www.flns.com.tr\/wp-content\/uploads\/2025\/03\/solivia-life-style-512x768-1-150x225.jpg 150w\" sizes=\"(max-width: 512px) 100vw, 512px\" \/>\t\t\t\t\t<\/div>\n\n\t\t\t\t\t\t<\/div>\n\t\t\t\t<\/div>\n\t\t\t\t<\/div>\n\t\t\t\t\t<\/div>\n\t\t\t\t<\/div>\n\t\t<div class=\"wd-negative-gap elementor-element elementor-element-dc73c04 e-flex e-con-boxed e-con e-parent\" data-id=\"dc73c04\" data-element_type=\"container\">\n\t\t\t\t\t<div class=\"e-con-inner\">\n\t\t\t\t<div class=\"elementor-element elementor-element-f80400c elementor-widget elementor-widget-spacer\" data-id=\"f80400c\" data-element_type=\"widget\" data-widget_type=\"spacer.default\">\n\t\t\t\t<div class=\"elementor-widget-container\">\n\t\t\t\t\t\t\t<div class=\"elementor-spacer\">\n\t\t\t<div class=\"elementor-spacer-inner\"><\/div>\n\t\t<\/div>\n\t\t\t\t\t\t<\/div>\n\t\t\t\t<\/div>\n\t\t\t\t<div class=\"elementor-element elementor-element-7d689c1 elementor-widget elementor-widget-wd_text_block\" data-id=\"7d689c1\" data-element_type=\"widget\" data-widget_type=\"wd_text_block.default\">\n\t\t\t\t<div class=\"elementor-widget-container\">\n\t\t\t\t\t\t\t<div class=\"wd-text-block reset-last-child text-left\">\n\t\t\t\n\t\t\t<ul><li>Ebeveyn kontrolu ile itmeli \u00fc\u00e7 tekerlekli bisiklet. MoMi, bu \u00fcr\u00fcn\u00fc bir bebek arabas\u0131na alternatif olarak tasarlad\u0131, b\u00f6ylece \u00e7ocuk her zaman e\u011flensin! Bu klasik itmeli \u00fc\u00e7 tekerlekli bisiklet, 12 ayl\u0131ktan itibaren \u00e7ok k\u00fc\u00e7\u00fck \u00e7ocuklar i\u00e7in m\u00fckemmeldir ve itme kolu yeti\u015fkinin \u00e7ocu\u011fun gitti\u011fi yere y\u00f6n vermesini sa\u011flar.<\/li><li>Pedall\u0131 itmeli \u00fc\u00e7 tekerlekli bisiklet. Bu versiyon daha fazla ba\u011f\u0131ms\u0131zl\u0131k sa\u011flar. 5 noktal\u0131 emniyet kemeri, ayarlanabilir koltuk ve gidon gibi dikkatlice tasarlanm\u0131\u015f \u00f6zellikleri konfor ve g\u00fcvenlik sa\u011flar.<\/li><li>\u00dc\u00e7 tekerlekli bisiklet. Koruma bar\u0131n\u0131, pedallar\u0131, s\u0131rtl\u0131\u011f\u0131 ve itme kolunu \u00e7\u0131kard\u0131\u011f\u0131n\u0131zda, klasik bir \u00fc\u00e7 tekerlekli bisiklet elde edersiniz. Geni\u015f aral\u0131kl\u0131 arka tekerlekler, \u00e7ocu\u011fa motor becerilerini geli\u015ftirmesi i\u00e7in g\u00fcvenli ve dengeli bir ara\u00e7 sa\u011flar.<\/li><li>Denge bisikleti. Arka tekerlekler katlanarak bir denge bisikleti olu\u015fturulabilir. Ger\u00e7ek bir bisiklete haz\u0131rl\u0131k olarak dengenizi nas\u0131l koruyaca\u011f\u0131n\u0131z\u0131 \u00f6\u011frenmek i\u00e7in m\u00fckemmeldir. Denge bisikleti, bisiklete binmeyi \u00f6\u011frenmek i\u00e7in m\u00fckemmel bir ba\u015flang\u0131\u00e7 \u200b\u200bbisikletidir.<\/li><\/ul>\n\t\t\t\t\t<\/div>\n\t\t\t\t\t\t<\/div>\n\t\t\t\t<\/div>\n\t\t\t\t<div class=\"elementor-element elementor-element-f899776 elementor-widget elementor-widget-spacer\" data-id=\"f899776\" data-element_type=\"widget\" data-widget_type=\"spacer.default\">\n\t\t\t\t<div class=\"elementor-widget-container\">\n\t\t\t\t\t\t\t<div class=\"elementor-spacer\">\n\t\t\t<div class=\"elementor-spacer-inner\"><\/div>\n\t\t<\/div>\n\t\t\t\t\t\t<\/div>\n\t\t\t\t<\/div>\n\t\t\t\t<div class=\"elementor-element elementor-element-1d2cd1e elementor-widget elementor-widget-wd_image_or_svg\" data-id=\"1d2cd1e\" data-element_type=\"widget\" data-widget_type=\"wd_image_or_svg.default\">\n\t\t\t\t<div class=\"elementor-widget-container\">\n\t\t\t\t\t\n\t\t<div class=\"wd-image text-center\">\n\t\t\t\t\t\t\t\t<img decoding=\"async\" width=\"768\" height=\"512\" src=\"https:\/\/www.flns.com.tr\/wp-content\/uploads\/2025\/03\/solivia-life-style-768x512-1.jpg\" class=\"attachment-full size-full\" alt=\"\" srcset=\"https:\/\/www.flns.com.tr\/wp-content\/uploads\/2025\/03\/solivia-life-style-768x512-1.jpg 768w, https:\/\/www.flns.com.tr\/wp-content\/uploads\/2025\/03\/solivia-life-style-768x512-1-400x267.jpg 400w, https:\/\/www.flns.com.tr\/wp-content\/uploads\/2025\/03\/solivia-life-style-768x512-1-430x287.jpg 430w, https:\/\/www.flns.com.tr\/wp-content\/uploads\/2025\/03\/solivia-life-style-768x512-1-700x467.jpg 700w, https:\/\/www.flns.com.tr\/wp-content\/uploads\/2025\/03\/solivia-life-style-768x512-1-150x100.jpg 150w\" sizes=\"(max-width: 768px) 100vw, 768px\" \/>\t\t\t\t\t<\/div>\n\n\t\t\t\t\t\t<\/div>\n\t\t\t\t<\/div>\n\t\t\t\t\t<\/div>\n\t\t\t\t<\/div>\n\t\t\t\t<\/div>\n\t\t","protected":false},"excerpt":{"rendered":"<p>MoMi SOLIVIA 4 \u00d6zellikli bisiklet, \u00e7ocu\u011funuz b\u00fcy\u00fcd\u00fck\u00e7e ayarlanabilen mod\u00fcler bir yap\u0131ya sahip \u00e7ok y\u00f6nl\u00fc bir bisiklettir. \u00c7ocu\u011funuzun geli\u015fiminin farkl\u0131 a\u015famalar\u0131na uyum sa\u011flayarak, uzun s\u00fcre keyifle bisiklete binmesini sa\u011flar.<\/p>\n<p style=\"text-align: center;\"><strong>D\u0130\u011eER SE\u00c7ENEKLER<\/strong><\/p>\n<p style=\"text-align: center;\"><a href=\"\/index.php\/urun\/momi-solivia-4-in-1-uc-tekerlekli-bisiklet-yesil\/\"><img decoding=\"async\" class=\"alignnone wp-image-28958 size-thumbnail\" src=\"https:\/\/www.flns.com.tr\/wp-content\/themes\/woodmart\/images\/lazy.svg\" data-src=\"https:\/\/www.flns.com.tr\/wp-content\/uploads\/2025\/03\/solivia-4in1-3-tekerlekli-bisiklet-yesil-150x150.jpg\" alt=\"\" width=\"150\" height=\"150\" srcset=\"\" data-srcset=\"https:\/\/www.flns.com.tr\/wp-content\/uploads\/2025\/03\/solivia-4in1-3-tekerlekli-bisiklet-yesil-150x150.jpg 150w, https:\/\/www.flns.com.tr\/wp-content\/uploads\/2025\/03\/solivia-4in1-3-tekerlekli-bisiklet-yesil-300x300.jpg 300w, https:\/\/www.flns.com.tr\/wp-content\/uploads\/2025\/03\/solivia-4in1-3-tekerlekli-bisiklet-yesil-800x800.jpg 800w, https:\/\/www.flns.com.tr\/wp-content\/uploads\/2025\/03\/solivia-4in1-3-tekerlekli-bisiklet-yesil-768x768.jpg 768w, https:\/\/www.flns.com.tr\/wp-content\/uploads\/2025\/03\/solivia-4in1-3-tekerlekli-bisiklet-yesil-430x430.jpg 430w, https:\/\/www.flns.com.tr\/wp-content\/uploads\/2025\/03\/solivia-4in1-3-tekerlekli-bisiklet-yesil-700x700.jpg 700w, https:\/\/www.flns.com.tr\/wp-content\/uploads\/2025\/03\/solivia-4in1-3-tekerlekli-bisiklet-yesil.jpg 1500w\" sizes=\"(max-width: 150px) 100vw, 150px\" \/><\/a><\/p>\n","protected":false},"featured_media":28937,"comment_status":"open","ping_status":"closed","template":"","meta":[],"product_brand":[225],"product_cat":[204],"product_tag":[],"class_list":{"0":"post-28014","1":"product","2":"type-product","3":"status-publish","4":"has-post-thumbnail","6":"product_brand-momi","7":"product_cat-ride_on","9":"first","10":"instock","11":"taxable","12":"shipping-taxable","13":"purchasable","14":"product-type-simple"},"yoast_head":"<!-- This site is optimized with the Yoast SEO plugin v25.1 - https:\/\/yoast.com\/wordpress\/plugins\/seo\/ -->\n<title>MoMi SOLIVIA 4in1 \u00dc\u00e7 Tekerlekli Bisiklet Gri - FLNS<\/title>\n<meta name=\"robots\" content=\"index, follow, max-snippet:-1, max-image-preview:large, max-video-preview:-1\" \/>\n<link rel=\"canonical\" href=\"https:\/\/www.flns.com.tr\/index.php\/urun\/momi-solivia-4-in-1-uc-tekerlekli-bisiklet-gri\/\" \/>\n<meta property=\"og:locale\" content=\"tr_TR\" \/>\n<meta property=\"og:type\" content=\"article\" \/>\n<meta property=\"og:title\" content=\"MoMi SOLIVIA 4in1 \u00dc\u00e7 Tekerlekli Bisiklet Gri - FLNS\" \/>\n<meta property=\"og:description\" content=\"MoMi SOLIVIA 4 \u00d6zellikli bisiklet, \u00e7ocu\u011funuz b\u00fcy\u00fcd\u00fck\u00e7e ayarlanabilen mod\u00fcler bir yap\u0131ya sahip \u00e7ok y\u00f6nl\u00fc bir bisiklettir. \u00c7ocu\u011funuzun geli\u015fiminin farkl\u0131 a\u015famalar\u0131na uyum sa\u011flayarak, uzun s\u00fcre keyifle bisiklete binmesini sa\u011flar. D\u0130\u011eER SE\u00c7ENEKLER\" \/>\n<meta property=\"og:url\" content=\"https:\/\/www.flns.com.tr\/index.php\/urun\/momi-solivia-4-in-1-uc-tekerlekli-bisiklet-gri\/\" \/>\n<meta property=\"og:site_name\" content=\"FLNS\" \/>\n<meta property=\"article:modified_time\" content=\"2025-04-30T21:55:35+00:00\" \/>\n<meta property=\"og:image\" content=\"https:\/\/www.flns.com.tr\/wp-content\/uploads\/2025\/03\/solivia-4in1-3-tekerlekli-bisiklet-gri.jpg\" \/>\n\t<meta property=\"og:image:width\" content=\"1500\" \/>\n\t<meta property=\"og:image:height\" content=\"1500\" \/>\n\t<meta property=\"og:image:type\" content=\"image\/jpeg\" \/>\n<meta name=\"twitter:card\" content=\"summary_large_image\" \/>\n<meta name=\"twitter:label1\" content=\"Tahmini okuma s\u00fcresi\" \/>\n\t<meta name=\"twitter:data1\" content=\"2 dakika\" \/>\n<script type=\"application\/ld+json\" class=\"yoast-schema-graph\">{\"@context\":\"https:\/\/schema.org\",\"@graph\":[{\"@type\":\"WebPage\",\"@id\":\"https:\/\/www.flns.com.tr\/index.php\/urun\/momi-solivia-4-in-1-uc-tekerlekli-bisiklet-gri\/\",\"url\":\"https:\/\/www.flns.com.tr\/index.php\/urun\/momi-solivia-4-in-1-uc-tekerlekli-bisiklet-gri\/\",\"name\":\"MoMi SOLIVIA 4in1 \u00dc\u00e7 Tekerlekli Bisiklet Gri - FLNS\",\"isPartOf\":{\"@id\":\"https:\/\/www.flns.com.tr\/#website\"},\"primaryImageOfPage\":{\"@id\":\"https:\/\/www.flns.com.tr\/index.php\/urun\/momi-solivia-4-in-1-uc-tekerlekli-bisiklet-gri\/#primaryimage\"},\"image\":{\"@id\":\"https:\/\/www.flns.com.tr\/index.php\/urun\/momi-solivia-4-in-1-uc-tekerlekli-bisiklet-gri\/#primaryimage\"},\"thumbnailUrl\":\"https:\/\/www.flns.com.tr\/wp-content\/uploads\/2025\/03\/solivia-4in1-3-tekerlekli-bisiklet-gri.jpg\",\"datePublished\":\"2025-03-25T20:56:41+00:00\",\"dateModified\":\"2025-04-30T21:55:35+00:00\",\"breadcrumb\":{\"@id\":\"https:\/\/www.flns.com.tr\/index.php\/urun\/momi-solivia-4-in-1-uc-tekerlekli-bisiklet-gri\/#breadcrumb\"},\"inLanguage\":\"tr\",\"potentialAction\":[{\"@type\":\"ReadAction\",\"target\":[\"https:\/\/www.flns.com.tr\/index.php\/urun\/momi-solivia-4-in-1-uc-tekerlekli-bisiklet-gri\/\"]}]},{\"@type\":\"ImageObject\",\"inLanguage\":\"tr\",\"@id\":\"https:\/\/www.flns.com.tr\/index.php\/urun\/momi-solivia-4-in-1-uc-tekerlekli-bisiklet-gri\/#primaryimage\",\"url\":\"https:\/\/www.flns.com.tr\/wp-content\/uploads\/2025\/03\/solivia-4in1-3-tekerlekli-bisiklet-gri.jpg\",\"contentUrl\":\"https:\/\/www.flns.com.tr\/wp-content\/uploads\/2025\/03\/solivia-4in1-3-tekerlekli-bisiklet-gri.jpg\",\"width\":1500,\"height\":1500},{\"@type\":\"BreadcrumbList\",\"@id\":\"https:\/\/www.flns.com.tr\/index.php\/urun\/momi-solivia-4-in-1-uc-tekerlekli-bisiklet-gri\/#breadcrumb\",\"itemListElement\":[{\"@type\":\"ListItem\",\"position\":1,\"name\":\"Anasayfa\",\"item\":\"https:\/\/www.flns.com.tr\/\"},{\"@type\":\"ListItem\",\"position\":2,\"name\":\"Ma\u011faza\",\"item\":\"https:\/\/www.flns.com.tr\/index.php\/shop\/\"},{\"@type\":\"ListItem\",\"position\":3,\"name\":\"MoMi SOLIVIA 4in1 \u00dc\u00e7 Tekerlekli Bisiklet Gri\"}]},{\"@type\":\"WebSite\",\"@id\":\"https:\/\/www.flns.com.tr\/#website\",\"url\":\"https:\/\/www.flns.com.tr\/\",\"name\":\"FLNS\",\"description\":\"FUN LOVE NATURE SPORT\",\"publisher\":{\"@id\":\"https:\/\/www.flns.com.tr\/#organization\"},\"potentialAction\":[{\"@type\":\"SearchAction\",\"target\":{\"@type\":\"EntryPoint\",\"urlTemplate\":\"https:\/\/www.flns.com.tr\/?s={search_term_string}\"},\"query-input\":{\"@type\":\"PropertyValueSpecification\",\"valueRequired\":true,\"valueName\":\"search_term_string\"}}],\"inLanguage\":\"tr\"},{\"@type\":\"Organization\",\"@id\":\"https:\/\/www.flns.com.tr\/#organization\",\"name\":\"FLNS\",\"url\":\"https:\/\/www.flns.com.tr\/\",\"logo\":{\"@type\":\"ImageObject\",\"inLanguage\":\"tr\",\"@id\":\"https:\/\/www.flns.com.tr\/#\/schema\/logo\/image\/\",\"url\":\"https:\/\/www.flns.com.tr\/wp-content\/uploads\/2025\/03\/FLNS-LOGO.png\",\"contentUrl\":\"https:\/\/www.flns.com.tr\/wp-content\/uploads\/2025\/03\/FLNS-LOGO.png\",\"width\":4500,\"height\":2892,\"caption\":\"FLNS\"},\"image\":{\"@id\":\"https:\/\/www.flns.com.tr\/#\/schema\/logo\/image\/\"},\"sameAs\":[\"https:\/\/www.instagram.com\/f.l.n.s\"]}]}<\/script>\n<!-- \/ Yoast SEO plugin. -->","yoast_head_json":{"title":"MoMi SOLIVIA 4in1 \u00dc\u00e7 Tekerlekli Bisiklet Gri - FLNS","robots":{"index":"index","follow":"follow","max-snippet":"max-snippet:-1","max-image-preview":"max-image-preview:large","max-video-preview":"max-video-preview:-1"},"canonical":"https:\/\/www.flns.com.tr\/index.php\/urun\/momi-solivia-4-in-1-uc-tekerlekli-bisiklet-gri\/","og_locale":"tr_TR","og_type":"article","og_title":"MoMi SOLIVIA 4in1 \u00dc\u00e7 Tekerlekli Bisiklet Gri - FLNS","og_description":"MoMi SOLIVIA 4 \u00d6zellikli bisiklet, \u00e7ocu\u011funuz b\u00fcy\u00fcd\u00fck\u00e7e ayarlanabilen mod\u00fcler bir yap\u0131ya sahip \u00e7ok y\u00f6nl\u00fc bir bisiklettir. \u00c7ocu\u011funuzun geli\u015fiminin farkl\u0131 a\u015famalar\u0131na uyum sa\u011flayarak, uzun s\u00fcre keyifle bisiklete binmesini sa\u011flar. D\u0130\u011eER SE\u00c7ENEKLER","og_url":"https:\/\/www.flns.com.tr\/index.php\/urun\/momi-solivia-4-in-1-uc-tekerlekli-bisiklet-gri\/","og_site_name":"FLNS","article_modified_time":"2025-04-30T21:55:35+00:00","og_image":[{"width":1500,"height":1500,"url":"https:\/\/www.flns.com.tr\/wp-content\/uploads\/2025\/03\/solivia-4in1-3-tekerlekli-bisiklet-gri.jpg","type":"image\/jpeg"}],"twitter_card":"summary_large_image","twitter_misc":{"Tahmini okuma s\u00fcresi":"2 dakika"},"schema":{"@context":"https:\/\/schema.org","@graph":[{"@type":"WebPage","@id":"https:\/\/www.flns.com.tr\/index.php\/urun\/momi-solivia-4-in-1-uc-tekerlekli-bisiklet-gri\/","url":"https:\/\/www.flns.com.tr\/index.php\/urun\/momi-solivia-4-in-1-uc-tekerlekli-bisiklet-gri\/","name":"MoMi SOLIVIA 4in1 \u00dc\u00e7 Tekerlekli Bisiklet Gri - FLNS","isPartOf":{"@id":"https:\/\/www.flns.com.tr\/#website"},"primaryImageOfPage":{"@id":"https:\/\/www.flns.com.tr\/index.php\/urun\/momi-solivia-4-in-1-uc-tekerlekli-bisiklet-gri\/#primaryimage"},"image":{"@id":"https:\/\/www.flns.com.tr\/index.php\/urun\/momi-solivia-4-in-1-uc-tekerlekli-bisiklet-gri\/#primaryimage"},"thumbnailUrl":"https:\/\/www.flns.com.tr\/wp-content\/uploads\/2025\/03\/solivia-4in1-3-tekerlekli-bisiklet-gri.jpg","datePublished":"2025-03-25T20:56:41+00:00","dateModified":"2025-04-30T21:55:35+00:00","breadcrumb":{"@id":"https:\/\/www.flns.com.tr\/index.php\/urun\/momi-solivia-4-in-1-uc-tekerlekli-bisiklet-gri\/#breadcrumb"},"inLanguage":"tr","potentialAction":[{"@type":"ReadAction","target":["https:\/\/www.flns.com.tr\/index.php\/urun\/momi-solivia-4-in-1-uc-tekerlekli-bisiklet-gri\/"]}]},{"@type":"ImageObject","inLanguage":"tr","@id":"https:\/\/www.flns.com.tr\/index.php\/urun\/momi-solivia-4-in-1-uc-tekerlekli-bisiklet-gri\/#primaryimage","url":"https:\/\/www.flns.com.tr\/wp-content\/uploads\/2025\/03\/solivia-4in1-3-tekerlekli-bisiklet-gri.jpg","contentUrl":"https:\/\/www.flns.com.tr\/wp-content\/uploads\/2025\/03\/solivia-4in1-3-tekerlekli-bisiklet-gri.jpg","width":1500,"height":1500},{"@type":"BreadcrumbList","@id":"https:\/\/www.flns.com.tr\/index.php\/urun\/momi-solivia-4-in-1-uc-tekerlekli-bisiklet-gri\/#breadcrumb","itemListElement":[{"@type":"ListItem","position":1,"name":"Anasayfa","item":"https:\/\/www.flns.com.tr\/"},{"@type":"ListItem","position":2,"name":"Ma\u011faza","item":"https:\/\/www.flns.com.tr\/index.php\/shop\/"},{"@type":"ListItem","position":3,"name":"MoMi SOLIVIA 4in1 \u00dc\u00e7 Tekerlekli Bisiklet Gri"}]},{"@type":"WebSite","@id":"https:\/\/www.flns.com.tr\/#website","url":"https:\/\/www.flns.com.tr\/","name":"FLNS","description":"FUN LOVE NATURE SPORT","publisher":{"@id":"https:\/\/www.flns.com.tr\/#organization"},"potentialAction":[{"@type":"SearchAction","target":{"@type":"EntryPoint","urlTemplate":"https:\/\/www.flns.com.tr\/?s={search_term_string}"},"query-input":{"@type":"PropertyValueSpecification","valueRequired":true,"valueName":"search_term_string"}}],"inLanguage":"tr"},{"@type":"Organization","@id":"https:\/\/www.flns.com.tr\/#organization","name":"FLNS","url":"https:\/\/www.flns.com.tr\/","logo":{"@type":"ImageObject","inLanguage":"tr","@id":"https:\/\/www.flns.com.tr\/#\/schema\/logo\/image\/","url":"https:\/\/www.flns.com.tr\/wp-content\/uploads\/2025\/03\/FLNS-LOGO.png","contentUrl":"https:\/\/www.flns.com.tr\/wp-content\/uploads\/2025\/03\/FLNS-LOGO.png","width":4500,"height":2892,"caption":"FLNS"},"image":{"@id":"https:\/\/www.flns.com.tr\/#\/schema\/logo\/image\/"},"sameAs":["https:\/\/www.instagram.com\/f.l.n.s"]}]}},"_links":{"self":[{"href":"https:\/\/www.flns.com.tr\/index.php\/wp-json\/wp\/v2\/product\/28014","targetHints":{"allow":["GET"]}}],"collection":[{"href":"https:\/\/www.flns.com.tr\/index.php\/wp-json\/wp\/v2\/product"}],"about":[{"href":"https:\/\/www.flns.com.tr\/index.php\/wp-json\/wp\/v2\/types\/product"}],"replies":[{"embeddable":true,"href":"https:\/\/www.flns.com.tr\/index.php\/wp-json\/wp\/v2\/comments?post=28014"}],"version-history":[{"count":26,"href":"https:\/\/www.flns.com.tr\/index.php\/wp-json\/wp\/v2\/product\/28014\/revisions"}],"predecessor-version":[{"id":31003,"href":"https:\/\/www.flns.com.tr\/index.php\/wp-json\/wp\/v2\/product\/28014\/revisions\/31003"}],"wp:featuredmedia":[{"embeddable":true,"href":"https:\/\/www.flns.com.tr\/index.php\/wp-json\/wp\/v2\/media\/28937"}],"wp:attachment":[{"href":"https:\/\/www.flns.com.tr\/index.php\/wp-json\/wp\/v2\/media?parent=28014"}],"wp:term":[{"taxonomy":"product_brand","embeddable":true,"href":"https:\/\/www.flns.com.tr\/index.php\/wp-json\/wp\/v2\/product_brand?post=28014"},{"taxonomy":"product_cat","embeddable":true,"href":"https:\/\/www.flns.com.tr\/index.php\/wp-json\/wp\/v2\/product_cat?post=28014"},{"taxonomy":"product_tag","embeddable":true,"href":"https:\/\/www.flns.com.tr\/index.php\/wp-json\/wp\/v2\/product_tag?post=28014"}],"curies":[{"name":"wp","href":"https:\/\/api.w.org\/{rel}","templated":true}]}}