{"id":28024,"date":"2025-03-25T23:56:42","date_gmt":"2025-03-25T20:56:42","guid":{"rendered":"https:\/\/www.flns.com.tr\/index.php\/urun\/momi-multi-egitici-oyun-mati\/"},"modified":"2025-05-01T01:27:22","modified_gmt":"2025-04-30T22:27:22","slug":"momi-multi-egitici-oyun-mati","status":"publish","type":"product","link":"https:\/\/www.flns.com.tr\/index.php\/urun\/momi-multi-egitici-oyun-mati\/","title":{"rendered":"MoMi MULTI E\u011fitici Oyun Mat\u0131"},"content":{"rendered":"\t\t<div data-elementor-type=\"wp-post\" data-elementor-id=\"28024\" class=\"elementor elementor-28024\">\n\t\t\t\t<div class=\"wd-negative-gap elementor-element elementor-element-2e54768 e-flex e-con-boxed e-con e-parent\" data-id=\"2e54768\" data-element_type=\"container\">\n\t\t\t\t\t<div class=\"e-con-inner\">\n\t\t\t\t<div class=\"elementor-element elementor-element-5d0556a elementor-widget elementor-widget-wd_text_block\" data-id=\"5d0556a\" data-element_type=\"widget\" data-widget_type=\"wd_text_block.default\">\n\t\t\t\t<div class=\"elementor-widget-container\">\n\t\t\t\t\t\t\t<div class=\"wd-text-block reset-last-child text-left\">\n\t\t\t\n\t\t\t<p><strong>\u00dcR\u00dcN \u00d6ZELL\u0130KLER\u0130<\/strong><\/p><ul><li>Duyusal geli\u015fimi ve ince motor becerilerini destekler<\/li><li>Oyun park\u0131 g\u00f6revi g\u00f6ren y\u00fckseltilmi\u015f kenarlara sahiptir<\/li><li>Top havuzu i\u015flevi<\/li><li>Ayr\u0131 bir a\u011fda 30 top seti<\/li><li>Is\u0131 yal\u0131t\u0131m malzemesi ile g\u00fc\u00e7lendirilmi\u015ftir<\/li><li>4 oyuncak<\/li><li>Dahil oyuncaklar\u0131 monte etmek i\u00e7in 2 \u00e7apraz \u00e7ubuk<\/li><li>Renkli, h\u0131\u015f\u0131rdayan \u00e7elenk<\/li><li>\u0130lk emekleme giri\u015fimlerinde yard\u0131mc\u0131 olan kar\u0131n \u00fcst\u00fc zaman\u0131 yast\u0131\u011f\u0131<\/li><li>Avrupa Birli\u011fi gerekliliklerine uygundur<\/li><\/ul><p><strong>\u00dcR\u00dcN A\u011eIRLI\u011eI:<\/strong> 0,85 kg<\/p><p><strong>BOYUTLAR:<\/strong> 107 cm x 106 cm x 55 cm<\/p><p><strong>STANDARTLAR:<\/strong> EN 71-1, EN 71-2, EN 71-3<\/p><p><strong>PAKET BOYUTLARI:<\/strong> 56 cm x 51 cm x 8 cm<\/p><p><strong>MALZEMELER:<\/strong> Polyester, Pelu\u015f, Plastik<\/p><p><strong>\u00dcRET\u0130C\u0130 GARANT\u0130S\u0130:<\/strong> 24 ay<\/p>\n\t\t\t\t\t<\/div>\n\t\t\t\t\t\t<\/div>\n\t\t\t\t<\/div>\n\t\t\t\t\t<\/div>\n\t\t\t\t<\/div>\n\t\t\t\t<\/div>\n\t\t","protected":false},"excerpt":{"rendered":"<p>Minik \u00e7ocu\u011funuz i\u00e7in e\u011fitici bir mat m\u0131 ar\u0131yorsunuz? Sizin i\u00e7in bir \u00f6nerimiz var! MoMi MULTI mat\u0131, \u00e7ocu\u011funuzun geli\u015fimini destekler ve duyular\u0131n\u0131 harekete ge\u00e7irir.<\/p>\n<p>MoMi MULTI&#8217;nin iki kullan\u0131m\u0131 vard\u0131r: normal bir e\u011fitim mat\u0131 ve 30 renkli topun bulundu\u011fu kuru bir havuz. Geni\u015f y\u00fczeyiyle daha b\u00fcy\u00fck \u00e7ocuklar i\u00e7in de rahat ve pratik. K\u00fc\u00e7\u00fck bir \u00e7ocu\u011fun duyusal geli\u015fimini ve motor becerilerini destekler.<\/p>\n<p>&nbsp;<\/p>\n","protected":false},"featured_media":28848,"comment_status":"open","ping_status":"closed","template":"","meta":[],"product_brand":[225],"product_cat":[196],"product_tag":[],"class_list":{"0":"post-28024","1":"product","2":"type-product","3":"status-publish","4":"has-post-thumbnail","6":"product_brand-momi","7":"product_cat-oyun_matlari","9":"first","10":"instock","11":"taxable","12":"shipping-taxable","13":"purchasable","14":"product-type-simple"},"yoast_head":"<!-- This site is optimized with the Yoast SEO plugin v25.1 - https:\/\/yoast.com\/wordpress\/plugins\/seo\/ -->\n<title>MoMi MULTI E\u011fitici Oyun Mat\u0131 - FLNS<\/title>\n<meta name=\"robots\" content=\"index, follow, max-snippet:-1, max-image-preview:large, max-video-preview:-1\" \/>\n<link rel=\"canonical\" href=\"https:\/\/www.flns.com.tr\/index.php\/urun\/momi-multi-egitici-oyun-mati\/\" \/>\n<meta property=\"og:locale\" content=\"tr_TR\" \/>\n<meta property=\"og:type\" content=\"article\" \/>\n<meta property=\"og:title\" content=\"MoMi MULTI E\u011fitici Oyun Mat\u0131 - FLNS\" \/>\n<meta property=\"og:description\" content=\"Minik \u00e7ocu\u011funuz i\u00e7in e\u011fitici bir mat m\u0131 ar\u0131yorsunuz? Sizin i\u00e7in bir \u00f6nerimiz var! MoMi MULTI mat\u0131, \u00e7ocu\u011funuzun geli\u015fimini destekler ve duyular\u0131n\u0131 harekete ge\u00e7irir.  MoMi MULTI&#039;nin iki kullan\u0131m\u0131 vard\u0131r: normal bir e\u011fitim mat\u0131 ve 30 renkli topun bulundu\u011fu kuru bir havuz. Geni\u015f y\u00fczeyiyle daha b\u00fcy\u00fck \u00e7ocuklar i\u00e7in de rahat ve pratik. K\u00fc\u00e7\u00fck bir \u00e7ocu\u011fun duyusal geli\u015fimini ve motor becerilerini destekler.  &nbsp;\" \/>\n<meta property=\"og:url\" content=\"https:\/\/www.flns.com.tr\/index.php\/urun\/momi-multi-egitici-oyun-mati\/\" \/>\n<meta property=\"og:site_name\" content=\"FLNS\" \/>\n<meta property=\"article:modified_time\" content=\"2025-04-30T22:27:22+00:00\" \/>\n<meta property=\"og:image\" content=\"https:\/\/www.flns.com.tr\/wp-content\/uploads\/2025\/03\/multi-egitici-oyun-mati.jpg\" \/>\n\t<meta property=\"og:image:width\" content=\"1500\" \/>\n\t<meta property=\"og:image:height\" content=\"1500\" \/>\n\t<meta property=\"og:image:type\" content=\"image\/jpeg\" \/>\n<meta name=\"twitter:card\" content=\"summary_large_image\" \/>\n<meta name=\"twitter:label1\" content=\"Tahmini okuma s\u00fcresi\" \/>\n\t<meta name=\"twitter:data1\" content=\"1 dakika\" \/>\n<script type=\"application\/ld+json\" class=\"yoast-schema-graph\">{\"@context\":\"https:\/\/schema.org\",\"@graph\":[{\"@type\":\"WebPage\",\"@id\":\"https:\/\/www.flns.com.tr\/index.php\/urun\/momi-multi-egitici-oyun-mati\/\",\"url\":\"https:\/\/www.flns.com.tr\/index.php\/urun\/momi-multi-egitici-oyun-mati\/\",\"name\":\"MoMi MULTI E\u011fitici Oyun Mat\u0131 - FLNS\",\"isPartOf\":{\"@id\":\"https:\/\/www.flns.com.tr\/#website\"},\"primaryImageOfPage\":{\"@id\":\"https:\/\/www.flns.com.tr\/index.php\/urun\/momi-multi-egitici-oyun-mati\/#primaryimage\"},\"image\":{\"@id\":\"https:\/\/www.flns.com.tr\/index.php\/urun\/momi-multi-egitici-oyun-mati\/#primaryimage\"},\"thumbnailUrl\":\"https:\/\/www.flns.com.tr\/wp-content\/uploads\/2025\/03\/multi-egitici-oyun-mati.jpg\",\"datePublished\":\"2025-03-25T20:56:42+00:00\",\"dateModified\":\"2025-04-30T22:27:22+00:00\",\"breadcrumb\":{\"@id\":\"https:\/\/www.flns.com.tr\/index.php\/urun\/momi-multi-egitici-oyun-mati\/#breadcrumb\"},\"inLanguage\":\"tr\",\"potentialAction\":[{\"@type\":\"ReadAction\",\"target\":[\"https:\/\/www.flns.com.tr\/index.php\/urun\/momi-multi-egitici-oyun-mati\/\"]}]},{\"@type\":\"ImageObject\",\"inLanguage\":\"tr\",\"@id\":\"https:\/\/www.flns.com.tr\/index.php\/urun\/momi-multi-egitici-oyun-mati\/#primaryimage\",\"url\":\"https:\/\/www.flns.com.tr\/wp-content\/uploads\/2025\/03\/multi-egitici-oyun-mati.jpg\",\"contentUrl\":\"https:\/\/www.flns.com.tr\/wp-content\/uploads\/2025\/03\/multi-egitici-oyun-mati.jpg\",\"width\":1500,\"height\":1500},{\"@type\":\"BreadcrumbList\",\"@id\":\"https:\/\/www.flns.com.tr\/index.php\/urun\/momi-multi-egitici-oyun-mati\/#breadcrumb\",\"itemListElement\":[{\"@type\":\"ListItem\",\"position\":1,\"name\":\"Anasayfa\",\"item\":\"https:\/\/www.flns.com.tr\/\"},{\"@type\":\"ListItem\",\"position\":2,\"name\":\"Ma\u011faza\",\"item\":\"https:\/\/www.flns.com.tr\/index.php\/shop\/\"},{\"@type\":\"ListItem\",\"position\":3,\"name\":\"MoMi MULTI E\u011fitici Oyun Mat\u0131\"}]},{\"@type\":\"WebSite\",\"@id\":\"https:\/\/www.flns.com.tr\/#website\",\"url\":\"https:\/\/www.flns.com.tr\/\",\"name\":\"FLNS\",\"description\":\"FUN LOVE NATURE SPORT\",\"publisher\":{\"@id\":\"https:\/\/www.flns.com.tr\/#organization\"},\"potentialAction\":[{\"@type\":\"SearchAction\",\"target\":{\"@type\":\"EntryPoint\",\"urlTemplate\":\"https:\/\/www.flns.com.tr\/?s={search_term_string}\"},\"query-input\":{\"@type\":\"PropertyValueSpecification\",\"valueRequired\":true,\"valueName\":\"search_term_string\"}}],\"inLanguage\":\"tr\"},{\"@type\":\"Organization\",\"@id\":\"https:\/\/www.flns.com.tr\/#organization\",\"name\":\"FLNS\",\"url\":\"https:\/\/www.flns.com.tr\/\",\"logo\":{\"@type\":\"ImageObject\",\"inLanguage\":\"tr\",\"@id\":\"https:\/\/www.flns.com.tr\/#\/schema\/logo\/image\/\",\"url\":\"https:\/\/www.flns.com.tr\/wp-content\/uploads\/2025\/03\/FLNS-LOGO.png\",\"contentUrl\":\"https:\/\/www.flns.com.tr\/wp-content\/uploads\/2025\/03\/FLNS-LOGO.png\",\"width\":4500,\"height\":2892,\"caption\":\"FLNS\"},\"image\":{\"@id\":\"https:\/\/www.flns.com.tr\/#\/schema\/logo\/image\/\"},\"sameAs\":[\"https:\/\/www.instagram.com\/f.l.n.s\"]}]}<\/script>\n<!-- \/ Yoast SEO plugin. -->","yoast_head_json":{"title":"MoMi MULTI E\u011fitici Oyun Mat\u0131 - FLNS","robots":{"index":"index","follow":"follow","max-snippet":"max-snippet:-1","max-image-preview":"max-image-preview:large","max-video-preview":"max-video-preview:-1"},"canonical":"https:\/\/www.flns.com.tr\/index.php\/urun\/momi-multi-egitici-oyun-mati\/","og_locale":"tr_TR","og_type":"article","og_title":"MoMi MULTI E\u011fitici Oyun Mat\u0131 - FLNS","og_description":"Minik \u00e7ocu\u011funuz i\u00e7in e\u011fitici bir mat m\u0131 ar\u0131yorsunuz? Sizin i\u00e7in bir \u00f6nerimiz var! MoMi MULTI mat\u0131, \u00e7ocu\u011funuzun geli\u015fimini destekler ve duyular\u0131n\u0131 harekete ge\u00e7irir.  MoMi MULTI'nin iki kullan\u0131m\u0131 vard\u0131r: normal bir e\u011fitim mat\u0131 ve 30 renkli topun bulundu\u011fu kuru bir havuz. Geni\u015f y\u00fczeyiyle daha b\u00fcy\u00fck \u00e7ocuklar i\u00e7in de rahat ve pratik. K\u00fc\u00e7\u00fck bir \u00e7ocu\u011fun duyusal geli\u015fimini ve motor becerilerini destekler.  &nbsp;","og_url":"https:\/\/www.flns.com.tr\/index.php\/urun\/momi-multi-egitici-oyun-mati\/","og_site_name":"FLNS","article_modified_time":"2025-04-30T22:27:22+00:00","og_image":[{"width":1500,"height":1500,"url":"https:\/\/www.flns.com.tr\/wp-content\/uploads\/2025\/03\/multi-egitici-oyun-mati.jpg","type":"image\/jpeg"}],"twitter_card":"summary_large_image","twitter_misc":{"Tahmini okuma s\u00fcresi":"1 dakika"},"schema":{"@context":"https:\/\/schema.org","@graph":[{"@type":"WebPage","@id":"https:\/\/www.flns.com.tr\/index.php\/urun\/momi-multi-egitici-oyun-mati\/","url":"https:\/\/www.flns.com.tr\/index.php\/urun\/momi-multi-egitici-oyun-mati\/","name":"MoMi MULTI E\u011fitici Oyun Mat\u0131 - FLNS","isPartOf":{"@id":"https:\/\/www.flns.com.tr\/#website"},"primaryImageOfPage":{"@id":"https:\/\/www.flns.com.tr\/index.php\/urun\/momi-multi-egitici-oyun-mati\/#primaryimage"},"image":{"@id":"https:\/\/www.flns.com.tr\/index.php\/urun\/momi-multi-egitici-oyun-mati\/#primaryimage"},"thumbnailUrl":"https:\/\/www.flns.com.tr\/wp-content\/uploads\/2025\/03\/multi-egitici-oyun-mati.jpg","datePublished":"2025-03-25T20:56:42+00:00","dateModified":"2025-04-30T22:27:22+00:00","breadcrumb":{"@id":"https:\/\/www.flns.com.tr\/index.php\/urun\/momi-multi-egitici-oyun-mati\/#breadcrumb"},"inLanguage":"tr","potentialAction":[{"@type":"ReadAction","target":["https:\/\/www.flns.com.tr\/index.php\/urun\/momi-multi-egitici-oyun-mati\/"]}]},{"@type":"ImageObject","inLanguage":"tr","@id":"https:\/\/www.flns.com.tr\/index.php\/urun\/momi-multi-egitici-oyun-mati\/#primaryimage","url":"https:\/\/www.flns.com.tr\/wp-content\/uploads\/2025\/03\/multi-egitici-oyun-mati.jpg","contentUrl":"https:\/\/www.flns.com.tr\/wp-content\/uploads\/2025\/03\/multi-egitici-oyun-mati.jpg","width":1500,"height":1500},{"@type":"BreadcrumbList","@id":"https:\/\/www.flns.com.tr\/index.php\/urun\/momi-multi-egitici-oyun-mati\/#breadcrumb","itemListElement":[{"@type":"ListItem","position":1,"name":"Anasayfa","item":"https:\/\/www.flns.com.tr\/"},{"@type":"ListItem","position":2,"name":"Ma\u011faza","item":"https:\/\/www.flns.com.tr\/index.php\/shop\/"},{"@type":"ListItem","position":3,"name":"MoMi MULTI E\u011fitici Oyun Mat\u0131"}]},{"@type":"WebSite","@id":"https:\/\/www.flns.com.tr\/#website","url":"https:\/\/www.flns.com.tr\/","name":"FLNS","description":"FUN LOVE NATURE SPORT","publisher":{"@id":"https:\/\/www.flns.com.tr\/#organization"},"potentialAction":[{"@type":"SearchAction","target":{"@type":"EntryPoint","urlTemplate":"https:\/\/www.flns.com.tr\/?s={search_term_string}"},"query-input":{"@type":"PropertyValueSpecification","valueRequired":true,"valueName":"search_term_string"}}],"inLanguage":"tr"},{"@type":"Organization","@id":"https:\/\/www.flns.com.tr\/#organization","name":"FLNS","url":"https:\/\/www.flns.com.tr\/","logo":{"@type":"ImageObject","inLanguage":"tr","@id":"https:\/\/www.flns.com.tr\/#\/schema\/logo\/image\/","url":"https:\/\/www.flns.com.tr\/wp-content\/uploads\/2025\/03\/FLNS-LOGO.png","contentUrl":"https:\/\/www.flns.com.tr\/wp-content\/uploads\/2025\/03\/FLNS-LOGO.png","width":4500,"height":2892,"caption":"FLNS"},"image":{"@id":"https:\/\/www.flns.com.tr\/#\/schema\/logo\/image\/"},"sameAs":["https:\/\/www.instagram.com\/f.l.n.s"]}]}},"_links":{"self":[{"href":"https:\/\/www.flns.com.tr\/index.php\/wp-json\/wp\/v2\/product\/28024","targetHints":{"allow":["GET"]}}],"collection":[{"href":"https:\/\/www.flns.com.tr\/index.php\/wp-json\/wp\/v2\/product"}],"about":[{"href":"https:\/\/www.flns.com.tr\/index.php\/wp-json\/wp\/v2\/types\/product"}],"replies":[{"embeddable":true,"href":"https:\/\/www.flns.com.tr\/index.php\/wp-json\/wp\/v2\/comments?post=28024"}],"version-history":[{"count":11,"href":"https:\/\/www.flns.com.tr\/index.php\/wp-json\/wp\/v2\/product\/28024\/revisions"}],"predecessor-version":[{"id":31126,"href":"https:\/\/www.flns.com.tr\/index.php\/wp-json\/wp\/v2\/product\/28024\/revisions\/31126"}],"wp:featuredmedia":[{"embeddable":true,"href":"https:\/\/www.flns.com.tr\/index.php\/wp-json\/wp\/v2\/media\/28848"}],"wp:attachment":[{"href":"https:\/\/www.flns.com.tr\/index.php\/wp-json\/wp\/v2\/media?parent=28024"}],"wp:term":[{"taxonomy":"product_brand","embeddable":true,"href":"https:\/\/www.flns.com.tr\/index.php\/wp-json\/wp\/v2\/product_brand?post=28024"},{"taxonomy":"product_cat","embeddable":true,"href":"https:\/\/www.flns.com.tr\/index.php\/wp-json\/wp\/v2\/product_cat?post=28024"},{"taxonomy":"product_tag","embeddable":true,"href":"https:\/\/www.flns.com.tr\/index.php\/wp-json\/wp\/v2\/product_tag?post=28024"}],"curies":[{"name":"wp","href":"https:\/\/api.w.org\/{rel}","templated":true}]}}