{"id":28027,"date":"2025-03-25T23:56:42","date_gmt":"2025-03-25T20:56:42","guid":{"rendered":"https:\/\/www.flns.com.tr\/index.php\/urun\/momi-zawi-puzzle-mat-pembe-150x150-cm\/"},"modified":"2025-05-01T01:32:06","modified_gmt":"2025-04-30T22:32:06","slug":"momi-zawi-3d-puzzle-mat-pembe-150x150-cm","status":"publish","type":"product","link":"https:\/\/www.flns.com.tr\/index.php\/urun\/momi-zawi-3d-puzzle-mat-pembe-150x150-cm\/","title":{"rendered":"MoMi ZAWI 3D Puzzle Mat Pembe (150&#215;150 cm)"},"content":{"rendered":"\t\t<div data-elementor-type=\"wp-post\" data-elementor-id=\"28027\" class=\"elementor elementor-28027\">\n\t\t\t\t<div class=\"wd-negative-gap elementor-element elementor-element-f6ff25e e-flex e-con-boxed e-con e-parent\" data-id=\"f6ff25e\" data-element_type=\"container\">\n\t\t\t\t\t<div class=\"e-con-inner\">\n\t\t<div class=\"elementor-element elementor-element-cc88603 e-con-full e-flex e-con e-child\" data-id=\"cc88603\" data-element_type=\"container\">\n\t\t\t\t<div class=\"elementor-element elementor-element-4bb1141 elementor-widget elementor-widget-wd_text_block\" data-id=\"4bb1141\" data-element_type=\"widget\" data-widget_type=\"wd_text_block.default\">\n\t\t\t\t<div class=\"elementor-widget-container\">\n\t\t\t\t\t\t\t<div class=\"wd-text-block reset-last-child text-left\">\n\t\t\t\n\t\t\t<p><strong>\u00dcR\u00dcN \u00d6ZELL\u0130KLER\u0130<\/strong><\/p><ul><li>EVA k\u00f6p\u00fckten yap\u0131lm\u0131\u015ft\u0131r<\/li><li>Su ge\u00e7irmez ve temizlemesi kolay<\/li><li>Kaymaz y\u00fczey<\/li><li>Is\u0131 yal\u0131t\u0131m\u0131<\/li><li>\u0130\u00e7 ve d\u0131\u015f mekan kullan\u0131m\u0131<\/li><li>Yumu\u015fak y\u00fczey oynamay\u0131 daha konforlu hale getirir<\/li><li>Zemini korur<\/li><li>Oynamak i\u00e7in bir\u00e7ok se\u00e7enek sunar<\/li><li>56 eleman<\/li><li>Bir par\u00e7an\u0131n y\u00fczeyi: 30 cm x 30 cm<\/li><li>Mat\u0131n boyutlar\u0131: 150 cm x 150 cm<\/li><li>Kuru top havuzunun boyutlar\u0131: 120 cm x 120 cm<\/li><li>Kuru top havuzunun kenar y\u00fcksekli\u011fi: 15 cm<\/li><li>Kal\u0131nl\u0131k: 1 cm<\/li><\/ul><p><strong>\u00dcR\u00dcN A\u011eIRLI\u011eI:<\/strong> 1,3 kg<\/p><p><strong>BOYUTLAR:<\/strong> 150 cm x 150 cm<\/p><p><strong>STANDARTLAR:<\/strong> EN 71-1, EN 71-2, EN 71-3<\/p><p><strong>PAKET BOYUTLARI:<\/strong> 34 cm x 34 cm x 30 cm<\/p><p><strong>MALZEMELER:<\/strong> EVA k\u00f6p\u00fck<\/p><p><strong>\u00dcRET\u0130C\u0130 GARANT\u0130S\u0130:<\/strong> 24 ay<\/p>\n\t\t\t\t\t<\/div>\n\t\t\t\t\t\t<\/div>\n\t\t\t\t<\/div>\n\t\t\t\t<\/div>\n\t\t<div class=\"elementor-element elementor-element-e806f1a e-con-full e-flex e-con e-child\" data-id=\"e806f1a\" data-element_type=\"container\">\n\t\t\t\t<div class=\"elementor-element elementor-element-143d474 elementor-widget elementor-widget-wd_image_or_svg\" data-id=\"143d474\" data-element_type=\"widget\" data-widget_type=\"wd_image_or_svg.default\">\n\t\t\t\t<div class=\"elementor-widget-container\">\n\t\t\t\t\t\n\t\t<div class=\"wd-image text-center\">\n\t\t\t\t\t\t\t\t<img fetchpriority=\"high\" decoding=\"async\" width=\"512\" height=\"768\" src=\"https:\/\/www.flns.com.tr\/wp-content\/uploads\/2025\/03\/zawi-life-style-512x768-1.jpg\" class=\"attachment-full size-full\" alt=\"\" srcset=\"https:\/\/www.flns.com.tr\/wp-content\/uploads\/2025\/03\/zawi-life-style-512x768-1.jpg 512w, https:\/\/www.flns.com.tr\/wp-content\/uploads\/2025\/03\/zawi-life-style-512x768-1-200x300.jpg 200w, https:\/\/www.flns.com.tr\/wp-content\/uploads\/2025\/03\/zawi-life-style-512x768-1-430x645.jpg 430w, https:\/\/www.flns.com.tr\/wp-content\/uploads\/2025\/03\/zawi-life-style-512x768-1-150x225.jpg 150w\" sizes=\"(max-width: 512px) 100vw, 512px\" \/>\t\t\t\t\t<\/div>\n\n\t\t\t\t\t\t<\/div>\n\t\t\t\t<\/div>\n\t\t\t\t<\/div>\n\t\t\t\t\t<\/div>\n\t\t\t\t<\/div>\n\t\t<div class=\"wd-negative-gap elementor-element elementor-element-433e16b e-flex e-con-boxed e-con e-parent\" data-id=\"433e16b\" data-element_type=\"container\">\n\t\t\t\t\t<div class=\"e-con-inner\">\n\t\t\t\t<div class=\"elementor-element elementor-element-5f577b3 elementor-widget elementor-widget-spacer\" data-id=\"5f577b3\" data-element_type=\"widget\" data-widget_type=\"spacer.default\">\n\t\t\t\t<div class=\"elementor-widget-container\">\n\t\t\t\t\t\t\t<div class=\"elementor-spacer\">\n\t\t\t<div class=\"elementor-spacer-inner\"><\/div>\n\t\t<\/div>\n\t\t\t\t\t\t<\/div>\n\t\t\t\t<\/div>\n\t\t\t\t<div class=\"elementor-element elementor-element-94c8e29 elementor-widget elementor-widget-wd_text_block\" data-id=\"94c8e29\" data-element_type=\"widget\" data-widget_type=\"wd_text_block.default\">\n\t\t\t\t<div class=\"elementor-widget-container\">\n\t\t\t\t\t\t\t<div class=\"wd-text-block reset-last-child text-left\">\n\t\t\t\n\t\t\t<p>MoMi ZAWI'yi \u00f6zel k\u0131lan nedir?<\/p><ul><li>\u00c7ok i\u015flevlili\u011fi sizi \u015fa\u015f\u0131rtacak. 1 adet MoMi ZAWI \u00fcr\u00fcn\u00fc sat\u0131n al\u0131rsan\u0131z 3 farkl\u0131 \u00fcr\u00fcn elde edersiniz! Bir mat, bir kuru top havuzu ve mekansal fig\u00fcrler olu\u015fturmak i\u00e7in kullanabilece\u011finiz klasik bir yapbozdur. Ayr\u0131ca, yapbozlarda, \u00e7ocu\u011fun oynamak i\u00e7in kullanabilece\u011fi k\u00f6p\u00fck ve yumu\u015fak hayvanlar bulunur.<\/li><li>Yapbozlar 1 cm kal\u0131nl\u0131\u011f\u0131ndad\u0131r, bu nedenle zeminde m\u00fckemmel bir \u015fekilde yal\u0131t\u0131m sa\u011flar. MoMi ZAWI'de otururken \u00e7ocu\u011funuz her zaman rahat ve konforlu olacakt\u0131r.<\/li><li>Mat b\u00fcy\u00fckt\u00fcr, 150x150'dir, bu sayede yaln\u0131zca yeni do\u011fanlar i\u00e7in de\u011fil, ayn\u0131 zamanda y\u00fcr\u00fcmeye ba\u015flayan \u00e7ocuklar i\u00e7in de rahatt\u0131r. S\u00f6k\u00fcld\u00fckten sonra, MoMi ZAWi dahil olan k\u00fc\u00e7\u00fck bir \u00e7antaya s\u0131\u011far.<\/li><li>MoMi ZAWI mat\u0131n\u0131 i\u00e7 ve d\u0131\u015f mekanlarda kullanabilirsiniz. H\u0131zl\u0131ca katlay\u0131p tekrar birle\u015ftirebilirsiniz. K\u00f6p\u00fck mat, tekstil mat\u0131ndan daha pratiktir - kirlendi\u011finde sadece bir bezle temizleyebilirsiniz ve i\u015finiz biter!<\/li><li>MoMi ZAWI \u00e7ok i\u015flevli bir matt\u0131r ve \u00e7ocu\u011funuzun do\u011fumundan okul \u00f6ncesi ya\u015f\u0131na kadar size e\u015flik edecektir.<\/li><\/ul>\n\t\t\t\t\t<\/div>\n\t\t\t\t\t\t<\/div>\n\t\t\t\t<\/div>\n\t\t\t\t<div class=\"elementor-element elementor-element-d0f4769 elementor-widget elementor-widget-spacer\" data-id=\"d0f4769\" data-element_type=\"widget\" data-widget_type=\"spacer.default\">\n\t\t\t\t<div class=\"elementor-widget-container\">\n\t\t\t\t\t\t\t<div class=\"elementor-spacer\">\n\t\t\t<div class=\"elementor-spacer-inner\"><\/div>\n\t\t<\/div>\n\t\t\t\t\t\t<\/div>\n\t\t\t\t<\/div>\n\t\t\t\t<div class=\"elementor-element elementor-element-fdaa37c elementor-widget elementor-widget-wd_image_or_svg\" data-id=\"fdaa37c\" data-element_type=\"widget\" data-widget_type=\"wd_image_or_svg.default\">\n\t\t\t\t<div class=\"elementor-widget-container\">\n\t\t\t\t\t\n\t\t<div class=\"wd-image text-center\">\n\t\t\t\t\t\t\t\t<img decoding=\"async\" width=\"768\" height=\"512\" src=\"https:\/\/www.flns.com.tr\/wp-content\/uploads\/2025\/03\/zawi-life-style-768x512-1.jpg\" class=\"attachment-full size-full\" alt=\"\" srcset=\"https:\/\/www.flns.com.tr\/wp-content\/uploads\/2025\/03\/zawi-life-style-768x512-1.jpg 768w, https:\/\/www.flns.com.tr\/wp-content\/uploads\/2025\/03\/zawi-life-style-768x512-1-400x267.jpg 400w, https:\/\/www.flns.com.tr\/wp-content\/uploads\/2025\/03\/zawi-life-style-768x512-1-430x287.jpg 430w, https:\/\/www.flns.com.tr\/wp-content\/uploads\/2025\/03\/zawi-life-style-768x512-1-700x467.jpg 700w, https:\/\/www.flns.com.tr\/wp-content\/uploads\/2025\/03\/zawi-life-style-768x512-1-150x100.jpg 150w\" sizes=\"(max-width: 768px) 100vw, 768px\" \/>\t\t\t\t\t<\/div>\n\n\t\t\t\t\t\t<\/div>\n\t\t\t\t<\/div>\n\t\t\t\t\t<\/div>\n\t\t\t\t<\/div>\n\t\t\t\t<\/div>\n\t\t","protected":false},"excerpt":{"rendered":"<p>MoMi ZAWI k\u00f6p\u00fck mat \u00e7ok i\u015flevli bir \u00fcr\u00fcnd\u00fcr. Oyun zaman\u0131 \u00e7ocu\u011fu so\u011fuktan koruyan konforlu bir mat, kuru top havuzu ve 3D puzzle formunda bir oyuncakt\u0131r.<\/p>\n","protected":false},"featured_media":29060,"comment_status":"open","ping_status":"closed","template":"","meta":[],"product_brand":[225],"product_cat":[196],"product_tag":[],"class_list":{"0":"post-28027","1":"product","2":"type-product","3":"status-publish","4":"has-post-thumbnail","6":"product_brand-momi","7":"product_cat-oyun_matlari","9":"first","10":"instock","11":"taxable","12":"shipping-taxable","13":"purchasable","14":"product-type-simple"},"yoast_head":"<!-- This site is optimized with the Yoast SEO plugin v25.1 - https:\/\/yoast.com\/wordpress\/plugins\/seo\/ -->\n<title>MoMi ZAWI 3D Puzzle Mat Pembe (150x150 cm) - FLNS<\/title>\n<meta name=\"robots\" content=\"index, follow, max-snippet:-1, max-image-preview:large, max-video-preview:-1\" \/>\n<link rel=\"canonical\" href=\"https:\/\/www.flns.com.tr\/index.php\/urun\/momi-zawi-3d-puzzle-mat-pembe-150x150-cm\/\" \/>\n<meta property=\"og:locale\" content=\"tr_TR\" \/>\n<meta property=\"og:type\" content=\"article\" \/>\n<meta property=\"og:title\" content=\"MoMi ZAWI 3D Puzzle Mat Pembe (150x150 cm) - FLNS\" \/>\n<meta property=\"og:description\" content=\"MoMi ZAWI k\u00f6p\u00fck mat \u00e7ok i\u015flevli bir \u00fcr\u00fcnd\u00fcr. Oyun zaman\u0131 \u00e7ocu\u011fu so\u011fuktan koruyan konforlu bir mat, kuru top havuzu ve 3D puzzle formunda bir oyuncakt\u0131r.\" \/>\n<meta property=\"og:url\" content=\"https:\/\/www.flns.com.tr\/index.php\/urun\/momi-zawi-3d-puzzle-mat-pembe-150x150-cm\/\" \/>\n<meta property=\"og:site_name\" content=\"FLNS\" \/>\n<meta property=\"article:modified_time\" content=\"2025-04-30T22:32:06+00:00\" \/>\n<meta property=\"og:image\" content=\"https:\/\/www.flns.com.tr\/wp-content\/uploads\/2025\/03\/zawi-puzzle-oyun-mati-pembe.jpg\" \/>\n\t<meta property=\"og:image:width\" content=\"1500\" \/>\n\t<meta property=\"og:image:height\" content=\"1500\" \/>\n\t<meta property=\"og:image:type\" content=\"image\/jpeg\" \/>\n<meta name=\"twitter:card\" content=\"summary_large_image\" \/>\n<meta name=\"twitter:label1\" content=\"Tahmini okuma s\u00fcresi\" \/>\n\t<meta name=\"twitter:data1\" content=\"2 dakika\" \/>\n<script type=\"application\/ld+json\" class=\"yoast-schema-graph\">{\"@context\":\"https:\/\/schema.org\",\"@graph\":[{\"@type\":\"WebPage\",\"@id\":\"https:\/\/www.flns.com.tr\/index.php\/urun\/momi-zawi-3d-puzzle-mat-pembe-150x150-cm\/\",\"url\":\"https:\/\/www.flns.com.tr\/index.php\/urun\/momi-zawi-3d-puzzle-mat-pembe-150x150-cm\/\",\"name\":\"MoMi ZAWI 3D Puzzle Mat Pembe (150x150 cm) - FLNS\",\"isPartOf\":{\"@id\":\"https:\/\/www.flns.com.tr\/#website\"},\"primaryImageOfPage\":{\"@id\":\"https:\/\/www.flns.com.tr\/index.php\/urun\/momi-zawi-3d-puzzle-mat-pembe-150x150-cm\/#primaryimage\"},\"image\":{\"@id\":\"https:\/\/www.flns.com.tr\/index.php\/urun\/momi-zawi-3d-puzzle-mat-pembe-150x150-cm\/#primaryimage\"},\"thumbnailUrl\":\"https:\/\/www.flns.com.tr\/wp-content\/uploads\/2025\/03\/zawi-puzzle-oyun-mati-pembe.jpg\",\"datePublished\":\"2025-03-25T20:56:42+00:00\",\"dateModified\":\"2025-04-30T22:32:06+00:00\",\"breadcrumb\":{\"@id\":\"https:\/\/www.flns.com.tr\/index.php\/urun\/momi-zawi-3d-puzzle-mat-pembe-150x150-cm\/#breadcrumb\"},\"inLanguage\":\"tr\",\"potentialAction\":[{\"@type\":\"ReadAction\",\"target\":[\"https:\/\/www.flns.com.tr\/index.php\/urun\/momi-zawi-3d-puzzle-mat-pembe-150x150-cm\/\"]}]},{\"@type\":\"ImageObject\",\"inLanguage\":\"tr\",\"@id\":\"https:\/\/www.flns.com.tr\/index.php\/urun\/momi-zawi-3d-puzzle-mat-pembe-150x150-cm\/#primaryimage\",\"url\":\"https:\/\/www.flns.com.tr\/wp-content\/uploads\/2025\/03\/zawi-puzzle-oyun-mati-pembe.jpg\",\"contentUrl\":\"https:\/\/www.flns.com.tr\/wp-content\/uploads\/2025\/03\/zawi-puzzle-oyun-mati-pembe.jpg\",\"width\":1500,\"height\":1500},{\"@type\":\"BreadcrumbList\",\"@id\":\"https:\/\/www.flns.com.tr\/index.php\/urun\/momi-zawi-3d-puzzle-mat-pembe-150x150-cm\/#breadcrumb\",\"itemListElement\":[{\"@type\":\"ListItem\",\"position\":1,\"name\":\"Anasayfa\",\"item\":\"https:\/\/www.flns.com.tr\/\"},{\"@type\":\"ListItem\",\"position\":2,\"name\":\"Ma\u011faza\",\"item\":\"https:\/\/www.flns.com.tr\/index.php\/shop\/\"},{\"@type\":\"ListItem\",\"position\":3,\"name\":\"MoMi ZAWI 3D Puzzle Mat Pembe (150&#215;150 cm)\"}]},{\"@type\":\"WebSite\",\"@id\":\"https:\/\/www.flns.com.tr\/#website\",\"url\":\"https:\/\/www.flns.com.tr\/\",\"name\":\"FLNS\",\"description\":\"FUN LOVE NATURE SPORT\",\"publisher\":{\"@id\":\"https:\/\/www.flns.com.tr\/#organization\"},\"potentialAction\":[{\"@type\":\"SearchAction\",\"target\":{\"@type\":\"EntryPoint\",\"urlTemplate\":\"https:\/\/www.flns.com.tr\/?s={search_term_string}\"},\"query-input\":{\"@type\":\"PropertyValueSpecification\",\"valueRequired\":true,\"valueName\":\"search_term_string\"}}],\"inLanguage\":\"tr\"},{\"@type\":\"Organization\",\"@id\":\"https:\/\/www.flns.com.tr\/#organization\",\"name\":\"FLNS\",\"url\":\"https:\/\/www.flns.com.tr\/\",\"logo\":{\"@type\":\"ImageObject\",\"inLanguage\":\"tr\",\"@id\":\"https:\/\/www.flns.com.tr\/#\/schema\/logo\/image\/\",\"url\":\"https:\/\/www.flns.com.tr\/wp-content\/uploads\/2025\/03\/FLNS-LOGO.png\",\"contentUrl\":\"https:\/\/www.flns.com.tr\/wp-content\/uploads\/2025\/03\/FLNS-LOGO.png\",\"width\":4500,\"height\":2892,\"caption\":\"FLNS\"},\"image\":{\"@id\":\"https:\/\/www.flns.com.tr\/#\/schema\/logo\/image\/\"},\"sameAs\":[\"https:\/\/www.instagram.com\/f.l.n.s\"]}]}<\/script>\n<!-- \/ Yoast SEO plugin. -->","yoast_head_json":{"title":"MoMi ZAWI 3D Puzzle Mat Pembe (150x150 cm) - FLNS","robots":{"index":"index","follow":"follow","max-snippet":"max-snippet:-1","max-image-preview":"max-image-preview:large","max-video-preview":"max-video-preview:-1"},"canonical":"https:\/\/www.flns.com.tr\/index.php\/urun\/momi-zawi-3d-puzzle-mat-pembe-150x150-cm\/","og_locale":"tr_TR","og_type":"article","og_title":"MoMi ZAWI 3D Puzzle Mat Pembe (150x150 cm) - FLNS","og_description":"MoMi ZAWI k\u00f6p\u00fck mat \u00e7ok i\u015flevli bir \u00fcr\u00fcnd\u00fcr. Oyun zaman\u0131 \u00e7ocu\u011fu so\u011fuktan koruyan konforlu bir mat, kuru top havuzu ve 3D puzzle formunda bir oyuncakt\u0131r.","og_url":"https:\/\/www.flns.com.tr\/index.php\/urun\/momi-zawi-3d-puzzle-mat-pembe-150x150-cm\/","og_site_name":"FLNS","article_modified_time":"2025-04-30T22:32:06+00:00","og_image":[{"width":1500,"height":1500,"url":"https:\/\/www.flns.com.tr\/wp-content\/uploads\/2025\/03\/zawi-puzzle-oyun-mati-pembe.jpg","type":"image\/jpeg"}],"twitter_card":"summary_large_image","twitter_misc":{"Tahmini okuma s\u00fcresi":"2 dakika"},"schema":{"@context":"https:\/\/schema.org","@graph":[{"@type":"WebPage","@id":"https:\/\/www.flns.com.tr\/index.php\/urun\/momi-zawi-3d-puzzle-mat-pembe-150x150-cm\/","url":"https:\/\/www.flns.com.tr\/index.php\/urun\/momi-zawi-3d-puzzle-mat-pembe-150x150-cm\/","name":"MoMi ZAWI 3D Puzzle Mat Pembe (150x150 cm) - FLNS","isPartOf":{"@id":"https:\/\/www.flns.com.tr\/#website"},"primaryImageOfPage":{"@id":"https:\/\/www.flns.com.tr\/index.php\/urun\/momi-zawi-3d-puzzle-mat-pembe-150x150-cm\/#primaryimage"},"image":{"@id":"https:\/\/www.flns.com.tr\/index.php\/urun\/momi-zawi-3d-puzzle-mat-pembe-150x150-cm\/#primaryimage"},"thumbnailUrl":"https:\/\/www.flns.com.tr\/wp-content\/uploads\/2025\/03\/zawi-puzzle-oyun-mati-pembe.jpg","datePublished":"2025-03-25T20:56:42+00:00","dateModified":"2025-04-30T22:32:06+00:00","breadcrumb":{"@id":"https:\/\/www.flns.com.tr\/index.php\/urun\/momi-zawi-3d-puzzle-mat-pembe-150x150-cm\/#breadcrumb"},"inLanguage":"tr","potentialAction":[{"@type":"ReadAction","target":["https:\/\/www.flns.com.tr\/index.php\/urun\/momi-zawi-3d-puzzle-mat-pembe-150x150-cm\/"]}]},{"@type":"ImageObject","inLanguage":"tr","@id":"https:\/\/www.flns.com.tr\/index.php\/urun\/momi-zawi-3d-puzzle-mat-pembe-150x150-cm\/#primaryimage","url":"https:\/\/www.flns.com.tr\/wp-content\/uploads\/2025\/03\/zawi-puzzle-oyun-mati-pembe.jpg","contentUrl":"https:\/\/www.flns.com.tr\/wp-content\/uploads\/2025\/03\/zawi-puzzle-oyun-mati-pembe.jpg","width":1500,"height":1500},{"@type":"BreadcrumbList","@id":"https:\/\/www.flns.com.tr\/index.php\/urun\/momi-zawi-3d-puzzle-mat-pembe-150x150-cm\/#breadcrumb","itemListElement":[{"@type":"ListItem","position":1,"name":"Anasayfa","item":"https:\/\/www.flns.com.tr\/"},{"@type":"ListItem","position":2,"name":"Ma\u011faza","item":"https:\/\/www.flns.com.tr\/index.php\/shop\/"},{"@type":"ListItem","position":3,"name":"MoMi ZAWI 3D Puzzle Mat Pembe (150&#215;150 cm)"}]},{"@type":"WebSite","@id":"https:\/\/www.flns.com.tr\/#website","url":"https:\/\/www.flns.com.tr\/","name":"FLNS","description":"FUN LOVE NATURE SPORT","publisher":{"@id":"https:\/\/www.flns.com.tr\/#organization"},"potentialAction":[{"@type":"SearchAction","target":{"@type":"EntryPoint","urlTemplate":"https:\/\/www.flns.com.tr\/?s={search_term_string}"},"query-input":{"@type":"PropertyValueSpecification","valueRequired":true,"valueName":"search_term_string"}}],"inLanguage":"tr"},{"@type":"Organization","@id":"https:\/\/www.flns.com.tr\/#organization","name":"FLNS","url":"https:\/\/www.flns.com.tr\/","logo":{"@type":"ImageObject","inLanguage":"tr","@id":"https:\/\/www.flns.com.tr\/#\/schema\/logo\/image\/","url":"https:\/\/www.flns.com.tr\/wp-content\/uploads\/2025\/03\/FLNS-LOGO.png","contentUrl":"https:\/\/www.flns.com.tr\/wp-content\/uploads\/2025\/03\/FLNS-LOGO.png","width":4500,"height":2892,"caption":"FLNS"},"image":{"@id":"https:\/\/www.flns.com.tr\/#\/schema\/logo\/image\/"},"sameAs":["https:\/\/www.instagram.com\/f.l.n.s"]}]}},"_links":{"self":[{"href":"https:\/\/www.flns.com.tr\/index.php\/wp-json\/wp\/v2\/product\/28027","targetHints":{"allow":["GET"]}}],"collection":[{"href":"https:\/\/www.flns.com.tr\/index.php\/wp-json\/wp\/v2\/product"}],"about":[{"href":"https:\/\/www.flns.com.tr\/index.php\/wp-json\/wp\/v2\/types\/product"}],"replies":[{"embeddable":true,"href":"https:\/\/www.flns.com.tr\/index.php\/wp-json\/wp\/v2\/comments?post=28027"}],"version-history":[{"count":15,"href":"https:\/\/www.flns.com.tr\/index.php\/wp-json\/wp\/v2\/product\/28027\/revisions"}],"predecessor-version":[{"id":31135,"href":"https:\/\/www.flns.com.tr\/index.php\/wp-json\/wp\/v2\/product\/28027\/revisions\/31135"}],"wp:featuredmedia":[{"embeddable":true,"href":"https:\/\/www.flns.com.tr\/index.php\/wp-json\/wp\/v2\/media\/29060"}],"wp:attachment":[{"href":"https:\/\/www.flns.com.tr\/index.php\/wp-json\/wp\/v2\/media?parent=28027"}],"wp:term":[{"taxonomy":"product_brand","embeddable":true,"href":"https:\/\/www.flns.com.tr\/index.php\/wp-json\/wp\/v2\/product_brand?post=28027"},{"taxonomy":"product_cat","embeddable":true,"href":"https:\/\/www.flns.com.tr\/index.php\/wp-json\/wp\/v2\/product_cat?post=28027"},{"taxonomy":"product_tag","embeddable":true,"href":"https:\/\/www.flns.com.tr\/index.php\/wp-json\/wp\/v2\/product_tag?post=28027"}],"curies":[{"name":"wp","href":"https:\/\/api.w.org\/{rel}","templated":true}]}}