{"id":28029,"date":"2025-03-25T23:56:42","date_gmt":"2025-03-25T20:56:42","guid":{"rendered":"https:\/\/www.flns.com.tr\/index.php\/urun\/momi-feli-3d-kopuk-puzzle-mat-gri120x120-cm\/"},"modified":"2025-05-01T01:33:10","modified_gmt":"2025-04-30T22:33:10","slug":"momi-feli-3d-kopuk-puzzle-mat-gri-120x120-cm","status":"publish","type":"product","link":"https:\/\/www.flns.com.tr\/index.php\/urun\/momi-feli-3d-kopuk-puzzle-mat-gri-120x120-cm\/","title":{"rendered":"MoMi FELI 3D K\u00f6p\u00fck Puzzle Mat Gri (120&#215;120 cm)"},"content":{"rendered":"\t\t<div data-elementor-type=\"wp-post\" data-elementor-id=\"28029\" class=\"elementor elementor-28029\">\n\t\t\t\t<div class=\"wd-negative-gap elementor-element elementor-element-02f3b8b e-flex e-con-boxed e-con e-parent\" data-id=\"02f3b8b\" data-element_type=\"container\">\n\t\t\t\t\t<div class=\"e-con-inner\">\n\t\t<div class=\"elementor-element elementor-element-765e47a e-con-full e-flex e-con e-child\" data-id=\"765e47a\" data-element_type=\"container\">\n\t\t\t\t<div class=\"elementor-element elementor-element-57a78e6 elementor-widget elementor-widget-wd_text_block\" data-id=\"57a78e6\" data-element_type=\"widget\" data-widget_type=\"wd_text_block.default\">\n\t\t\t\t<div class=\"elementor-widget-container\">\n\t\t\t\t\t\t\t<div class=\"wd-text-block reset-last-child text-left\">\n\t\t\t\n\t\t\t<p><strong>\u00dcR\u00dcN \u00d6ZELL\u0130KLER\u0130<\/strong><\/p><ul><li>EVA k\u00f6p\u00fckten yap\u0131lm\u0131\u015ft\u0131r<\/li><li>Su ge\u00e7irmez ve kolay temizlenir<\/li><li>Kaymaz y\u00fczey<\/li><li>Is\u0131 yal\u0131t\u0131m fonksiyonu<\/li><li>\u0130\u00e7 ve d\u0131\u015f mekan kullan\u0131m\u0131<\/li><li>Yumu\u015fak y\u00fczeyleri sayesinde oyun konforunu art\u0131r\u0131r<\/li><li>Zemini korur<\/li><li>Oyun i\u00e7in bir\u00e7ok se\u00e7enek sunar<\/li><li>8 eleman<\/li><li>Bir eleman\u0131n boyutlar\u0131: 60 cm x 60 cm<\/li><li>Mat\u0131n boyutlar\u0131: 120 cm x 120 cm<\/li><li>Kal\u0131nl\u0131k: 1 cm<\/li><\/ul><p><strong>\u00dcR\u00dcN A\u011eIRLI\u011eI:<\/strong> 1,25 kg<\/p><p><strong>BOYUTLAR:<\/strong> 120 cm x 120 cm<\/p><p><strong>STANDARTLAR:<\/strong> EN 71-1, EN 71-2, EN 71-3<\/p><p><strong>PAKET BOYUTLARI:<\/strong> 63 cm x 63 cm x 10 cm<\/p><p><strong>MALZEMELER:<\/strong> EVA k\u00f6p\u00fck<\/p><p><strong>\u00dcRET\u0130C\u0130 GARANT\u0130S\u0130:<\/strong> 24 ay<\/p>\n\t\t\t\t\t<\/div>\n\t\t\t\t\t\t<\/div>\n\t\t\t\t<\/div>\n\t\t\t\t<\/div>\n\t\t<div class=\"elementor-element elementor-element-bfe48d9 e-con-full e-flex e-con e-child\" data-id=\"bfe48d9\" data-element_type=\"container\">\n\t\t\t\t<div class=\"elementor-element elementor-element-be0f155 elementor-widget elementor-widget-wd_image_or_svg\" data-id=\"be0f155\" data-element_type=\"widget\" data-widget_type=\"wd_image_or_svg.default\">\n\t\t\t\t<div class=\"elementor-widget-container\">\n\t\t\t\t\t\n\t\t<div class=\"wd-image text-center\">\n\t\t\t\t\t\t\t\t<img fetchpriority=\"high\" decoding=\"async\" width=\"512\" height=\"768\" src=\"https:\/\/www.flns.com.tr\/wp-content\/uploads\/2025\/03\/feli-life-style-512x768-1.jpg\" class=\"attachment-full size-full\" alt=\"\" srcset=\"https:\/\/www.flns.com.tr\/wp-content\/uploads\/2025\/03\/feli-life-style-512x768-1.jpg 512w, https:\/\/www.flns.com.tr\/wp-content\/uploads\/2025\/03\/feli-life-style-512x768-1-200x300.jpg 200w, https:\/\/www.flns.com.tr\/wp-content\/uploads\/2025\/03\/feli-life-style-512x768-1-430x645.jpg 430w, https:\/\/www.flns.com.tr\/wp-content\/uploads\/2025\/03\/feli-life-style-512x768-1-150x225.jpg 150w\" sizes=\"(max-width: 512px) 100vw, 512px\" \/>\t\t\t\t\t<\/div>\n\n\t\t\t\t\t\t<\/div>\n\t\t\t\t<\/div>\n\t\t\t\t<\/div>\n\t\t\t\t\t<\/div>\n\t\t\t\t<\/div>\n\t\t<div class=\"wd-negative-gap elementor-element elementor-element-5ad6042 e-flex e-con-boxed e-con e-parent\" data-id=\"5ad6042\" data-element_type=\"container\">\n\t\t\t\t\t<div class=\"e-con-inner\">\n\t\t\t\t<div class=\"elementor-element elementor-element-728c862 elementor-widget elementor-widget-spacer\" data-id=\"728c862\" data-element_type=\"widget\" data-widget_type=\"spacer.default\">\n\t\t\t\t<div class=\"elementor-widget-container\">\n\t\t\t\t\t\t\t<div class=\"elementor-spacer\">\n\t\t\t<div class=\"elementor-spacer-inner\"><\/div>\n\t\t<\/div>\n\t\t\t\t\t\t<\/div>\n\t\t\t\t<\/div>\n\t\t\t\t<div class=\"elementor-element elementor-element-8cc1391 elementor-widget elementor-widget-wd_text_block\" data-id=\"8cc1391\" data-element_type=\"widget\" data-widget_type=\"wd_text_block.default\">\n\t\t\t\t<div class=\"elementor-widget-container\">\n\t\t\t\t\t\t\t<div class=\"wd-text-block reset-last-child text-left\">\n\t\t\t\n\t\t\t<p>MoMi FELI'yi \u00f6zel k\u0131lan nedir?<\/p><ul><li>MoMi FELI\u00a0 bir mat ve ayn\u0131 zamanda b\u00fcy\u00fck yaprakl\u0131 b\u00fcy\u00fck bir bulmacad\u0131r. K\u00f6p\u00fck yapraklar ba\u011f\u0131ms\u0131z olarak oynamak i\u00e7in kullan\u0131labilir. Bulmacalar 1 cm kal\u0131nl\u0131\u011f\u0131ndad\u0131r, bu nedenle zeminden m\u00fckemmel bir \u015fekilde izolasyon sa\u011flar. MoMi FELI mat\u0131nda bebek her zaman rahat ve s\u0131cak olacakt\u0131r.<\/li><li>Mat b\u00fcy\u00fckt\u00fcr - 120x120 cm, bu nedenle yaln\u0131zca yeni do\u011fmu\u015f bir bebek i\u00e7in de\u011fil, ayn\u0131 zamanda daha b\u00fcy\u00fck bir \u00e7ocuk i\u00e7in de rahatt\u0131r. MoMi FELI demonte edildikten sonra az yer kaplar ve onu bir dolapta veya hatta bir yata\u011f\u0131n alt\u0131nda saklayabilirsiniz.<\/li><li>Mat oynamak i\u00e7in bir\u00e7ok se\u00e7enek sunar - onu klasik bir bulmaca olarak kullanabilirsiniz. Ek olarak, 3D \u00f6\u011feler ba\u011f\u0131ms\u0131z olarak oynamak i\u00e7in kullan\u0131labilir veya \u00e7ift tarafl\u0131 bant kullan\u0131larak bir \u00e7ocuk odas\u0131n\u0131n dekoratif bir \u00f6\u011fesi olarak hizmet edebilir.<\/li><li>MoMi FELI mat\u0131n\u0131 hem i\u00e7 hem de d\u0131\u015f mekanlarda kullanabilirsiniz. Bir araya getirip h\u0131zl\u0131ca a\u00e7abilirsiniz. K\u00f6p\u00fck mat, tekstil mat\u0131ndan daha pratiktir, \u00e7\u00fcnk\u00fc temizlenmesi daha kolayd\u0131r - sadece bir bezle silin ve tamamd\u0131r!<\/li><\/ul>\n\t\t\t\t\t<\/div>\n\t\t\t\t\t\t<\/div>\n\t\t\t\t<\/div>\n\t\t\t\t<div class=\"elementor-element elementor-element-d01f443 elementor-widget elementor-widget-spacer\" data-id=\"d01f443\" data-element_type=\"widget\" data-widget_type=\"spacer.default\">\n\t\t\t\t<div class=\"elementor-widget-container\">\n\t\t\t\t\t\t\t<div class=\"elementor-spacer\">\n\t\t\t<div class=\"elementor-spacer-inner\"><\/div>\n\t\t<\/div>\n\t\t\t\t\t\t<\/div>\n\t\t\t\t<\/div>\n\t\t\t\t<div class=\"elementor-element elementor-element-f6c43fb elementor-widget elementor-widget-wd_image_or_svg\" data-id=\"f6c43fb\" data-element_type=\"widget\" data-widget_type=\"wd_image_or_svg.default\">\n\t\t\t\t<div class=\"elementor-widget-container\">\n\t\t\t\t\t\n\t\t<div class=\"wd-image text-center\">\n\t\t\t\t\t\t\t\t<img decoding=\"async\" width=\"768\" height=\"512\" src=\"https:\/\/www.flns.com.tr\/wp-content\/uploads\/2025\/03\/feli-life-style-768x512-1.jpg\" class=\"attachment-full size-full\" alt=\"\" srcset=\"https:\/\/www.flns.com.tr\/wp-content\/uploads\/2025\/03\/feli-life-style-768x512-1.jpg 768w, https:\/\/www.flns.com.tr\/wp-content\/uploads\/2025\/03\/feli-life-style-768x512-1-400x267.jpg 400w, https:\/\/www.flns.com.tr\/wp-content\/uploads\/2025\/03\/feli-life-style-768x512-1-430x287.jpg 430w, https:\/\/www.flns.com.tr\/wp-content\/uploads\/2025\/03\/feli-life-style-768x512-1-700x467.jpg 700w, https:\/\/www.flns.com.tr\/wp-content\/uploads\/2025\/03\/feli-life-style-768x512-1-150x100.jpg 150w\" sizes=\"(max-width: 768px) 100vw, 768px\" \/>\t\t\t\t\t<\/div>\n\n\t\t\t\t\t\t<\/div>\n\t\t\t\t<\/div>\n\t\t\t\t\t<\/div>\n\t\t\t\t<\/div>\n\t\t\t\t<\/div>\n\t\t","protected":false},"excerpt":{"rendered":"<p>MoMi FELI k\u00f6p\u00fck mat, \u00e7ocuklar i\u00e7in g\u00fcvenli ve konforlu bir yerdir. Is\u0131 yal\u0131t\u0131m \u00f6zelli\u011fi sayesinde bebek s\u0131cak kalacakt\u0131r. Ayr\u0131ca MoMi FELI hem i\u00e7 hem de d\u0131\u015f mekanlarda kullan\u0131labilir.<\/p>\n<p style=\"text-align: center;\"><strong>D\u0130\u011eER SE\u00c7ENEKLER<\/strong><\/p>\n<p style=\"text-align: center;\"><a href=\"\/index.php\/urun\/momi-feli-3d-kopuk-puzzle-mat-siyah-120x120-cm\/\"><img decoding=\"async\" class=\"alignnone wp-image-28473 size-thumbnail\" src=\"https:\/\/www.flns.com.tr\/wp-content\/themes\/woodmart\/images\/lazy.svg\" data-src=\"https:\/\/www.flns.com.tr\/wp-content\/uploads\/2025\/03\/feli-3d-kopuk-puzzle-mat-siyah-150x150.jpg\" alt=\"\" width=\"150\" height=\"150\" srcset=\"\" data-srcset=\"https:\/\/www.flns.com.tr\/wp-content\/uploads\/2025\/03\/feli-3d-kopuk-puzzle-mat-siyah-150x150.jpg 150w, https:\/\/www.flns.com.tr\/wp-content\/uploads\/2025\/03\/feli-3d-kopuk-puzzle-mat-siyah-300x300.jpg 300w, https:\/\/www.flns.com.tr\/wp-content\/uploads\/2025\/03\/feli-3d-kopuk-puzzle-mat-siyah-800x800.jpg 800w, https:\/\/www.flns.com.tr\/wp-content\/uploads\/2025\/03\/feli-3d-kopuk-puzzle-mat-siyah-768x768.jpg 768w, https:\/\/www.flns.com.tr\/wp-content\/uploads\/2025\/03\/feli-3d-kopuk-puzzle-mat-siyah-430x430.jpg 430w, https:\/\/www.flns.com.tr\/wp-content\/uploads\/2025\/03\/feli-3d-kopuk-puzzle-mat-siyah-700x700.jpg 700w, https:\/\/www.flns.com.tr\/wp-content\/uploads\/2025\/03\/feli-3d-kopuk-puzzle-mat-siyah.jpg 1500w\" sizes=\"(max-width: 150px) 100vw, 150px\" \/><\/a><\/p>\n","protected":false},"featured_media":28461,"comment_status":"open","ping_status":"closed","template":"","meta":[],"product_brand":[225],"product_cat":[196],"product_tag":[],"class_list":{"0":"post-28029","1":"product","2":"type-product","3":"status-publish","4":"has-post-thumbnail","6":"product_brand-momi","7":"product_cat-oyun_matlari","9":"first","10":"instock","11":"taxable","12":"shipping-taxable","13":"purchasable","14":"product-type-simple"},"yoast_head":"<!-- This site is optimized with the Yoast SEO plugin v25.1 - https:\/\/yoast.com\/wordpress\/plugins\/seo\/ -->\n<title>MoMi FELI 3D K\u00f6p\u00fck Puzzle Mat Gri (120x120 cm) - FLNS<\/title>\n<meta name=\"robots\" content=\"index, follow, max-snippet:-1, max-image-preview:large, max-video-preview:-1\" \/>\n<link rel=\"canonical\" href=\"https:\/\/www.flns.com.tr\/index.php\/urun\/momi-feli-3d-kopuk-puzzle-mat-gri-120x120-cm\/\" \/>\n<meta property=\"og:locale\" content=\"tr_TR\" \/>\n<meta property=\"og:type\" content=\"article\" \/>\n<meta property=\"og:title\" content=\"MoMi FELI 3D K\u00f6p\u00fck Puzzle Mat Gri (120x120 cm) - FLNS\" \/>\n<meta property=\"og:description\" content=\"MoMi FELI k\u00f6p\u00fck mat, \u00e7ocuklar i\u00e7in g\u00fcvenli ve konforlu bir yerdir. Is\u0131 yal\u0131t\u0131m \u00f6zelli\u011fi sayesinde bebek s\u0131cak kalacakt\u0131r. Ayr\u0131ca MoMi FELI hem i\u00e7 hem de d\u0131\u015f mekanlarda kullan\u0131labilir. D\u0130\u011eER SE\u00c7ENEKLER\" \/>\n<meta property=\"og:url\" content=\"https:\/\/www.flns.com.tr\/index.php\/urun\/momi-feli-3d-kopuk-puzzle-mat-gri-120x120-cm\/\" \/>\n<meta property=\"og:site_name\" content=\"FLNS\" \/>\n<meta property=\"article:modified_time\" content=\"2025-04-30T22:33:10+00:00\" \/>\n<meta property=\"og:image\" content=\"https:\/\/www.flns.com.tr\/wp-content\/uploads\/2025\/03\/feli-3d-kopuk-puzzle-mat-gri.jpg\" \/>\n\t<meta property=\"og:image:width\" content=\"1500\" \/>\n\t<meta property=\"og:image:height\" content=\"1500\" \/>\n\t<meta property=\"og:image:type\" content=\"image\/jpeg\" \/>\n<meta name=\"twitter:card\" content=\"summary_large_image\" \/>\n<meta name=\"twitter:label1\" content=\"Tahmini okuma s\u00fcresi\" \/>\n\t<meta name=\"twitter:data1\" content=\"2 dakika\" \/>\n<script type=\"application\/ld+json\" class=\"yoast-schema-graph\">{\"@context\":\"https:\/\/schema.org\",\"@graph\":[{\"@type\":\"WebPage\",\"@id\":\"https:\/\/www.flns.com.tr\/index.php\/urun\/momi-feli-3d-kopuk-puzzle-mat-gri-120x120-cm\/\",\"url\":\"https:\/\/www.flns.com.tr\/index.php\/urun\/momi-feli-3d-kopuk-puzzle-mat-gri-120x120-cm\/\",\"name\":\"MoMi FELI 3D K\u00f6p\u00fck Puzzle Mat Gri (120x120 cm) - FLNS\",\"isPartOf\":{\"@id\":\"https:\/\/www.flns.com.tr\/#website\"},\"primaryImageOfPage\":{\"@id\":\"https:\/\/www.flns.com.tr\/index.php\/urun\/momi-feli-3d-kopuk-puzzle-mat-gri-120x120-cm\/#primaryimage\"},\"image\":{\"@id\":\"https:\/\/www.flns.com.tr\/index.php\/urun\/momi-feli-3d-kopuk-puzzle-mat-gri-120x120-cm\/#primaryimage\"},\"thumbnailUrl\":\"https:\/\/www.flns.com.tr\/wp-content\/uploads\/2025\/03\/feli-3d-kopuk-puzzle-mat-gri.jpg\",\"datePublished\":\"2025-03-25T20:56:42+00:00\",\"dateModified\":\"2025-04-30T22:33:10+00:00\",\"breadcrumb\":{\"@id\":\"https:\/\/www.flns.com.tr\/index.php\/urun\/momi-feli-3d-kopuk-puzzle-mat-gri-120x120-cm\/#breadcrumb\"},\"inLanguage\":\"tr\",\"potentialAction\":[{\"@type\":\"ReadAction\",\"target\":[\"https:\/\/www.flns.com.tr\/index.php\/urun\/momi-feli-3d-kopuk-puzzle-mat-gri-120x120-cm\/\"]}]},{\"@type\":\"ImageObject\",\"inLanguage\":\"tr\",\"@id\":\"https:\/\/www.flns.com.tr\/index.php\/urun\/momi-feli-3d-kopuk-puzzle-mat-gri-120x120-cm\/#primaryimage\",\"url\":\"https:\/\/www.flns.com.tr\/wp-content\/uploads\/2025\/03\/feli-3d-kopuk-puzzle-mat-gri.jpg\",\"contentUrl\":\"https:\/\/www.flns.com.tr\/wp-content\/uploads\/2025\/03\/feli-3d-kopuk-puzzle-mat-gri.jpg\",\"width\":1500,\"height\":1500},{\"@type\":\"BreadcrumbList\",\"@id\":\"https:\/\/www.flns.com.tr\/index.php\/urun\/momi-feli-3d-kopuk-puzzle-mat-gri-120x120-cm\/#breadcrumb\",\"itemListElement\":[{\"@type\":\"ListItem\",\"position\":1,\"name\":\"Anasayfa\",\"item\":\"https:\/\/www.flns.com.tr\/\"},{\"@type\":\"ListItem\",\"position\":2,\"name\":\"Ma\u011faza\",\"item\":\"https:\/\/www.flns.com.tr\/index.php\/shop\/\"},{\"@type\":\"ListItem\",\"position\":3,\"name\":\"MoMi FELI 3D K\u00f6p\u00fck Puzzle Mat Gri (120&#215;120 cm)\"}]},{\"@type\":\"WebSite\",\"@id\":\"https:\/\/www.flns.com.tr\/#website\",\"url\":\"https:\/\/www.flns.com.tr\/\",\"name\":\"FLNS\",\"description\":\"FUN LOVE NATURE SPORT\",\"publisher\":{\"@id\":\"https:\/\/www.flns.com.tr\/#organization\"},\"potentialAction\":[{\"@type\":\"SearchAction\",\"target\":{\"@type\":\"EntryPoint\",\"urlTemplate\":\"https:\/\/www.flns.com.tr\/?s={search_term_string}\"},\"query-input\":{\"@type\":\"PropertyValueSpecification\",\"valueRequired\":true,\"valueName\":\"search_term_string\"}}],\"inLanguage\":\"tr\"},{\"@type\":\"Organization\",\"@id\":\"https:\/\/www.flns.com.tr\/#organization\",\"name\":\"FLNS\",\"url\":\"https:\/\/www.flns.com.tr\/\",\"logo\":{\"@type\":\"ImageObject\",\"inLanguage\":\"tr\",\"@id\":\"https:\/\/www.flns.com.tr\/#\/schema\/logo\/image\/\",\"url\":\"https:\/\/www.flns.com.tr\/wp-content\/uploads\/2025\/03\/FLNS-LOGO.png\",\"contentUrl\":\"https:\/\/www.flns.com.tr\/wp-content\/uploads\/2025\/03\/FLNS-LOGO.png\",\"width\":4500,\"height\":2892,\"caption\":\"FLNS\"},\"image\":{\"@id\":\"https:\/\/www.flns.com.tr\/#\/schema\/logo\/image\/\"},\"sameAs\":[\"https:\/\/www.instagram.com\/f.l.n.s\"]}]}<\/script>\n<!-- \/ Yoast SEO plugin. -->","yoast_head_json":{"title":"MoMi FELI 3D K\u00f6p\u00fck Puzzle Mat Gri (120x120 cm) - FLNS","robots":{"index":"index","follow":"follow","max-snippet":"max-snippet:-1","max-image-preview":"max-image-preview:large","max-video-preview":"max-video-preview:-1"},"canonical":"https:\/\/www.flns.com.tr\/index.php\/urun\/momi-feli-3d-kopuk-puzzle-mat-gri-120x120-cm\/","og_locale":"tr_TR","og_type":"article","og_title":"MoMi FELI 3D K\u00f6p\u00fck Puzzle Mat Gri (120x120 cm) - FLNS","og_description":"MoMi FELI k\u00f6p\u00fck mat, \u00e7ocuklar i\u00e7in g\u00fcvenli ve konforlu bir yerdir. Is\u0131 yal\u0131t\u0131m \u00f6zelli\u011fi sayesinde bebek s\u0131cak kalacakt\u0131r. Ayr\u0131ca MoMi FELI hem i\u00e7 hem de d\u0131\u015f mekanlarda kullan\u0131labilir. D\u0130\u011eER SE\u00c7ENEKLER","og_url":"https:\/\/www.flns.com.tr\/index.php\/urun\/momi-feli-3d-kopuk-puzzle-mat-gri-120x120-cm\/","og_site_name":"FLNS","article_modified_time":"2025-04-30T22:33:10+00:00","og_image":[{"width":1500,"height":1500,"url":"https:\/\/www.flns.com.tr\/wp-content\/uploads\/2025\/03\/feli-3d-kopuk-puzzle-mat-gri.jpg","type":"image\/jpeg"}],"twitter_card":"summary_large_image","twitter_misc":{"Tahmini okuma s\u00fcresi":"2 dakika"},"schema":{"@context":"https:\/\/schema.org","@graph":[{"@type":"WebPage","@id":"https:\/\/www.flns.com.tr\/index.php\/urun\/momi-feli-3d-kopuk-puzzle-mat-gri-120x120-cm\/","url":"https:\/\/www.flns.com.tr\/index.php\/urun\/momi-feli-3d-kopuk-puzzle-mat-gri-120x120-cm\/","name":"MoMi FELI 3D K\u00f6p\u00fck Puzzle Mat Gri (120x120 cm) - FLNS","isPartOf":{"@id":"https:\/\/www.flns.com.tr\/#website"},"primaryImageOfPage":{"@id":"https:\/\/www.flns.com.tr\/index.php\/urun\/momi-feli-3d-kopuk-puzzle-mat-gri-120x120-cm\/#primaryimage"},"image":{"@id":"https:\/\/www.flns.com.tr\/index.php\/urun\/momi-feli-3d-kopuk-puzzle-mat-gri-120x120-cm\/#primaryimage"},"thumbnailUrl":"https:\/\/www.flns.com.tr\/wp-content\/uploads\/2025\/03\/feli-3d-kopuk-puzzle-mat-gri.jpg","datePublished":"2025-03-25T20:56:42+00:00","dateModified":"2025-04-30T22:33:10+00:00","breadcrumb":{"@id":"https:\/\/www.flns.com.tr\/index.php\/urun\/momi-feli-3d-kopuk-puzzle-mat-gri-120x120-cm\/#breadcrumb"},"inLanguage":"tr","potentialAction":[{"@type":"ReadAction","target":["https:\/\/www.flns.com.tr\/index.php\/urun\/momi-feli-3d-kopuk-puzzle-mat-gri-120x120-cm\/"]}]},{"@type":"ImageObject","inLanguage":"tr","@id":"https:\/\/www.flns.com.tr\/index.php\/urun\/momi-feli-3d-kopuk-puzzle-mat-gri-120x120-cm\/#primaryimage","url":"https:\/\/www.flns.com.tr\/wp-content\/uploads\/2025\/03\/feli-3d-kopuk-puzzle-mat-gri.jpg","contentUrl":"https:\/\/www.flns.com.tr\/wp-content\/uploads\/2025\/03\/feli-3d-kopuk-puzzle-mat-gri.jpg","width":1500,"height":1500},{"@type":"BreadcrumbList","@id":"https:\/\/www.flns.com.tr\/index.php\/urun\/momi-feli-3d-kopuk-puzzle-mat-gri-120x120-cm\/#breadcrumb","itemListElement":[{"@type":"ListItem","position":1,"name":"Anasayfa","item":"https:\/\/www.flns.com.tr\/"},{"@type":"ListItem","position":2,"name":"Ma\u011faza","item":"https:\/\/www.flns.com.tr\/index.php\/shop\/"},{"@type":"ListItem","position":3,"name":"MoMi FELI 3D K\u00f6p\u00fck Puzzle Mat Gri (120&#215;120 cm)"}]},{"@type":"WebSite","@id":"https:\/\/www.flns.com.tr\/#website","url":"https:\/\/www.flns.com.tr\/","name":"FLNS","description":"FUN LOVE NATURE SPORT","publisher":{"@id":"https:\/\/www.flns.com.tr\/#organization"},"potentialAction":[{"@type":"SearchAction","target":{"@type":"EntryPoint","urlTemplate":"https:\/\/www.flns.com.tr\/?s={search_term_string}"},"query-input":{"@type":"PropertyValueSpecification","valueRequired":true,"valueName":"search_term_string"}}],"inLanguage":"tr"},{"@type":"Organization","@id":"https:\/\/www.flns.com.tr\/#organization","name":"FLNS","url":"https:\/\/www.flns.com.tr\/","logo":{"@type":"ImageObject","inLanguage":"tr","@id":"https:\/\/www.flns.com.tr\/#\/schema\/logo\/image\/","url":"https:\/\/www.flns.com.tr\/wp-content\/uploads\/2025\/03\/FLNS-LOGO.png","contentUrl":"https:\/\/www.flns.com.tr\/wp-content\/uploads\/2025\/03\/FLNS-LOGO.png","width":4500,"height":2892,"caption":"FLNS"},"image":{"@id":"https:\/\/www.flns.com.tr\/#\/schema\/logo\/image\/"},"sameAs":["https:\/\/www.instagram.com\/f.l.n.s"]}]}},"_links":{"self":[{"href":"https:\/\/www.flns.com.tr\/index.php\/wp-json\/wp\/v2\/product\/28029","targetHints":{"allow":["GET"]}}],"collection":[{"href":"https:\/\/www.flns.com.tr\/index.php\/wp-json\/wp\/v2\/product"}],"about":[{"href":"https:\/\/www.flns.com.tr\/index.php\/wp-json\/wp\/v2\/types\/product"}],"replies":[{"embeddable":true,"href":"https:\/\/www.flns.com.tr\/index.php\/wp-json\/wp\/v2\/comments?post=28029"}],"version-history":[{"count":18,"href":"https:\/\/www.flns.com.tr\/index.php\/wp-json\/wp\/v2\/product\/28029\/revisions"}],"predecessor-version":[{"id":31138,"href":"https:\/\/www.flns.com.tr\/index.php\/wp-json\/wp\/v2\/product\/28029\/revisions\/31138"}],"wp:featuredmedia":[{"embeddable":true,"href":"https:\/\/www.flns.com.tr\/index.php\/wp-json\/wp\/v2\/media\/28461"}],"wp:attachment":[{"href":"https:\/\/www.flns.com.tr\/index.php\/wp-json\/wp\/v2\/media?parent=28029"}],"wp:term":[{"taxonomy":"product_brand","embeddable":true,"href":"https:\/\/www.flns.com.tr\/index.php\/wp-json\/wp\/v2\/product_brand?post=28029"},{"taxonomy":"product_cat","embeddable":true,"href":"https:\/\/www.flns.com.tr\/index.php\/wp-json\/wp\/v2\/product_cat?post=28029"},{"taxonomy":"product_tag","embeddable":true,"href":"https:\/\/www.flns.com.tr\/index.php\/wp-json\/wp\/v2\/product_tag?post=28029"}],"curies":[{"name":"wp","href":"https:\/\/api.w.org\/{rel}","templated":true}]}}