{"id":28030,"date":"2025-03-25T23:56:42","date_gmt":"2025-03-25T20:56:42","guid":{"rendered":"https:\/\/www.flns.com.tr\/index.php\/urun\/momi-nebe-3d-3d-kopuk-puzzle-mat-pembe-90x90-cm\/"},"modified":"2025-05-01T01:29:42","modified_gmt":"2025-04-30T22:29:42","slug":"momi-nebe-3d-kopuk-puzzle-mat-pembe-90x90-cm","status":"publish","type":"product","link":"https:\/\/www.flns.com.tr\/index.php\/urun\/momi-nebe-3d-kopuk-puzzle-mat-pembe-90x90-cm\/","title":{"rendered":"MoMi NEBE 3D K\u00f6p\u00fck Puzzle Mat Pembe (90&#215;90 cm)"},"content":{"rendered":"\t\t<div data-elementor-type=\"wp-post\" data-elementor-id=\"28030\" class=\"elementor elementor-28030\">\n\t\t\t\t<div class=\"wd-negative-gap elementor-element elementor-element-4e97d70 e-flex e-con-boxed e-con e-parent\" data-id=\"4e97d70\" data-element_type=\"container\">\n\t\t\t\t\t<div class=\"e-con-inner\">\n\t\t<div class=\"elementor-element elementor-element-a22c9ab e-con-full e-flex e-con e-child\" data-id=\"a22c9ab\" data-element_type=\"container\">\n\t\t\t\t<div class=\"elementor-element elementor-element-8a6998a elementor-widget elementor-widget-wd_text_block\" data-id=\"8a6998a\" data-element_type=\"widget\" data-widget_type=\"wd_text_block.default\">\n\t\t\t\t<div class=\"elementor-widget-container\">\n\t\t\t\t\t\t\t<div class=\"wd-text-block reset-last-child text-left\">\n\t\t\t\n\t\t\t<p><strong>\u00dcR\u00dcN \u00d6ZELL\u0130KLER\u0130<\/strong><\/p><ul><li>EVA k\u00f6p\u00fckten yap\u0131lm\u0131\u015ft\u0131r<\/li><li>Su ge\u00e7irmez ve kolay temizlenir<\/li><li>Kaymaz y\u00fczey<\/li><li>Is\u0131 yal\u0131t\u0131m fonksiyonu<\/li><li>\u0130\u00e7 ve d\u0131\u015f mekan kullan\u0131m\u0131<\/li><li>Yumu\u015fak y\u00fczeyleri sayesinde oyun konforunu art\u0131r\u0131r<\/li><li>Zemini korur<\/li><li>Oyun i\u00e7in bir\u00e7ok se\u00e7enek sunar<\/li><li>27 eleman<\/li><li>Bir eleman\u0131n boyutlar\u0131: 30 cm x 30 cm<\/li><li>Mat\u0131n boyutlar\u0131: 90 cm x 90 cm<\/li><li>Kal\u0131nl\u0131k: 1 cm<\/li><\/ul><p><strong>\u00dcR\u00dcN A\u011eIRLI\u011eI:<\/strong> 0,65 kg<\/p><p><strong>BOYUTLAR:<\/strong> 90 cm x 90 cm<\/p><p><strong>STANDARTLAR:<\/strong> EN 71-1, EN 71-2, EN 71-3<\/p><p><strong>PAKET BOYUTLARI:<\/strong> 35 cm x 35 cm x 10 cm<\/p><p><strong>MALZEMELER:<\/strong> EVA k\u00f6p\u00fck<\/p><p><strong>\u00dcRET\u0130C\u0130 GARANT\u0130S\u0130:<\/strong> 24 ay<\/p>\n\t\t\t\t\t<\/div>\n\t\t\t\t\t\t<\/div>\n\t\t\t\t<\/div>\n\t\t\t\t<\/div>\n\t\t<div class=\"elementor-element elementor-element-dbdbe06 e-con-full e-flex e-con e-child\" data-id=\"dbdbe06\" data-element_type=\"container\">\n\t\t\t\t<div class=\"elementor-element elementor-element-9c93d78 elementor-widget elementor-widget-wd_image_or_svg\" data-id=\"9c93d78\" data-element_type=\"widget\" data-widget_type=\"wd_image_or_svg.default\">\n\t\t\t\t<div class=\"elementor-widget-container\">\n\t\t\t\t\t\n\t\t<div class=\"wd-image text-center\">\n\t\t\t\t\t\t\t\t<img fetchpriority=\"high\" decoding=\"async\" width=\"512\" height=\"768\" src=\"https:\/\/www.flns.com.tr\/wp-content\/uploads\/2025\/03\/nebe-life-style-512x768-1.jpg\" class=\"attachment-full size-full\" alt=\"\" srcset=\"https:\/\/www.flns.com.tr\/wp-content\/uploads\/2025\/03\/nebe-life-style-512x768-1.jpg 512w, https:\/\/www.flns.com.tr\/wp-content\/uploads\/2025\/03\/nebe-life-style-512x768-1-200x300.jpg 200w, https:\/\/www.flns.com.tr\/wp-content\/uploads\/2025\/03\/nebe-life-style-512x768-1-430x645.jpg 430w, https:\/\/www.flns.com.tr\/wp-content\/uploads\/2025\/03\/nebe-life-style-512x768-1-150x225.jpg 150w\" sizes=\"(max-width: 512px) 100vw, 512px\" \/>\t\t\t\t\t<\/div>\n\n\t\t\t\t\t\t<\/div>\n\t\t\t\t<\/div>\n\t\t\t\t<\/div>\n\t\t\t\t\t<\/div>\n\t\t\t\t<\/div>\n\t\t<div class=\"wd-negative-gap elementor-element elementor-element-742243b e-flex e-con-boxed e-con e-parent\" data-id=\"742243b\" data-element_type=\"container\">\n\t\t\t\t\t<div class=\"e-con-inner\">\n\t\t\t\t<div class=\"elementor-element elementor-element-78faff1 elementor-widget elementor-widget-spacer\" data-id=\"78faff1\" data-element_type=\"widget\" data-widget_type=\"spacer.default\">\n\t\t\t\t<div class=\"elementor-widget-container\">\n\t\t\t\t\t\t\t<div class=\"elementor-spacer\">\n\t\t\t<div class=\"elementor-spacer-inner\"><\/div>\n\t\t<\/div>\n\t\t\t\t\t\t<\/div>\n\t\t\t\t<\/div>\n\t\t\t\t<div class=\"elementor-element elementor-element-a00f608 elementor-widget elementor-widget-wd_text_block\" data-id=\"a00f608\" data-element_type=\"widget\" data-widget_type=\"wd_text_block.default\">\n\t\t\t\t<div class=\"elementor-widget-container\">\n\t\t\t\t\t\t\t<div class=\"wd-text-block reset-last-child text-left\">\n\t\t\t\n\t\t\t<p>MoMi NEBE'yi \u00f6zel k\u0131lan nedir?<\/p><ul><li>Bir \u00fcr\u00fcn sat\u0131n ald\u0131\u011f\u0131n\u0131zda - MoMi NEBE - bir mat\u0131n yan\u0131 s\u0131ra size mekansal fig\u00fcrler yaratma se\u00e7ene\u011fi sunan b\u00fcy\u00fck bir bulmaca da elde edersiniz. MoMi NEBE form ve renklerle oynaman\u0131za olanak tan\u0131r.<\/li><li>G\u00f6ky\u00fcz\u00fc motifli \u00e7e\u015fitli \u00f6\u011feler: y\u0131ld\u0131zlar, ay, g\u00fcne\u015f, bulutlar. Ba\u011f\u0131ms\u0131z olarak oyuncak olarak kullan\u0131labilirler.<\/li><li>Bulmacalar 1 cm kal\u0131nl\u0131\u011f\u0131ndad\u0131r, bu nedenle zeminde m\u00fckemmel bir izolasyon sa\u011flar. MoMi NEBE mat\u0131nda \u00e7ocuk her zaman rahat ve s\u0131cak olacakt\u0131r.<\/li><li>Mat\u0131n boyutlar\u0131 90x90 cm'dir, bu nedenle k\u00fc\u00e7\u00fck alanlarda rahatt\u0131r. Birle\u015ftirdikten sonra az yer kaplar.<\/li><li>MoMi NEBE mat\u0131n\u0131 i\u00e7 ve d\u0131\u015f mekanlarda kullanabilirsiniz. H\u0131zl\u0131 bir \u015fekilde monte edebilir ve s\u00f6kebilirsiniz.<\/li><li>K\u00f6p\u00fck mat\u0131n temizlenmesi daha kolay oldu\u011fu i\u00e7in tekstil mat\u0131ndan daha pratiktir - sadece bir bezle silin ve tamamd\u0131r! Su ge\u00e7irmez \u00f6zelli\u011fi sayesinde d\u00f6k\u00fclen i\u00e7ecekler i\u00e7ine s\u0131zmaz - sadece silin ve kurulay\u0131n!<\/li><\/ul>\n\t\t\t\t\t<\/div>\n\t\t\t\t\t\t<\/div>\n\t\t\t\t<\/div>\n\t\t\t\t<div class=\"elementor-element elementor-element-aaab92d elementor-widget elementor-widget-spacer\" data-id=\"aaab92d\" data-element_type=\"widget\" data-widget_type=\"spacer.default\">\n\t\t\t\t<div class=\"elementor-widget-container\">\n\t\t\t\t\t\t\t<div class=\"elementor-spacer\">\n\t\t\t<div class=\"elementor-spacer-inner\"><\/div>\n\t\t<\/div>\n\t\t\t\t\t\t<\/div>\n\t\t\t\t<\/div>\n\t\t\t\t<div class=\"elementor-element elementor-element-4abf0c6 elementor-widget elementor-widget-wd_image_or_svg\" data-id=\"4abf0c6\" data-element_type=\"widget\" data-widget_type=\"wd_image_or_svg.default\">\n\t\t\t\t<div class=\"elementor-widget-container\">\n\t\t\t\t\t\n\t\t<div class=\"wd-image text-center\">\n\t\t\t\t\t\t\t\t<img decoding=\"async\" width=\"768\" height=\"512\" src=\"https:\/\/www.flns.com.tr\/wp-content\/uploads\/2025\/03\/nebe-life-style-768x512-1.jpg\" class=\"attachment-full size-full\" alt=\"\" srcset=\"https:\/\/www.flns.com.tr\/wp-content\/uploads\/2025\/03\/nebe-life-style-768x512-1.jpg 768w, https:\/\/www.flns.com.tr\/wp-content\/uploads\/2025\/03\/nebe-life-style-768x512-1-400x267.jpg 400w, https:\/\/www.flns.com.tr\/wp-content\/uploads\/2025\/03\/nebe-life-style-768x512-1-430x287.jpg 430w, https:\/\/www.flns.com.tr\/wp-content\/uploads\/2025\/03\/nebe-life-style-768x512-1-700x467.jpg 700w, https:\/\/www.flns.com.tr\/wp-content\/uploads\/2025\/03\/nebe-life-style-768x512-1-150x100.jpg 150w\" sizes=\"(max-width: 768px) 100vw, 768px\" \/>\t\t\t\t\t<\/div>\n\n\t\t\t\t\t\t<\/div>\n\t\t\t\t<\/div>\n\t\t\t\t\t<\/div>\n\t\t\t\t<\/div>\n\t\t\t\t<\/div>\n\t\t","protected":false},"excerpt":{"rendered":"<p>MoMi NEBE k\u00f6p\u00fck mat\u0131 ile \u00e7ocu\u011funuz rahat ve konforlu olacak &#8211; bir bulutun \u00fczerindeymi\u015f gibi. Bulmaca elemanlar\u0131 K\u00fc\u00e7\u00fck&#8217;\u00fcn ilgisini \u00e7ekecek ve \u015fekilleri ve renkleri ke\u015ffederek yarat\u0131c\u0131 bir \u015fekilde oynamaya te\u015fvik edecek. Is\u0131 yal\u0131t\u0131m \u00f6zellikleri de bebe\u011finizi s\u0131cak tutacak.<\/p>\n","protected":false},"featured_media":28856,"comment_status":"open","ping_status":"closed","template":"","meta":[],"product_brand":[225],"product_cat":[196],"product_tag":[],"class_list":{"0":"post-28030","1":"product","2":"type-product","3":"status-publish","4":"has-post-thumbnail","6":"product_brand-momi","7":"product_cat-oyun_matlari","9":"first","10":"instock","11":"taxable","12":"shipping-taxable","13":"purchasable","14":"product-type-simple"},"yoast_head":"<!-- This site is optimized with the Yoast SEO plugin v25.1 - https:\/\/yoast.com\/wordpress\/plugins\/seo\/ -->\n<title>MoMi NEBE 3D K\u00f6p\u00fck Puzzle Mat Pembe (90x90 cm) - FLNS<\/title>\n<meta name=\"robots\" content=\"index, follow, max-snippet:-1, max-image-preview:large, max-video-preview:-1\" \/>\n<link rel=\"canonical\" href=\"https:\/\/www.flns.com.tr\/index.php\/urun\/momi-nebe-3d-kopuk-puzzle-mat-pembe-90x90-cm\/\" \/>\n<meta property=\"og:locale\" content=\"tr_TR\" \/>\n<meta property=\"og:type\" content=\"article\" \/>\n<meta property=\"og:title\" content=\"MoMi NEBE 3D K\u00f6p\u00fck Puzzle Mat Pembe (90x90 cm) - FLNS\" \/>\n<meta property=\"og:description\" content=\"MoMi NEBE k\u00f6p\u00fck mat\u0131 ile \u00e7ocu\u011funuz rahat ve konforlu olacak - bir bulutun \u00fczerindeymi\u015f gibi. Bulmaca elemanlar\u0131 K\u00fc\u00e7\u00fck&#039;\u00fcn ilgisini \u00e7ekecek ve \u015fekilleri ve renkleri ke\u015ffederek yarat\u0131c\u0131 bir \u015fekilde oynamaya te\u015fvik edecek. Is\u0131 yal\u0131t\u0131m \u00f6zellikleri de bebe\u011finizi s\u0131cak tutacak.\" \/>\n<meta property=\"og:url\" content=\"https:\/\/www.flns.com.tr\/index.php\/urun\/momi-nebe-3d-kopuk-puzzle-mat-pembe-90x90-cm\/\" \/>\n<meta property=\"og:site_name\" content=\"FLNS\" \/>\n<meta property=\"article:modified_time\" content=\"2025-04-30T22:29:42+00:00\" \/>\n<meta property=\"og:image\" content=\"https:\/\/www.flns.com.tr\/wp-content\/uploads\/2025\/03\/nebe-3d-puzzle-oyun-mati-pembe.jpg\" \/>\n\t<meta property=\"og:image:width\" content=\"1500\" \/>\n\t<meta property=\"og:image:height\" content=\"1500\" \/>\n\t<meta property=\"og:image:type\" content=\"image\/jpeg\" \/>\n<meta name=\"twitter:card\" content=\"summary_large_image\" \/>\n<meta name=\"twitter:label1\" content=\"Tahmini okuma s\u00fcresi\" \/>\n\t<meta name=\"twitter:data1\" content=\"2 dakika\" \/>\n<script type=\"application\/ld+json\" class=\"yoast-schema-graph\">{\"@context\":\"https:\/\/schema.org\",\"@graph\":[{\"@type\":\"WebPage\",\"@id\":\"https:\/\/www.flns.com.tr\/index.php\/urun\/momi-nebe-3d-kopuk-puzzle-mat-pembe-90x90-cm\/\",\"url\":\"https:\/\/www.flns.com.tr\/index.php\/urun\/momi-nebe-3d-kopuk-puzzle-mat-pembe-90x90-cm\/\",\"name\":\"MoMi NEBE 3D K\u00f6p\u00fck Puzzle Mat Pembe (90x90 cm) - FLNS\",\"isPartOf\":{\"@id\":\"https:\/\/www.flns.com.tr\/#website\"},\"primaryImageOfPage\":{\"@id\":\"https:\/\/www.flns.com.tr\/index.php\/urun\/momi-nebe-3d-kopuk-puzzle-mat-pembe-90x90-cm\/#primaryimage\"},\"image\":{\"@id\":\"https:\/\/www.flns.com.tr\/index.php\/urun\/momi-nebe-3d-kopuk-puzzle-mat-pembe-90x90-cm\/#primaryimage\"},\"thumbnailUrl\":\"https:\/\/www.flns.com.tr\/wp-content\/uploads\/2025\/03\/nebe-3d-puzzle-oyun-mati-pembe.jpg\",\"datePublished\":\"2025-03-25T20:56:42+00:00\",\"dateModified\":\"2025-04-30T22:29:42+00:00\",\"breadcrumb\":{\"@id\":\"https:\/\/www.flns.com.tr\/index.php\/urun\/momi-nebe-3d-kopuk-puzzle-mat-pembe-90x90-cm\/#breadcrumb\"},\"inLanguage\":\"tr\",\"potentialAction\":[{\"@type\":\"ReadAction\",\"target\":[\"https:\/\/www.flns.com.tr\/index.php\/urun\/momi-nebe-3d-kopuk-puzzle-mat-pembe-90x90-cm\/\"]}]},{\"@type\":\"ImageObject\",\"inLanguage\":\"tr\",\"@id\":\"https:\/\/www.flns.com.tr\/index.php\/urun\/momi-nebe-3d-kopuk-puzzle-mat-pembe-90x90-cm\/#primaryimage\",\"url\":\"https:\/\/www.flns.com.tr\/wp-content\/uploads\/2025\/03\/nebe-3d-puzzle-oyun-mati-pembe.jpg\",\"contentUrl\":\"https:\/\/www.flns.com.tr\/wp-content\/uploads\/2025\/03\/nebe-3d-puzzle-oyun-mati-pembe.jpg\",\"width\":1500,\"height\":1500},{\"@type\":\"BreadcrumbList\",\"@id\":\"https:\/\/www.flns.com.tr\/index.php\/urun\/momi-nebe-3d-kopuk-puzzle-mat-pembe-90x90-cm\/#breadcrumb\",\"itemListElement\":[{\"@type\":\"ListItem\",\"position\":1,\"name\":\"Anasayfa\",\"item\":\"https:\/\/www.flns.com.tr\/\"},{\"@type\":\"ListItem\",\"position\":2,\"name\":\"Ma\u011faza\",\"item\":\"https:\/\/www.flns.com.tr\/index.php\/shop\/\"},{\"@type\":\"ListItem\",\"position\":3,\"name\":\"MoMi NEBE 3D K\u00f6p\u00fck Puzzle Mat Pembe (90&#215;90 cm)\"}]},{\"@type\":\"WebSite\",\"@id\":\"https:\/\/www.flns.com.tr\/#website\",\"url\":\"https:\/\/www.flns.com.tr\/\",\"name\":\"FLNS\",\"description\":\"FUN LOVE NATURE SPORT\",\"publisher\":{\"@id\":\"https:\/\/www.flns.com.tr\/#organization\"},\"potentialAction\":[{\"@type\":\"SearchAction\",\"target\":{\"@type\":\"EntryPoint\",\"urlTemplate\":\"https:\/\/www.flns.com.tr\/?s={search_term_string}\"},\"query-input\":{\"@type\":\"PropertyValueSpecification\",\"valueRequired\":true,\"valueName\":\"search_term_string\"}}],\"inLanguage\":\"tr\"},{\"@type\":\"Organization\",\"@id\":\"https:\/\/www.flns.com.tr\/#organization\",\"name\":\"FLNS\",\"url\":\"https:\/\/www.flns.com.tr\/\",\"logo\":{\"@type\":\"ImageObject\",\"inLanguage\":\"tr\",\"@id\":\"https:\/\/www.flns.com.tr\/#\/schema\/logo\/image\/\",\"url\":\"https:\/\/www.flns.com.tr\/wp-content\/uploads\/2025\/03\/FLNS-LOGO.png\",\"contentUrl\":\"https:\/\/www.flns.com.tr\/wp-content\/uploads\/2025\/03\/FLNS-LOGO.png\",\"width\":4500,\"height\":2892,\"caption\":\"FLNS\"},\"image\":{\"@id\":\"https:\/\/www.flns.com.tr\/#\/schema\/logo\/image\/\"},\"sameAs\":[\"https:\/\/www.instagram.com\/f.l.n.s\"]}]}<\/script>\n<!-- \/ Yoast SEO plugin. -->","yoast_head_json":{"title":"MoMi NEBE 3D K\u00f6p\u00fck Puzzle Mat Pembe (90x90 cm) - FLNS","robots":{"index":"index","follow":"follow","max-snippet":"max-snippet:-1","max-image-preview":"max-image-preview:large","max-video-preview":"max-video-preview:-1"},"canonical":"https:\/\/www.flns.com.tr\/index.php\/urun\/momi-nebe-3d-kopuk-puzzle-mat-pembe-90x90-cm\/","og_locale":"tr_TR","og_type":"article","og_title":"MoMi NEBE 3D K\u00f6p\u00fck Puzzle Mat Pembe (90x90 cm) - FLNS","og_description":"MoMi NEBE k\u00f6p\u00fck mat\u0131 ile \u00e7ocu\u011funuz rahat ve konforlu olacak - bir bulutun \u00fczerindeymi\u015f gibi. Bulmaca elemanlar\u0131 K\u00fc\u00e7\u00fck'\u00fcn ilgisini \u00e7ekecek ve \u015fekilleri ve renkleri ke\u015ffederek yarat\u0131c\u0131 bir \u015fekilde oynamaya te\u015fvik edecek. Is\u0131 yal\u0131t\u0131m \u00f6zellikleri de bebe\u011finizi s\u0131cak tutacak.","og_url":"https:\/\/www.flns.com.tr\/index.php\/urun\/momi-nebe-3d-kopuk-puzzle-mat-pembe-90x90-cm\/","og_site_name":"FLNS","article_modified_time":"2025-04-30T22:29:42+00:00","og_image":[{"width":1500,"height":1500,"url":"https:\/\/www.flns.com.tr\/wp-content\/uploads\/2025\/03\/nebe-3d-puzzle-oyun-mati-pembe.jpg","type":"image\/jpeg"}],"twitter_card":"summary_large_image","twitter_misc":{"Tahmini okuma s\u00fcresi":"2 dakika"},"schema":{"@context":"https:\/\/schema.org","@graph":[{"@type":"WebPage","@id":"https:\/\/www.flns.com.tr\/index.php\/urun\/momi-nebe-3d-kopuk-puzzle-mat-pembe-90x90-cm\/","url":"https:\/\/www.flns.com.tr\/index.php\/urun\/momi-nebe-3d-kopuk-puzzle-mat-pembe-90x90-cm\/","name":"MoMi NEBE 3D K\u00f6p\u00fck Puzzle Mat Pembe (90x90 cm) - FLNS","isPartOf":{"@id":"https:\/\/www.flns.com.tr\/#website"},"primaryImageOfPage":{"@id":"https:\/\/www.flns.com.tr\/index.php\/urun\/momi-nebe-3d-kopuk-puzzle-mat-pembe-90x90-cm\/#primaryimage"},"image":{"@id":"https:\/\/www.flns.com.tr\/index.php\/urun\/momi-nebe-3d-kopuk-puzzle-mat-pembe-90x90-cm\/#primaryimage"},"thumbnailUrl":"https:\/\/www.flns.com.tr\/wp-content\/uploads\/2025\/03\/nebe-3d-puzzle-oyun-mati-pembe.jpg","datePublished":"2025-03-25T20:56:42+00:00","dateModified":"2025-04-30T22:29:42+00:00","breadcrumb":{"@id":"https:\/\/www.flns.com.tr\/index.php\/urun\/momi-nebe-3d-kopuk-puzzle-mat-pembe-90x90-cm\/#breadcrumb"},"inLanguage":"tr","potentialAction":[{"@type":"ReadAction","target":["https:\/\/www.flns.com.tr\/index.php\/urun\/momi-nebe-3d-kopuk-puzzle-mat-pembe-90x90-cm\/"]}]},{"@type":"ImageObject","inLanguage":"tr","@id":"https:\/\/www.flns.com.tr\/index.php\/urun\/momi-nebe-3d-kopuk-puzzle-mat-pembe-90x90-cm\/#primaryimage","url":"https:\/\/www.flns.com.tr\/wp-content\/uploads\/2025\/03\/nebe-3d-puzzle-oyun-mati-pembe.jpg","contentUrl":"https:\/\/www.flns.com.tr\/wp-content\/uploads\/2025\/03\/nebe-3d-puzzle-oyun-mati-pembe.jpg","width":1500,"height":1500},{"@type":"BreadcrumbList","@id":"https:\/\/www.flns.com.tr\/index.php\/urun\/momi-nebe-3d-kopuk-puzzle-mat-pembe-90x90-cm\/#breadcrumb","itemListElement":[{"@type":"ListItem","position":1,"name":"Anasayfa","item":"https:\/\/www.flns.com.tr\/"},{"@type":"ListItem","position":2,"name":"Ma\u011faza","item":"https:\/\/www.flns.com.tr\/index.php\/shop\/"},{"@type":"ListItem","position":3,"name":"MoMi NEBE 3D K\u00f6p\u00fck Puzzle Mat Pembe (90&#215;90 cm)"}]},{"@type":"WebSite","@id":"https:\/\/www.flns.com.tr\/#website","url":"https:\/\/www.flns.com.tr\/","name":"FLNS","description":"FUN LOVE NATURE SPORT","publisher":{"@id":"https:\/\/www.flns.com.tr\/#organization"},"potentialAction":[{"@type":"SearchAction","target":{"@type":"EntryPoint","urlTemplate":"https:\/\/www.flns.com.tr\/?s={search_term_string}"},"query-input":{"@type":"PropertyValueSpecification","valueRequired":true,"valueName":"search_term_string"}}],"inLanguage":"tr"},{"@type":"Organization","@id":"https:\/\/www.flns.com.tr\/#organization","name":"FLNS","url":"https:\/\/www.flns.com.tr\/","logo":{"@type":"ImageObject","inLanguage":"tr","@id":"https:\/\/www.flns.com.tr\/#\/schema\/logo\/image\/","url":"https:\/\/www.flns.com.tr\/wp-content\/uploads\/2025\/03\/FLNS-LOGO.png","contentUrl":"https:\/\/www.flns.com.tr\/wp-content\/uploads\/2025\/03\/FLNS-LOGO.png","width":4500,"height":2892,"caption":"FLNS"},"image":{"@id":"https:\/\/www.flns.com.tr\/#\/schema\/logo\/image\/"},"sameAs":["https:\/\/www.instagram.com\/f.l.n.s"]}]}},"_links":{"self":[{"href":"https:\/\/www.flns.com.tr\/index.php\/wp-json\/wp\/v2\/product\/28030","targetHints":{"allow":["GET"]}}],"collection":[{"href":"https:\/\/www.flns.com.tr\/index.php\/wp-json\/wp\/v2\/product"}],"about":[{"href":"https:\/\/www.flns.com.tr\/index.php\/wp-json\/wp\/v2\/types\/product"}],"replies":[{"embeddable":true,"href":"https:\/\/www.flns.com.tr\/index.php\/wp-json\/wp\/v2\/comments?post=28030"}],"version-history":[{"count":15,"href":"https:\/\/www.flns.com.tr\/index.php\/wp-json\/wp\/v2\/product\/28030\/revisions"}],"predecessor-version":[{"id":31132,"href":"https:\/\/www.flns.com.tr\/index.php\/wp-json\/wp\/v2\/product\/28030\/revisions\/31132"}],"wp:featuredmedia":[{"embeddable":true,"href":"https:\/\/www.flns.com.tr\/index.php\/wp-json\/wp\/v2\/media\/28856"}],"wp:attachment":[{"href":"https:\/\/www.flns.com.tr\/index.php\/wp-json\/wp\/v2\/media?parent=28030"}],"wp:term":[{"taxonomy":"product_brand","embeddable":true,"href":"https:\/\/www.flns.com.tr\/index.php\/wp-json\/wp\/v2\/product_brand?post=28030"},{"taxonomy":"product_cat","embeddable":true,"href":"https:\/\/www.flns.com.tr\/index.php\/wp-json\/wp\/v2\/product_cat?post=28030"},{"taxonomy":"product_tag","embeddable":true,"href":"https:\/\/www.flns.com.tr\/index.php\/wp-json\/wp\/v2\/product_tag?post=28030"}],"curies":[{"name":"wp","href":"https:\/\/api.w.org\/{rel}","templated":true}]}}