{"id":28031,"date":"2025-03-25T23:56:43","date_gmt":"2025-03-25T20:56:43","guid":{"rendered":"https:\/\/www.flns.com.tr\/index.php\/urun\/momi-ami-silikon-tabak-catal-kasik-seti-pembe\/"},"modified":"2025-05-01T01:20:15","modified_gmt":"2025-04-30T22:20:15","slug":"momi-ami-silikon-tabak-catal-kasik-seti-pembe","status":"publish","type":"product","link":"https:\/\/www.flns.com.tr\/index.php\/urun\/momi-ami-silikon-tabak-catal-kasik-seti-pembe\/","title":{"rendered":"MoMi AMI Silikon Tabak \u00c7atal Ka\u015f\u0131k Seti Pembe"},"content":{"rendered":"\t\t<div data-elementor-type=\"wp-post\" data-elementor-id=\"28031\" class=\"elementor elementor-28031\">\n\t\t\t\t<div class=\"wd-negative-gap elementor-element elementor-element-d3a0485 e-flex e-con-boxed e-con e-parent\" data-id=\"d3a0485\" data-element_type=\"container\">\n\t\t\t\t\t<div class=\"e-con-inner\">\n\t\t<div class=\"elementor-element elementor-element-5cc885a e-con-full e-flex e-con e-child\" data-id=\"5cc885a\" data-element_type=\"container\">\n\t\t\t\t<div class=\"elementor-element elementor-element-3246db7 elementor-widget elementor-widget-wd_text_block\" data-id=\"3246db7\" data-element_type=\"widget\" data-widget_type=\"wd_text_block.default\">\n\t\t\t\t<div class=\"elementor-widget-container\">\n\t\t\t\t\t\t\t<div class=\"wd-text-block reset-last-child text-left\">\n\t\t\t\n\t\t\t<p><strong>\u00dcR\u00dcN \u00d6ZELL\u0130KLER\u0130<\/strong><\/p><ul><li>Set \u015funlar\u0131 i\u00e7erir: vantuzlu bir kase ve bir tabak, bir kupa, bir ka\u015f\u0131k, bir \u00e7atal, bir \u00f6nl\u00fck<\/li><li>Kapasite: 180 ml kupa, 360 ml kase<\/li><li>G\u0131da ile temas\u0131 g\u00fcvenli olan silikondan yap\u0131lm\u0131\u015ft\u0131r<\/li><li>BPA ve ftalat i\u00e7ermez<\/li><li>6 ayl\u0131ktan itibaren \u00e7ocuklar i\u00e7in tasarlanm\u0131\u015ft\u0131r<\/li><li>Silikon elemanlar bula\u015f\u0131k makinesinde y\u0131kanabilir<\/li><li>Mikrodalgada yemek \u0131s\u0131tmak i\u00e7in kullan\u0131labilir<\/li><li>Set renkli bir kutuda paketlenmi\u015ftir, hediye olarak m\u00fckemmeldir<\/li><\/ul><p><strong>\u00dcR\u00dcN A\u011eIRLI\u011eI<\/strong>: 0,48 kg<\/p><p><strong>STANDARTLAR:<\/strong> EN 14350, EN 14372<\/p><p><strong>PAKET \u00d6L\u00c7\u00dcLER\u0130:<\/strong> 26,3 cm x 21 cm x 8,9 cm<\/p><p><strong>MALZEMELER:<\/strong> Silikon, BPA ve ftalat i\u00e7ermez<\/p><p><strong>\u00dcRET\u0130C\u0130 GARANT\u0130S\u0130:<\/strong> 24 ay<\/p>\n\t\t\t\t\t<\/div>\n\t\t\t\t\t\t<\/div>\n\t\t\t\t<\/div>\n\t\t\t\t<\/div>\n\t\t<div class=\"elementor-element elementor-element-b9777c6 e-con-full e-flex e-con e-child\" data-id=\"b9777c6\" data-element_type=\"container\">\n\t\t\t\t<div class=\"elementor-element elementor-element-1f6b17e elementor-widget elementor-widget-wd_image_or_svg\" data-id=\"1f6b17e\" data-element_type=\"widget\" data-widget_type=\"wd_image_or_svg.default\">\n\t\t\t\t<div class=\"elementor-widget-container\">\n\t\t\t\t\t\n\t\t<div class=\"wd-image text-left\">\n\t\t\t\t\t\t\t\t<img fetchpriority=\"high\" decoding=\"async\" width=\"512\" height=\"768\" src=\"https:\/\/www.flns.com.tr\/wp-content\/uploads\/2025\/03\/ami-life-style-512x768-1.jpg\" class=\"attachment-full size-full\" alt=\"\" srcset=\"https:\/\/www.flns.com.tr\/wp-content\/uploads\/2025\/03\/ami-life-style-512x768-1.jpg 512w, https:\/\/www.flns.com.tr\/wp-content\/uploads\/2025\/03\/ami-life-style-512x768-1-200x300.jpg 200w, https:\/\/www.flns.com.tr\/wp-content\/uploads\/2025\/03\/ami-life-style-512x768-1-430x645.jpg 430w, https:\/\/www.flns.com.tr\/wp-content\/uploads\/2025\/03\/ami-life-style-512x768-1-150x225.jpg 150w\" sizes=\"(max-width: 512px) 100vw, 512px\" \/>\t\t\t\t\t<\/div>\n\n\t\t\t\t\t\t<\/div>\n\t\t\t\t<\/div>\n\t\t\t\t<\/div>\n\t\t\t\t\t<\/div>\n\t\t\t\t<\/div>\n\t\t<div class=\"wd-negative-gap elementor-element elementor-element-99c8676 e-flex e-con-boxed e-con e-parent\" data-id=\"99c8676\" data-element_type=\"container\">\n\t\t\t\t\t<div class=\"e-con-inner\">\n\t\t\t\t<div class=\"elementor-element elementor-element-49570c9 elementor-widget elementor-widget-spacer\" data-id=\"49570c9\" data-element_type=\"widget\" data-widget_type=\"spacer.default\">\n\t\t\t\t<div class=\"elementor-widget-container\">\n\t\t\t\t\t\t\t<div class=\"elementor-spacer\">\n\t\t\t<div class=\"elementor-spacer-inner\"><\/div>\n\t\t<\/div>\n\t\t\t\t\t\t<\/div>\n\t\t\t\t<\/div>\n\t\t\t\t<div class=\"elementor-element elementor-element-0057e3e elementor-widget elementor-widget-wd_text_block\" data-id=\"0057e3e\" data-element_type=\"widget\" data-widget_type=\"wd_text_block.default\">\n\t\t\t\t<div class=\"elementor-widget-container\">\n\t\t\t\t\t\t\t<div class=\"wd-text-block reset-last-child text-left\">\n\t\t\t\n\t\t\t<p>MoMi AMI tabaklar\u0131n\u0131n y\u00fckseltilmi\u015f kenarlar\u0131 \u00e7ocu\u011funuzun yeme\u011fi kap kacaklara almas\u0131n\u0131 kolayla\u015ft\u0131r\u0131r ve \u00fc\u00e7 b\u00f6lmeli tabak yeme\u011fi porsiyonlara ay\u0131rmaya yard\u0131mc\u0131 olur.<\/p><p>Kase ve taba\u011f\u0131n alt\u0131ndaki kaymay\u0131 \u00f6nleyici vantuzlar\u0131, bunlar\u0131 bir masa veya bir beslenme sandalyesinin tepsisi \u00fczerinde g\u00fcvenli bir \u015fekilde yerinde tutar.<\/p><p>\u00c7atal b\u0131\u00e7ak tak\u0131m\u0131n\u0131n boyutu, \u00e7ocu\u011funuzun k\u00fc\u00e7\u00fck ellerine g\u00f6re ayarlanm\u0131\u015ft\u0131r, b\u00f6ylece \u00e7ocu\u011funuz bunlar\u0131 kendi ba\u015f\u0131na g\u00fcvenle kullanabilir.<\/p>\n\t\t\t\t\t<\/div>\n\t\t\t\t\t\t<\/div>\n\t\t\t\t<\/div>\n\t\t\t\t<div class=\"elementor-element elementor-element-febac0f elementor-widget elementor-widget-spacer\" data-id=\"febac0f\" data-element_type=\"widget\" data-widget_type=\"spacer.default\">\n\t\t\t\t<div class=\"elementor-widget-container\">\n\t\t\t\t\t\t\t<div class=\"elementor-spacer\">\n\t\t\t<div class=\"elementor-spacer-inner\"><\/div>\n\t\t<\/div>\n\t\t\t\t\t\t<\/div>\n\t\t\t\t<\/div>\n\t\t\t\t<div class=\"elementor-element elementor-element-b4df083 elementor-widget elementor-widget-wd_image_or_svg\" data-id=\"b4df083\" data-element_type=\"widget\" data-widget_type=\"wd_image_or_svg.default\">\n\t\t\t\t<div class=\"elementor-widget-container\">\n\t\t\t\t\t\n\t\t<div class=\"wd-image text-left\">\n\t\t\t\t\t\t\t\t<img decoding=\"async\" width=\"768\" height=\"512\" src=\"https:\/\/www.flns.com.tr\/wp-content\/uploads\/2025\/03\/ami-life-style-768x512-1.jpg\" class=\"attachment-full size-full\" alt=\"\" srcset=\"https:\/\/www.flns.com.tr\/wp-content\/uploads\/2025\/03\/ami-life-style-768x512-1.jpg 768w, https:\/\/www.flns.com.tr\/wp-content\/uploads\/2025\/03\/ami-life-style-768x512-1-400x267.jpg 400w, https:\/\/www.flns.com.tr\/wp-content\/uploads\/2025\/03\/ami-life-style-768x512-1-430x287.jpg 430w, https:\/\/www.flns.com.tr\/wp-content\/uploads\/2025\/03\/ami-life-style-768x512-1-700x467.jpg 700w, https:\/\/www.flns.com.tr\/wp-content\/uploads\/2025\/03\/ami-life-style-768x512-1-150x100.jpg 150w\" sizes=\"(max-width: 768px) 100vw, 768px\" \/>\t\t\t\t\t<\/div>\n\n\t\t\t\t\t\t<\/div>\n\t\t\t\t<\/div>\n\t\t\t\t\t<\/div>\n\t\t\t\t<\/div>\n\t\t\t\t<\/div>\n\t\t","protected":false},"excerpt":{"rendered":"<p>MoMi AMI, \u00e7ocuklar\u0131n kendi ba\u015flar\u0131na yemek yemeyi \u00f6\u011frenmelerine yard\u0131mc\u0131 olmak i\u00e7in tasarlanm\u0131\u015f bir tabak setidir. Set \u015funlar\u0131 i\u00e7erir: vantuzlu bir kase ve bir tabak, bir kupa, ah\u015fap sapl\u0131 \u00e7atal b\u0131\u00e7ak ka\u015f\u0131k tak\u0131m\u0131 ve cepli rahat ve yumu\u015fak bir \u00f6nl\u00fck.<\/p>\n<p>MoMi AMI tabaklar\u0131, yiyeceklerle temas etmesi g\u00fcvenli olan silikondan yap\u0131lm\u0131\u015ft\u0131r. BPA ve ftalat i\u00e7ermezler. Tabaklar renkli bir hediye kutusunda gelir!<\/p>\n<p style=\"text-align: center;\"><strong>D\u0130\u011eER SE\u00c7ENEKLER<\/strong><\/p>\n<p style=\"text-align: center;\"><a href=\"\/index.php\/urun\/momi-ami-silikon-tabak-catal-kasik-seti-gri\/\"><img decoding=\"async\" class=\"alignnone wp-image-29111 size-thumbnail\" src=\"https:\/\/www.flns.com.tr\/wp-content\/themes\/woodmart\/images\/lazy.svg\" data-src=\"https:\/\/www.flns.com.tr\/wp-content\/uploads\/2025\/03\/ami-silikon-tabak-catal-kasik-seti-gri-150x150.jpg\" alt=\"\" width=\"150\" height=\"150\" srcset=\"\" data-srcset=\"https:\/\/www.flns.com.tr\/wp-content\/uploads\/2025\/03\/ami-silikon-tabak-catal-kasik-seti-gri-150x150.jpg 150w, https:\/\/www.flns.com.tr\/wp-content\/uploads\/2025\/03\/ami-silikon-tabak-catal-kasik-seti-gri-300x300.jpg 300w, https:\/\/www.flns.com.tr\/wp-content\/uploads\/2025\/03\/ami-silikon-tabak-catal-kasik-seti-gri-800x800.jpg 800w, https:\/\/www.flns.com.tr\/wp-content\/uploads\/2025\/03\/ami-silikon-tabak-catal-kasik-seti-gri-768x768.jpg 768w, https:\/\/www.flns.com.tr\/wp-content\/uploads\/2025\/03\/ami-silikon-tabak-catal-kasik-seti-gri-430x430.jpg 430w, https:\/\/www.flns.com.tr\/wp-content\/uploads\/2025\/03\/ami-silikon-tabak-catal-kasik-seti-gri-700x700.jpg 700w, https:\/\/www.flns.com.tr\/wp-content\/uploads\/2025\/03\/ami-silikon-tabak-catal-kasik-seti-gri.jpg 1500w\" sizes=\"(max-width: 150px) 100vw, 150px\" \/><\/a> <a href=\"\/index.php\/urun\/momi-ami-silikon-tabak-catal-kasik-seti-yesil\/\"><img loading=\"lazy\" decoding=\"async\" class=\"alignnone wp-image-29139 size-thumbnail\" src=\"https:\/\/www.flns.com.tr\/wp-content\/themes\/woodmart\/images\/lazy.svg\" data-src=\"https:\/\/www.flns.com.tr\/wp-content\/uploads\/2025\/03\/ami-silikon-tabak-catal-kasik-seti-yesil-150x150.jpg\" alt=\"\" width=\"150\" height=\"150\" srcset=\"\" data-srcset=\"https:\/\/www.flns.com.tr\/wp-content\/uploads\/2025\/03\/ami-silikon-tabak-catal-kasik-seti-yesil-150x150.jpg 150w, https:\/\/www.flns.com.tr\/wp-content\/uploads\/2025\/03\/ami-silikon-tabak-catal-kasik-seti-yesil-300x300.jpg 300w, https:\/\/www.flns.com.tr\/wp-content\/uploads\/2025\/03\/ami-silikon-tabak-catal-kasik-seti-yesil-800x800.jpg 800w, https:\/\/www.flns.com.tr\/wp-content\/uploads\/2025\/03\/ami-silikon-tabak-catal-kasik-seti-yesil-768x768.jpg 768w, https:\/\/www.flns.com.tr\/wp-content\/uploads\/2025\/03\/ami-silikon-tabak-catal-kasik-seti-yesil-430x430.jpg 430w, https:\/\/www.flns.com.tr\/wp-content\/uploads\/2025\/03\/ami-silikon-tabak-catal-kasik-seti-yesil-700x700.jpg 700w, https:\/\/www.flns.com.tr\/wp-content\/uploads\/2025\/03\/ami-silikon-tabak-catal-kasik-seti-yesil.jpg 1500w\" sizes=\"(max-width: 150px) 100vw, 150px\" \/><\/a><\/p>\n","protected":false},"featured_media":29125,"comment_status":"open","ping_status":"closed","template":"","meta":[],"product_brand":[225],"product_cat":[248],"product_tag":[],"class_list":{"0":"post-28031","1":"product","2":"type-product","3":"status-publish","4":"has-post-thumbnail","6":"product_brand-momi","7":"product_cat-beslenme","9":"first","10":"instock","11":"taxable","12":"shipping-taxable","13":"purchasable","14":"product-type-simple"},"yoast_head":"<!-- This site is optimized with the Yoast SEO plugin v25.1 - https:\/\/yoast.com\/wordpress\/plugins\/seo\/ -->\n<title>MoMi AMI Silikon Tabak \u00c7atal Ka\u015f\u0131k Seti Pembe - FLNS<\/title>\n<meta name=\"robots\" content=\"index, follow, max-snippet:-1, max-image-preview:large, max-video-preview:-1\" \/>\n<link rel=\"canonical\" href=\"https:\/\/www.flns.com.tr\/index.php\/urun\/momi-ami-silikon-tabak-catal-kasik-seti-pembe\/\" \/>\n<meta property=\"og:locale\" content=\"tr_TR\" \/>\n<meta property=\"og:type\" content=\"article\" \/>\n<meta property=\"og:title\" content=\"MoMi AMI Silikon Tabak \u00c7atal Ka\u015f\u0131k Seti Pembe - FLNS\" \/>\n<meta property=\"og:description\" content=\"MoMi AMI, \u00e7ocuklar\u0131n kendi ba\u015flar\u0131na yemek yemeyi \u00f6\u011frenmelerine yard\u0131mc\u0131 olmak i\u00e7in tasarlanm\u0131\u015f bir tabak setidir. Set \u015funlar\u0131 i\u00e7erir: vantuzlu bir kase ve bir tabak, bir kupa, ah\u015fap sapl\u0131 \u00e7atal b\u0131\u00e7ak ka\u015f\u0131k tak\u0131m\u0131 ve cepli rahat ve yumu\u015fak bir \u00f6nl\u00fck.  MoMi AMI tabaklar\u0131, yiyeceklerle temas etmesi g\u00fcvenli olan silikondan yap\u0131lm\u0131\u015ft\u0131r. BPA ve ftalat i\u00e7ermezler. Tabaklar renkli bir hediye kutusunda gelir! D\u0130\u011eER SE\u00c7ENEKLER\" \/>\n<meta property=\"og:url\" content=\"https:\/\/www.flns.com.tr\/index.php\/urun\/momi-ami-silikon-tabak-catal-kasik-seti-pembe\/\" \/>\n<meta property=\"og:site_name\" content=\"FLNS\" \/>\n<meta property=\"article:modified_time\" content=\"2025-04-30T22:20:15+00:00\" \/>\n<meta property=\"og:image\" content=\"https:\/\/www.flns.com.tr\/wp-content\/uploads\/2025\/03\/ami-silikon-tabak-catal-kasik-seti-pembe.jpg\" \/>\n\t<meta property=\"og:image:width\" content=\"1500\" \/>\n\t<meta property=\"og:image:height\" content=\"1500\" \/>\n\t<meta property=\"og:image:type\" content=\"image\/jpeg\" \/>\n<meta name=\"twitter:card\" content=\"summary_large_image\" \/>\n<meta name=\"twitter:label1\" content=\"Tahmini okuma s\u00fcresi\" \/>\n\t<meta name=\"twitter:data1\" content=\"2 dakika\" \/>\n<script type=\"application\/ld+json\" class=\"yoast-schema-graph\">{\"@context\":\"https:\/\/schema.org\",\"@graph\":[{\"@type\":\"WebPage\",\"@id\":\"https:\/\/www.flns.com.tr\/index.php\/urun\/momi-ami-silikon-tabak-catal-kasik-seti-pembe\/\",\"url\":\"https:\/\/www.flns.com.tr\/index.php\/urun\/momi-ami-silikon-tabak-catal-kasik-seti-pembe\/\",\"name\":\"MoMi AMI Silikon Tabak \u00c7atal Ka\u015f\u0131k Seti Pembe - FLNS\",\"isPartOf\":{\"@id\":\"https:\/\/www.flns.com.tr\/#website\"},\"primaryImageOfPage\":{\"@id\":\"https:\/\/www.flns.com.tr\/index.php\/urun\/momi-ami-silikon-tabak-catal-kasik-seti-pembe\/#primaryimage\"},\"image\":{\"@id\":\"https:\/\/www.flns.com.tr\/index.php\/urun\/momi-ami-silikon-tabak-catal-kasik-seti-pembe\/#primaryimage\"},\"thumbnailUrl\":\"https:\/\/www.flns.com.tr\/wp-content\/uploads\/2025\/03\/ami-silikon-tabak-catal-kasik-seti-pembe.jpg\",\"datePublished\":\"2025-03-25T20:56:43+00:00\",\"dateModified\":\"2025-04-30T22:20:15+00:00\",\"breadcrumb\":{\"@id\":\"https:\/\/www.flns.com.tr\/index.php\/urun\/momi-ami-silikon-tabak-catal-kasik-seti-pembe\/#breadcrumb\"},\"inLanguage\":\"tr\",\"potentialAction\":[{\"@type\":\"ReadAction\",\"target\":[\"https:\/\/www.flns.com.tr\/index.php\/urun\/momi-ami-silikon-tabak-catal-kasik-seti-pembe\/\"]}]},{\"@type\":\"ImageObject\",\"inLanguage\":\"tr\",\"@id\":\"https:\/\/www.flns.com.tr\/index.php\/urun\/momi-ami-silikon-tabak-catal-kasik-seti-pembe\/#primaryimage\",\"url\":\"https:\/\/www.flns.com.tr\/wp-content\/uploads\/2025\/03\/ami-silikon-tabak-catal-kasik-seti-pembe.jpg\",\"contentUrl\":\"https:\/\/www.flns.com.tr\/wp-content\/uploads\/2025\/03\/ami-silikon-tabak-catal-kasik-seti-pembe.jpg\",\"width\":1500,\"height\":1500},{\"@type\":\"BreadcrumbList\",\"@id\":\"https:\/\/www.flns.com.tr\/index.php\/urun\/momi-ami-silikon-tabak-catal-kasik-seti-pembe\/#breadcrumb\",\"itemListElement\":[{\"@type\":\"ListItem\",\"position\":1,\"name\":\"Anasayfa\",\"item\":\"https:\/\/www.flns.com.tr\/\"},{\"@type\":\"ListItem\",\"position\":2,\"name\":\"Ma\u011faza\",\"item\":\"https:\/\/www.flns.com.tr\/index.php\/shop\/\"},{\"@type\":\"ListItem\",\"position\":3,\"name\":\"MoMi AMI Silikon Tabak \u00c7atal Ka\u015f\u0131k Seti Pembe\"}]},{\"@type\":\"WebSite\",\"@id\":\"https:\/\/www.flns.com.tr\/#website\",\"url\":\"https:\/\/www.flns.com.tr\/\",\"name\":\"FLNS\",\"description\":\"FUN LOVE NATURE SPORT\",\"publisher\":{\"@id\":\"https:\/\/www.flns.com.tr\/#organization\"},\"potentialAction\":[{\"@type\":\"SearchAction\",\"target\":{\"@type\":\"EntryPoint\",\"urlTemplate\":\"https:\/\/www.flns.com.tr\/?s={search_term_string}\"},\"query-input\":{\"@type\":\"PropertyValueSpecification\",\"valueRequired\":true,\"valueName\":\"search_term_string\"}}],\"inLanguage\":\"tr\"},{\"@type\":\"Organization\",\"@id\":\"https:\/\/www.flns.com.tr\/#organization\",\"name\":\"FLNS\",\"url\":\"https:\/\/www.flns.com.tr\/\",\"logo\":{\"@type\":\"ImageObject\",\"inLanguage\":\"tr\",\"@id\":\"https:\/\/www.flns.com.tr\/#\/schema\/logo\/image\/\",\"url\":\"https:\/\/www.flns.com.tr\/wp-content\/uploads\/2025\/03\/FLNS-LOGO.png\",\"contentUrl\":\"https:\/\/www.flns.com.tr\/wp-content\/uploads\/2025\/03\/FLNS-LOGO.png\",\"width\":4500,\"height\":2892,\"caption\":\"FLNS\"},\"image\":{\"@id\":\"https:\/\/www.flns.com.tr\/#\/schema\/logo\/image\/\"},\"sameAs\":[\"https:\/\/www.instagram.com\/f.l.n.s\"]}]}<\/script>\n<!-- \/ Yoast SEO plugin. -->","yoast_head_json":{"title":"MoMi AMI Silikon Tabak \u00c7atal Ka\u015f\u0131k Seti Pembe - FLNS","robots":{"index":"index","follow":"follow","max-snippet":"max-snippet:-1","max-image-preview":"max-image-preview:large","max-video-preview":"max-video-preview:-1"},"canonical":"https:\/\/www.flns.com.tr\/index.php\/urun\/momi-ami-silikon-tabak-catal-kasik-seti-pembe\/","og_locale":"tr_TR","og_type":"article","og_title":"MoMi AMI Silikon Tabak \u00c7atal Ka\u015f\u0131k Seti Pembe - FLNS","og_description":"MoMi AMI, \u00e7ocuklar\u0131n kendi ba\u015flar\u0131na yemek yemeyi \u00f6\u011frenmelerine yard\u0131mc\u0131 olmak i\u00e7in tasarlanm\u0131\u015f bir tabak setidir. Set \u015funlar\u0131 i\u00e7erir: vantuzlu bir kase ve bir tabak, bir kupa, ah\u015fap sapl\u0131 \u00e7atal b\u0131\u00e7ak ka\u015f\u0131k tak\u0131m\u0131 ve cepli rahat ve yumu\u015fak bir \u00f6nl\u00fck.  MoMi AMI tabaklar\u0131, yiyeceklerle temas etmesi g\u00fcvenli olan silikondan yap\u0131lm\u0131\u015ft\u0131r. BPA ve ftalat i\u00e7ermezler. Tabaklar renkli bir hediye kutusunda gelir! D\u0130\u011eER SE\u00c7ENEKLER","og_url":"https:\/\/www.flns.com.tr\/index.php\/urun\/momi-ami-silikon-tabak-catal-kasik-seti-pembe\/","og_site_name":"FLNS","article_modified_time":"2025-04-30T22:20:15+00:00","og_image":[{"width":1500,"height":1500,"url":"https:\/\/www.flns.com.tr\/wp-content\/uploads\/2025\/03\/ami-silikon-tabak-catal-kasik-seti-pembe.jpg","type":"image\/jpeg"}],"twitter_card":"summary_large_image","twitter_misc":{"Tahmini okuma s\u00fcresi":"2 dakika"},"schema":{"@context":"https:\/\/schema.org","@graph":[{"@type":"WebPage","@id":"https:\/\/www.flns.com.tr\/index.php\/urun\/momi-ami-silikon-tabak-catal-kasik-seti-pembe\/","url":"https:\/\/www.flns.com.tr\/index.php\/urun\/momi-ami-silikon-tabak-catal-kasik-seti-pembe\/","name":"MoMi AMI Silikon Tabak \u00c7atal Ka\u015f\u0131k Seti Pembe - FLNS","isPartOf":{"@id":"https:\/\/www.flns.com.tr\/#website"},"primaryImageOfPage":{"@id":"https:\/\/www.flns.com.tr\/index.php\/urun\/momi-ami-silikon-tabak-catal-kasik-seti-pembe\/#primaryimage"},"image":{"@id":"https:\/\/www.flns.com.tr\/index.php\/urun\/momi-ami-silikon-tabak-catal-kasik-seti-pembe\/#primaryimage"},"thumbnailUrl":"https:\/\/www.flns.com.tr\/wp-content\/uploads\/2025\/03\/ami-silikon-tabak-catal-kasik-seti-pembe.jpg","datePublished":"2025-03-25T20:56:43+00:00","dateModified":"2025-04-30T22:20:15+00:00","breadcrumb":{"@id":"https:\/\/www.flns.com.tr\/index.php\/urun\/momi-ami-silikon-tabak-catal-kasik-seti-pembe\/#breadcrumb"},"inLanguage":"tr","potentialAction":[{"@type":"ReadAction","target":["https:\/\/www.flns.com.tr\/index.php\/urun\/momi-ami-silikon-tabak-catal-kasik-seti-pembe\/"]}]},{"@type":"ImageObject","inLanguage":"tr","@id":"https:\/\/www.flns.com.tr\/index.php\/urun\/momi-ami-silikon-tabak-catal-kasik-seti-pembe\/#primaryimage","url":"https:\/\/www.flns.com.tr\/wp-content\/uploads\/2025\/03\/ami-silikon-tabak-catal-kasik-seti-pembe.jpg","contentUrl":"https:\/\/www.flns.com.tr\/wp-content\/uploads\/2025\/03\/ami-silikon-tabak-catal-kasik-seti-pembe.jpg","width":1500,"height":1500},{"@type":"BreadcrumbList","@id":"https:\/\/www.flns.com.tr\/index.php\/urun\/momi-ami-silikon-tabak-catal-kasik-seti-pembe\/#breadcrumb","itemListElement":[{"@type":"ListItem","position":1,"name":"Anasayfa","item":"https:\/\/www.flns.com.tr\/"},{"@type":"ListItem","position":2,"name":"Ma\u011faza","item":"https:\/\/www.flns.com.tr\/index.php\/shop\/"},{"@type":"ListItem","position":3,"name":"MoMi AMI Silikon Tabak \u00c7atal Ka\u015f\u0131k Seti Pembe"}]},{"@type":"WebSite","@id":"https:\/\/www.flns.com.tr\/#website","url":"https:\/\/www.flns.com.tr\/","name":"FLNS","description":"FUN LOVE NATURE SPORT","publisher":{"@id":"https:\/\/www.flns.com.tr\/#organization"},"potentialAction":[{"@type":"SearchAction","target":{"@type":"EntryPoint","urlTemplate":"https:\/\/www.flns.com.tr\/?s={search_term_string}"},"query-input":{"@type":"PropertyValueSpecification","valueRequired":true,"valueName":"search_term_string"}}],"inLanguage":"tr"},{"@type":"Organization","@id":"https:\/\/www.flns.com.tr\/#organization","name":"FLNS","url":"https:\/\/www.flns.com.tr\/","logo":{"@type":"ImageObject","inLanguage":"tr","@id":"https:\/\/www.flns.com.tr\/#\/schema\/logo\/image\/","url":"https:\/\/www.flns.com.tr\/wp-content\/uploads\/2025\/03\/FLNS-LOGO.png","contentUrl":"https:\/\/www.flns.com.tr\/wp-content\/uploads\/2025\/03\/FLNS-LOGO.png","width":4500,"height":2892,"caption":"FLNS"},"image":{"@id":"https:\/\/www.flns.com.tr\/#\/schema\/logo\/image\/"},"sameAs":["https:\/\/www.instagram.com\/f.l.n.s"]}]}},"_links":{"self":[{"href":"https:\/\/www.flns.com.tr\/index.php\/wp-json\/wp\/v2\/product\/28031","targetHints":{"allow":["GET"]}}],"collection":[{"href":"https:\/\/www.flns.com.tr\/index.php\/wp-json\/wp\/v2\/product"}],"about":[{"href":"https:\/\/www.flns.com.tr\/index.php\/wp-json\/wp\/v2\/types\/product"}],"replies":[{"embeddable":true,"href":"https:\/\/www.flns.com.tr\/index.php\/wp-json\/wp\/v2\/comments?post=28031"}],"version-history":[{"count":15,"href":"https:\/\/www.flns.com.tr\/index.php\/wp-json\/wp\/v2\/product\/28031\/revisions"}],"predecessor-version":[{"id":31102,"href":"https:\/\/www.flns.com.tr\/index.php\/wp-json\/wp\/v2\/product\/28031\/revisions\/31102"}],"wp:featuredmedia":[{"embeddable":true,"href":"https:\/\/www.flns.com.tr\/index.php\/wp-json\/wp\/v2\/media\/29125"}],"wp:attachment":[{"href":"https:\/\/www.flns.com.tr\/index.php\/wp-json\/wp\/v2\/media?parent=28031"}],"wp:term":[{"taxonomy":"product_brand","embeddable":true,"href":"https:\/\/www.flns.com.tr\/index.php\/wp-json\/wp\/v2\/product_brand?post=28031"},{"taxonomy":"product_cat","embeddable":true,"href":"https:\/\/www.flns.com.tr\/index.php\/wp-json\/wp\/v2\/product_cat?post=28031"},{"taxonomy":"product_tag","embeddable":true,"href":"https:\/\/www.flns.com.tr\/index.php\/wp-json\/wp\/v2\/product_tag?post=28031"}],"curies":[{"name":"wp","href":"https:\/\/api.w.org\/{rel}","templated":true}]}}