{"id":28040,"date":"2025-03-25T23:56:44","date_gmt":"2025-03-25T20:56:44","guid":{"rendered":"https:\/\/www.flns.com.tr\/index.php\/urun\/momi-reki-2-in-1-mama-sandalyesi-siyah\/"},"modified":"2025-05-02T16:51:49","modified_gmt":"2025-05-02T13:51:49","slug":"momi-reki-3-ozellikli-mama-sandalyesi-siyah","status":"publish","type":"product","link":"https:\/\/www.flns.com.tr\/index.php\/urun\/momi-reki-3-ozellikli-mama-sandalyesi-siyah\/","title":{"rendered":"MoMi Reki 3 \u00d6zellikli Mama Sandalyesi Siyah"},"content":{"rendered":"\t\t<div data-elementor-type=\"wp-post\" data-elementor-id=\"28040\" class=\"elementor elementor-28040\">\n\t\t\t\t<div class=\"wd-negative-gap elementor-element elementor-element-32d7ee9 e-flex e-con-boxed e-con e-parent\" data-id=\"32d7ee9\" data-element_type=\"container\">\n\t\t\t\t\t<div class=\"e-con-inner\">\n\t\t<div class=\"elementor-element elementor-element-0fb0b9e e-con-full e-flex e-con e-child\" data-id=\"0fb0b9e\" data-element_type=\"container\">\n\t\t\t\t<div class=\"elementor-element elementor-element-4eefcbd elementor-widget elementor-widget-wd_text_block\" data-id=\"4eefcbd\" data-element_type=\"widget\" data-widget_type=\"wd_text_block.default\">\n\t\t\t\t<div class=\"elementor-widget-container\">\n\t\t\t\t\t\t\t<div class=\"wd-text-block reset-last-child text-left\">\n\t\t\t\n\t\t\t<p><strong>\u00dcR\u00dcN \u00d6ZELL\u0130KLER\u0130<\/strong><\/p><ul><li>3'\u00fc 1 arada: Tepsili mama sandalyesi, masaya yana\u015fabilen y\u00fcksek sandalye, okul \u00f6ncesi \u00e7ocuklar i\u00e7in al\u00e7ak sandalye<\/li><li>5 noktal\u0131 emniyet kemerleri<\/li><li>Ayak dayana\u011f\u0131<\/li><li>Kolay temizlenen suni deri d\u00f6\u015feme<\/li><li>6 ila 36 ay aras\u0131, 15 kg'a kadar \u00e7ocuklar i\u00e7in y\u00fcksek sandalye<\/li><li>2 ila 5 ya\u015f aras\u0131, 20 kg'a kadar \u00e7ocuklar i\u00e7in sandalye<\/li><li>Ergonomik kal\u0131pl\u0131 oturma b\u00f6l\u00fcm\u00fc<\/li><li>Dayan\u0131kl\u0131 kol\u00e7aklar<\/li><li>Bardak yeri olan ayarlanabilir \u00e7ift tepsi<\/li><li>\u00dcst tepsi bula\u015f\u0131k makinesinde y\u0131kanabilir<\/li><li>Daha fazla denge i\u00e7in kaymaz pedler<\/li><li>Vantuzlu oyuncak dahil<\/li><\/ul><p><strong>\u00dcR\u00dcN A\u011eIRLI\u011eI:<\/strong> 4 kg<\/p><p><strong>BOYUTLAR:<\/strong> 54 cm x 59,5 cm x 93 cm<\/p><p><strong>STANDARTLAR:<\/strong> EN 14988:2017+A1:2020<\/p><p><strong>PAKET BOYUTLARI:<\/strong> 56 cm x 28 cm x 44 cm<\/p><p><strong>MALZEMELER:<\/strong> \u00c7elik, Plastik<\/p><p><strong>\u00dcRET\u0130C\u0130 GARANT\u0130S\u0130:<\/strong> 24 ay<\/p>\n\t\t\t\t\t<\/div>\n\t\t\t\t\t\t<\/div>\n\t\t\t\t<\/div>\n\t\t\t\t<\/div>\n\t\t<div class=\"elementor-element elementor-element-527100d e-con-full e-flex e-con e-child\" data-id=\"527100d\" data-element_type=\"container\">\n\t\t\t\t<div class=\"elementor-element elementor-element-cb2c6da elementor-widget elementor-widget-wd_image_or_svg\" data-id=\"cb2c6da\" data-element_type=\"widget\" data-widget_type=\"wd_image_or_svg.default\">\n\t\t\t\t<div class=\"elementor-widget-container\">\n\t\t\t\t\t\n\t\t<div class=\"wd-image text-center\">\n\t\t\t\t\t\t\t\t<img fetchpriority=\"high\" decoding=\"async\" width=\"512\" height=\"768\" src=\"https:\/\/www.flns.com.tr\/wp-content\/uploads\/2025\/03\/reki-life-style-512x768-1.jpg\" class=\"attachment-full size-full\" alt=\"\" srcset=\"https:\/\/www.flns.com.tr\/wp-content\/uploads\/2025\/03\/reki-life-style-512x768-1.jpg 512w, https:\/\/www.flns.com.tr\/wp-content\/uploads\/2025\/03\/reki-life-style-512x768-1-200x300.jpg 200w, https:\/\/www.flns.com.tr\/wp-content\/uploads\/2025\/03\/reki-life-style-512x768-1-430x645.jpg 430w, https:\/\/www.flns.com.tr\/wp-content\/uploads\/2025\/03\/reki-life-style-512x768-1-150x225.jpg 150w\" sizes=\"(max-width: 512px) 100vw, 512px\" \/>\t\t\t\t\t<\/div>\n\n\t\t\t\t\t\t<\/div>\n\t\t\t\t<\/div>\n\t\t\t\t<\/div>\n\t\t\t\t\t<\/div>\n\t\t\t\t<\/div>\n\t\t<div class=\"wd-negative-gap elementor-element elementor-element-c4648d2 e-flex e-con-boxed e-con e-parent\" data-id=\"c4648d2\" data-element_type=\"container\">\n\t\t\t\t\t<div class=\"e-con-inner\">\n\t\t\t\t<div class=\"elementor-element elementor-element-04f3ce4 elementor-widget elementor-widget-spacer\" data-id=\"04f3ce4\" data-element_type=\"widget\" data-widget_type=\"spacer.default\">\n\t\t\t\t<div class=\"elementor-widget-container\">\n\t\t\t\t\t\t\t<div class=\"elementor-spacer\">\n\t\t\t<div class=\"elementor-spacer-inner\"><\/div>\n\t\t<\/div>\n\t\t\t\t\t\t<\/div>\n\t\t\t\t<\/div>\n\t\t\t\t<div class=\"elementor-element elementor-element-2c507d0 elementor-widget elementor-widget-wd_text_block\" data-id=\"2c507d0\" data-element_type=\"widget\" data-widget_type=\"wd_text_block.default\">\n\t\t\t\t<div class=\"elementor-widget-container\">\n\t\t\t\t\t\t\t<div class=\"wd-text-block reset-last-child text-left\">\n\t\t\t\n\t\t\t<p>MoMi REKI mama sandalyesini \u00f6zel k\u0131lan nedir?<\/p><p>MoMi REKI mama sandalyesinin en b\u00fcy\u00fck avantaj\u0131 \u00e7ok i\u015flevli olmas\u0131d\u0131r:<\/p><ul><li>\u00c7ocu\u011funuz oturmay\u0131 \u00f6\u011frendi\u011finde, mama tepsisi olan y\u00fcksek bir sandalye olarak kullanabilir.<\/li><li>\u00c7ocu\u011funuz biraz daha b\u00fcy\u00fcd\u00fc\u011f\u00fcnde ve yemeklerini anne babas\u0131yla birlikte yemeyi tercih etti\u011finde, yapman\u0131z gereken tek \u015fey tepsiyi \u00e7\u0131karmakt\u0131r; bu, aile masas\u0131nda konforu sa\u011flayacakt\u0131r.<\/li><li>2 ya\u015f\u0131ndaki \u00e7ocuklar, yarat\u0131c\u0131 oyunlar i\u00e7in harika olacak ba\u011f\u0131ms\u0131z, al\u00e7ak bir sandalye olarak kullanabilir. Bu versiyonda, sandalyeyi emniyet kemerleriyle veya kemersiz kullanabilirsiniz.<\/li><\/ul><p>\u00a0MoMi REKI mama sandalyesinin \u00e7ok daha fazla avantaj\u0131 vard\u0131r:<\/p><ul><li>Her yemekten sonra tepsinin tamamen kirlendi\u011fini \u00e7ok iyi biliyorsunuz. Endi\u015felenmeyin! MoMi REKI kullanarak \u00e7\u0131kar\u0131p y\u0131kayabilirsiniz. Dahas\u0131, bula\u015f\u0131k makinesine koyabilirsiniz ve i\u015finiz tamamd\u0131r!<\/li><li>Ayr\u0131ca, tepsi ayarlanabilir ve \u00e7ocu\u011fun ihtiya\u00e7lar\u0131na g\u00f6re onu daha uza\u011fa veya daha yak\u0131na itebilirsiniz.<\/li><li>D\u00f6\u015femenin \u00f6zellikle yaz\u0131n kullan\u0131\u015fl\u0131 olup olmayaca\u011f\u0131n\u0131 m\u0131 merak ediyorsunuz? Cevap kesinlikle evet! Temizlemesi kolay - sadece bir bezle silin ve tamamd\u0131r.<\/li><li>MoMi REKI mama sandalyesiyle birlikte, yemek beklemeyi daha keyifli hale getirecek g\u00f6z al\u0131c\u0131 bir oyuncak da var. Oyuncak, vantuz sayesinde tepsiye tutturuluyor, bu da onu s\u00fcrekli olarak alman\u0131z gerekmedi\u011fi anlam\u0131na geliyor.<\/li><\/ul><p>Basit tasar\u0131m\u0131 ve yumu\u015fak renkleri, MoMi REKI mama sandalyesinin mutfa\u011f\u0131n\u0131z\u0131n veya oturma odan\u0131z\u0131n i\u00e7 k\u0131sm\u0131na kolayca uyum sa\u011flamas\u0131n\u0131 sa\u011flar.<\/p>\n\t\t\t\t\t<\/div>\n\t\t\t\t\t\t<\/div>\n\t\t\t\t<\/div>\n\t\t\t\t<div class=\"elementor-element elementor-element-c479d2d elementor-widget elementor-widget-spacer\" data-id=\"c479d2d\" data-element_type=\"widget\" data-widget_type=\"spacer.default\">\n\t\t\t\t<div class=\"elementor-widget-container\">\n\t\t\t\t\t\t\t<div class=\"elementor-spacer\">\n\t\t\t<div class=\"elementor-spacer-inner\"><\/div>\n\t\t<\/div>\n\t\t\t\t\t\t<\/div>\n\t\t\t\t<\/div>\n\t\t\t\t<div class=\"elementor-element elementor-element-0ac99e1 elementor-widget elementor-widget-wd_image_or_svg\" data-id=\"0ac99e1\" data-element_type=\"widget\" data-widget_type=\"wd_image_or_svg.default\">\n\t\t\t\t<div class=\"elementor-widget-container\">\n\t\t\t\t\t\n\t\t<div class=\"wd-image text-center\">\n\t\t\t\t\t\t\t\t<img decoding=\"async\" width=\"768\" height=\"512\" src=\"https:\/\/www.flns.com.tr\/wp-content\/uploads\/2025\/03\/reki-life-style-768x512-1.jpg\" class=\"attachment-full size-full\" alt=\"\" srcset=\"https:\/\/www.flns.com.tr\/wp-content\/uploads\/2025\/03\/reki-life-style-768x512-1.jpg 768w, https:\/\/www.flns.com.tr\/wp-content\/uploads\/2025\/03\/reki-life-style-768x512-1-400x267.jpg 400w, https:\/\/www.flns.com.tr\/wp-content\/uploads\/2025\/03\/reki-life-style-768x512-1-430x287.jpg 430w, https:\/\/www.flns.com.tr\/wp-content\/uploads\/2025\/03\/reki-life-style-768x512-1-700x467.jpg 700w, https:\/\/www.flns.com.tr\/wp-content\/uploads\/2025\/03\/reki-life-style-768x512-1-150x100.jpg 150w\" sizes=\"(max-width: 768px) 100vw, 768px\" \/>\t\t\t\t\t<\/div>\n\n\t\t\t\t\t\t<\/div>\n\t\t\t\t<\/div>\n\t\t\t\t\t<\/div>\n\t\t\t\t<\/div>\n\t\t\t\t<\/div>\n\t\t","protected":false},"excerpt":{"rendered":"<p>MoMi REKI, \u00e7ocu\u011funuzun beslenme d\u00fczenini geni\u015fletmeye karar verdi\u011finiz andan anaokulu ya\u015f\u0131na kadar size e\u015flik edecek \u00e7ok i\u015flevli bir beslenme sandalyesidir.<\/p>\n<p>MoMi REKI sat\u0131n ald\u0131\u011f\u0131n\u0131zda daha fazlas\u0131n\u0131 kazan\u0131rs\u0131n\u0131z! Sadece tepsili normal bir beslenme sandalyesi de\u011fil, ayn\u0131 zamanda bir aile yeme\u011fi i\u00e7in masaya ekleyebilece\u011finiz y\u00fcksek bir sandalye ve daha b\u00fcy\u00fck bir \u00e7ocuk i\u00e7in daha k\u00fc\u00e7\u00fck bir masa i\u00e7in m\u00fckemmel bir uyum sa\u011flayan al\u00e7ak bir sandalyedir.<\/p>\n<p style=\"text-align: center;\"><strong>D\u0130\u011eER SE\u00c7ENEKLER<\/strong><\/p>\n<p style=\"text-align: center;\"><a href=\"\/index.php\/urun\/momi-kenani-dlx-otomatik-ana-kucagi-acik-gri\/\">\u00a0<\/a> <a href=\"\/index.php\/urun\/momi-reki-2-in-1-mama-sandalyesi-gri\/\"><img decoding=\"async\" class=\"alignnone wp-image-28874 size-thumbnail\" src=\"https:\/\/www.flns.com.tr\/wp-content\/themes\/woodmart\/images\/lazy.svg\" data-src=\"https:\/\/www.flns.com.tr\/wp-content\/uploads\/2025\/03\/reki-2in1-mama-sandalyesi-gri-150x150.jpg\" alt=\"\" width=\"150\" height=\"150\" srcset=\"\" data-srcset=\"https:\/\/www.flns.com.tr\/wp-content\/uploads\/2025\/03\/reki-2in1-mama-sandalyesi-gri-150x150.jpg 150w, https:\/\/www.flns.com.tr\/wp-content\/uploads\/2025\/03\/reki-2in1-mama-sandalyesi-gri-300x300.jpg 300w, https:\/\/www.flns.com.tr\/wp-content\/uploads\/2025\/03\/reki-2in1-mama-sandalyesi-gri-800x800.jpg 800w, https:\/\/www.flns.com.tr\/wp-content\/uploads\/2025\/03\/reki-2in1-mama-sandalyesi-gri-768x768.jpg 768w, https:\/\/www.flns.com.tr\/wp-content\/uploads\/2025\/03\/reki-2in1-mama-sandalyesi-gri-430x430.jpg 430w, https:\/\/www.flns.com.tr\/wp-content\/uploads\/2025\/03\/reki-2in1-mama-sandalyesi-gri-700x700.jpg 700w, https:\/\/www.flns.com.tr\/wp-content\/uploads\/2025\/03\/reki-2in1-mama-sandalyesi-gri.jpg 1500w\" sizes=\"(max-width: 150px) 100vw, 150px\" \/><\/a><\/p>\n","protected":false},"featured_media":28885,"comment_status":"open","ping_status":"closed","template":"","meta":[],"product_brand":[225],"product_cat":[246],"product_tag":[],"class_list":{"0":"post-28040","1":"product","2":"type-product","3":"status-publish","4":"has-post-thumbnail","6":"product_brand-momi","7":"product_cat-mama_sandalyesi","9":"first","10":"instock","11":"taxable","12":"shipping-taxable","13":"purchasable","14":"product-type-simple"},"yoast_head":"<!-- This site is optimized with the Yoast SEO plugin v25.1 - https:\/\/yoast.com\/wordpress\/plugins\/seo\/ -->\n<title>MoMi Reki 3 \u00d6zellikli Mama Sandalyesi Siyah - FLNS<\/title>\n<meta name=\"robots\" content=\"index, follow, max-snippet:-1, max-image-preview:large, max-video-preview:-1\" \/>\n<link rel=\"canonical\" href=\"https:\/\/www.flns.com.tr\/index.php\/urun\/momi-reki-3-ozellikli-mama-sandalyesi-siyah\/\" \/>\n<meta property=\"og:locale\" content=\"tr_TR\" \/>\n<meta property=\"og:type\" content=\"article\" \/>\n<meta property=\"og:title\" content=\"MoMi Reki 3 \u00d6zellikli Mama Sandalyesi Siyah - FLNS\" \/>\n<meta property=\"og:description\" content=\"MoMi REKI, \u00e7ocu\u011funuzun beslenme d\u00fczenini geni\u015fletmeye karar verdi\u011finiz andan anaokulu ya\u015f\u0131na kadar size e\u015flik edecek \u00e7ok i\u015flevli bir beslenme sandalyesidir.  MoMi REKI sat\u0131n ald\u0131\u011f\u0131n\u0131zda daha fazlas\u0131n\u0131 kazan\u0131rs\u0131n\u0131z! Sadece tepsili normal bir beslenme sandalyesi de\u011fil, ayn\u0131 zamanda bir aile yeme\u011fi i\u00e7in masaya ekleyebilece\u011finiz y\u00fcksek bir sandalye ve daha b\u00fcy\u00fck bir \u00e7ocuk i\u00e7in daha k\u00fc\u00e7\u00fck bir masa i\u00e7in m\u00fckemmel bir uyum sa\u011flayan al\u00e7ak bir sandalyedir. D\u0130\u011eER SE\u00c7ENEKLER \u00a0\" \/>\n<meta property=\"og:url\" content=\"https:\/\/www.flns.com.tr\/index.php\/urun\/momi-reki-3-ozellikli-mama-sandalyesi-siyah\/\" \/>\n<meta property=\"og:site_name\" content=\"FLNS\" \/>\n<meta property=\"article:modified_time\" content=\"2025-05-02T13:51:49+00:00\" \/>\n<meta property=\"og:image\" content=\"https:\/\/www.flns.com.tr\/wp-content\/uploads\/2025\/03\/reki-2in1-mama-sandalyesi-siyah.jpg\" \/>\n\t<meta property=\"og:image:width\" content=\"1500\" \/>\n\t<meta property=\"og:image:height\" content=\"1500\" \/>\n\t<meta property=\"og:image:type\" content=\"image\/jpeg\" \/>\n<meta name=\"twitter:card\" content=\"summary_large_image\" \/>\n<meta name=\"twitter:label1\" content=\"Tahmini okuma s\u00fcresi\" \/>\n\t<meta name=\"twitter:data1\" content=\"2 dakika\" \/>\n<script type=\"application\/ld+json\" class=\"yoast-schema-graph\">{\"@context\":\"https:\/\/schema.org\",\"@graph\":[{\"@type\":\"WebPage\",\"@id\":\"https:\/\/www.flns.com.tr\/index.php\/urun\/momi-reki-3-ozellikli-mama-sandalyesi-siyah\/\",\"url\":\"https:\/\/www.flns.com.tr\/index.php\/urun\/momi-reki-3-ozellikli-mama-sandalyesi-siyah\/\",\"name\":\"MoMi Reki 3 \u00d6zellikli Mama Sandalyesi Siyah - FLNS\",\"isPartOf\":{\"@id\":\"https:\/\/www.flns.com.tr\/#website\"},\"primaryImageOfPage\":{\"@id\":\"https:\/\/www.flns.com.tr\/index.php\/urun\/momi-reki-3-ozellikli-mama-sandalyesi-siyah\/#primaryimage\"},\"image\":{\"@id\":\"https:\/\/www.flns.com.tr\/index.php\/urun\/momi-reki-3-ozellikli-mama-sandalyesi-siyah\/#primaryimage\"},\"thumbnailUrl\":\"https:\/\/www.flns.com.tr\/wp-content\/uploads\/2025\/03\/reki-2in1-mama-sandalyesi-siyah.jpg\",\"datePublished\":\"2025-03-25T20:56:44+00:00\",\"dateModified\":\"2025-05-02T13:51:49+00:00\",\"breadcrumb\":{\"@id\":\"https:\/\/www.flns.com.tr\/index.php\/urun\/momi-reki-3-ozellikli-mama-sandalyesi-siyah\/#breadcrumb\"},\"inLanguage\":\"tr\",\"potentialAction\":[{\"@type\":\"ReadAction\",\"target\":[\"https:\/\/www.flns.com.tr\/index.php\/urun\/momi-reki-3-ozellikli-mama-sandalyesi-siyah\/\"]}]},{\"@type\":\"ImageObject\",\"inLanguage\":\"tr\",\"@id\":\"https:\/\/www.flns.com.tr\/index.php\/urun\/momi-reki-3-ozellikli-mama-sandalyesi-siyah\/#primaryimage\",\"url\":\"https:\/\/www.flns.com.tr\/wp-content\/uploads\/2025\/03\/reki-2in1-mama-sandalyesi-siyah.jpg\",\"contentUrl\":\"https:\/\/www.flns.com.tr\/wp-content\/uploads\/2025\/03\/reki-2in1-mama-sandalyesi-siyah.jpg\",\"width\":1500,\"height\":1500},{\"@type\":\"BreadcrumbList\",\"@id\":\"https:\/\/www.flns.com.tr\/index.php\/urun\/momi-reki-3-ozellikli-mama-sandalyesi-siyah\/#breadcrumb\",\"itemListElement\":[{\"@type\":\"ListItem\",\"position\":1,\"name\":\"Anasayfa\",\"item\":\"https:\/\/www.flns.com.tr\/\"},{\"@type\":\"ListItem\",\"position\":2,\"name\":\"Ma\u011faza\",\"item\":\"https:\/\/www.flns.com.tr\/index.php\/shop\/\"},{\"@type\":\"ListItem\",\"position\":3,\"name\":\"MoMi Reki 3 \u00d6zellikli Mama Sandalyesi Siyah\"}]},{\"@type\":\"WebSite\",\"@id\":\"https:\/\/www.flns.com.tr\/#website\",\"url\":\"https:\/\/www.flns.com.tr\/\",\"name\":\"FLNS\",\"description\":\"FUN LOVE NATURE SPORT\",\"publisher\":{\"@id\":\"https:\/\/www.flns.com.tr\/#organization\"},\"potentialAction\":[{\"@type\":\"SearchAction\",\"target\":{\"@type\":\"EntryPoint\",\"urlTemplate\":\"https:\/\/www.flns.com.tr\/?s={search_term_string}\"},\"query-input\":{\"@type\":\"PropertyValueSpecification\",\"valueRequired\":true,\"valueName\":\"search_term_string\"}}],\"inLanguage\":\"tr\"},{\"@type\":\"Organization\",\"@id\":\"https:\/\/www.flns.com.tr\/#organization\",\"name\":\"FLNS\",\"url\":\"https:\/\/www.flns.com.tr\/\",\"logo\":{\"@type\":\"ImageObject\",\"inLanguage\":\"tr\",\"@id\":\"https:\/\/www.flns.com.tr\/#\/schema\/logo\/image\/\",\"url\":\"https:\/\/www.flns.com.tr\/wp-content\/uploads\/2025\/03\/FLNS-LOGO.png\",\"contentUrl\":\"https:\/\/www.flns.com.tr\/wp-content\/uploads\/2025\/03\/FLNS-LOGO.png\",\"width\":4500,\"height\":2892,\"caption\":\"FLNS\"},\"image\":{\"@id\":\"https:\/\/www.flns.com.tr\/#\/schema\/logo\/image\/\"},\"sameAs\":[\"https:\/\/www.instagram.com\/f.l.n.s\"]}]}<\/script>\n<!-- \/ Yoast SEO plugin. -->","yoast_head_json":{"title":"MoMi Reki 3 \u00d6zellikli Mama Sandalyesi Siyah - FLNS","robots":{"index":"index","follow":"follow","max-snippet":"max-snippet:-1","max-image-preview":"max-image-preview:large","max-video-preview":"max-video-preview:-1"},"canonical":"https:\/\/www.flns.com.tr\/index.php\/urun\/momi-reki-3-ozellikli-mama-sandalyesi-siyah\/","og_locale":"tr_TR","og_type":"article","og_title":"MoMi Reki 3 \u00d6zellikli Mama Sandalyesi Siyah - FLNS","og_description":"MoMi REKI, \u00e7ocu\u011funuzun beslenme d\u00fczenini geni\u015fletmeye karar verdi\u011finiz andan anaokulu ya\u015f\u0131na kadar size e\u015flik edecek \u00e7ok i\u015flevli bir beslenme sandalyesidir.  MoMi REKI sat\u0131n ald\u0131\u011f\u0131n\u0131zda daha fazlas\u0131n\u0131 kazan\u0131rs\u0131n\u0131z! Sadece tepsili normal bir beslenme sandalyesi de\u011fil, ayn\u0131 zamanda bir aile yeme\u011fi i\u00e7in masaya ekleyebilece\u011finiz y\u00fcksek bir sandalye ve daha b\u00fcy\u00fck bir \u00e7ocuk i\u00e7in daha k\u00fc\u00e7\u00fck bir masa i\u00e7in m\u00fckemmel bir uyum sa\u011flayan al\u00e7ak bir sandalyedir. D\u0130\u011eER SE\u00c7ENEKLER \u00a0","og_url":"https:\/\/www.flns.com.tr\/index.php\/urun\/momi-reki-3-ozellikli-mama-sandalyesi-siyah\/","og_site_name":"FLNS","article_modified_time":"2025-05-02T13:51:49+00:00","og_image":[{"width":1500,"height":1500,"url":"https:\/\/www.flns.com.tr\/wp-content\/uploads\/2025\/03\/reki-2in1-mama-sandalyesi-siyah.jpg","type":"image\/jpeg"}],"twitter_card":"summary_large_image","twitter_misc":{"Tahmini okuma s\u00fcresi":"2 dakika"},"schema":{"@context":"https:\/\/schema.org","@graph":[{"@type":"WebPage","@id":"https:\/\/www.flns.com.tr\/index.php\/urun\/momi-reki-3-ozellikli-mama-sandalyesi-siyah\/","url":"https:\/\/www.flns.com.tr\/index.php\/urun\/momi-reki-3-ozellikli-mama-sandalyesi-siyah\/","name":"MoMi Reki 3 \u00d6zellikli Mama Sandalyesi Siyah - FLNS","isPartOf":{"@id":"https:\/\/www.flns.com.tr\/#website"},"primaryImageOfPage":{"@id":"https:\/\/www.flns.com.tr\/index.php\/urun\/momi-reki-3-ozellikli-mama-sandalyesi-siyah\/#primaryimage"},"image":{"@id":"https:\/\/www.flns.com.tr\/index.php\/urun\/momi-reki-3-ozellikli-mama-sandalyesi-siyah\/#primaryimage"},"thumbnailUrl":"https:\/\/www.flns.com.tr\/wp-content\/uploads\/2025\/03\/reki-2in1-mama-sandalyesi-siyah.jpg","datePublished":"2025-03-25T20:56:44+00:00","dateModified":"2025-05-02T13:51:49+00:00","breadcrumb":{"@id":"https:\/\/www.flns.com.tr\/index.php\/urun\/momi-reki-3-ozellikli-mama-sandalyesi-siyah\/#breadcrumb"},"inLanguage":"tr","potentialAction":[{"@type":"ReadAction","target":["https:\/\/www.flns.com.tr\/index.php\/urun\/momi-reki-3-ozellikli-mama-sandalyesi-siyah\/"]}]},{"@type":"ImageObject","inLanguage":"tr","@id":"https:\/\/www.flns.com.tr\/index.php\/urun\/momi-reki-3-ozellikli-mama-sandalyesi-siyah\/#primaryimage","url":"https:\/\/www.flns.com.tr\/wp-content\/uploads\/2025\/03\/reki-2in1-mama-sandalyesi-siyah.jpg","contentUrl":"https:\/\/www.flns.com.tr\/wp-content\/uploads\/2025\/03\/reki-2in1-mama-sandalyesi-siyah.jpg","width":1500,"height":1500},{"@type":"BreadcrumbList","@id":"https:\/\/www.flns.com.tr\/index.php\/urun\/momi-reki-3-ozellikli-mama-sandalyesi-siyah\/#breadcrumb","itemListElement":[{"@type":"ListItem","position":1,"name":"Anasayfa","item":"https:\/\/www.flns.com.tr\/"},{"@type":"ListItem","position":2,"name":"Ma\u011faza","item":"https:\/\/www.flns.com.tr\/index.php\/shop\/"},{"@type":"ListItem","position":3,"name":"MoMi Reki 3 \u00d6zellikli Mama Sandalyesi Siyah"}]},{"@type":"WebSite","@id":"https:\/\/www.flns.com.tr\/#website","url":"https:\/\/www.flns.com.tr\/","name":"FLNS","description":"FUN LOVE NATURE SPORT","publisher":{"@id":"https:\/\/www.flns.com.tr\/#organization"},"potentialAction":[{"@type":"SearchAction","target":{"@type":"EntryPoint","urlTemplate":"https:\/\/www.flns.com.tr\/?s={search_term_string}"},"query-input":{"@type":"PropertyValueSpecification","valueRequired":true,"valueName":"search_term_string"}}],"inLanguage":"tr"},{"@type":"Organization","@id":"https:\/\/www.flns.com.tr\/#organization","name":"FLNS","url":"https:\/\/www.flns.com.tr\/","logo":{"@type":"ImageObject","inLanguage":"tr","@id":"https:\/\/www.flns.com.tr\/#\/schema\/logo\/image\/","url":"https:\/\/www.flns.com.tr\/wp-content\/uploads\/2025\/03\/FLNS-LOGO.png","contentUrl":"https:\/\/www.flns.com.tr\/wp-content\/uploads\/2025\/03\/FLNS-LOGO.png","width":4500,"height":2892,"caption":"FLNS"},"image":{"@id":"https:\/\/www.flns.com.tr\/#\/schema\/logo\/image\/"},"sameAs":["https:\/\/www.instagram.com\/f.l.n.s"]}]}},"_links":{"self":[{"href":"https:\/\/www.flns.com.tr\/index.php\/wp-json\/wp\/v2\/product\/28040","targetHints":{"allow":["GET"]}}],"collection":[{"href":"https:\/\/www.flns.com.tr\/index.php\/wp-json\/wp\/v2\/product"}],"about":[{"href":"https:\/\/www.flns.com.tr\/index.php\/wp-json\/wp\/v2\/types\/product"}],"replies":[{"embeddable":true,"href":"https:\/\/www.flns.com.tr\/index.php\/wp-json\/wp\/v2\/comments?post=28040"}],"version-history":[{"count":19,"href":"https:\/\/www.flns.com.tr\/index.php\/wp-json\/wp\/v2\/product\/28040\/revisions"}],"predecessor-version":[{"id":31096,"href":"https:\/\/www.flns.com.tr\/index.php\/wp-json\/wp\/v2\/product\/28040\/revisions\/31096"}],"wp:featuredmedia":[{"embeddable":true,"href":"https:\/\/www.flns.com.tr\/index.php\/wp-json\/wp\/v2\/media\/28885"}],"wp:attachment":[{"href":"https:\/\/www.flns.com.tr\/index.php\/wp-json\/wp\/v2\/media?parent=28040"}],"wp:term":[{"taxonomy":"product_brand","embeddable":true,"href":"https:\/\/www.flns.com.tr\/index.php\/wp-json\/wp\/v2\/product_brand?post=28040"},{"taxonomy":"product_cat","embeddable":true,"href":"https:\/\/www.flns.com.tr\/index.php\/wp-json\/wp\/v2\/product_cat?post=28040"},{"taxonomy":"product_tag","embeddable":true,"href":"https:\/\/www.flns.com.tr\/index.php\/wp-json\/wp\/v2\/product_tag?post=28040"}],"curies":[{"name":"wp","href":"https:\/\/api.w.org\/{rel}","templated":true}]}}