{"id":28041,"date":"2025-03-25T23:56:44","date_gmt":"2025-03-25T20:56:44","guid":{"rendered":"https:\/\/www.flns.com.tr\/index.php\/urun\/momi-belove-seyahat-park-yatagi-gri\/"},"modified":"2025-05-02T16:57:59","modified_gmt":"2025-05-02T13:57:59","slug":"momi-belove-seyahat-park-yatagi-gri-koyu-yesil","status":"publish","type":"product","link":"https:\/\/www.flns.com.tr\/index.php\/urun\/momi-belove-seyahat-park-yatagi-gri-koyu-yesil\/","title":{"rendered":"MoMi BELOVE Seyahat Park Yata\u011f\u0131 Gri &#8211; Koyu Ye\u015fil"},"content":{"rendered":"\t\t<div data-elementor-type=\"wp-post\" data-elementor-id=\"28041\" class=\"elementor elementor-28041\">\n\t\t\t\t<div class=\"wd-negative-gap elementor-element elementor-element-67e6018 e-flex e-con-boxed e-con e-parent\" data-id=\"67e6018\" data-element_type=\"container\">\n\t\t\t\t\t<div class=\"e-con-inner\">\n\t\t<div class=\"elementor-element elementor-element-e364f42 e-con-full e-flex e-con e-child\" data-id=\"e364f42\" data-element_type=\"container\">\n\t\t\t\t<div class=\"elementor-element elementor-element-2ee25bd elementor-widget elementor-widget-wd_text_block\" data-id=\"2ee25bd\" data-element_type=\"widget\" data-widget_type=\"wd_text_block.default\">\n\t\t\t\t<div class=\"elementor-widget-container\">\n\t\t\t\t\t\t\t<div class=\"wd-text-block reset-last-child text-left\">\n\t\t\t\n\t\t\t<p><strong>\u00dcR\u00dcN \u00d6ZELL\u0130KLER\u0130<\/strong><\/p><ul><li>Katlanmas\u0131 ve a\u00e7\u0131lmas\u0131 kolayd\u0131r<\/li><li>\u0130stenmeyen katlanmay\u0131 \u00f6nleyen bir mekanizmas\u0131 vard\u0131r<\/li><li>Hafiftir<\/li><li>Katland\u0131ktan sonraki boyutu: 21 cm x 23 cm x 80 cm<\/li><li>Paket, ta\u015f\u0131maya yard\u0131mc\u0131 olacak bir \u00e7anta i\u00e7erir<\/li><li>Yanlar\u0131, yata\u011f\u0131n havaland\u0131r\u0131lmas\u0131n\u0131 sa\u011flayan bir a\u011f ile yap\u0131lm\u0131\u015ft\u0131r<\/li><li>Be\u015fi\u011fin yan taraf\u0131nda daha b\u00fcy\u00fck \u00e7ocuklar\u0131n d\u0131\u015far\u0131 \u00e7\u0131kmas\u0131na olanak tan\u0131yan fermuarl\u0131 bir kap\u0131 vard\u0131r<\/li><li>Be\u015fi\u011fi kolayca hareket ettirmeyi sa\u011flayan 2 tekerle\u011fi vard\u0131r<\/li><li>Oyun park\u0131 olarak da kullan\u0131labilir<\/li><li>K\u00f6\u015feler, be\u015fi\u011fin keskin kenarlar\u0131n\u0131 gizleyen plastik kapaklarla g\u00fc\u00e7lendirilmi\u015ftir.<\/li><li>1 g\u00fcnl\u00fckten 36 aya kadar olan \u00e7ocuklar i\u00e7in tasarlanm\u0131\u015ft\u0131r<\/li><li>15 kg'a kadar<\/li><li>Paket, 1,2 cm kal\u0131nl\u0131\u011f\u0131nda bir \u015filte i\u00e7erir<\/li><li>Ba\u011f\u0131ms\u0131z bir sertifikasyon laboratuvar\u0131 olan SGS'de testleri ba\u015far\u0131yla ge\u00e7mi\u015ftir<\/li><li>Avrupa Birli\u011fi g\u00fcvenlik standartlar\u0131na uygundur<\/li><\/ul><p><strong>\u00dcR\u00dcN A\u011eIRLI\u011eI:<\/strong> 8,1 kg<\/p><p><strong>BOYUTLAR:<\/strong> 125 cm x 65 cm x 80 cm<\/p><p><strong>KATLANDIKTAN SONRA BOYUTLAR:<\/strong> 21,5 cm x 23,5 cm x 80,5 cm<\/p><p><strong>STANDARTLAR:<\/strong> EN 716-1, EN 716-2<\/p><p><strong>PAKET BOYUTLARI:<\/strong> 80,5 cm x 21 cm x 22,5 cm<\/p><p><strong>MALZEMELER:<\/strong> Polyester, Al\u00fcminyum, Plastik<\/p><p><strong>\u00dcRET\u0130C\u0130 GARANT\u0130S\u0130:<\/strong> 24 ay<\/p>\n\t\t\t\t\t<\/div>\n\t\t\t\t\t\t<\/div>\n\t\t\t\t<\/div>\n\t\t\t\t<\/div>\n\t\t<div class=\"elementor-element elementor-element-dfcef8b e-con-full e-flex e-con e-child\" data-id=\"dfcef8b\" data-element_type=\"container\">\n\t\t\t\t<div class=\"elementor-element elementor-element-819989b elementor-widget elementor-widget-wd_image_or_svg\" data-id=\"819989b\" data-element_type=\"widget\" data-widget_type=\"wd_image_or_svg.default\">\n\t\t\t\t<div class=\"elementor-widget-container\">\n\t\t\t\t\t\n\t\t<div class=\"wd-image text-center\">\n\t\t\t\t\t\t\t\t<img fetchpriority=\"high\" decoding=\"async\" width=\"512\" height=\"768\" src=\"https:\/\/www.flns.com.tr\/wp-content\/uploads\/2025\/03\/belove-life-style-512x768-1.jpg\" class=\"attachment-full size-full\" alt=\"\" srcset=\"https:\/\/www.flns.com.tr\/wp-content\/uploads\/2025\/03\/belove-life-style-512x768-1.jpg 512w, https:\/\/www.flns.com.tr\/wp-content\/uploads\/2025\/03\/belove-life-style-512x768-1-200x300.jpg 200w, https:\/\/www.flns.com.tr\/wp-content\/uploads\/2025\/03\/belove-life-style-512x768-1-430x645.jpg 430w, https:\/\/www.flns.com.tr\/wp-content\/uploads\/2025\/03\/belove-life-style-512x768-1-150x225.jpg 150w\" sizes=\"(max-width: 512px) 100vw, 512px\" \/>\t\t\t\t\t<\/div>\n\n\t\t\t\t\t\t<\/div>\n\t\t\t\t<\/div>\n\t\t\t\t<\/div>\n\t\t\t\t\t<\/div>\n\t\t\t\t<\/div>\n\t\t<div class=\"wd-negative-gap elementor-element elementor-element-e32b284 e-flex e-con-boxed e-con e-parent\" data-id=\"e32b284\" data-element_type=\"container\">\n\t\t\t\t\t<div class=\"e-con-inner\">\n\t\t\t\t<div class=\"elementor-element elementor-element-86e9d3b elementor-widget elementor-widget-spacer\" data-id=\"86e9d3b\" data-element_type=\"widget\" data-widget_type=\"spacer.default\">\n\t\t\t\t<div class=\"elementor-widget-container\">\n\t\t\t\t\t\t\t<div class=\"elementor-spacer\">\n\t\t\t<div class=\"elementor-spacer-inner\"><\/div>\n\t\t<\/div>\n\t\t\t\t\t\t<\/div>\n\t\t\t\t<\/div>\n\t\t\t\t<div class=\"elementor-element elementor-element-3214cb8 elementor-widget elementor-widget-wd_text_block\" data-id=\"3214cb8\" data-element_type=\"widget\" data-widget_type=\"wd_text_block.default\">\n\t\t\t\t<div class=\"elementor-widget-container\">\n\t\t\t\t\t\t\t<div class=\"wd-text-block reset-last-child text-left\">\n\t\t\t\n\t\t\t<p>MoMi BELOVE Seyahat Park Yata\u011f\u0131 neden benzersizdir?<\/p><p>Bir \u00e7ocukla seyahat etmek ger\u00e7ek bir meydan okumad\u0131r! \u00c7ocu\u011funuzun rahat olmas\u0131n\u0131 istersiniz. Herhangi bir seyahatte geceler \u00f6zellikle \u00f6nemlidir, \u00e7\u00fcnk\u00fc \u00e7ocu\u011fun o zaman g\u00fcvenli\u011fe ve rahatl\u0131\u011fa ihtiyac\u0131 vard\u0131r. MoMi BELOVE seyahat yata\u011f\u0131, ev d\u0131\u015f\u0131nda ge\u00e7irilen her gece i\u00e7in harika olacakt\u0131r.<\/p><p>Hafiftir, katlanmas\u0131 kolayd\u0131r ve kullan\u0131\u015fl\u0131 bir seyahat \u00e7antas\u0131yla birlikte gelir.<\/p><p>MoMi BELOVE yata\u011f\u0131 ayn\u0131 zamanda bir oyun park\u0131 olabilir ve bu da onu g\u00fcnl\u00fck kullan\u0131m i\u00e7in m\u00fckemmel hale getirir.<\/p><p>Sa\u011fl\u0131kl\u0131 ve rahat uyku her birimiz i\u00e7in, \u00f6zellikle de en k\u00fc\u00e7\u00fcklerimiz i\u00e7in \u00e7ok \u00f6nemlidir! MoMi BELOVE karyolas\u0131, \u00e7ocu\u011funuza nerede ihtiya\u00e7 duyarsan\u0131z onu sa\u011flayacakt\u0131r!<\/p>\n\t\t\t\t\t<\/div>\n\t\t\t\t\t\t<\/div>\n\t\t\t\t<\/div>\n\t\t\t\t<div class=\"elementor-element elementor-element-9a97d6a elementor-widget elementor-widget-spacer\" data-id=\"9a97d6a\" data-element_type=\"widget\" data-widget_type=\"spacer.default\">\n\t\t\t\t<div class=\"elementor-widget-container\">\n\t\t\t\t\t\t\t<div class=\"elementor-spacer\">\n\t\t\t<div class=\"elementor-spacer-inner\"><\/div>\n\t\t<\/div>\n\t\t\t\t\t\t<\/div>\n\t\t\t\t<\/div>\n\t\t\t\t<div class=\"elementor-element elementor-element-5435323 elementor-widget elementor-widget-wd_image_or_svg\" data-id=\"5435323\" data-element_type=\"widget\" data-widget_type=\"wd_image_or_svg.default\">\n\t\t\t\t<div class=\"elementor-widget-container\">\n\t\t\t\t\t\n\t\t<div class=\"wd-image text-center\">\n\t\t\t\t\t\t\t\t<img decoding=\"async\" width=\"768\" height=\"512\" src=\"https:\/\/www.flns.com.tr\/wp-content\/uploads\/2025\/03\/belove-life-style-768x512-1.jpg\" class=\"attachment-full size-full\" alt=\"\" srcset=\"https:\/\/www.flns.com.tr\/wp-content\/uploads\/2025\/03\/belove-life-style-768x512-1.jpg 768w, https:\/\/www.flns.com.tr\/wp-content\/uploads\/2025\/03\/belove-life-style-768x512-1-400x267.jpg 400w, https:\/\/www.flns.com.tr\/wp-content\/uploads\/2025\/03\/belove-life-style-768x512-1-430x287.jpg 430w, https:\/\/www.flns.com.tr\/wp-content\/uploads\/2025\/03\/belove-life-style-768x512-1-700x467.jpg 700w, https:\/\/www.flns.com.tr\/wp-content\/uploads\/2025\/03\/belove-life-style-768x512-1-150x100.jpg 150w\" sizes=\"(max-width: 768px) 100vw, 768px\" \/>\t\t\t\t\t<\/div>\n\n\t\t\t\t\t\t<\/div>\n\t\t\t\t<\/div>\n\t\t\t\t\t<\/div>\n\t\t\t\t<\/div>\n\t\t\t\t<\/div>\n\t\t","protected":false},"excerpt":{"rendered":"<p>MoMi BELOVE, hafif ve pratik bir seyahat yata\u011f\u0131 ve oyun park\u0131d\u0131r. H\u0131zl\u0131 katlama sistemine ve kendi kendine katlanmay\u0131 \u00f6nleyen koruyucu bir sisteme sahiptir. Kolay ta\u015f\u0131mave kirlenmesini \u00f6nlemek i\u00e7in \u00f6zel ta\u015f\u0131ma \u00e7antas\u0131 ile birlikte gelir.<\/p>\n<p style=\"text-align: center;\"><strong>D\u0130\u011eER SE\u00c7ENEKLER<\/strong><\/p>\n<p style=\"text-align: center;\"><a href=\"\/index.php\/urun\/momi-kenani-dlx-otomatik-ana-kucagi-acik-gri\/\">\u00a0<\/a> <a href=\"\/index.php\/urun\/momi-belove-seyahat-park-yatagi-gri-acik-yesil\/\"><img decoding=\"async\" class=\"alignnone wp-image-28365 size-thumbnail\" src=\"https:\/\/www.flns.com.tr\/wp-content\/themes\/woodmart\/images\/lazy.svg\" data-src=\"https:\/\/www.flns.com.tr\/wp-content\/uploads\/2025\/03\/belove-seyahat-park-yatak-yesil-150x150.jpg\" alt=\"\" width=\"150\" height=\"150\" srcset=\"\" data-srcset=\"https:\/\/www.flns.com.tr\/wp-content\/uploads\/2025\/03\/belove-seyahat-park-yatak-yesil-150x150.jpg 150w, https:\/\/www.flns.com.tr\/wp-content\/uploads\/2025\/03\/belove-seyahat-park-yatak-yesil-300x300.jpg 300w, https:\/\/www.flns.com.tr\/wp-content\/uploads\/2025\/03\/belove-seyahat-park-yatak-yesil-800x800.jpg 800w, https:\/\/www.flns.com.tr\/wp-content\/uploads\/2025\/03\/belove-seyahat-park-yatak-yesil-768x768.jpg 768w, https:\/\/www.flns.com.tr\/wp-content\/uploads\/2025\/03\/belove-seyahat-park-yatak-yesil-430x430.jpg 430w, https:\/\/www.flns.com.tr\/wp-content\/uploads\/2025\/03\/belove-seyahat-park-yatak-yesil-700x700.jpg 700w, https:\/\/www.flns.com.tr\/wp-content\/uploads\/2025\/03\/belove-seyahat-park-yatak-yesil.jpg 1500w\" sizes=\"(max-width: 150px) 100vw, 150px\" \/><\/a><\/p>\n","protected":false},"featured_media":28351,"comment_status":"open","ping_status":"closed","template":"","meta":[],"product_brand":[225],"product_cat":[213],"product_tag":[],"class_list":{"0":"post-28041","1":"product","2":"type-product","3":"status-publish","4":"has-post-thumbnail","6":"product_brand-momi","7":"product_cat-park_yataklar","9":"first","10":"instock","11":"taxable","12":"shipping-taxable","13":"purchasable","14":"product-type-simple"},"yoast_head":"<!-- This site is optimized with the Yoast SEO plugin v25.1 - https:\/\/yoast.com\/wordpress\/plugins\/seo\/ -->\n<title>MoMi BELOVE Seyahat Park Yata\u011f\u0131 Gri - Koyu Ye\u015fil - FLNS<\/title>\n<meta name=\"robots\" content=\"index, follow, max-snippet:-1, max-image-preview:large, max-video-preview:-1\" \/>\n<link rel=\"canonical\" href=\"https:\/\/www.flns.com.tr\/index.php\/urun\/momi-belove-seyahat-park-yatagi-gri-koyu-yesil\/\" \/>\n<meta property=\"og:locale\" content=\"tr_TR\" \/>\n<meta property=\"og:type\" content=\"article\" \/>\n<meta property=\"og:title\" content=\"MoMi BELOVE Seyahat Park Yata\u011f\u0131 Gri - Koyu Ye\u015fil - FLNS\" \/>\n<meta property=\"og:description\" content=\"MoMi BELOVE, hafif ve pratik bir seyahat yata\u011f\u0131 ve oyun park\u0131d\u0131r. H\u0131zl\u0131 katlama sistemine ve kendi kendine katlanmay\u0131 \u00f6nleyen koruyucu bir sisteme sahiptir. Kolay ta\u015f\u0131mave kirlenmesini \u00f6nlemek i\u00e7in \u00f6zel ta\u015f\u0131ma \u00e7antas\u0131 ile birlikte gelir. D\u0130\u011eER SE\u00c7ENEKLER \u00a0\" \/>\n<meta property=\"og:url\" content=\"https:\/\/www.flns.com.tr\/index.php\/urun\/momi-belove-seyahat-park-yatagi-gri-koyu-yesil\/\" \/>\n<meta property=\"og:site_name\" content=\"FLNS\" \/>\n<meta property=\"article:modified_time\" content=\"2025-05-02T13:57:59+00:00\" \/>\n<meta property=\"og:image\" content=\"https:\/\/www.flns.com.tr\/wp-content\/uploads\/2025\/03\/belove-seyahat-park-yatak-gri.jpg\" \/>\n\t<meta property=\"og:image:width\" content=\"1500\" \/>\n\t<meta property=\"og:image:height\" content=\"1500\" \/>\n\t<meta property=\"og:image:type\" content=\"image\/jpeg\" \/>\n<meta name=\"twitter:card\" content=\"summary_large_image\" \/>\n<meta name=\"twitter:label1\" content=\"Tahmini okuma s\u00fcresi\" \/>\n\t<meta name=\"twitter:data1\" content=\"2 dakika\" \/>\n<script type=\"application\/ld+json\" class=\"yoast-schema-graph\">{\"@context\":\"https:\/\/schema.org\",\"@graph\":[{\"@type\":\"WebPage\",\"@id\":\"https:\/\/www.flns.com.tr\/index.php\/urun\/momi-belove-seyahat-park-yatagi-gri-koyu-yesil\/\",\"url\":\"https:\/\/www.flns.com.tr\/index.php\/urun\/momi-belove-seyahat-park-yatagi-gri-koyu-yesil\/\",\"name\":\"MoMi BELOVE Seyahat Park Yata\u011f\u0131 Gri - Koyu Ye\u015fil - FLNS\",\"isPartOf\":{\"@id\":\"https:\/\/www.flns.com.tr\/#website\"},\"primaryImageOfPage\":{\"@id\":\"https:\/\/www.flns.com.tr\/index.php\/urun\/momi-belove-seyahat-park-yatagi-gri-koyu-yesil\/#primaryimage\"},\"image\":{\"@id\":\"https:\/\/www.flns.com.tr\/index.php\/urun\/momi-belove-seyahat-park-yatagi-gri-koyu-yesil\/#primaryimage\"},\"thumbnailUrl\":\"https:\/\/www.flns.com.tr\/wp-content\/uploads\/2025\/03\/belove-seyahat-park-yatak-gri.jpg\",\"datePublished\":\"2025-03-25T20:56:44+00:00\",\"dateModified\":\"2025-05-02T13:57:59+00:00\",\"breadcrumb\":{\"@id\":\"https:\/\/www.flns.com.tr\/index.php\/urun\/momi-belove-seyahat-park-yatagi-gri-koyu-yesil\/#breadcrumb\"},\"inLanguage\":\"tr\",\"potentialAction\":[{\"@type\":\"ReadAction\",\"target\":[\"https:\/\/www.flns.com.tr\/index.php\/urun\/momi-belove-seyahat-park-yatagi-gri-koyu-yesil\/\"]}]},{\"@type\":\"ImageObject\",\"inLanguage\":\"tr\",\"@id\":\"https:\/\/www.flns.com.tr\/index.php\/urun\/momi-belove-seyahat-park-yatagi-gri-koyu-yesil\/#primaryimage\",\"url\":\"https:\/\/www.flns.com.tr\/wp-content\/uploads\/2025\/03\/belove-seyahat-park-yatak-gri.jpg\",\"contentUrl\":\"https:\/\/www.flns.com.tr\/wp-content\/uploads\/2025\/03\/belove-seyahat-park-yatak-gri.jpg\",\"width\":1500,\"height\":1500},{\"@type\":\"BreadcrumbList\",\"@id\":\"https:\/\/www.flns.com.tr\/index.php\/urun\/momi-belove-seyahat-park-yatagi-gri-koyu-yesil\/#breadcrumb\",\"itemListElement\":[{\"@type\":\"ListItem\",\"position\":1,\"name\":\"Anasayfa\",\"item\":\"https:\/\/www.flns.com.tr\/\"},{\"@type\":\"ListItem\",\"position\":2,\"name\":\"Ma\u011faza\",\"item\":\"https:\/\/www.flns.com.tr\/index.php\/shop\/\"},{\"@type\":\"ListItem\",\"position\":3,\"name\":\"MoMi BELOVE Seyahat Park Yata\u011f\u0131 Gri &#8211; Koyu Ye\u015fil\"}]},{\"@type\":\"WebSite\",\"@id\":\"https:\/\/www.flns.com.tr\/#website\",\"url\":\"https:\/\/www.flns.com.tr\/\",\"name\":\"FLNS\",\"description\":\"FUN LOVE NATURE SPORT\",\"publisher\":{\"@id\":\"https:\/\/www.flns.com.tr\/#organization\"},\"potentialAction\":[{\"@type\":\"SearchAction\",\"target\":{\"@type\":\"EntryPoint\",\"urlTemplate\":\"https:\/\/www.flns.com.tr\/?s={search_term_string}\"},\"query-input\":{\"@type\":\"PropertyValueSpecification\",\"valueRequired\":true,\"valueName\":\"search_term_string\"}}],\"inLanguage\":\"tr\"},{\"@type\":\"Organization\",\"@id\":\"https:\/\/www.flns.com.tr\/#organization\",\"name\":\"FLNS\",\"url\":\"https:\/\/www.flns.com.tr\/\",\"logo\":{\"@type\":\"ImageObject\",\"inLanguage\":\"tr\",\"@id\":\"https:\/\/www.flns.com.tr\/#\/schema\/logo\/image\/\",\"url\":\"https:\/\/www.flns.com.tr\/wp-content\/uploads\/2025\/03\/FLNS-LOGO.png\",\"contentUrl\":\"https:\/\/www.flns.com.tr\/wp-content\/uploads\/2025\/03\/FLNS-LOGO.png\",\"width\":4500,\"height\":2892,\"caption\":\"FLNS\"},\"image\":{\"@id\":\"https:\/\/www.flns.com.tr\/#\/schema\/logo\/image\/\"},\"sameAs\":[\"https:\/\/www.instagram.com\/f.l.n.s\"]}]}<\/script>\n<!-- \/ Yoast SEO plugin. -->","yoast_head_json":{"title":"MoMi BELOVE Seyahat Park Yata\u011f\u0131 Gri - Koyu Ye\u015fil - FLNS","robots":{"index":"index","follow":"follow","max-snippet":"max-snippet:-1","max-image-preview":"max-image-preview:large","max-video-preview":"max-video-preview:-1"},"canonical":"https:\/\/www.flns.com.tr\/index.php\/urun\/momi-belove-seyahat-park-yatagi-gri-koyu-yesil\/","og_locale":"tr_TR","og_type":"article","og_title":"MoMi BELOVE Seyahat Park Yata\u011f\u0131 Gri - Koyu Ye\u015fil - FLNS","og_description":"MoMi BELOVE, hafif ve pratik bir seyahat yata\u011f\u0131 ve oyun park\u0131d\u0131r. H\u0131zl\u0131 katlama sistemine ve kendi kendine katlanmay\u0131 \u00f6nleyen koruyucu bir sisteme sahiptir. Kolay ta\u015f\u0131mave kirlenmesini \u00f6nlemek i\u00e7in \u00f6zel ta\u015f\u0131ma \u00e7antas\u0131 ile birlikte gelir. D\u0130\u011eER SE\u00c7ENEKLER \u00a0","og_url":"https:\/\/www.flns.com.tr\/index.php\/urun\/momi-belove-seyahat-park-yatagi-gri-koyu-yesil\/","og_site_name":"FLNS","article_modified_time":"2025-05-02T13:57:59+00:00","og_image":[{"width":1500,"height":1500,"url":"https:\/\/www.flns.com.tr\/wp-content\/uploads\/2025\/03\/belove-seyahat-park-yatak-gri.jpg","type":"image\/jpeg"}],"twitter_card":"summary_large_image","twitter_misc":{"Tahmini okuma s\u00fcresi":"2 dakika"},"schema":{"@context":"https:\/\/schema.org","@graph":[{"@type":"WebPage","@id":"https:\/\/www.flns.com.tr\/index.php\/urun\/momi-belove-seyahat-park-yatagi-gri-koyu-yesil\/","url":"https:\/\/www.flns.com.tr\/index.php\/urun\/momi-belove-seyahat-park-yatagi-gri-koyu-yesil\/","name":"MoMi BELOVE Seyahat Park Yata\u011f\u0131 Gri - Koyu Ye\u015fil - FLNS","isPartOf":{"@id":"https:\/\/www.flns.com.tr\/#website"},"primaryImageOfPage":{"@id":"https:\/\/www.flns.com.tr\/index.php\/urun\/momi-belove-seyahat-park-yatagi-gri-koyu-yesil\/#primaryimage"},"image":{"@id":"https:\/\/www.flns.com.tr\/index.php\/urun\/momi-belove-seyahat-park-yatagi-gri-koyu-yesil\/#primaryimage"},"thumbnailUrl":"https:\/\/www.flns.com.tr\/wp-content\/uploads\/2025\/03\/belove-seyahat-park-yatak-gri.jpg","datePublished":"2025-03-25T20:56:44+00:00","dateModified":"2025-05-02T13:57:59+00:00","breadcrumb":{"@id":"https:\/\/www.flns.com.tr\/index.php\/urun\/momi-belove-seyahat-park-yatagi-gri-koyu-yesil\/#breadcrumb"},"inLanguage":"tr","potentialAction":[{"@type":"ReadAction","target":["https:\/\/www.flns.com.tr\/index.php\/urun\/momi-belove-seyahat-park-yatagi-gri-koyu-yesil\/"]}]},{"@type":"ImageObject","inLanguage":"tr","@id":"https:\/\/www.flns.com.tr\/index.php\/urun\/momi-belove-seyahat-park-yatagi-gri-koyu-yesil\/#primaryimage","url":"https:\/\/www.flns.com.tr\/wp-content\/uploads\/2025\/03\/belove-seyahat-park-yatak-gri.jpg","contentUrl":"https:\/\/www.flns.com.tr\/wp-content\/uploads\/2025\/03\/belove-seyahat-park-yatak-gri.jpg","width":1500,"height":1500},{"@type":"BreadcrumbList","@id":"https:\/\/www.flns.com.tr\/index.php\/urun\/momi-belove-seyahat-park-yatagi-gri-koyu-yesil\/#breadcrumb","itemListElement":[{"@type":"ListItem","position":1,"name":"Anasayfa","item":"https:\/\/www.flns.com.tr\/"},{"@type":"ListItem","position":2,"name":"Ma\u011faza","item":"https:\/\/www.flns.com.tr\/index.php\/shop\/"},{"@type":"ListItem","position":3,"name":"MoMi BELOVE Seyahat Park Yata\u011f\u0131 Gri &#8211; Koyu Ye\u015fil"}]},{"@type":"WebSite","@id":"https:\/\/www.flns.com.tr\/#website","url":"https:\/\/www.flns.com.tr\/","name":"FLNS","description":"FUN LOVE NATURE SPORT","publisher":{"@id":"https:\/\/www.flns.com.tr\/#organization"},"potentialAction":[{"@type":"SearchAction","target":{"@type":"EntryPoint","urlTemplate":"https:\/\/www.flns.com.tr\/?s={search_term_string}"},"query-input":{"@type":"PropertyValueSpecification","valueRequired":true,"valueName":"search_term_string"}}],"inLanguage":"tr"},{"@type":"Organization","@id":"https:\/\/www.flns.com.tr\/#organization","name":"FLNS","url":"https:\/\/www.flns.com.tr\/","logo":{"@type":"ImageObject","inLanguage":"tr","@id":"https:\/\/www.flns.com.tr\/#\/schema\/logo\/image\/","url":"https:\/\/www.flns.com.tr\/wp-content\/uploads\/2025\/03\/FLNS-LOGO.png","contentUrl":"https:\/\/www.flns.com.tr\/wp-content\/uploads\/2025\/03\/FLNS-LOGO.png","width":4500,"height":2892,"caption":"FLNS"},"image":{"@id":"https:\/\/www.flns.com.tr\/#\/schema\/logo\/image\/"},"sameAs":["https:\/\/www.instagram.com\/f.l.n.s"]}]}},"_links":{"self":[{"href":"https:\/\/www.flns.com.tr\/index.php\/wp-json\/wp\/v2\/product\/28041","targetHints":{"allow":["GET"]}}],"collection":[{"href":"https:\/\/www.flns.com.tr\/index.php\/wp-json\/wp\/v2\/product"}],"about":[{"href":"https:\/\/www.flns.com.tr\/index.php\/wp-json\/wp\/v2\/types\/product"}],"replies":[{"embeddable":true,"href":"https:\/\/www.flns.com.tr\/index.php\/wp-json\/wp\/v2\/comments?post=28041"}],"version-history":[{"count":25,"href":"https:\/\/www.flns.com.tr\/index.php\/wp-json\/wp\/v2\/product\/28041\/revisions"}],"predecessor-version":[{"id":31162,"href":"https:\/\/www.flns.com.tr\/index.php\/wp-json\/wp\/v2\/product\/28041\/revisions\/31162"}],"wp:featuredmedia":[{"embeddable":true,"href":"https:\/\/www.flns.com.tr\/index.php\/wp-json\/wp\/v2\/media\/28351"}],"wp:attachment":[{"href":"https:\/\/www.flns.com.tr\/index.php\/wp-json\/wp\/v2\/media?parent=28041"}],"wp:term":[{"taxonomy":"product_brand","embeddable":true,"href":"https:\/\/www.flns.com.tr\/index.php\/wp-json\/wp\/v2\/product_brand?post=28041"},{"taxonomy":"product_cat","embeddable":true,"href":"https:\/\/www.flns.com.tr\/index.php\/wp-json\/wp\/v2\/product_cat?post=28041"},{"taxonomy":"product_tag","embeddable":true,"href":"https:\/\/www.flns.com.tr\/index.php\/wp-json\/wp\/v2\/product_tag?post=28041"}],"curies":[{"name":"wp","href":"https:\/\/api.w.org\/{rel}","templated":true}]}}