{"id":28043,"date":"2025-03-25T23:56:45","date_gmt":"2025-03-25T20:56:45","guid":{"rendered":"https:\/\/www.flns.com.tr\/index.php\/urun\/momi-belove-plus-seyahat-park-yatagi-koyu-yesil\/"},"modified":"2025-05-02T16:53:22","modified_gmt":"2025-05-02T13:53:22","slug":"momi-belove-plus-seyahat-park-yatagi-koyu-yesil","status":"publish","type":"product","link":"https:\/\/www.flns.com.tr\/index.php\/urun\/momi-belove-plus-seyahat-park-yatagi-koyu-yesil\/","title":{"rendered":"MoMi BELOVE PLUS Seyahat Park Yata\u011f\u0131 Koyu Ye\u015fil"},"content":{"rendered":"\t\t<div data-elementor-type=\"wp-post\" data-elementor-id=\"28043\" class=\"elementor elementor-28043\">\n\t\t\t\t<div class=\"wd-negative-gap elementor-element elementor-element-ce7191e e-flex e-con-boxed e-con e-parent\" data-id=\"ce7191e\" data-element_type=\"container\">\n\t\t\t\t\t<div class=\"e-con-inner\">\n\t\t<div class=\"elementor-element elementor-element-13006b7 e-con-full e-flex e-con e-child\" data-id=\"13006b7\" data-element_type=\"container\">\n\t\t\t\t<div class=\"elementor-element elementor-element-fa3a776 elementor-widget elementor-widget-wd_text_block\" data-id=\"fa3a776\" data-element_type=\"widget\" data-widget_type=\"wd_text_block.default\">\n\t\t\t\t<div class=\"elementor-widget-container\">\n\t\t\t\t\t\t\t<div class=\"wd-text-block reset-last-child text-left\">\n\t\t\t\n\t\t\t<p><strong>\u00dcR\u00dcN \u00d6ZELL\u0130KLER\u0130<\/strong><\/p><ul><li>Kolay ve h\u0131zl\u0131 katlama<\/li><li>2 uyku seviyesi; \u00fcst 9 kg'a kadar, alt 15 kg'a kadar<\/li><li>Fermuarla a\u00e7\u0131labilir yan giri\u015f<\/li><li>\u0130ki tekerlek<\/li><li>Kazara katlanmay\u0131 \u00f6nlemek i\u00e7in bir g\u00fcvenlik sistemi<\/li><li>\u015eilte, oyuncak bar\u0131 ve alt de\u011fi\u015ftirme masas\u0131 ve ta\u015f\u0131ma \u00e7antas\u0131 ile beraber gelir.<\/li><li>0+'dan itibaren<\/li><li>Avrupa Birli\u011fi g\u00fcvenlik standartlar\u0131na uygundur<\/li><\/ul><p><strong>\u00dcR\u00dcN A\u011eIRLI\u011eI:<\/strong> 10,5kg<\/p><p><strong>BOYUTLAR:<\/strong> 71 cm x 125 cm x 78,5 cm<\/p><p><strong>STANDARTLAR:<\/strong> EN 71-1, EN 71-2, EN 71-3EN 16890, EN 716-1, EN 716-2, 12227:2010 EN71-1,\u00a0\u00a0\u00a0\u00a0\u00a0\u00a0\u00a0\u00a0\u00a0 EN71-2, EN71-3<\/p><p><strong>PAKET \u00d6L\u00c7\u00dcLER\u0130:<\/strong> 79 cm x 23 cm x 22 cm<\/p><p><strong>MALZEMELER:<\/strong> PP, PE, \u00c7elik<\/p><p><strong>\u00dcRET\u0130C\u0130 GARANT\u0130S\u0130:<\/strong> 24 ay<\/p>\n\t\t\t\t\t<\/div>\n\t\t\t\t\t\t<\/div>\n\t\t\t\t<\/div>\n\t\t\t\t<\/div>\n\t\t<div class=\"elementor-element elementor-element-685f356 e-con-full e-flex e-con e-child\" data-id=\"685f356\" data-element_type=\"container\">\n\t\t\t\t<div class=\"elementor-element elementor-element-2978d2c elementor-widget elementor-widget-wd_image_or_svg\" data-id=\"2978d2c\" data-element_type=\"widget\" data-widget_type=\"wd_image_or_svg.default\">\n\t\t\t\t<div class=\"elementor-widget-container\">\n\t\t\t\t\t\n\t\t<div class=\"wd-image text-center\">\n\t\t\t\t\t\t\t\t<img fetchpriority=\"high\" decoding=\"async\" width=\"512\" height=\"768\" src=\"https:\/\/www.flns.com.tr\/wp-content\/uploads\/2025\/03\/belove-plus-life-style-512x768-1.jpg\" class=\"attachment-full size-full\" alt=\"\" srcset=\"https:\/\/www.flns.com.tr\/wp-content\/uploads\/2025\/03\/belove-plus-life-style-512x768-1.jpg 512w, https:\/\/www.flns.com.tr\/wp-content\/uploads\/2025\/03\/belove-plus-life-style-512x768-1-200x300.jpg 200w, https:\/\/www.flns.com.tr\/wp-content\/uploads\/2025\/03\/belove-plus-life-style-512x768-1-430x645.jpg 430w, https:\/\/www.flns.com.tr\/wp-content\/uploads\/2025\/03\/belove-plus-life-style-512x768-1-150x225.jpg 150w\" sizes=\"(max-width: 512px) 100vw, 512px\" \/>\t\t\t\t\t<\/div>\n\n\t\t\t\t\t\t<\/div>\n\t\t\t\t<\/div>\n\t\t\t\t<\/div>\n\t\t\t\t\t<\/div>\n\t\t\t\t<\/div>\n\t\t<div class=\"wd-negative-gap elementor-element elementor-element-94095ba e-flex e-con-boxed e-con e-parent\" data-id=\"94095ba\" data-element_type=\"container\">\n\t\t\t\t\t<div class=\"e-con-inner\">\n\t\t\t\t<div class=\"elementor-element elementor-element-03816c8 elementor-widget elementor-widget-spacer\" data-id=\"03816c8\" data-element_type=\"widget\" data-widget_type=\"spacer.default\">\n\t\t\t\t<div class=\"elementor-widget-container\">\n\t\t\t\t\t\t\t<div class=\"elementor-spacer\">\n\t\t\t<div class=\"elementor-spacer-inner\"><\/div>\n\t\t<\/div>\n\t\t\t\t\t\t<\/div>\n\t\t\t\t<\/div>\n\t\t\t\t<div class=\"elementor-element elementor-element-bc0d5d6 elementor-widget elementor-widget-wd_text_block\" data-id=\"bc0d5d6\" data-element_type=\"widget\" data-widget_type=\"wd_text_block.default\">\n\t\t\t\t<div class=\"elementor-widget-container\">\n\t\t\t\t\t\t\t<div class=\"wd-text-block reset-last-child text-left\">\n\t\t\t\n\t\t\t<ul><li>\u00d6zel bir mekanizma ile MoMi BELOVE PLUS seyahat yata\u011f\u0131m\u0131z yerinde kolayca ve h\u0131zl\u0131 bir \u015fekilde a\u00e7\u0131labilir.<\/li><li>Katlanm\u0131\u015f be\u015fik, beraber gelen ta\u015f\u0131ma \u00e7antas\u0131 ile kolayca ta\u015f\u0131nabilir.<\/li><li>BELOVE PLUS yata\u011f\u0131 iki uyku seviyesi sunar: 9 kg'a kadar bebekler i\u00e7in \u00fcst seviye ve 15 kg'a kadar y\u00fcr\u00fcmeye ba\u015flayan \u00e7ocuklar i\u00e7in alt seviye.<\/li><li>\u0130ki tekerlek, be\u015fi\u011fi odadaki herhangi bir yere sorunsuz bir \u015fekilde ta\u015f\u0131man\u0131z\u0131 sa\u011flar.<\/li><li>Bebe\u011finiz i\u00e7in ekstra e\u011flence i\u00e7in fermuarl\u0131 yan giri\u015f.<\/li><li>Be\u015fik, bir \u015filte, oyuncak bar\u0131 ve alt de\u011fi\u015ftirme masas\u0131 ile birlikte gelir.<\/li><\/ul>\n\t\t\t\t\t<\/div>\n\t\t\t\t\t\t<\/div>\n\t\t\t\t<\/div>\n\t\t\t\t<div class=\"elementor-element elementor-element-62b71f0 elementor-widget elementor-widget-spacer\" data-id=\"62b71f0\" data-element_type=\"widget\" data-widget_type=\"spacer.default\">\n\t\t\t\t<div class=\"elementor-widget-container\">\n\t\t\t\t\t\t\t<div class=\"elementor-spacer\">\n\t\t\t<div class=\"elementor-spacer-inner\"><\/div>\n\t\t<\/div>\n\t\t\t\t\t\t<\/div>\n\t\t\t\t<\/div>\n\t\t\t\t<div class=\"elementor-element elementor-element-2a5d057 elementor-widget elementor-widget-wd_image_or_svg\" data-id=\"2a5d057\" data-element_type=\"widget\" data-widget_type=\"wd_image_or_svg.default\">\n\t\t\t\t<div class=\"elementor-widget-container\">\n\t\t\t\t\t\n\t\t<div class=\"wd-image text-center\">\n\t\t\t\t\t\t\t\t<img decoding=\"async\" width=\"768\" height=\"512\" src=\"https:\/\/www.flns.com.tr\/wp-content\/uploads\/2025\/03\/belove-plus-life-style-768x512-1.jpg\" class=\"attachment-full size-full\" alt=\"\" srcset=\"https:\/\/www.flns.com.tr\/wp-content\/uploads\/2025\/03\/belove-plus-life-style-768x512-1.jpg 768w, https:\/\/www.flns.com.tr\/wp-content\/uploads\/2025\/03\/belove-plus-life-style-768x512-1-400x267.jpg 400w, https:\/\/www.flns.com.tr\/wp-content\/uploads\/2025\/03\/belove-plus-life-style-768x512-1-430x287.jpg 430w, https:\/\/www.flns.com.tr\/wp-content\/uploads\/2025\/03\/belove-plus-life-style-768x512-1-700x467.jpg 700w, https:\/\/www.flns.com.tr\/wp-content\/uploads\/2025\/03\/belove-plus-life-style-768x512-1-150x100.jpg 150w\" sizes=\"(max-width: 768px) 100vw, 768px\" \/>\t\t\t\t\t<\/div>\n\n\t\t\t\t\t\t<\/div>\n\t\t\t\t<\/div>\n\t\t\t\t\t<\/div>\n\t\t\t\t<\/div>\n\t\t\t\t<\/div>\n\t\t","protected":false},"excerpt":{"rendered":"<p>BELOVE PLUS seyahat yata\u011f\u0131, konforlu ve kullan\u0131c\u0131 dostu \u00e7\u00f6z\u00fcmlere de\u011fer veren ebeveynler i\u00e7in ideal bir se\u00e7imdir. H\u0131zl\u0131 katlama ve a\u00e7ma \u00f6zelli\u011fi bu yata\u011f\u0131 m\u00fckemmel bir seyahat arkada\u015f\u0131 yapar. Daha da fazlas\u0131 var: katland\u0131\u011f\u0131nda, setle birlikte verilen \u00e7antaya s\u0131\u011far; bu \u00e7antaya ayr\u0131ca bir \u015filte, oyuncak bar\u0131 ve alt de\u011fi\u015ftirme masas\u0131 dahildir.<\/p>\n<p style=\"text-align: center;\"><strong>D\u0130\u011eER SE\u00c7ENEKLER<\/strong><\/p>\n<p style=\"text-align: center;\"><a href=\"\/index.php\/urun\/momi-kenani-dlx-otomatik-ana-kucagi-acik-gri\/\">\u00a0<\/a> <a href=\"\/index.php\/urun\/momi-belove-plus-seyahat-park-yatagi-bej\/\"><img decoding=\"async\" class=\"alignnone wp-image-28317 size-thumbnail\" src=\"https:\/\/www.flns.com.tr\/wp-content\/themes\/woodmart\/images\/lazy.svg\" data-src=\"https:\/\/www.flns.com.tr\/wp-content\/uploads\/2025\/03\/belove-plus-seyahat-park-yatak-bej-150x150.jpg\" alt=\"\" width=\"150\" height=\"150\" srcset=\"\" data-srcset=\"https:\/\/www.flns.com.tr\/wp-content\/uploads\/2025\/03\/belove-plus-seyahat-park-yatak-bej-150x150.jpg 150w, https:\/\/www.flns.com.tr\/wp-content\/uploads\/2025\/03\/belove-plus-seyahat-park-yatak-bej-300x300.jpg 300w, https:\/\/www.flns.com.tr\/wp-content\/uploads\/2025\/03\/belove-plus-seyahat-park-yatak-bej-800x800.jpg 800w, https:\/\/www.flns.com.tr\/wp-content\/uploads\/2025\/03\/belove-plus-seyahat-park-yatak-bej-768x768.jpg 768w, https:\/\/www.flns.com.tr\/wp-content\/uploads\/2025\/03\/belove-plus-seyahat-park-yatak-bej-430x430.jpg 430w, https:\/\/www.flns.com.tr\/wp-content\/uploads\/2025\/03\/belove-plus-seyahat-park-yatak-bej-700x700.jpg 700w, https:\/\/www.flns.com.tr\/wp-content\/uploads\/2025\/03\/belove-plus-seyahat-park-yatak-bej.jpg 1500w\" sizes=\"(max-width: 150px) 100vw, 150px\" \/><\/a><\/p>\n","protected":false},"featured_media":28334,"comment_status":"open","ping_status":"closed","template":"","meta":[],"product_brand":[225],"product_cat":[213],"product_tag":[],"class_list":{"0":"post-28043","1":"product","2":"type-product","3":"status-publish","4":"has-post-thumbnail","6":"product_brand-momi","7":"product_cat-park_yataklar","9":"first","10":"instock","11":"taxable","12":"shipping-taxable","13":"purchasable","14":"product-type-simple"},"yoast_head":"<!-- This site is optimized with the Yoast SEO plugin v25.1 - https:\/\/yoast.com\/wordpress\/plugins\/seo\/ -->\n<title>MoMi BELOVE PLUS Seyahat Park Yata\u011f\u0131 Koyu Ye\u015fil - FLNS<\/title>\n<meta name=\"robots\" content=\"index, follow, max-snippet:-1, max-image-preview:large, max-video-preview:-1\" \/>\n<link rel=\"canonical\" href=\"https:\/\/www.flns.com.tr\/index.php\/urun\/momi-belove-plus-seyahat-park-yatagi-koyu-yesil\/\" \/>\n<meta property=\"og:locale\" content=\"tr_TR\" \/>\n<meta property=\"og:type\" content=\"article\" \/>\n<meta property=\"og:title\" content=\"MoMi BELOVE PLUS Seyahat Park Yata\u011f\u0131 Koyu Ye\u015fil - FLNS\" \/>\n<meta property=\"og:description\" content=\"BELOVE PLUS seyahat yata\u011f\u0131, konforlu ve kullan\u0131c\u0131 dostu \u00e7\u00f6z\u00fcmlere de\u011fer veren ebeveynler i\u00e7in ideal bir se\u00e7imdir. H\u0131zl\u0131 katlama ve a\u00e7ma \u00f6zelli\u011fi bu yata\u011f\u0131 m\u00fckemmel bir seyahat arkada\u015f\u0131 yapar. Daha da fazlas\u0131 var: katland\u0131\u011f\u0131nda, setle birlikte verilen \u00e7antaya s\u0131\u011far; bu \u00e7antaya ayr\u0131ca bir \u015filte, oyuncak bar\u0131 ve alt de\u011fi\u015ftirme masas\u0131 dahildir. D\u0130\u011eER SE\u00c7ENEKLER \u00a0\" \/>\n<meta property=\"og:url\" content=\"https:\/\/www.flns.com.tr\/index.php\/urun\/momi-belove-plus-seyahat-park-yatagi-koyu-yesil\/\" \/>\n<meta property=\"og:site_name\" content=\"FLNS\" \/>\n<meta property=\"article:modified_time\" content=\"2025-05-02T13:53:22+00:00\" \/>\n<meta property=\"og:image\" content=\"https:\/\/www.flns.com.tr\/wp-content\/uploads\/2025\/03\/belove-plus-seyahat-park-yatak-koyu-yesil.jpg\" \/>\n\t<meta property=\"og:image:width\" content=\"1500\" \/>\n\t<meta property=\"og:image:height\" content=\"1500\" \/>\n\t<meta property=\"og:image:type\" content=\"image\/jpeg\" \/>\n<meta name=\"twitter:card\" content=\"summary_large_image\" \/>\n<meta name=\"twitter:label1\" content=\"Tahmini okuma s\u00fcresi\" \/>\n\t<meta name=\"twitter:data1\" content=\"2 dakika\" \/>\n<script type=\"application\/ld+json\" class=\"yoast-schema-graph\">{\"@context\":\"https:\/\/schema.org\",\"@graph\":[{\"@type\":\"WebPage\",\"@id\":\"https:\/\/www.flns.com.tr\/index.php\/urun\/momi-belove-plus-seyahat-park-yatagi-koyu-yesil\/\",\"url\":\"https:\/\/www.flns.com.tr\/index.php\/urun\/momi-belove-plus-seyahat-park-yatagi-koyu-yesil\/\",\"name\":\"MoMi BELOVE PLUS Seyahat Park Yata\u011f\u0131 Koyu Ye\u015fil - FLNS\",\"isPartOf\":{\"@id\":\"https:\/\/www.flns.com.tr\/#website\"},\"primaryImageOfPage\":{\"@id\":\"https:\/\/www.flns.com.tr\/index.php\/urun\/momi-belove-plus-seyahat-park-yatagi-koyu-yesil\/#primaryimage\"},\"image\":{\"@id\":\"https:\/\/www.flns.com.tr\/index.php\/urun\/momi-belove-plus-seyahat-park-yatagi-koyu-yesil\/#primaryimage\"},\"thumbnailUrl\":\"https:\/\/www.flns.com.tr\/wp-content\/uploads\/2025\/03\/belove-plus-seyahat-park-yatak-koyu-yesil.jpg\",\"datePublished\":\"2025-03-25T20:56:45+00:00\",\"dateModified\":\"2025-05-02T13:53:22+00:00\",\"breadcrumb\":{\"@id\":\"https:\/\/www.flns.com.tr\/index.php\/urun\/momi-belove-plus-seyahat-park-yatagi-koyu-yesil\/#breadcrumb\"},\"inLanguage\":\"tr\",\"potentialAction\":[{\"@type\":\"ReadAction\",\"target\":[\"https:\/\/www.flns.com.tr\/index.php\/urun\/momi-belove-plus-seyahat-park-yatagi-koyu-yesil\/\"]}]},{\"@type\":\"ImageObject\",\"inLanguage\":\"tr\",\"@id\":\"https:\/\/www.flns.com.tr\/index.php\/urun\/momi-belove-plus-seyahat-park-yatagi-koyu-yesil\/#primaryimage\",\"url\":\"https:\/\/www.flns.com.tr\/wp-content\/uploads\/2025\/03\/belove-plus-seyahat-park-yatak-koyu-yesil.jpg\",\"contentUrl\":\"https:\/\/www.flns.com.tr\/wp-content\/uploads\/2025\/03\/belove-plus-seyahat-park-yatak-koyu-yesil.jpg\",\"width\":1500,\"height\":1500},{\"@type\":\"BreadcrumbList\",\"@id\":\"https:\/\/www.flns.com.tr\/index.php\/urun\/momi-belove-plus-seyahat-park-yatagi-koyu-yesil\/#breadcrumb\",\"itemListElement\":[{\"@type\":\"ListItem\",\"position\":1,\"name\":\"Anasayfa\",\"item\":\"https:\/\/www.flns.com.tr\/\"},{\"@type\":\"ListItem\",\"position\":2,\"name\":\"Ma\u011faza\",\"item\":\"https:\/\/www.flns.com.tr\/index.php\/shop\/\"},{\"@type\":\"ListItem\",\"position\":3,\"name\":\"MoMi BELOVE PLUS Seyahat Park Yata\u011f\u0131 Koyu Ye\u015fil\"}]},{\"@type\":\"WebSite\",\"@id\":\"https:\/\/www.flns.com.tr\/#website\",\"url\":\"https:\/\/www.flns.com.tr\/\",\"name\":\"FLNS\",\"description\":\"FUN LOVE NATURE SPORT\",\"publisher\":{\"@id\":\"https:\/\/www.flns.com.tr\/#organization\"},\"potentialAction\":[{\"@type\":\"SearchAction\",\"target\":{\"@type\":\"EntryPoint\",\"urlTemplate\":\"https:\/\/www.flns.com.tr\/?s={search_term_string}\"},\"query-input\":{\"@type\":\"PropertyValueSpecification\",\"valueRequired\":true,\"valueName\":\"search_term_string\"}}],\"inLanguage\":\"tr\"},{\"@type\":\"Organization\",\"@id\":\"https:\/\/www.flns.com.tr\/#organization\",\"name\":\"FLNS\",\"url\":\"https:\/\/www.flns.com.tr\/\",\"logo\":{\"@type\":\"ImageObject\",\"inLanguage\":\"tr\",\"@id\":\"https:\/\/www.flns.com.tr\/#\/schema\/logo\/image\/\",\"url\":\"https:\/\/www.flns.com.tr\/wp-content\/uploads\/2025\/03\/FLNS-LOGO.png\",\"contentUrl\":\"https:\/\/www.flns.com.tr\/wp-content\/uploads\/2025\/03\/FLNS-LOGO.png\",\"width\":4500,\"height\":2892,\"caption\":\"FLNS\"},\"image\":{\"@id\":\"https:\/\/www.flns.com.tr\/#\/schema\/logo\/image\/\"},\"sameAs\":[\"https:\/\/www.instagram.com\/f.l.n.s\"]}]}<\/script>\n<!-- \/ Yoast SEO plugin. -->","yoast_head_json":{"title":"MoMi BELOVE PLUS Seyahat Park Yata\u011f\u0131 Koyu Ye\u015fil - FLNS","robots":{"index":"index","follow":"follow","max-snippet":"max-snippet:-1","max-image-preview":"max-image-preview:large","max-video-preview":"max-video-preview:-1"},"canonical":"https:\/\/www.flns.com.tr\/index.php\/urun\/momi-belove-plus-seyahat-park-yatagi-koyu-yesil\/","og_locale":"tr_TR","og_type":"article","og_title":"MoMi BELOVE PLUS Seyahat Park Yata\u011f\u0131 Koyu Ye\u015fil - FLNS","og_description":"BELOVE PLUS seyahat yata\u011f\u0131, konforlu ve kullan\u0131c\u0131 dostu \u00e7\u00f6z\u00fcmlere de\u011fer veren ebeveynler i\u00e7in ideal bir se\u00e7imdir. H\u0131zl\u0131 katlama ve a\u00e7ma \u00f6zelli\u011fi bu yata\u011f\u0131 m\u00fckemmel bir seyahat arkada\u015f\u0131 yapar. Daha da fazlas\u0131 var: katland\u0131\u011f\u0131nda, setle birlikte verilen \u00e7antaya s\u0131\u011far; bu \u00e7antaya ayr\u0131ca bir \u015filte, oyuncak bar\u0131 ve alt de\u011fi\u015ftirme masas\u0131 dahildir. D\u0130\u011eER SE\u00c7ENEKLER \u00a0","og_url":"https:\/\/www.flns.com.tr\/index.php\/urun\/momi-belove-plus-seyahat-park-yatagi-koyu-yesil\/","og_site_name":"FLNS","article_modified_time":"2025-05-02T13:53:22+00:00","og_image":[{"width":1500,"height":1500,"url":"https:\/\/www.flns.com.tr\/wp-content\/uploads\/2025\/03\/belove-plus-seyahat-park-yatak-koyu-yesil.jpg","type":"image\/jpeg"}],"twitter_card":"summary_large_image","twitter_misc":{"Tahmini okuma s\u00fcresi":"2 dakika"},"schema":{"@context":"https:\/\/schema.org","@graph":[{"@type":"WebPage","@id":"https:\/\/www.flns.com.tr\/index.php\/urun\/momi-belove-plus-seyahat-park-yatagi-koyu-yesil\/","url":"https:\/\/www.flns.com.tr\/index.php\/urun\/momi-belove-plus-seyahat-park-yatagi-koyu-yesil\/","name":"MoMi BELOVE PLUS Seyahat Park Yata\u011f\u0131 Koyu Ye\u015fil - FLNS","isPartOf":{"@id":"https:\/\/www.flns.com.tr\/#website"},"primaryImageOfPage":{"@id":"https:\/\/www.flns.com.tr\/index.php\/urun\/momi-belove-plus-seyahat-park-yatagi-koyu-yesil\/#primaryimage"},"image":{"@id":"https:\/\/www.flns.com.tr\/index.php\/urun\/momi-belove-plus-seyahat-park-yatagi-koyu-yesil\/#primaryimage"},"thumbnailUrl":"https:\/\/www.flns.com.tr\/wp-content\/uploads\/2025\/03\/belove-plus-seyahat-park-yatak-koyu-yesil.jpg","datePublished":"2025-03-25T20:56:45+00:00","dateModified":"2025-05-02T13:53:22+00:00","breadcrumb":{"@id":"https:\/\/www.flns.com.tr\/index.php\/urun\/momi-belove-plus-seyahat-park-yatagi-koyu-yesil\/#breadcrumb"},"inLanguage":"tr","potentialAction":[{"@type":"ReadAction","target":["https:\/\/www.flns.com.tr\/index.php\/urun\/momi-belove-plus-seyahat-park-yatagi-koyu-yesil\/"]}]},{"@type":"ImageObject","inLanguage":"tr","@id":"https:\/\/www.flns.com.tr\/index.php\/urun\/momi-belove-plus-seyahat-park-yatagi-koyu-yesil\/#primaryimage","url":"https:\/\/www.flns.com.tr\/wp-content\/uploads\/2025\/03\/belove-plus-seyahat-park-yatak-koyu-yesil.jpg","contentUrl":"https:\/\/www.flns.com.tr\/wp-content\/uploads\/2025\/03\/belove-plus-seyahat-park-yatak-koyu-yesil.jpg","width":1500,"height":1500},{"@type":"BreadcrumbList","@id":"https:\/\/www.flns.com.tr\/index.php\/urun\/momi-belove-plus-seyahat-park-yatagi-koyu-yesil\/#breadcrumb","itemListElement":[{"@type":"ListItem","position":1,"name":"Anasayfa","item":"https:\/\/www.flns.com.tr\/"},{"@type":"ListItem","position":2,"name":"Ma\u011faza","item":"https:\/\/www.flns.com.tr\/index.php\/shop\/"},{"@type":"ListItem","position":3,"name":"MoMi BELOVE PLUS Seyahat Park Yata\u011f\u0131 Koyu Ye\u015fil"}]},{"@type":"WebSite","@id":"https:\/\/www.flns.com.tr\/#website","url":"https:\/\/www.flns.com.tr\/","name":"FLNS","description":"FUN LOVE NATURE SPORT","publisher":{"@id":"https:\/\/www.flns.com.tr\/#organization"},"potentialAction":[{"@type":"SearchAction","target":{"@type":"EntryPoint","urlTemplate":"https:\/\/www.flns.com.tr\/?s={search_term_string}"},"query-input":{"@type":"PropertyValueSpecification","valueRequired":true,"valueName":"search_term_string"}}],"inLanguage":"tr"},{"@type":"Organization","@id":"https:\/\/www.flns.com.tr\/#organization","name":"FLNS","url":"https:\/\/www.flns.com.tr\/","logo":{"@type":"ImageObject","inLanguage":"tr","@id":"https:\/\/www.flns.com.tr\/#\/schema\/logo\/image\/","url":"https:\/\/www.flns.com.tr\/wp-content\/uploads\/2025\/03\/FLNS-LOGO.png","contentUrl":"https:\/\/www.flns.com.tr\/wp-content\/uploads\/2025\/03\/FLNS-LOGO.png","width":4500,"height":2892,"caption":"FLNS"},"image":{"@id":"https:\/\/www.flns.com.tr\/#\/schema\/logo\/image\/"},"sameAs":["https:\/\/www.instagram.com\/f.l.n.s"]}]}},"_links":{"self":[{"href":"https:\/\/www.flns.com.tr\/index.php\/wp-json\/wp\/v2\/product\/28043","targetHints":{"allow":["GET"]}}],"collection":[{"href":"https:\/\/www.flns.com.tr\/index.php\/wp-json\/wp\/v2\/product"}],"about":[{"href":"https:\/\/www.flns.com.tr\/index.php\/wp-json\/wp\/v2\/types\/product"}],"replies":[{"embeddable":true,"href":"https:\/\/www.flns.com.tr\/index.php\/wp-json\/wp\/v2\/comments?post=28043"}],"version-history":[{"count":18,"href":"https:\/\/www.flns.com.tr\/index.php\/wp-json\/wp\/v2\/product\/28043\/revisions"}],"predecessor-version":[{"id":31156,"href":"https:\/\/www.flns.com.tr\/index.php\/wp-json\/wp\/v2\/product\/28043\/revisions\/31156"}],"wp:featuredmedia":[{"embeddable":true,"href":"https:\/\/www.flns.com.tr\/index.php\/wp-json\/wp\/v2\/media\/28334"}],"wp:attachment":[{"href":"https:\/\/www.flns.com.tr\/index.php\/wp-json\/wp\/v2\/media?parent=28043"}],"wp:term":[{"taxonomy":"product_brand","embeddable":true,"href":"https:\/\/www.flns.com.tr\/index.php\/wp-json\/wp\/v2\/product_brand?post=28043"},{"taxonomy":"product_cat","embeddable":true,"href":"https:\/\/www.flns.com.tr\/index.php\/wp-json\/wp\/v2\/product_cat?post=28043"},{"taxonomy":"product_tag","embeddable":true,"href":"https:\/\/www.flns.com.tr\/index.php\/wp-json\/wp\/v2\/product_tag?post=28043"}],"curies":[{"name":"wp","href":"https:\/\/api.w.org\/{rel}","templated":true}]}}