{"id":28045,"date":"2025-03-25T23:56:45","date_gmt":"2025-03-25T20:56:45","guid":{"rendered":"https:\/\/www.flns.com.tr\/index.php\/urun\/momi-revo-2in1-anne-yani-besigi-acik-gri\/"},"modified":"2025-05-02T16:53:41","modified_gmt":"2025-05-02T13:53:41","slug":"momi-revo-2in1-anne-yani-besigi-acik-gri","status":"publish","type":"product","link":"https:\/\/www.flns.com.tr\/index.php\/urun\/momi-revo-2in1-anne-yani-besigi-acik-gri\/","title":{"rendered":"MoMi REVO 2in1 Anne Yan\u0131 Be\u015fi\u011fi A\u00e7\u0131k Gri"},"content":{"rendered":"\t\t<div data-elementor-type=\"wp-post\" data-elementor-id=\"28045\" class=\"elementor elementor-28045\">\n\t\t\t\t<div class=\"wd-negative-gap elementor-element elementor-element-d2d830d e-flex e-con-boxed e-con e-parent\" data-id=\"d2d830d\" data-element_type=\"container\">\n\t\t\t\t\t<div class=\"e-con-inner\">\n\t\t<div class=\"elementor-element elementor-element-d348a33 e-con-full e-flex e-con e-child\" data-id=\"d348a33\" data-element_type=\"container\">\n\t\t\t\t<div class=\"elementor-element elementor-element-e818a8c elementor-widget elementor-widget-wd_text_block\" data-id=\"e818a8c\" data-element_type=\"widget\" data-widget_type=\"wd_text_block.default\">\n\t\t\t\t<div class=\"elementor-widget-container\">\n\t\t\t\t\t\t\t<div class=\"wd-text-block reset-last-child text-left\">\n\t\t\t\n\t\t\t<p><strong>\u00dcR\u00dcN \u00d6ZELL\u0130KLER\u0130<\/strong><\/p><ul><li>Yata\u011f\u0131n\u0131za uyacak 6 y\u00fckseklik seviyesi ve se\u00e7ene\u011fi<\/li><li>Anne Yan\u0131 Be\u015fi\u011fi i\u015flevi<\/li><li>Ayarlanabilir e\u011fim a\u00e7\u0131s\u0131<\/li><li>Kolayca \u00e7\u0131kar\u0131labilir k\u0131l\u0131f<\/li><li>D\u00f6\u015feme nemli bir s\u00fcngerle temizlenebilir<\/li><li>Yumu\u015fak i\u00e7 kaplama<\/li><li>Havadar ve nefes alabilen file kuma\u015f<\/li><li>Kolay kurulum<\/li><li>Katland\u0131\u011f\u0131nda k\u00fc\u00e7\u00fck ayak izi<\/li><li>Sa\u011flam yap\u0131<\/li><li>Kolay ta\u015f\u0131ma i\u00e7in tekerlekler<\/li><li>Ebeveyn yata\u011f\u0131na ba\u011flamak i\u00e7in uzun kay\u0131\u015flar dahildir<\/li><li>\u015eilte, Cibinlik ve Oyuncakl\u0131 bar dahildir<\/li><li>9kg'a kadar\u00a0<\/li><\/ul><p><strong>\u00dcR\u00dcN A\u011eIRLI\u011eI:<\/strong> 8, kg<\/p><p><strong>BOYUTLAR:<\/strong> 90 cm x 56 cm x 72-82 cm<\/p><p><strong>STANDARTLAR:<\/strong> EN 16890<\/p><p><strong>PAKET BOYUTLARI:<\/strong> 52 cm x 13,5 cm x 88 cm<\/p><p><strong>MALZEMELER:<\/strong> PP, PE, \u00c7elik<\/p><p><strong>\u00dcRET\u0130C\u0130 GARANT\u0130S\u0130:<\/strong> 24 ay<\/p>\n\t\t\t\t\t<\/div>\n\t\t\t\t\t\t<\/div>\n\t\t\t\t<\/div>\n\t\t\t\t<\/div>\n\t\t<div class=\"elementor-element elementor-element-7cc808f e-con-full e-flex e-con e-child\" data-id=\"7cc808f\" data-element_type=\"container\">\n\t\t\t\t<div class=\"elementor-element elementor-element-33daff3 elementor-widget elementor-widget-wd_image_or_svg\" data-id=\"33daff3\" data-element_type=\"widget\" data-widget_type=\"wd_image_or_svg.default\">\n\t\t\t\t<div class=\"elementor-widget-container\">\n\t\t\t\t\t\n\t\t<div class=\"wd-image text-center\">\n\t\t\t\t\t\t\t\t<img fetchpriority=\"high\" decoding=\"async\" width=\"512\" height=\"768\" src=\"https:\/\/www.flns.com.tr\/wp-content\/uploads\/2025\/03\/revo-life-style-512x768-1.jpg\" class=\"attachment-full size-full\" alt=\"\" srcset=\"https:\/\/www.flns.com.tr\/wp-content\/uploads\/2025\/03\/revo-life-style-512x768-1.jpg 512w, https:\/\/www.flns.com.tr\/wp-content\/uploads\/2025\/03\/revo-life-style-512x768-1-200x300.jpg 200w, https:\/\/www.flns.com.tr\/wp-content\/uploads\/2025\/03\/revo-life-style-512x768-1-430x645.jpg 430w, https:\/\/www.flns.com.tr\/wp-content\/uploads\/2025\/03\/revo-life-style-512x768-1-150x225.jpg 150w\" sizes=\"(max-width: 512px) 100vw, 512px\" \/>\t\t\t\t\t<\/div>\n\n\t\t\t\t\t\t<\/div>\n\t\t\t\t<\/div>\n\t\t\t\t<\/div>\n\t\t\t\t\t<\/div>\n\t\t\t\t<\/div>\n\t\t<div class=\"wd-negative-gap elementor-element elementor-element-70450d0 e-flex e-con-boxed e-con e-parent\" data-id=\"70450d0\" data-element_type=\"container\">\n\t\t\t\t\t<div class=\"e-con-inner\">\n\t\t\t\t<div class=\"elementor-element elementor-element-412aa5f elementor-widget elementor-widget-spacer\" data-id=\"412aa5f\" data-element_type=\"widget\" data-widget_type=\"spacer.default\">\n\t\t\t\t<div class=\"elementor-widget-container\">\n\t\t\t\t\t\t\t<div class=\"elementor-spacer\">\n\t\t\t<div class=\"elementor-spacer-inner\"><\/div>\n\t\t<\/div>\n\t\t\t\t\t\t<\/div>\n\t\t\t\t<\/div>\n\t\t\t\t<div class=\"elementor-element elementor-element-0eb34fd elementor-widget elementor-widget-wd_text_block\" data-id=\"0eb34fd\" data-element_type=\"widget\" data-widget_type=\"wd_text_block.default\">\n\t\t\t\t<div class=\"elementor-widget-container\">\n\t\t\t\t\t\t\t<div class=\"wd-text-block reset-last-child text-left\">\n\t\t\t\n\t\t\t<p>Bebek be\u015fikleri s\u00f6z konusu oldu\u011funda, \u00e7ok i\u015flevli ve yerden tasarruf sa\u011flayan tasar\u0131ma y\u00f6nelin. MoMi REVO tam da b\u00f6yle bir \u015fey. Bebe\u011finizin g\u00fcnd\u00fcz uykular\u0131 i\u00e7in m\u00fckemmel \u00e7\u00f6z\u00fcm\u00fc ke\u015ffedin. Ayarlanabilir a\u00e7\u0131l\u0131 bebek karyolam\u0131zda, k\u00fc\u00e7\u00fck \u00e7ocu\u011funuzun bo\u011fulma riski olmadan g\u00fcvenle uyudu\u011funu bilerek rahatlay\u0131n.<\/p><p>Ebeveynler kendilerine s\u0131kl\u0131kla \u015fu soruyu sorar: \"Bebe\u011fim i\u00e7in hangi be\u015fik do\u011fru se\u00e7im?\"<\/p><ul><li>MoMi REVO bebek karyolas\u0131, zahmetsiz gece beslenmeleri i\u00e7in m\u00fckemmel bir \u00e7\u00f6z\u00fcmd\u00fcr. \u00c7\u0131kar\u0131labilir taraf\u0131 sayesinde bebek size yak\u0131n olacak ve onu rahat\u00e7a besleyebileceksiniz.<\/li><li>6 kademeli ayarlama ile bebek yata\u011f\u0131n\u0131 uygun y\u00fcksekli\u011fe ayarlay\u0131n, k\u00fc\u00e7\u00fck \u00e7ocu\u011funuzu yak\u0131n tutun ve size konfor sa\u011flay\u0131n.<\/li><li>Yata\u011f\u0131n\u0131za g\u00fcvenli bir \u015fekilde takmak i\u00e7in uzun kay\u0131\u015flar, karyolan\u0131n hareket etmesini \u00f6nleyerek bebe\u011finiz i\u00e7in ek g\u00fcvenlik sa\u011flar.<\/li><li>MoMi REVO bebek karyolas\u0131, ihtiyac\u0131n\u0131z oldu\u011funda kolay hareket ettirmek i\u00e7in tekerleklerle de donat\u0131lm\u0131\u015ft\u0131r. Tekerleklerde, bebek yata\u011f\u0131 anne yan\u0131 be\u015fi\u011fi olarak kullan\u0131ld\u0131\u011f\u0131nda bebe\u011fin yata\u011f\u0131n\u0131n dengesini korumas\u0131n\u0131 sa\u011flayan kilitler bulunur.<\/li><li>Bebek karyolas\u0131 seti, \u00e7ocu\u011funuzun duyusal geli\u015fimini b\u00fcy\u00fck \u00f6l\u00e7\u00fcde geli\u015ftirmek i\u00e7in oyuncaklarla dolu bir kemer i\u00e7erir. K\u00fc\u00e7\u00fck \u00e7ocu\u011funuzun geli\u015fimini te\u015fvik edin ve \u00e7e\u015fitli oyuncaklar\u0131m\u0131zla yeni \u015fekiller ve renkler ke\u015ffetmesine yard\u0131mc\u0131 olun.<\/li><li>\u00c7ocu\u011funuzun g\u00fcvenli\u011finin sizin i\u00e7in ne kadar \u00f6nemli oldu\u011funu biliyoruz, bu nedenle MoMi REVO bebek karyolas\u0131 setine bir cibinlik dahildir. S\u0131cak havalarda bebe\u011finizi ayr\u0131ca koruyacakt\u0131r.<\/li><\/ul><p>*UYARI: Be\u015fik, oturabilen, diz \u00e7\u00f6kebilen veya kendini yukar\u0131 \u00e7ekebilen \u00e7ocuklar i\u00e7in uygun de\u011fildir. \u00dcr\u00fcn, kullan\u0131m talimatlar\u0131n\u0131 okumadan kullan\u0131lmamal\u0131d\u0131r.<\/p>\n\t\t\t\t\t<\/div>\n\t\t\t\t\t\t<\/div>\n\t\t\t\t<\/div>\n\t\t\t\t<div class=\"elementor-element elementor-element-b0f5f2a elementor-widget elementor-widget-spacer\" data-id=\"b0f5f2a\" data-element_type=\"widget\" data-widget_type=\"spacer.default\">\n\t\t\t\t<div class=\"elementor-widget-container\">\n\t\t\t\t\t\t\t<div class=\"elementor-spacer\">\n\t\t\t<div class=\"elementor-spacer-inner\"><\/div>\n\t\t<\/div>\n\t\t\t\t\t\t<\/div>\n\t\t\t\t<\/div>\n\t\t\t\t<div class=\"elementor-element elementor-element-0921d96 elementor-widget elementor-widget-wd_image_or_svg\" data-id=\"0921d96\" data-element_type=\"widget\" data-widget_type=\"wd_image_or_svg.default\">\n\t\t\t\t<div class=\"elementor-widget-container\">\n\t\t\t\t\t\n\t\t<div class=\"wd-image text-center\">\n\t\t\t\t\t\t\t\t<img decoding=\"async\" width=\"768\" height=\"512\" src=\"https:\/\/www.flns.com.tr\/wp-content\/uploads\/2025\/03\/revo-life-style-768x512-1.jpg\" class=\"attachment-full size-full\" alt=\"\" srcset=\"https:\/\/www.flns.com.tr\/wp-content\/uploads\/2025\/03\/revo-life-style-768x512-1.jpg 768w, https:\/\/www.flns.com.tr\/wp-content\/uploads\/2025\/03\/revo-life-style-768x512-1-400x267.jpg 400w, https:\/\/www.flns.com.tr\/wp-content\/uploads\/2025\/03\/revo-life-style-768x512-1-430x287.jpg 430w, https:\/\/www.flns.com.tr\/wp-content\/uploads\/2025\/03\/revo-life-style-768x512-1-700x467.jpg 700w, https:\/\/www.flns.com.tr\/wp-content\/uploads\/2025\/03\/revo-life-style-768x512-1-150x100.jpg 150w\" sizes=\"(max-width: 768px) 100vw, 768px\" \/>\t\t\t\t\t<\/div>\n\n\t\t\t\t\t\t<\/div>\n\t\t\t\t<\/div>\n\t\t\t\t\t<\/div>\n\t\t\t\t<\/div>\n\t\t\t\t<\/div>\n\t\t","protected":false},"excerpt":{"rendered":"<p>K\u00fc\u00e7\u00fck \u00e7ocu\u011funuz erken ya\u015flardan itibaren ba\u011f kurmay\u0131 ister \u00e7\u00fcnk\u00fc yak\u0131nl\u0131k, hayat\u0131n\u0131n ilk aylar\u0131nda \u00e7ok \u00f6nemlidir.<\/p>\n<p>MoMi&#8217;nin ba\u011f\u0131ms\u0131z ve anne yan\u0131 be\u015fi\u011fi REVO ile sizin ve \u00e7ocu\u011funuzun ihtiya\u00e7lar\u0131na uygun en iyi bebek karyolas\u0131n\u0131 elde edersiniz.<\/p>\n<p style=\"text-align: center;\"><strong>D\u0130\u011eER SE\u00c7ENEKLER<\/strong><\/p>\n<p style=\"text-align: center;\"><a href=\"\/index.php\/urun\/momi-kenani-dlx-otomatik-ana-kucagi-acik-gri\/\">\u00a0<\/a> <a href=\"\/index.php\/urun\/momi-revo-2in1-anne-yani-besigi-koyu-gri\/\"><img decoding=\"async\" class=\"alignnone wp-image-28908 size-thumbnail\" src=\"https:\/\/www.flns.com.tr\/wp-content\/themes\/woodmart\/images\/lazy.svg\" data-src=\"https:\/\/www.flns.com.tr\/wp-content\/uploads\/2025\/03\/revo-2in1-anne-yani-besigi-koyu-gri-150x150.jpg\" alt=\"\" width=\"150\" height=\"150\" srcset=\"\" data-srcset=\"https:\/\/www.flns.com.tr\/wp-content\/uploads\/2025\/03\/revo-2in1-anne-yani-besigi-koyu-gri-150x150.jpg 150w, https:\/\/www.flns.com.tr\/wp-content\/uploads\/2025\/03\/revo-2in1-anne-yani-besigi-koyu-gri-300x300.jpg 300w, https:\/\/www.flns.com.tr\/wp-content\/uploads\/2025\/03\/revo-2in1-anne-yani-besigi-koyu-gri-800x800.jpg 800w, https:\/\/www.flns.com.tr\/wp-content\/uploads\/2025\/03\/revo-2in1-anne-yani-besigi-koyu-gri-768x768.jpg 768w, https:\/\/www.flns.com.tr\/wp-content\/uploads\/2025\/03\/revo-2in1-anne-yani-besigi-koyu-gri-430x430.jpg 430w, https:\/\/www.flns.com.tr\/wp-content\/uploads\/2025\/03\/revo-2in1-anne-yani-besigi-koyu-gri-700x700.jpg 700w, https:\/\/www.flns.com.tr\/wp-content\/uploads\/2025\/03\/revo-2in1-anne-yani-besigi-koyu-gri.jpg 1500w\" sizes=\"(max-width: 150px) 100vw, 150px\" \/><\/a><\/p>\n","protected":false},"featured_media":28896,"comment_status":"open","ping_status":"closed","template":"","meta":[],"product_brand":[225],"product_cat":[253],"product_tag":[],"class_list":{"0":"post-28045","1":"product","2":"type-product","3":"status-publish","4":"has-post-thumbnail","6":"product_brand-momi","7":"product_cat-anne_yani_besikleri","9":"first","10":"instock","11":"taxable","12":"shipping-taxable","13":"purchasable","14":"product-type-simple"},"yoast_head":"<!-- This site is optimized with the Yoast SEO plugin v25.1 - https:\/\/yoast.com\/wordpress\/plugins\/seo\/ -->\n<title>MoMi REVO 2in1 Anne Yan\u0131 Be\u015fi\u011fi A\u00e7\u0131k Gri - FLNS<\/title>\n<meta name=\"robots\" content=\"index, follow, max-snippet:-1, max-image-preview:large, max-video-preview:-1\" \/>\n<link rel=\"canonical\" href=\"https:\/\/www.flns.com.tr\/index.php\/urun\/momi-revo-2in1-anne-yani-besigi-acik-gri\/\" \/>\n<meta property=\"og:locale\" content=\"tr_TR\" \/>\n<meta property=\"og:type\" content=\"article\" \/>\n<meta property=\"og:title\" content=\"MoMi REVO 2in1 Anne Yan\u0131 Be\u015fi\u011fi A\u00e7\u0131k Gri - FLNS\" \/>\n<meta property=\"og:description\" content=\"K\u00fc\u00e7\u00fck \u00e7ocu\u011funuz erken ya\u015flardan itibaren ba\u011f kurmay\u0131 ister \u00e7\u00fcnk\u00fc yak\u0131nl\u0131k, hayat\u0131n\u0131n ilk aylar\u0131nda \u00e7ok \u00f6nemlidir.  MoMi&#039;nin ba\u011f\u0131ms\u0131z ve anne yan\u0131 be\u015fi\u011fi REVO ile sizin ve \u00e7ocu\u011funuzun ihtiya\u00e7lar\u0131na uygun en iyi bebek karyolas\u0131n\u0131 elde edersiniz. D\u0130\u011eER SE\u00c7ENEKLER \u00a0\" \/>\n<meta property=\"og:url\" content=\"https:\/\/www.flns.com.tr\/index.php\/urun\/momi-revo-2in1-anne-yani-besigi-acik-gri\/\" \/>\n<meta property=\"og:site_name\" content=\"FLNS\" \/>\n<meta property=\"article:modified_time\" content=\"2025-05-02T13:53:41+00:00\" \/>\n<meta property=\"og:image\" content=\"https:\/\/www.flns.com.tr\/wp-content\/uploads\/2025\/03\/revo-2in1-anne-yani-besigi-acik-gri.jpg\" \/>\n\t<meta property=\"og:image:width\" content=\"1500\" \/>\n\t<meta property=\"og:image:height\" content=\"1500\" \/>\n\t<meta property=\"og:image:type\" content=\"image\/jpeg\" \/>\n<meta name=\"twitter:card\" content=\"summary_large_image\" \/>\n<meta name=\"twitter:label1\" content=\"Tahmini okuma s\u00fcresi\" \/>\n\t<meta name=\"twitter:data1\" content=\"3 dakika\" \/>\n<script type=\"application\/ld+json\" class=\"yoast-schema-graph\">{\"@context\":\"https:\/\/schema.org\",\"@graph\":[{\"@type\":\"WebPage\",\"@id\":\"https:\/\/www.flns.com.tr\/index.php\/urun\/momi-revo-2in1-anne-yani-besigi-acik-gri\/\",\"url\":\"https:\/\/www.flns.com.tr\/index.php\/urun\/momi-revo-2in1-anne-yani-besigi-acik-gri\/\",\"name\":\"MoMi REVO 2in1 Anne Yan\u0131 Be\u015fi\u011fi A\u00e7\u0131k Gri - FLNS\",\"isPartOf\":{\"@id\":\"https:\/\/www.flns.com.tr\/#website\"},\"primaryImageOfPage\":{\"@id\":\"https:\/\/www.flns.com.tr\/index.php\/urun\/momi-revo-2in1-anne-yani-besigi-acik-gri\/#primaryimage\"},\"image\":{\"@id\":\"https:\/\/www.flns.com.tr\/index.php\/urun\/momi-revo-2in1-anne-yani-besigi-acik-gri\/#primaryimage\"},\"thumbnailUrl\":\"https:\/\/www.flns.com.tr\/wp-content\/uploads\/2025\/03\/revo-2in1-anne-yani-besigi-acik-gri.jpg\",\"datePublished\":\"2025-03-25T20:56:45+00:00\",\"dateModified\":\"2025-05-02T13:53:41+00:00\",\"breadcrumb\":{\"@id\":\"https:\/\/www.flns.com.tr\/index.php\/urun\/momi-revo-2in1-anne-yani-besigi-acik-gri\/#breadcrumb\"},\"inLanguage\":\"tr\",\"potentialAction\":[{\"@type\":\"ReadAction\",\"target\":[\"https:\/\/www.flns.com.tr\/index.php\/urun\/momi-revo-2in1-anne-yani-besigi-acik-gri\/\"]}]},{\"@type\":\"ImageObject\",\"inLanguage\":\"tr\",\"@id\":\"https:\/\/www.flns.com.tr\/index.php\/urun\/momi-revo-2in1-anne-yani-besigi-acik-gri\/#primaryimage\",\"url\":\"https:\/\/www.flns.com.tr\/wp-content\/uploads\/2025\/03\/revo-2in1-anne-yani-besigi-acik-gri.jpg\",\"contentUrl\":\"https:\/\/www.flns.com.tr\/wp-content\/uploads\/2025\/03\/revo-2in1-anne-yani-besigi-acik-gri.jpg\",\"width\":1500,\"height\":1500},{\"@type\":\"BreadcrumbList\",\"@id\":\"https:\/\/www.flns.com.tr\/index.php\/urun\/momi-revo-2in1-anne-yani-besigi-acik-gri\/#breadcrumb\",\"itemListElement\":[{\"@type\":\"ListItem\",\"position\":1,\"name\":\"Anasayfa\",\"item\":\"https:\/\/www.flns.com.tr\/\"},{\"@type\":\"ListItem\",\"position\":2,\"name\":\"Ma\u011faza\",\"item\":\"https:\/\/www.flns.com.tr\/index.php\/shop\/\"},{\"@type\":\"ListItem\",\"position\":3,\"name\":\"MoMi REVO 2in1 Anne Yan\u0131 Be\u015fi\u011fi A\u00e7\u0131k Gri\"}]},{\"@type\":\"WebSite\",\"@id\":\"https:\/\/www.flns.com.tr\/#website\",\"url\":\"https:\/\/www.flns.com.tr\/\",\"name\":\"FLNS\",\"description\":\"FUN LOVE NATURE SPORT\",\"publisher\":{\"@id\":\"https:\/\/www.flns.com.tr\/#organization\"},\"potentialAction\":[{\"@type\":\"SearchAction\",\"target\":{\"@type\":\"EntryPoint\",\"urlTemplate\":\"https:\/\/www.flns.com.tr\/?s={search_term_string}\"},\"query-input\":{\"@type\":\"PropertyValueSpecification\",\"valueRequired\":true,\"valueName\":\"search_term_string\"}}],\"inLanguage\":\"tr\"},{\"@type\":\"Organization\",\"@id\":\"https:\/\/www.flns.com.tr\/#organization\",\"name\":\"FLNS\",\"url\":\"https:\/\/www.flns.com.tr\/\",\"logo\":{\"@type\":\"ImageObject\",\"inLanguage\":\"tr\",\"@id\":\"https:\/\/www.flns.com.tr\/#\/schema\/logo\/image\/\",\"url\":\"https:\/\/www.flns.com.tr\/wp-content\/uploads\/2025\/03\/FLNS-LOGO.png\",\"contentUrl\":\"https:\/\/www.flns.com.tr\/wp-content\/uploads\/2025\/03\/FLNS-LOGO.png\",\"width\":4500,\"height\":2892,\"caption\":\"FLNS\"},\"image\":{\"@id\":\"https:\/\/www.flns.com.tr\/#\/schema\/logo\/image\/\"},\"sameAs\":[\"https:\/\/www.instagram.com\/f.l.n.s\"]}]}<\/script>\n<!-- \/ Yoast SEO plugin. -->","yoast_head_json":{"title":"MoMi REVO 2in1 Anne Yan\u0131 Be\u015fi\u011fi A\u00e7\u0131k Gri - FLNS","robots":{"index":"index","follow":"follow","max-snippet":"max-snippet:-1","max-image-preview":"max-image-preview:large","max-video-preview":"max-video-preview:-1"},"canonical":"https:\/\/www.flns.com.tr\/index.php\/urun\/momi-revo-2in1-anne-yani-besigi-acik-gri\/","og_locale":"tr_TR","og_type":"article","og_title":"MoMi REVO 2in1 Anne Yan\u0131 Be\u015fi\u011fi A\u00e7\u0131k Gri - FLNS","og_description":"K\u00fc\u00e7\u00fck \u00e7ocu\u011funuz erken ya\u015flardan itibaren ba\u011f kurmay\u0131 ister \u00e7\u00fcnk\u00fc yak\u0131nl\u0131k, hayat\u0131n\u0131n ilk aylar\u0131nda \u00e7ok \u00f6nemlidir.  MoMi'nin ba\u011f\u0131ms\u0131z ve anne yan\u0131 be\u015fi\u011fi REVO ile sizin ve \u00e7ocu\u011funuzun ihtiya\u00e7lar\u0131na uygun en iyi bebek karyolas\u0131n\u0131 elde edersiniz. D\u0130\u011eER SE\u00c7ENEKLER \u00a0","og_url":"https:\/\/www.flns.com.tr\/index.php\/urun\/momi-revo-2in1-anne-yani-besigi-acik-gri\/","og_site_name":"FLNS","article_modified_time":"2025-05-02T13:53:41+00:00","og_image":[{"width":1500,"height":1500,"url":"https:\/\/www.flns.com.tr\/wp-content\/uploads\/2025\/03\/revo-2in1-anne-yani-besigi-acik-gri.jpg","type":"image\/jpeg"}],"twitter_card":"summary_large_image","twitter_misc":{"Tahmini okuma s\u00fcresi":"3 dakika"},"schema":{"@context":"https:\/\/schema.org","@graph":[{"@type":"WebPage","@id":"https:\/\/www.flns.com.tr\/index.php\/urun\/momi-revo-2in1-anne-yani-besigi-acik-gri\/","url":"https:\/\/www.flns.com.tr\/index.php\/urun\/momi-revo-2in1-anne-yani-besigi-acik-gri\/","name":"MoMi REVO 2in1 Anne Yan\u0131 Be\u015fi\u011fi A\u00e7\u0131k Gri - FLNS","isPartOf":{"@id":"https:\/\/www.flns.com.tr\/#website"},"primaryImageOfPage":{"@id":"https:\/\/www.flns.com.tr\/index.php\/urun\/momi-revo-2in1-anne-yani-besigi-acik-gri\/#primaryimage"},"image":{"@id":"https:\/\/www.flns.com.tr\/index.php\/urun\/momi-revo-2in1-anne-yani-besigi-acik-gri\/#primaryimage"},"thumbnailUrl":"https:\/\/www.flns.com.tr\/wp-content\/uploads\/2025\/03\/revo-2in1-anne-yani-besigi-acik-gri.jpg","datePublished":"2025-03-25T20:56:45+00:00","dateModified":"2025-05-02T13:53:41+00:00","breadcrumb":{"@id":"https:\/\/www.flns.com.tr\/index.php\/urun\/momi-revo-2in1-anne-yani-besigi-acik-gri\/#breadcrumb"},"inLanguage":"tr","potentialAction":[{"@type":"ReadAction","target":["https:\/\/www.flns.com.tr\/index.php\/urun\/momi-revo-2in1-anne-yani-besigi-acik-gri\/"]}]},{"@type":"ImageObject","inLanguage":"tr","@id":"https:\/\/www.flns.com.tr\/index.php\/urun\/momi-revo-2in1-anne-yani-besigi-acik-gri\/#primaryimage","url":"https:\/\/www.flns.com.tr\/wp-content\/uploads\/2025\/03\/revo-2in1-anne-yani-besigi-acik-gri.jpg","contentUrl":"https:\/\/www.flns.com.tr\/wp-content\/uploads\/2025\/03\/revo-2in1-anne-yani-besigi-acik-gri.jpg","width":1500,"height":1500},{"@type":"BreadcrumbList","@id":"https:\/\/www.flns.com.tr\/index.php\/urun\/momi-revo-2in1-anne-yani-besigi-acik-gri\/#breadcrumb","itemListElement":[{"@type":"ListItem","position":1,"name":"Anasayfa","item":"https:\/\/www.flns.com.tr\/"},{"@type":"ListItem","position":2,"name":"Ma\u011faza","item":"https:\/\/www.flns.com.tr\/index.php\/shop\/"},{"@type":"ListItem","position":3,"name":"MoMi REVO 2in1 Anne Yan\u0131 Be\u015fi\u011fi A\u00e7\u0131k Gri"}]},{"@type":"WebSite","@id":"https:\/\/www.flns.com.tr\/#website","url":"https:\/\/www.flns.com.tr\/","name":"FLNS","description":"FUN LOVE NATURE SPORT","publisher":{"@id":"https:\/\/www.flns.com.tr\/#organization"},"potentialAction":[{"@type":"SearchAction","target":{"@type":"EntryPoint","urlTemplate":"https:\/\/www.flns.com.tr\/?s={search_term_string}"},"query-input":{"@type":"PropertyValueSpecification","valueRequired":true,"valueName":"search_term_string"}}],"inLanguage":"tr"},{"@type":"Organization","@id":"https:\/\/www.flns.com.tr\/#organization","name":"FLNS","url":"https:\/\/www.flns.com.tr\/","logo":{"@type":"ImageObject","inLanguage":"tr","@id":"https:\/\/www.flns.com.tr\/#\/schema\/logo\/image\/","url":"https:\/\/www.flns.com.tr\/wp-content\/uploads\/2025\/03\/FLNS-LOGO.png","contentUrl":"https:\/\/www.flns.com.tr\/wp-content\/uploads\/2025\/03\/FLNS-LOGO.png","width":4500,"height":2892,"caption":"FLNS"},"image":{"@id":"https:\/\/www.flns.com.tr\/#\/schema\/logo\/image\/"},"sameAs":["https:\/\/www.instagram.com\/f.l.n.s"]}]}},"_links":{"self":[{"href":"https:\/\/www.flns.com.tr\/index.php\/wp-json\/wp\/v2\/product\/28045","targetHints":{"allow":["GET"]}}],"collection":[{"href":"https:\/\/www.flns.com.tr\/index.php\/wp-json\/wp\/v2\/product"}],"about":[{"href":"https:\/\/www.flns.com.tr\/index.php\/wp-json\/wp\/v2\/types\/product"}],"replies":[{"embeddable":true,"href":"https:\/\/www.flns.com.tr\/index.php\/wp-json\/wp\/v2\/comments?post=28045"}],"version-history":[{"count":19,"href":"https:\/\/www.flns.com.tr\/index.php\/wp-json\/wp\/v2\/product\/28045\/revisions"}],"predecessor-version":[{"id":31144,"href":"https:\/\/www.flns.com.tr\/index.php\/wp-json\/wp\/v2\/product\/28045\/revisions\/31144"}],"wp:featuredmedia":[{"embeddable":true,"href":"https:\/\/www.flns.com.tr\/index.php\/wp-json\/wp\/v2\/media\/28896"}],"wp:attachment":[{"href":"https:\/\/www.flns.com.tr\/index.php\/wp-json\/wp\/v2\/media?parent=28045"}],"wp:term":[{"taxonomy":"product_brand","embeddable":true,"href":"https:\/\/www.flns.com.tr\/index.php\/wp-json\/wp\/v2\/product_brand?post=28045"},{"taxonomy":"product_cat","embeddable":true,"href":"https:\/\/www.flns.com.tr\/index.php\/wp-json\/wp\/v2\/product_cat?post=28045"},{"taxonomy":"product_tag","embeddable":true,"href":"https:\/\/www.flns.com.tr\/index.php\/wp-json\/wp\/v2\/product_tag?post=28045"}],"curies":[{"name":"wp","href":"https:\/\/api.w.org\/{rel}","templated":true}]}}