{"id":28047,"date":"2025-03-25T23:56:45","date_gmt":"2025-03-25T20:56:45","guid":{"rendered":"https:\/\/www.flns.com.tr\/index.php\/urun\/momi-smart-bed-4in1-anne-yani-besigi-gri\/"},"modified":"2025-05-02T16:57:50","modified_gmt":"2025-05-02T13:57:50","slug":"momi-smart-bed-4in1-anne-yani-besigi-gri","status":"publish","type":"product","link":"https:\/\/www.flns.com.tr\/index.php\/urun\/momi-smart-bed-4in1-anne-yani-besigi-gri\/","title":{"rendered":"MoMI SMART BED 4in1 Anne Yan\u0131 Be\u015fi\u011fi Gri"},"content":{"rendered":"\t\t<div data-elementor-type=\"wp-post\" data-elementor-id=\"28047\" class=\"elementor elementor-28047\">\n\t\t\t\t<div class=\"wd-negative-gap elementor-element elementor-element-9c72b48 e-flex e-con-boxed e-con e-parent\" data-id=\"9c72b48\" data-element_type=\"container\">\n\t\t\t\t\t<div class=\"e-con-inner\">\n\t\t<div class=\"elementor-element elementor-element-bfaf3a6 e-con-full e-flex e-con e-child\" data-id=\"bfaf3a6\" data-element_type=\"container\">\n\t\t\t\t<div class=\"elementor-element elementor-element-bfd5f9e elementor-widget elementor-widget-wd_text_block\" data-id=\"bfd5f9e\" data-element_type=\"widget\" data-widget_type=\"wd_text_block.default\">\n\t\t\t\t<div class=\"elementor-widget-container\">\n\t\t\t\t\t\t\t<div class=\"wd-text-block reset-last-child text-left\">\n\t\t\t\n\t\t\t<p><strong>\u00dcR\u00dcN \u00d6ZELL\u0130KLER\u0130<\/strong><\/p><ul><li>5 y\u00fckseklik seviyesi ve yatak y\u00fcksekli\u011fine uyum sa\u011flama olana\u011f\u0131<\/li><li>Al\u00fcminyum \u00e7er\u00e7eve<\/li><li>Yata\u011f\u0131n\u0131za yerle\u015ftirilebilen karyola i\u015flevi<\/li><li>Oyun park\u0131 i\u015flevi<\/li><li>Yatak e\u011fim a\u00e7\u0131s\u0131n\u0131 ayarlama olana\u011f\u0131<\/li><li>\u0130ki uyku seviyesi<\/li><li>Kolayca \u00e7\u0131kar\u0131labilir d\u00f6\u015feme<\/li><li>Y\u0131kanabilir d\u00f6\u015feme<\/li><li>Aksesuarlar i\u00e7in kapal\u0131 kutu<\/li><li>Yumu\u015fak i\u00e7 kaplama<\/li><li>Nefes alabilen file<\/li><li>Kolay montaj<\/li><li>Katland\u0131\u011f\u0131nda kompakt boyutlar<\/li><li>Sabit yap\u0131<\/li><li>Kolay hareket ettirmek i\u00e7in tekerlekler<\/li><li>Seyahat karyolas\u0131 \u00f6zelli\u011fi<\/li><li>Ebeveyn yata\u011f\u0131na ba\u011flanmak i\u00e7in uzun kay\u0131\u015flarla birlikte gelir<\/li><li>\u015eilte birlikte gelir<\/li><li>Cibinlikle birlikte gelir<\/li><li>15 kg\u2019a kadar<\/li><\/ul><p><strong>\u00dcR\u00dcN A\u011eIRLI\u011eI:<\/strong> 11 kg<\/p><p><strong>BOYUTLAR:<\/strong> 95 cm x 70 cm x 73-98 cm<\/p><p><strong>STANDARTLAR:<\/strong> EN 1130, EN 12227<\/p><p><strong>PAKETLEME BOYUTLARI:<\/strong> 54 cm x 14 cm x 100 cm<\/p><p><strong>MALZEMELER:<\/strong> PE, Al\u00fcminyum-\u00c7elik<\/p><p><strong>\u00dcRET\u0130C\u0130 GARANT\u0130S\u0130:<\/strong> 24 ay<\/p>\n\t\t\t\t\t<\/div>\n\t\t\t\t\t\t<\/div>\n\t\t\t\t<\/div>\n\t\t\t\t<\/div>\n\t\t<div class=\"elementor-element elementor-element-aa013d1 e-con-full e-flex e-con e-child\" data-id=\"aa013d1\" data-element_type=\"container\">\n\t\t\t\t<div class=\"elementor-element elementor-element-6330b4c elementor-widget elementor-widget-wd_image_or_svg\" data-id=\"6330b4c\" data-element_type=\"widget\" data-widget_type=\"wd_image_or_svg.default\">\n\t\t\t\t<div class=\"elementor-widget-container\">\n\t\t\t\t\t\n\t\t<div class=\"wd-image text-center\">\n\t\t\t\t\t\t\t\t<img fetchpriority=\"high\" decoding=\"async\" width=\"512\" height=\"768\" src=\"https:\/\/www.flns.com.tr\/wp-content\/uploads\/2025\/03\/smart-bed-life-style-512x768-1.jpg\" class=\"attachment-full size-full\" alt=\"\" srcset=\"https:\/\/www.flns.com.tr\/wp-content\/uploads\/2025\/03\/smart-bed-life-style-512x768-1.jpg 512w, https:\/\/www.flns.com.tr\/wp-content\/uploads\/2025\/03\/smart-bed-life-style-512x768-1-200x300.jpg 200w, https:\/\/www.flns.com.tr\/wp-content\/uploads\/2025\/03\/smart-bed-life-style-512x768-1-430x645.jpg 430w, https:\/\/www.flns.com.tr\/wp-content\/uploads\/2025\/03\/smart-bed-life-style-512x768-1-150x225.jpg 150w\" sizes=\"(max-width: 512px) 100vw, 512px\" \/>\t\t\t\t\t<\/div>\n\n\t\t\t\t\t\t<\/div>\n\t\t\t\t<\/div>\n\t\t\t\t<\/div>\n\t\t\t\t\t<\/div>\n\t\t\t\t<\/div>\n\t\t<div class=\"wd-negative-gap elementor-element elementor-element-1368277 e-flex e-con-boxed e-con e-parent\" data-id=\"1368277\" data-element_type=\"container\">\n\t\t\t\t\t<div class=\"e-con-inner\">\n\t\t\t\t<div class=\"elementor-element elementor-element-c5ac0d9 elementor-widget elementor-widget-spacer\" data-id=\"c5ac0d9\" data-element_type=\"widget\" data-widget_type=\"spacer.default\">\n\t\t\t\t<div class=\"elementor-widget-container\">\n\t\t\t\t\t\t\t<div class=\"elementor-spacer\">\n\t\t\t<div class=\"elementor-spacer-inner\"><\/div>\n\t\t<\/div>\n\t\t\t\t\t\t<\/div>\n\t\t\t\t<\/div>\n\t\t\t\t<div class=\"elementor-element elementor-element-30bfe62 elementor-widget elementor-widget-wd_text_block\" data-id=\"30bfe62\" data-element_type=\"widget\" data-widget_type=\"wd_text_block.default\">\n\t\t\t\t<div class=\"elementor-widget-container\">\n\t\t\t\t\t\t\t<div class=\"wd-text-block reset-last-child text-left\">\n\t\t\t\n\t\t\t<p>Her \u00e7ocu\u011fun hayat\u0131n\u0131n ilk aylar\u0131nda yak\u0131nl\u0131k ihtiyac\u0131 \u00e7ok g\u00fc\u00e7l\u00fcd\u00fcr. Bu hem bebek hem de sizin i\u00e7in ge\u00e7erlidir.<\/p><p>Bebe\u011finizle ilgilenmenizi ve gece rutinlerinizi yapman\u0131z\u0131 kolayla\u015ft\u0131rmak i\u00e7in, bebe\u011finizin yan\u0131n\u0131zda olmas\u0131n\u0131n konforunu sa\u011flayacak 4'\u00fc 1 arada bir be\u015fik olan MoMi SMART BED \u00e7ocu\u011funuz b\u00fcy\u00fcd\u00fc\u011f\u00fcnde onun ihtiya\u00e7lar\u0131na uyum sa\u011flayacak ve g\u00fcvenli bir oyun park\u0131na d\u00f6n\u00fc\u015fecektir.<\/p><p>* \u00dcr\u00fcn, kullan\u0131m talimatlar\u0131 okunmadan kullan\u0131lmamal\u0131d\u0131r.<\/p>\n\t\t\t\t\t<\/div>\n\t\t\t\t\t\t<\/div>\n\t\t\t\t<\/div>\n\t\t\t\t<div class=\"elementor-element elementor-element-a7c8a64 elementor-widget elementor-widget-spacer\" data-id=\"a7c8a64\" data-element_type=\"widget\" data-widget_type=\"spacer.default\">\n\t\t\t\t<div class=\"elementor-widget-container\">\n\t\t\t\t\t\t\t<div class=\"elementor-spacer\">\n\t\t\t<div class=\"elementor-spacer-inner\"><\/div>\n\t\t<\/div>\n\t\t\t\t\t\t<\/div>\n\t\t\t\t<\/div>\n\t\t\t\t<div class=\"elementor-element elementor-element-84cdd46 elementor-widget elementor-widget-wd_image_or_svg\" data-id=\"84cdd46\" data-element_type=\"widget\" data-widget_type=\"wd_image_or_svg.default\">\n\t\t\t\t<div class=\"elementor-widget-container\">\n\t\t\t\t\t\n\t\t<div class=\"wd-image text-center\">\n\t\t\t\t\t\t\t\t<img decoding=\"async\" width=\"768\" height=\"512\" src=\"https:\/\/www.flns.com.tr\/wp-content\/uploads\/2025\/03\/smart-bed-life-style-768x512-1.jpg\" class=\"attachment-full size-full\" alt=\"\" srcset=\"https:\/\/www.flns.com.tr\/wp-content\/uploads\/2025\/03\/smart-bed-life-style-768x512-1.jpg 768w, https:\/\/www.flns.com.tr\/wp-content\/uploads\/2025\/03\/smart-bed-life-style-768x512-1-400x267.jpg 400w, https:\/\/www.flns.com.tr\/wp-content\/uploads\/2025\/03\/smart-bed-life-style-768x512-1-430x287.jpg 430w, https:\/\/www.flns.com.tr\/wp-content\/uploads\/2025\/03\/smart-bed-life-style-768x512-1-700x467.jpg 700w, https:\/\/www.flns.com.tr\/wp-content\/uploads\/2025\/03\/smart-bed-life-style-768x512-1-150x100.jpg 150w\" sizes=\"(max-width: 768px) 100vw, 768px\" \/>\t\t\t\t\t<\/div>\n\n\t\t\t\t\t\t<\/div>\n\t\t\t\t<\/div>\n\t\t\t\t\t<\/div>\n\t\t\t\t<\/div>\n\t\t\t\t<\/div>\n\t\t","protected":false},"excerpt":{"rendered":"<p>MoMi SMART BED 4in1 be\u015fik \u00e7ok i\u015flevli bir \u00fcr\u00fcnd\u00fcr. \u0130ki uyku y\u00fcksekli\u011fi, katlanabilir yatak i\u015flevi ve oyun park\u0131 vard\u0131r. 4 tekerle\u011fi sayesinde \u00e7ok hareketlidir.<\/p>\n","protected":false},"featured_media":28920,"comment_status":"open","ping_status":"closed","template":"","meta":[],"product_brand":[225],"product_cat":[253],"product_tag":[],"class_list":{"0":"post-28047","1":"product","2":"type-product","3":"status-publish","4":"has-post-thumbnail","6":"product_brand-momi","7":"product_cat-anne_yani_besikleri","9":"first","10":"instock","11":"taxable","12":"shipping-taxable","13":"purchasable","14":"product-type-simple"},"yoast_head":"<!-- This site is optimized with the Yoast SEO plugin v25.1 - https:\/\/yoast.com\/wordpress\/plugins\/seo\/ -->\n<title>MoMI SMART BED 4in1 Anne Yan\u0131 Be\u015fi\u011fi Gri - FLNS<\/title>\n<meta name=\"robots\" content=\"index, follow, max-snippet:-1, max-image-preview:large, max-video-preview:-1\" \/>\n<link rel=\"canonical\" href=\"https:\/\/www.flns.com.tr\/index.php\/urun\/momi-smart-bed-4in1-anne-yani-besigi-gri\/\" \/>\n<meta property=\"og:locale\" content=\"tr_TR\" \/>\n<meta property=\"og:type\" content=\"article\" \/>\n<meta property=\"og:title\" content=\"MoMI SMART BED 4in1 Anne Yan\u0131 Be\u015fi\u011fi Gri - FLNS\" \/>\n<meta property=\"og:description\" content=\"MoMi SMART BED 4in1 be\u015fik \u00e7ok i\u015flevli bir \u00fcr\u00fcnd\u00fcr. \u0130ki uyku y\u00fcksekli\u011fi, katlanabilir yatak i\u015flevi ve oyun park\u0131 vard\u0131r. 4 tekerle\u011fi sayesinde \u00e7ok hareketlidir.\" \/>\n<meta property=\"og:url\" content=\"https:\/\/www.flns.com.tr\/index.php\/urun\/momi-smart-bed-4in1-anne-yani-besigi-gri\/\" \/>\n<meta property=\"og:site_name\" content=\"FLNS\" \/>\n<meta property=\"article:modified_time\" content=\"2025-05-02T13:57:50+00:00\" \/>\n<meta property=\"og:image\" content=\"https:\/\/www.flns.com.tr\/wp-content\/uploads\/2025\/03\/smart-bed-4in1-anne-yani-besigi-gri.jpg\" \/>\n\t<meta property=\"og:image:width\" content=\"1500\" \/>\n\t<meta property=\"og:image:height\" content=\"1500\" \/>\n\t<meta property=\"og:image:type\" content=\"image\/jpeg\" \/>\n<meta name=\"twitter:card\" content=\"summary_large_image\" \/>\n<meta name=\"twitter:label1\" content=\"Tahmini okuma s\u00fcresi\" \/>\n\t<meta name=\"twitter:data1\" content=\"2 dakika\" \/>\n<script type=\"application\/ld+json\" class=\"yoast-schema-graph\">{\"@context\":\"https:\/\/schema.org\",\"@graph\":[{\"@type\":\"WebPage\",\"@id\":\"https:\/\/www.flns.com.tr\/index.php\/urun\/momi-smart-bed-4in1-anne-yani-besigi-gri\/\",\"url\":\"https:\/\/www.flns.com.tr\/index.php\/urun\/momi-smart-bed-4in1-anne-yani-besigi-gri\/\",\"name\":\"MoMI SMART BED 4in1 Anne Yan\u0131 Be\u015fi\u011fi Gri - FLNS\",\"isPartOf\":{\"@id\":\"https:\/\/www.flns.com.tr\/#website\"},\"primaryImageOfPage\":{\"@id\":\"https:\/\/www.flns.com.tr\/index.php\/urun\/momi-smart-bed-4in1-anne-yani-besigi-gri\/#primaryimage\"},\"image\":{\"@id\":\"https:\/\/www.flns.com.tr\/index.php\/urun\/momi-smart-bed-4in1-anne-yani-besigi-gri\/#primaryimage\"},\"thumbnailUrl\":\"https:\/\/www.flns.com.tr\/wp-content\/uploads\/2025\/03\/smart-bed-4in1-anne-yani-besigi-gri.jpg\",\"datePublished\":\"2025-03-25T20:56:45+00:00\",\"dateModified\":\"2025-05-02T13:57:50+00:00\",\"breadcrumb\":{\"@id\":\"https:\/\/www.flns.com.tr\/index.php\/urun\/momi-smart-bed-4in1-anne-yani-besigi-gri\/#breadcrumb\"},\"inLanguage\":\"tr\",\"potentialAction\":[{\"@type\":\"ReadAction\",\"target\":[\"https:\/\/www.flns.com.tr\/index.php\/urun\/momi-smart-bed-4in1-anne-yani-besigi-gri\/\"]}]},{\"@type\":\"ImageObject\",\"inLanguage\":\"tr\",\"@id\":\"https:\/\/www.flns.com.tr\/index.php\/urun\/momi-smart-bed-4in1-anne-yani-besigi-gri\/#primaryimage\",\"url\":\"https:\/\/www.flns.com.tr\/wp-content\/uploads\/2025\/03\/smart-bed-4in1-anne-yani-besigi-gri.jpg\",\"contentUrl\":\"https:\/\/www.flns.com.tr\/wp-content\/uploads\/2025\/03\/smart-bed-4in1-anne-yani-besigi-gri.jpg\",\"width\":1500,\"height\":1500},{\"@type\":\"BreadcrumbList\",\"@id\":\"https:\/\/www.flns.com.tr\/index.php\/urun\/momi-smart-bed-4in1-anne-yani-besigi-gri\/#breadcrumb\",\"itemListElement\":[{\"@type\":\"ListItem\",\"position\":1,\"name\":\"Anasayfa\",\"item\":\"https:\/\/www.flns.com.tr\/\"},{\"@type\":\"ListItem\",\"position\":2,\"name\":\"Ma\u011faza\",\"item\":\"https:\/\/www.flns.com.tr\/index.php\/shop\/\"},{\"@type\":\"ListItem\",\"position\":3,\"name\":\"MoMI SMART BED 4in1 Anne Yan\u0131 Be\u015fi\u011fi Gri\"}]},{\"@type\":\"WebSite\",\"@id\":\"https:\/\/www.flns.com.tr\/#website\",\"url\":\"https:\/\/www.flns.com.tr\/\",\"name\":\"FLNS\",\"description\":\"FUN LOVE NATURE SPORT\",\"publisher\":{\"@id\":\"https:\/\/www.flns.com.tr\/#organization\"},\"potentialAction\":[{\"@type\":\"SearchAction\",\"target\":{\"@type\":\"EntryPoint\",\"urlTemplate\":\"https:\/\/www.flns.com.tr\/?s={search_term_string}\"},\"query-input\":{\"@type\":\"PropertyValueSpecification\",\"valueRequired\":true,\"valueName\":\"search_term_string\"}}],\"inLanguage\":\"tr\"},{\"@type\":\"Organization\",\"@id\":\"https:\/\/www.flns.com.tr\/#organization\",\"name\":\"FLNS\",\"url\":\"https:\/\/www.flns.com.tr\/\",\"logo\":{\"@type\":\"ImageObject\",\"inLanguage\":\"tr\",\"@id\":\"https:\/\/www.flns.com.tr\/#\/schema\/logo\/image\/\",\"url\":\"https:\/\/www.flns.com.tr\/wp-content\/uploads\/2025\/03\/FLNS-LOGO.png\",\"contentUrl\":\"https:\/\/www.flns.com.tr\/wp-content\/uploads\/2025\/03\/FLNS-LOGO.png\",\"width\":4500,\"height\":2892,\"caption\":\"FLNS\"},\"image\":{\"@id\":\"https:\/\/www.flns.com.tr\/#\/schema\/logo\/image\/\"},\"sameAs\":[\"https:\/\/www.instagram.com\/f.l.n.s\"]}]}<\/script>\n<!-- \/ Yoast SEO plugin. -->","yoast_head_json":{"title":"MoMI SMART BED 4in1 Anne Yan\u0131 Be\u015fi\u011fi Gri - FLNS","robots":{"index":"index","follow":"follow","max-snippet":"max-snippet:-1","max-image-preview":"max-image-preview:large","max-video-preview":"max-video-preview:-1"},"canonical":"https:\/\/www.flns.com.tr\/index.php\/urun\/momi-smart-bed-4in1-anne-yani-besigi-gri\/","og_locale":"tr_TR","og_type":"article","og_title":"MoMI SMART BED 4in1 Anne Yan\u0131 Be\u015fi\u011fi Gri - FLNS","og_description":"MoMi SMART BED 4in1 be\u015fik \u00e7ok i\u015flevli bir \u00fcr\u00fcnd\u00fcr. \u0130ki uyku y\u00fcksekli\u011fi, katlanabilir yatak i\u015flevi ve oyun park\u0131 vard\u0131r. 4 tekerle\u011fi sayesinde \u00e7ok hareketlidir.","og_url":"https:\/\/www.flns.com.tr\/index.php\/urun\/momi-smart-bed-4in1-anne-yani-besigi-gri\/","og_site_name":"FLNS","article_modified_time":"2025-05-02T13:57:50+00:00","og_image":[{"width":1500,"height":1500,"url":"https:\/\/www.flns.com.tr\/wp-content\/uploads\/2025\/03\/smart-bed-4in1-anne-yani-besigi-gri.jpg","type":"image\/jpeg"}],"twitter_card":"summary_large_image","twitter_misc":{"Tahmini okuma s\u00fcresi":"2 dakika"},"schema":{"@context":"https:\/\/schema.org","@graph":[{"@type":"WebPage","@id":"https:\/\/www.flns.com.tr\/index.php\/urun\/momi-smart-bed-4in1-anne-yani-besigi-gri\/","url":"https:\/\/www.flns.com.tr\/index.php\/urun\/momi-smart-bed-4in1-anne-yani-besigi-gri\/","name":"MoMI SMART BED 4in1 Anne Yan\u0131 Be\u015fi\u011fi Gri - FLNS","isPartOf":{"@id":"https:\/\/www.flns.com.tr\/#website"},"primaryImageOfPage":{"@id":"https:\/\/www.flns.com.tr\/index.php\/urun\/momi-smart-bed-4in1-anne-yani-besigi-gri\/#primaryimage"},"image":{"@id":"https:\/\/www.flns.com.tr\/index.php\/urun\/momi-smart-bed-4in1-anne-yani-besigi-gri\/#primaryimage"},"thumbnailUrl":"https:\/\/www.flns.com.tr\/wp-content\/uploads\/2025\/03\/smart-bed-4in1-anne-yani-besigi-gri.jpg","datePublished":"2025-03-25T20:56:45+00:00","dateModified":"2025-05-02T13:57:50+00:00","breadcrumb":{"@id":"https:\/\/www.flns.com.tr\/index.php\/urun\/momi-smart-bed-4in1-anne-yani-besigi-gri\/#breadcrumb"},"inLanguage":"tr","potentialAction":[{"@type":"ReadAction","target":["https:\/\/www.flns.com.tr\/index.php\/urun\/momi-smart-bed-4in1-anne-yani-besigi-gri\/"]}]},{"@type":"ImageObject","inLanguage":"tr","@id":"https:\/\/www.flns.com.tr\/index.php\/urun\/momi-smart-bed-4in1-anne-yani-besigi-gri\/#primaryimage","url":"https:\/\/www.flns.com.tr\/wp-content\/uploads\/2025\/03\/smart-bed-4in1-anne-yani-besigi-gri.jpg","contentUrl":"https:\/\/www.flns.com.tr\/wp-content\/uploads\/2025\/03\/smart-bed-4in1-anne-yani-besigi-gri.jpg","width":1500,"height":1500},{"@type":"BreadcrumbList","@id":"https:\/\/www.flns.com.tr\/index.php\/urun\/momi-smart-bed-4in1-anne-yani-besigi-gri\/#breadcrumb","itemListElement":[{"@type":"ListItem","position":1,"name":"Anasayfa","item":"https:\/\/www.flns.com.tr\/"},{"@type":"ListItem","position":2,"name":"Ma\u011faza","item":"https:\/\/www.flns.com.tr\/index.php\/shop\/"},{"@type":"ListItem","position":3,"name":"MoMI SMART BED 4in1 Anne Yan\u0131 Be\u015fi\u011fi Gri"}]},{"@type":"WebSite","@id":"https:\/\/www.flns.com.tr\/#website","url":"https:\/\/www.flns.com.tr\/","name":"FLNS","description":"FUN LOVE NATURE SPORT","publisher":{"@id":"https:\/\/www.flns.com.tr\/#organization"},"potentialAction":[{"@type":"SearchAction","target":{"@type":"EntryPoint","urlTemplate":"https:\/\/www.flns.com.tr\/?s={search_term_string}"},"query-input":{"@type":"PropertyValueSpecification","valueRequired":true,"valueName":"search_term_string"}}],"inLanguage":"tr"},{"@type":"Organization","@id":"https:\/\/www.flns.com.tr\/#organization","name":"FLNS","url":"https:\/\/www.flns.com.tr\/","logo":{"@type":"ImageObject","inLanguage":"tr","@id":"https:\/\/www.flns.com.tr\/#\/schema\/logo\/image\/","url":"https:\/\/www.flns.com.tr\/wp-content\/uploads\/2025\/03\/FLNS-LOGO.png","contentUrl":"https:\/\/www.flns.com.tr\/wp-content\/uploads\/2025\/03\/FLNS-LOGO.png","width":4500,"height":2892,"caption":"FLNS"},"image":{"@id":"https:\/\/www.flns.com.tr\/#\/schema\/logo\/image\/"},"sameAs":["https:\/\/www.instagram.com\/f.l.n.s"]}]}},"_links":{"self":[{"href":"https:\/\/www.flns.com.tr\/index.php\/wp-json\/wp\/v2\/product\/28047","targetHints":{"allow":["GET"]}}],"collection":[{"href":"https:\/\/www.flns.com.tr\/index.php\/wp-json\/wp\/v2\/product"}],"about":[{"href":"https:\/\/www.flns.com.tr\/index.php\/wp-json\/wp\/v2\/types\/product"}],"replies":[{"embeddable":true,"href":"https:\/\/www.flns.com.tr\/index.php\/wp-json\/wp\/v2\/comments?post=28047"}],"version-history":[{"count":17,"href":"https:\/\/www.flns.com.tr\/index.php\/wp-json\/wp\/v2\/product\/28047\/revisions"}],"predecessor-version":[{"id":31150,"href":"https:\/\/www.flns.com.tr\/index.php\/wp-json\/wp\/v2\/product\/28047\/revisions\/31150"}],"wp:featuredmedia":[{"embeddable":true,"href":"https:\/\/www.flns.com.tr\/index.php\/wp-json\/wp\/v2\/media\/28920"}],"wp:attachment":[{"href":"https:\/\/www.flns.com.tr\/index.php\/wp-json\/wp\/v2\/media?parent=28047"}],"wp:term":[{"taxonomy":"product_brand","embeddable":true,"href":"https:\/\/www.flns.com.tr\/index.php\/wp-json\/wp\/v2\/product_brand?post=28047"},{"taxonomy":"product_cat","embeddable":true,"href":"https:\/\/www.flns.com.tr\/index.php\/wp-json\/wp\/v2\/product_cat?post=28047"},{"taxonomy":"product_tag","embeddable":true,"href":"https:\/\/www.flns.com.tr\/index.php\/wp-json\/wp\/v2\/product_tag?post=28047"}],"curies":[{"name":"wp","href":"https:\/\/api.w.org\/{rel}","templated":true}]}}