{"id":28061,"date":"2025-03-25T23:56:47","date_gmt":"2025-03-25T20:56:47","guid":{"rendered":"https:\/\/www.flns.com.tr\/index.php\/urun\/qkids-galaxy-kaykay-lacivert\/"},"modified":"2025-04-14T16:46:02","modified_gmt":"2025-04-14T13:46:02","slug":"qkids-galaxy-kaykay-lacivert","status":"publish","type":"product","link":"https:\/\/www.flns.com.tr\/index.php\/urun\/qkids-galaxy-kaykay-lacivert\/","title":{"rendered":"QKIDS GALAXY Kaykay Lacivert"},"content":{"rendered":"\t\t<div data-elementor-type=\"wp-post\" data-elementor-id=\"28061\" class=\"elementor elementor-28061\">\n\t\t\t\t<div class=\"wd-negative-gap elementor-element elementor-element-dc4bcbf e-flex e-con-boxed e-con e-parent\" data-id=\"dc4bcbf\" data-element_type=\"container\">\n\t\t\t\t\t<div class=\"e-con-inner\">\n\t\t<div class=\"elementor-element elementor-element-68299e1 e-con-full e-flex e-con e-child\" data-id=\"68299e1\" data-element_type=\"container\">\n\t\t\t\t<div class=\"elementor-element elementor-element-9c55ed9 elementor-widget elementor-widget-wd_text_block\" data-id=\"9c55ed9\" data-element_type=\"widget\" data-widget_type=\"wd_text_block.default\">\n\t\t\t\t<div class=\"elementor-widget-container\">\n\t\t\t\t\t\t\t<div class=\"wd-text-block reset-last-child text-left\">\n\t\t\t\n\t\t\t<p><strong>\u00dcR\u00dcN \u00d6ZELL\u0130KLER\u0130:<\/strong><\/p><p>- Sa\u011flam ve hafif al\u00fcminyum yap\u0131<\/p><p>- Kaykay taban\u0131 sert ve k\u0131r\u0131lmaya dayan\u0131kl\u0131 malzemeden \u00fcretilmi\u015ftir.<\/p><p>- Platform kaymay\u0131 \u00f6nleyici \u00f6zelli\u011fe sahiptir. \u00dczerine yerle\u015ftirilen \u0131zgara baca\u011f\u0131n kaymas\u0131n\u0131 \u00f6nleyerek s\u00fcr\u00fc\u015f g\u00fcvenli\u011fini artt\u0131r\u0131r.<\/p><p>- Darbe emici kau\u00e7uk kar\u0131\u015f\u0131m\u0131 poli\u00fcretan plastikten yap\u0131lm\u0131\u015f tekerlekler, d\u00fczg\u00fcn bir s\u00fcr\u00fc\u015f sa\u011flar ve bozuk yollarda konfor sunar.<\/p><p>- ABEC-9 Y\u00dcKSELTME VERS\u0130YONU 2022 rulmanlar, ekstrem s\u00fcr\u00fc\u015flere bile uygun, kaykay\u0131n daha kolay yuvarlanmas\u0131n\u0131 sa\u011flayan geli\u015ftirilmi\u015f versiyon.<\/p><p>- \"Fish\" kaykay\u0131, ekipmanlar\u0131n\u0131 her zaman yan\u0131nda ta\u015f\u0131mak isteyenler i\u00e7in ideal, k\u00fc\u00e7\u00fck ve kullan\u0131\u015fl\u0131 bir kaykayd\u0131r.<\/p><p>- GALAXY kaykay benzersiz bir tasar\u0131ma ve s\u0131ra d\u0131\u015f\u0131 grafiklere sahip!<\/p><p>- 50 kg'a kadar.<\/p>\n\t\t\t\t\t<\/div>\n\t\t\t\t\t\t<\/div>\n\t\t\t\t<\/div>\n\t\t\t\t<\/div>\n\t\t<div class=\"elementor-element elementor-element-bffe021 e-con-full e-flex e-con e-child\" data-id=\"bffe021\" data-element_type=\"container\">\n\t\t\t\t<div class=\"elementor-element elementor-element-883525c elementor-widget elementor-widget-wd_image_or_svg\" data-id=\"883525c\" data-element_type=\"widget\" data-widget_type=\"wd_image_or_svg.default\">\n\t\t\t\t<div class=\"elementor-widget-container\">\n\t\t\t\t\t\n\t\t<div class=\"wd-image text-center\">\n\t\t\t\t\t\t\t\t<img fetchpriority=\"high\" decoding=\"async\" width=\"512\" height=\"768\" src=\"https:\/\/www.flns.com.tr\/wp-content\/uploads\/2025\/03\/galaxy-life-style-512x768-1.jpg\" class=\"attachment-full size-full\" alt=\"\" srcset=\"https:\/\/www.flns.com.tr\/wp-content\/uploads\/2025\/03\/galaxy-life-style-512x768-1.jpg 512w, https:\/\/www.flns.com.tr\/wp-content\/uploads\/2025\/03\/galaxy-life-style-512x768-1-200x300.jpg 200w, https:\/\/www.flns.com.tr\/wp-content\/uploads\/2025\/03\/galaxy-life-style-512x768-1-430x645.jpg 430w, https:\/\/www.flns.com.tr\/wp-content\/uploads\/2025\/03\/galaxy-life-style-512x768-1-150x225.jpg 150w\" sizes=\"(max-width: 512px) 100vw, 512px\" \/>\t\t\t\t\t<\/div>\n\n\t\t\t\t\t\t<\/div>\n\t\t\t\t<\/div>\n\t\t\t\t<\/div>\n\t\t\t\t\t<\/div>\n\t\t\t\t<\/div>\n\t\t<div class=\"wd-negative-gap elementor-element elementor-element-4010141 e-flex e-con-boxed e-con e-parent\" data-id=\"4010141\" data-element_type=\"container\">\n\t\t\t\t\t<div class=\"e-con-inner\">\n\t\t\t\t<div class=\"elementor-element elementor-element-c1dfa4f elementor-widget elementor-widget-wd_text_block\" data-id=\"c1dfa4f\" data-element_type=\"widget\" data-widget_type=\"wd_text_block.default\">\n\t\t\t\t<div class=\"elementor-widget-container\">\n\t\t\t\t\t\t\t<div class=\"wd-text-block reset-last-child text-left\">\n\t\t\t\n\t\t\t<p>Kaykay\u0131n bir\u00e7ok faydas\u0131 var! V\u00fccudunuzu ve kondisyonunuzu nas\u0131l etkiledi\u011fini biliyor musunuz?<\/p><ol><li>Kaykay kullanmak s\u00fcrekli dengeyi koruma ihtiyac\u0131n\u0131 beraberinde getirir. Koordinasyonunuzu geli\u015ftirirsiniz ve v\u00fccudunuzun verimlili\u011fini de art\u0131r\u0131rs\u0131n\u0131z.<\/li><li>Kaykay yapmak formda kalmak i\u00e7in harika bir fikir! Bir saat kaykay yapman\u0131n 300 kaloriye kadar yakt\u0131\u011f\u0131n\u0131 biliyor muydunuz?<\/li><li>Kaykay yapmak kaslar\u0131n\u0131z\u0131 g\u00fc\u00e7lendirmenin de harika bir yoludur! \u00d6zellikle bacak ve g\u00f6bek!<\/li><li>Kaykay \u00fczerinde ilk ad\u0131mlar\u0131n\u0131z\u0131 atmak \u00e7ok fazla konsantrasyon gerektirir. Bu aktivite \u015fekli sayesinde konsantrasyonunuzu ve sabr\u0131n\u0131z\u0131 da geli\u015ftirmi\u015f olursunuz!<\/li><li>Zaten deneyimli bir yar\u0131\u015fmac\u0131 m\u0131s\u0131n\u0131z? Baz\u0131 hareketleri yapabilmek i\u00e7in defalarca s\u0131n\u0131rlar\u0131n\u0131z\u0131 zorlaman\u0131z gerekti\u011fini \u00e7ok iyi biliyorsunuz. Kaykay ayn\u0131 zamanda kendi engellerinizi ve korkular\u0131n\u0131z\u0131 a\u015fman\u0131n da harika bir yoludur!<\/li><\/ol><p>Neden \u201cfish\u201d tipi kaykay se\u00e7melisiniz?<\/p><p>\u00c7\u00fcnk\u00fc bu herkes i\u00e7in m\u00fckemmel bir ekipman! Hem yeni ba\u015flayanlar hem de ileri seviyedeki oyuncular keyif alacakt\u0131r. Ayr\u0131ca s\u00fcper hafif ve k\u00fc\u00e7\u00fck boyutludur. B\u00f6ylece GALAXY kaykay\u0131n\u0131z her zaman yan\u0131n\u0131zda, her zaman aksiyona haz\u0131r olabilir!<\/p>\n\t\t\t\t\t<\/div>\n\t\t\t\t\t\t<\/div>\n\t\t\t\t<\/div>\n\t\t\t\t<div class=\"elementor-element elementor-element-204f486 elementor-widget elementor-widget-spacer\" data-id=\"204f486\" data-element_type=\"widget\" data-widget_type=\"spacer.default\">\n\t\t\t\t<div class=\"elementor-widget-container\">\n\t\t\t\t\t\t\t<div class=\"elementor-spacer\">\n\t\t\t<div class=\"elementor-spacer-inner\"><\/div>\n\t\t<\/div>\n\t\t\t\t\t\t<\/div>\n\t\t\t\t<\/div>\n\t\t\t\t<div class=\"elementor-element elementor-element-238c60a elementor-widget elementor-widget-wd_image_or_svg\" data-id=\"238c60a\" data-element_type=\"widget\" data-widget_type=\"wd_image_or_svg.default\">\n\t\t\t\t<div class=\"elementor-widget-container\">\n\t\t\t\t\t\n\t\t<div class=\"wd-image text-center\">\n\t\t\t\t\t\t\t\t<img decoding=\"async\" width=\"768\" height=\"512\" src=\"https:\/\/www.flns.com.tr\/wp-content\/uploads\/2025\/03\/galaxy-life-style-768x512-1.jpg\" class=\"attachment-full size-full\" alt=\"\" srcset=\"https:\/\/www.flns.com.tr\/wp-content\/uploads\/2025\/03\/galaxy-life-style-768x512-1.jpg 768w, https:\/\/www.flns.com.tr\/wp-content\/uploads\/2025\/03\/galaxy-life-style-768x512-1-400x267.jpg 400w, https:\/\/www.flns.com.tr\/wp-content\/uploads\/2025\/03\/galaxy-life-style-768x512-1-430x287.jpg 430w, https:\/\/www.flns.com.tr\/wp-content\/uploads\/2025\/03\/galaxy-life-style-768x512-1-700x467.jpg 700w, https:\/\/www.flns.com.tr\/wp-content\/uploads\/2025\/03\/galaxy-life-style-768x512-1-150x100.jpg 150w\" sizes=\"(max-width: 768px) 100vw, 768px\" \/>\t\t\t\t\t<\/div>\n\n\t\t\t\t\t\t<\/div>\n\t\t\t\t<\/div>\n\t\t\t\t\t<\/div>\n\t\t\t\t<\/div>\n\t\t\t\t<\/div>\n\t\t","protected":false},"excerpt":{"rendered":"<p>Kaykay \u00e7ok fazla beceri, m\u00fckemmel koordinasyon ve sa\u011flam kondisyon gerektiren e\u015fsiz bir aktivitedir.<\/p>\n<p>Hem bu spora yeni ba\u015flayanlar hem de deneyimli kaykayc\u0131lar i\u00e7in m\u00fckemmel bir \u00fcr\u00fcn QKids GALAXY !<\/p>\n<p style=\"text-align: center;\"><strong>D\u0130\u011eER SE\u00c7ENEKLER<\/strong><\/p>\n<p style=\"text-align: center;\"><a href=\"\/index.php\/urun\/momi-kenani-dlx-otomatik-ana-kucagi-acik-gri\/\">\u00a0<\/a> <a href=\"\/index.php\/urun\/qkids-galaxy-kaykay-acik-mavi\/\"><img decoding=\"async\" class=\"alignnone wp-image-29209\" src=\"https:\/\/www.flns.com.tr\/wp-content\/themes\/woodmart\/images\/lazy.svg\" data-src=\"https:\/\/www.flns.com.tr\/wp-content\/uploads\/2025\/03\/galaxy-kaykay-acik-mavi-300x300.jpg\" alt=\"\" width=\"100\" height=\"100\" srcset=\"\" data-srcset=\"https:\/\/www.flns.com.tr\/wp-content\/uploads\/2025\/03\/galaxy-kaykay-acik-mavi-300x300.jpg 300w, https:\/\/www.flns.com.tr\/wp-content\/uploads\/2025\/03\/galaxy-kaykay-acik-mavi-800x800.jpg 800w, https:\/\/www.flns.com.tr\/wp-content\/uploads\/2025\/03\/galaxy-kaykay-acik-mavi-150x150.jpg 150w, https:\/\/www.flns.com.tr\/wp-content\/uploads\/2025\/03\/galaxy-kaykay-acik-mavi-768x768.jpg 768w, https:\/\/www.flns.com.tr\/wp-content\/uploads\/2025\/03\/galaxy-kaykay-acik-mavi-430x430.jpg 430w, https:\/\/www.flns.com.tr\/wp-content\/uploads\/2025\/03\/galaxy-kaykay-acik-mavi-700x700.jpg 700w, https:\/\/www.flns.com.tr\/wp-content\/uploads\/2025\/03\/galaxy-kaykay-acik-mavi.jpg 1500w\" sizes=\"(max-width: 100px) 100vw, 100px\" \/><\/a><a href=\"\/index.php\/urun\/qkids-galaxy-kaykay-industrial\/\"><img loading=\"lazy\" decoding=\"async\" class=\"alignnone wp-image-29234\" src=\"https:\/\/www.flns.com.tr\/wp-content\/themes\/woodmart\/images\/lazy.svg\" data-src=\"https:\/\/www.flns.com.tr\/wp-content\/uploads\/2025\/03\/galaxy-kaykay-industrial-4-300x300.jpg\" alt=\"\" width=\"100\" height=\"100\" srcset=\"\" data-srcset=\"https:\/\/www.flns.com.tr\/wp-content\/uploads\/2025\/03\/galaxy-kaykay-industrial-4-300x300.jpg 300w, https:\/\/www.flns.com.tr\/wp-content\/uploads\/2025\/03\/galaxy-kaykay-industrial-4-800x800.jpg 800w, https:\/\/www.flns.com.tr\/wp-content\/uploads\/2025\/03\/galaxy-kaykay-industrial-4-150x150.jpg 150w, https:\/\/www.flns.com.tr\/wp-content\/uploads\/2025\/03\/galaxy-kaykay-industrial-4-768x768.jpg 768w, https:\/\/www.flns.com.tr\/wp-content\/uploads\/2025\/03\/galaxy-kaykay-industrial-4-430x430.jpg 430w, https:\/\/www.flns.com.tr\/wp-content\/uploads\/2025\/03\/galaxy-kaykay-industrial-4-700x700.jpg 700w, https:\/\/www.flns.com.tr\/wp-content\/uploads\/2025\/03\/galaxy-kaykay-industrial-4.jpg 1500w\" sizes=\"(max-width: 100px) 100vw, 100px\" \/><\/a> <a href=\"\/index.php\/urun\/qkids-galaxy-kaykay-limon\/\"><img loading=\"lazy\" decoding=\"async\" class=\"alignnone wp-image-29219\" src=\"https:\/\/www.flns.com.tr\/wp-content\/themes\/woodmart\/images\/lazy.svg\" data-src=\"https:\/\/www.flns.com.tr\/wp-content\/uploads\/2025\/03\/galaxy-kaykay-limon-300x300.jpg\" alt=\"\" width=\"100\" height=\"100\" srcset=\"\" data-srcset=\"https:\/\/www.flns.com.tr\/wp-content\/uploads\/2025\/03\/galaxy-kaykay-limon-300x300.jpg 300w, https:\/\/www.flns.com.tr\/wp-content\/uploads\/2025\/03\/galaxy-kaykay-limon-800x800.jpg 800w, https:\/\/www.flns.com.tr\/wp-content\/uploads\/2025\/03\/galaxy-kaykay-limon-150x150.jpg 150w, https:\/\/www.flns.com.tr\/wp-content\/uploads\/2025\/03\/galaxy-kaykay-limon-768x768.jpg 768w, https:\/\/www.flns.com.tr\/wp-content\/uploads\/2025\/03\/galaxy-kaykay-limon-430x430.jpg 430w, https:\/\/www.flns.com.tr\/wp-content\/uploads\/2025\/03\/galaxy-kaykay-limon-700x700.jpg 700w, https:\/\/www.flns.com.tr\/wp-content\/uploads\/2025\/03\/galaxy-kaykay-limon.jpg 1500w\" sizes=\"(max-width: 100px) 100vw, 100px\" \/><\/a><a href=\"https:\/\/www.flns.com.tr\/index.php\/urun\/qkids-galaxy-kaykay-spaceman\/\"><img loading=\"lazy\" decoding=\"async\" class=\"alignnone wp-image-29228\" src=\"https:\/\/www.flns.com.tr\/wp-content\/themes\/woodmart\/images\/lazy.svg\" data-src=\"https:\/\/www.flns.com.tr\/wp-content\/uploads\/2025\/03\/galaxy-kaykay-spaceman-4-300x300.jpg\" alt=\"\" width=\"100\" height=\"100\" srcset=\"\" data-srcset=\"https:\/\/www.flns.com.tr\/wp-content\/uploads\/2025\/03\/galaxy-kaykay-spaceman-4-300x300.jpg 300w, https:\/\/www.flns.com.tr\/wp-content\/uploads\/2025\/03\/galaxy-kaykay-spaceman-4-800x800.jpg 800w, https:\/\/www.flns.com.tr\/wp-content\/uploads\/2025\/03\/galaxy-kaykay-spaceman-4-150x150.jpg 150w, https:\/\/www.flns.com.tr\/wp-content\/uploads\/2025\/03\/galaxy-kaykay-spaceman-4-768x768.jpg 768w, https:\/\/www.flns.com.tr\/wp-content\/uploads\/2025\/03\/galaxy-kaykay-spaceman-4-430x430.jpg 430w, https:\/\/www.flns.com.tr\/wp-content\/uploads\/2025\/03\/galaxy-kaykay-spaceman-4-700x700.jpg 700w, https:\/\/www.flns.com.tr\/wp-content\/uploads\/2025\/03\/galaxy-kaykay-spaceman-4.jpg 1500w\" sizes=\"(max-width: 100px) 100vw, 100px\" \/><\/a><\/p>\n","protected":false},"featured_media":29214,"comment_status":"open","ping_status":"closed","template":"","meta":[],"product_brand":[278],"product_cat":[274],"product_tag":[],"class_list":{"0":"post-28061","1":"product","2":"type-product","3":"status-publish","4":"has-post-thumbnail","6":"product_brand-qkids","7":"product_cat-scooter-ve-kaykaylar","9":"first","10":"instock","11":"taxable","12":"shipping-taxable","13":"purchasable","14":"product-type-simple"},"yoast_head":"<!-- This site is optimized with the Yoast SEO plugin v25.1 - https:\/\/yoast.com\/wordpress\/plugins\/seo\/ -->\n<title>QKIDS GALAXY Kaykay Lacivert - FLNS<\/title>\n<meta name=\"robots\" content=\"index, follow, max-snippet:-1, max-image-preview:large, max-video-preview:-1\" \/>\n<link rel=\"canonical\" href=\"https:\/\/www.flns.com.tr\/index.php\/urun\/qkids-galaxy-kaykay-lacivert\/\" \/>\n<meta property=\"og:locale\" content=\"tr_TR\" \/>\n<meta property=\"og:type\" content=\"article\" \/>\n<meta property=\"og:title\" content=\"QKIDS GALAXY Kaykay Lacivert - FLNS\" \/>\n<meta property=\"og:description\" content=\"Kaykay \u00e7ok fazla beceri, m\u00fckemmel koordinasyon ve sa\u011flam kondisyon gerektiren e\u015fsiz bir aktivitedir.  Hem bu spora yeni ba\u015flayanlar hem de deneyimli kaykayc\u0131lar i\u00e7in m\u00fckemmel bir \u00fcr\u00fcn QKids GALAXY ! D\u0130\u011eER SE\u00c7ENEKLER \u00a0\" \/>\n<meta property=\"og:url\" content=\"https:\/\/www.flns.com.tr\/index.php\/urun\/qkids-galaxy-kaykay-lacivert\/\" \/>\n<meta property=\"og:site_name\" content=\"FLNS\" \/>\n<meta property=\"article:modified_time\" content=\"2025-04-14T13:46:02+00:00\" \/>\n<meta property=\"og:image\" content=\"https:\/\/www.flns.com.tr\/wp-content\/uploads\/2025\/03\/galaxy-kaykay-lacivert.jpg\" \/>\n\t<meta property=\"og:image:width\" content=\"1500\" \/>\n\t<meta property=\"og:image:height\" content=\"1500\" \/>\n\t<meta property=\"og:image:type\" content=\"image\/jpeg\" \/>\n<meta name=\"twitter:card\" content=\"summary_large_image\" \/>\n<meta name=\"twitter:label1\" content=\"Tahmini okuma s\u00fcresi\" \/>\n\t<meta name=\"twitter:data1\" content=\"2 dakika\" \/>\n<script type=\"application\/ld+json\" class=\"yoast-schema-graph\">{\"@context\":\"https:\/\/schema.org\",\"@graph\":[{\"@type\":\"WebPage\",\"@id\":\"https:\/\/www.flns.com.tr\/index.php\/urun\/qkids-galaxy-kaykay-lacivert\/\",\"url\":\"https:\/\/www.flns.com.tr\/index.php\/urun\/qkids-galaxy-kaykay-lacivert\/\",\"name\":\"QKIDS GALAXY Kaykay Lacivert - FLNS\",\"isPartOf\":{\"@id\":\"https:\/\/www.flns.com.tr\/#website\"},\"primaryImageOfPage\":{\"@id\":\"https:\/\/www.flns.com.tr\/index.php\/urun\/qkids-galaxy-kaykay-lacivert\/#primaryimage\"},\"image\":{\"@id\":\"https:\/\/www.flns.com.tr\/index.php\/urun\/qkids-galaxy-kaykay-lacivert\/#primaryimage\"},\"thumbnailUrl\":\"https:\/\/www.flns.com.tr\/wp-content\/uploads\/2025\/03\/galaxy-kaykay-lacivert.jpg\",\"datePublished\":\"2025-03-25T20:56:47+00:00\",\"dateModified\":\"2025-04-14T13:46:02+00:00\",\"breadcrumb\":{\"@id\":\"https:\/\/www.flns.com.tr\/index.php\/urun\/qkids-galaxy-kaykay-lacivert\/#breadcrumb\"},\"inLanguage\":\"tr\",\"potentialAction\":[{\"@type\":\"ReadAction\",\"target\":[\"https:\/\/www.flns.com.tr\/index.php\/urun\/qkids-galaxy-kaykay-lacivert\/\"]}]},{\"@type\":\"ImageObject\",\"inLanguage\":\"tr\",\"@id\":\"https:\/\/www.flns.com.tr\/index.php\/urun\/qkids-galaxy-kaykay-lacivert\/#primaryimage\",\"url\":\"https:\/\/www.flns.com.tr\/wp-content\/uploads\/2025\/03\/galaxy-kaykay-lacivert.jpg\",\"contentUrl\":\"https:\/\/www.flns.com.tr\/wp-content\/uploads\/2025\/03\/galaxy-kaykay-lacivert.jpg\",\"width\":1500,\"height\":1500},{\"@type\":\"BreadcrumbList\",\"@id\":\"https:\/\/www.flns.com.tr\/index.php\/urun\/qkids-galaxy-kaykay-lacivert\/#breadcrumb\",\"itemListElement\":[{\"@type\":\"ListItem\",\"position\":1,\"name\":\"Anasayfa\",\"item\":\"https:\/\/www.flns.com.tr\/\"},{\"@type\":\"ListItem\",\"position\":2,\"name\":\"Ma\u011faza\",\"item\":\"https:\/\/www.flns.com.tr\/index.php\/shop\/\"},{\"@type\":\"ListItem\",\"position\":3,\"name\":\"QKIDS GALAXY Kaykay Lacivert\"}]},{\"@type\":\"WebSite\",\"@id\":\"https:\/\/www.flns.com.tr\/#website\",\"url\":\"https:\/\/www.flns.com.tr\/\",\"name\":\"FLNS\",\"description\":\"FUN LOVE NATURE SPORT\",\"publisher\":{\"@id\":\"https:\/\/www.flns.com.tr\/#organization\"},\"potentialAction\":[{\"@type\":\"SearchAction\",\"target\":{\"@type\":\"EntryPoint\",\"urlTemplate\":\"https:\/\/www.flns.com.tr\/?s={search_term_string}\"},\"query-input\":{\"@type\":\"PropertyValueSpecification\",\"valueRequired\":true,\"valueName\":\"search_term_string\"}}],\"inLanguage\":\"tr\"},{\"@type\":\"Organization\",\"@id\":\"https:\/\/www.flns.com.tr\/#organization\",\"name\":\"FLNS\",\"url\":\"https:\/\/www.flns.com.tr\/\",\"logo\":{\"@type\":\"ImageObject\",\"inLanguage\":\"tr\",\"@id\":\"https:\/\/www.flns.com.tr\/#\/schema\/logo\/image\/\",\"url\":\"https:\/\/www.flns.com.tr\/wp-content\/uploads\/2025\/03\/FLNS-LOGO.png\",\"contentUrl\":\"https:\/\/www.flns.com.tr\/wp-content\/uploads\/2025\/03\/FLNS-LOGO.png\",\"width\":4500,\"height\":2892,\"caption\":\"FLNS\"},\"image\":{\"@id\":\"https:\/\/www.flns.com.tr\/#\/schema\/logo\/image\/\"},\"sameAs\":[\"https:\/\/www.instagram.com\/f.l.n.s\"]}]}<\/script>\n<!-- \/ Yoast SEO plugin. -->","yoast_head_json":{"title":"QKIDS GALAXY Kaykay Lacivert - FLNS","robots":{"index":"index","follow":"follow","max-snippet":"max-snippet:-1","max-image-preview":"max-image-preview:large","max-video-preview":"max-video-preview:-1"},"canonical":"https:\/\/www.flns.com.tr\/index.php\/urun\/qkids-galaxy-kaykay-lacivert\/","og_locale":"tr_TR","og_type":"article","og_title":"QKIDS GALAXY Kaykay Lacivert - FLNS","og_description":"Kaykay \u00e7ok fazla beceri, m\u00fckemmel koordinasyon ve sa\u011flam kondisyon gerektiren e\u015fsiz bir aktivitedir.  Hem bu spora yeni ba\u015flayanlar hem de deneyimli kaykayc\u0131lar i\u00e7in m\u00fckemmel bir \u00fcr\u00fcn QKids GALAXY ! D\u0130\u011eER SE\u00c7ENEKLER \u00a0","og_url":"https:\/\/www.flns.com.tr\/index.php\/urun\/qkids-galaxy-kaykay-lacivert\/","og_site_name":"FLNS","article_modified_time":"2025-04-14T13:46:02+00:00","og_image":[{"width":1500,"height":1500,"url":"https:\/\/www.flns.com.tr\/wp-content\/uploads\/2025\/03\/galaxy-kaykay-lacivert.jpg","type":"image\/jpeg"}],"twitter_card":"summary_large_image","twitter_misc":{"Tahmini okuma s\u00fcresi":"2 dakika"},"schema":{"@context":"https:\/\/schema.org","@graph":[{"@type":"WebPage","@id":"https:\/\/www.flns.com.tr\/index.php\/urun\/qkids-galaxy-kaykay-lacivert\/","url":"https:\/\/www.flns.com.tr\/index.php\/urun\/qkids-galaxy-kaykay-lacivert\/","name":"QKIDS GALAXY Kaykay Lacivert - FLNS","isPartOf":{"@id":"https:\/\/www.flns.com.tr\/#website"},"primaryImageOfPage":{"@id":"https:\/\/www.flns.com.tr\/index.php\/urun\/qkids-galaxy-kaykay-lacivert\/#primaryimage"},"image":{"@id":"https:\/\/www.flns.com.tr\/index.php\/urun\/qkids-galaxy-kaykay-lacivert\/#primaryimage"},"thumbnailUrl":"https:\/\/www.flns.com.tr\/wp-content\/uploads\/2025\/03\/galaxy-kaykay-lacivert.jpg","datePublished":"2025-03-25T20:56:47+00:00","dateModified":"2025-04-14T13:46:02+00:00","breadcrumb":{"@id":"https:\/\/www.flns.com.tr\/index.php\/urun\/qkids-galaxy-kaykay-lacivert\/#breadcrumb"},"inLanguage":"tr","potentialAction":[{"@type":"ReadAction","target":["https:\/\/www.flns.com.tr\/index.php\/urun\/qkids-galaxy-kaykay-lacivert\/"]}]},{"@type":"ImageObject","inLanguage":"tr","@id":"https:\/\/www.flns.com.tr\/index.php\/urun\/qkids-galaxy-kaykay-lacivert\/#primaryimage","url":"https:\/\/www.flns.com.tr\/wp-content\/uploads\/2025\/03\/galaxy-kaykay-lacivert.jpg","contentUrl":"https:\/\/www.flns.com.tr\/wp-content\/uploads\/2025\/03\/galaxy-kaykay-lacivert.jpg","width":1500,"height":1500},{"@type":"BreadcrumbList","@id":"https:\/\/www.flns.com.tr\/index.php\/urun\/qkids-galaxy-kaykay-lacivert\/#breadcrumb","itemListElement":[{"@type":"ListItem","position":1,"name":"Anasayfa","item":"https:\/\/www.flns.com.tr\/"},{"@type":"ListItem","position":2,"name":"Ma\u011faza","item":"https:\/\/www.flns.com.tr\/index.php\/shop\/"},{"@type":"ListItem","position":3,"name":"QKIDS GALAXY Kaykay Lacivert"}]},{"@type":"WebSite","@id":"https:\/\/www.flns.com.tr\/#website","url":"https:\/\/www.flns.com.tr\/","name":"FLNS","description":"FUN LOVE NATURE SPORT","publisher":{"@id":"https:\/\/www.flns.com.tr\/#organization"},"potentialAction":[{"@type":"SearchAction","target":{"@type":"EntryPoint","urlTemplate":"https:\/\/www.flns.com.tr\/?s={search_term_string}"},"query-input":{"@type":"PropertyValueSpecification","valueRequired":true,"valueName":"search_term_string"}}],"inLanguage":"tr"},{"@type":"Organization","@id":"https:\/\/www.flns.com.tr\/#organization","name":"FLNS","url":"https:\/\/www.flns.com.tr\/","logo":{"@type":"ImageObject","inLanguage":"tr","@id":"https:\/\/www.flns.com.tr\/#\/schema\/logo\/image\/","url":"https:\/\/www.flns.com.tr\/wp-content\/uploads\/2025\/03\/FLNS-LOGO.png","contentUrl":"https:\/\/www.flns.com.tr\/wp-content\/uploads\/2025\/03\/FLNS-LOGO.png","width":4500,"height":2892,"caption":"FLNS"},"image":{"@id":"https:\/\/www.flns.com.tr\/#\/schema\/logo\/image\/"},"sameAs":["https:\/\/www.instagram.com\/f.l.n.s"]}]}},"_links":{"self":[{"href":"https:\/\/www.flns.com.tr\/index.php\/wp-json\/wp\/v2\/product\/28061","targetHints":{"allow":["GET"]}}],"collection":[{"href":"https:\/\/www.flns.com.tr\/index.php\/wp-json\/wp\/v2\/product"}],"about":[{"href":"https:\/\/www.flns.com.tr\/index.php\/wp-json\/wp\/v2\/types\/product"}],"replies":[{"embeddable":true,"href":"https:\/\/www.flns.com.tr\/index.php\/wp-json\/wp\/v2\/comments?post=28061"}],"version-history":[{"count":16,"href":"https:\/\/www.flns.com.tr\/index.php\/wp-json\/wp\/v2\/product\/28061\/revisions"}],"predecessor-version":[{"id":30421,"href":"https:\/\/www.flns.com.tr\/index.php\/wp-json\/wp\/v2\/product\/28061\/revisions\/30421"}],"wp:featuredmedia":[{"embeddable":true,"href":"https:\/\/www.flns.com.tr\/index.php\/wp-json\/wp\/v2\/media\/29214"}],"wp:attachment":[{"href":"https:\/\/www.flns.com.tr\/index.php\/wp-json\/wp\/v2\/media?parent=28061"}],"wp:term":[{"taxonomy":"product_brand","embeddable":true,"href":"https:\/\/www.flns.com.tr\/index.php\/wp-json\/wp\/v2\/product_brand?post=28061"},{"taxonomy":"product_cat","embeddable":true,"href":"https:\/\/www.flns.com.tr\/index.php\/wp-json\/wp\/v2\/product_cat?post=28061"},{"taxonomy":"product_tag","embeddable":true,"href":"https:\/\/www.flns.com.tr\/index.php\/wp-json\/wp\/v2\/product_tag?post=28061"}],"curies":[{"name":"wp","href":"https:\/\/api.w.org\/{rel}","templated":true}]}}